{"id":21688,"date":"2022-11-19T20:21:36","date_gmt":"2022-11-20T04:21:36","guid":{"rendered":"https:\/\/www.bonelinks.com\/product\/cable-de-acometida-ftth-cable-de-acero-autoportante\/"},"modified":"2024-02-19T22:42:53","modified_gmt":"2024-02-20T06:42:53","slug":"ftth-drop-cable-self-supporting-steel-wire-cable","status":"publish","type":"product","link":"https:\/\/www.bonelinks.com\/es\/product\/ftth-drop-cable-self-supporting-steel-wire-cable\/","title":{"rendered":"Cable de acometida FTTH Cable de acero autoportante"},"content":{"rendered":"<h2 style=\"text-align: left; font-size: 18px;\"><strong>Caracter\u00edsticas<\/strong><\/h2>\n<ul>\n<li>Dos elementos de refuerzo FRP paralelos garantizan un buen rendimiento de la resistencia al aplastamiento para proteger la fibra<\/li>\n<li>Alambre de acero simple o masajeadores como miembro de resistencia adicional garantizan un buen rendimiento de la resistencia a la tracci\u00f3n<\/li>\n<li>Estructura sencilla, ligera y muy pr\u00e1ctica<\/li>\n<li>Dise\u00f1o ranurado, f\u00e1cil de pelar y empalmar, simplifica la instalaci\u00f3n y el mantenimiento<\/li>\n<li>Respetuoso con el medio ambiente y seguro, bajo en humos, sin hal\u00f3genos y con funda ign\u00edfuga<\/li>\n<li>Adecuado como cable de extensi\u00f3n de exterior a interior<\/li>\n<\/ul>\n<h2 style=\"text-align: left; font-size: 18px;\"><strong>Aplicaci\u00f3n<\/strong><\/h2>\n<p>Red de acceso; cable FTTH (fibra hasta el hogar)<\/p>\n<h2 style=\"text-align: left; font-size: 18px;\"><strong>\u00bfBusca m\u00e1s opciones de cables de bajada de fibra FTTH?<\/strong><\/h2>\n<p>\u00bfBusca m\u00e1s opciones en cables de fibra \u00f3ptica de bajada FTTH? Echa un vistazo a nuestros<a href=\"https:\/\/www.bonelinks.com\/es\/ftth-drop-cable\/\" target=\"_blank\" rel=\"noopener\"><strong><span style=\"color: #0054a6;\"> Cables de fibra de bajada FTTH <\/span><\/strong><\/a>para una conexi\u00f3n en red perfecta. Si necesita cables de fibra hechos a medida para sus necesidades espec\u00edficas, eche un vistazo a nuestros<a href=\"https:\/\/www.bonelinks.com\/es\/custom-fiber-optic-cables\/\" target=\"_blank\" rel=\"noopener\"><strong><span style=\"color: #0054a6;\"> Cables de fibra personalizados <\/span><\/strong><\/a>para soluciones de conectividad personalizadas.<\/p>\n","protected":false},"excerpt":{"rendered":"<p>El cable de bajada autoportante GJYXCH se ha desarrollado para transmitir luz \u00fanica en conexiones a Internet de \u00faltima milla en la construcci\u00f3n de redes FTTx. El cable de bajada FTTH de GJYXCH suele constar de uno o m\u00e1s n\u00facleos de fibra y est\u00e1 protegido por un elemento reforzado con alambre de acero para tener los atributos f\u00edsicos adecuados para su uso en l\u00edneas de red FTTH de exterior. Tambi\u00e9n es adecuado para uso en interiores gracias a su funda LSZH e ign\u00edfuga.<\/p>\n","protected":false},"featured_media":15543,"template":"","meta":{"site-sidebar-layout":"default","site-content-layout":"default","ast-site-content-layout":"default","site-content-style":"default","site-sidebar-style":"default","ast-global-header-display":"","ast-banner-title-visibility":"","ast-main-header-display":"","ast-hfb-above-header-display":"","ast-hfb-below-header-display":"","ast-hfb-mobile-header-display":"","site-post-title":"","ast-breadcrumbs-content":"","ast-featured-img":"","footer-sml-layout":"","ast-disable-related-posts":"","theme-transparent-header-meta":"default","adv-header-id-meta":"","stick-header-meta":"default","header-above-stick-meta":"","header-main-stick-meta":"","header-below-stick-meta":"","astra-migrate-meta-layouts":"set","ast-page-background-enabled":"default","ast-page-background-meta":{"desktop":{"background-color":"","background-image":"","background-repeat":"repeat","background-position":"center center","background-size":"auto","background-attachment":"scroll","background-type":"","background-media":"","overlay-type":"","overlay-color":"","overlay-opacity":"","overlay-gradient":""},"tablet":{"background-color":"","background-image":"","background-repeat":"repeat","background-position":"center center","background-size":"auto","background-attachment":"scroll","background-type":"","background-media":"","overlay-type":"","overlay-color":"","overlay-opacity":"","overlay-gradient":""},"mobile":{"background-color":"","background-image":"","background-repeat":"repeat","background-position":"center center","background-size":"auto","background-attachment":"scroll","background-type":"","background-media":"","overlay-type":"","overlay-color":"","overlay-opacity":"","overlay-gradient":""}},"ast-content-background-meta":{"desktop":{"background-color":"var(--ast-global-color-5)","background-image":"","background-repeat":"repeat","background-position":"center center","background-size":"auto","background-attachment":"scroll","background-type":"","background-media":"","overlay-type":"","overlay-color":"","overlay-opacity":"","overlay-gradient":""},"tablet":{"background-color":"var(--ast-global-color-5)","background-image":"","background-repeat":"repeat","background-position":"center center","background-size":"auto","background-attachment":"scroll","background-type":"","background-media":"","overlay-type":"","overlay-color":"","overlay-opacity":"","overlay-gradient":""},"mobile":{"background-color":"var(--ast-global-color-5)","background-image":"","background-repeat":"repeat","background-position":"center center","background-size":"auto","background-attachment":"scroll","background-type":"","background-media":"","overlay-type":"","overlay-color":"","overlay-opacity":"","overlay-gradient":""}}},"product_brand":[],"product_cat":[527,578,249,214],"product_tag":[],"class_list":{"0":"post-21688","1":"product","2":"type-product","3":"status-publish","4":"has-post-thumbnail","6":"product_cat-aerial-fiber-optic-cable-es","7":"product_cat-lszh-fiber-cable-es","8":"product_cat-ftth-cable-es","9":"product_cat-outdoor-fiber-optic-cable-es","10":"desktop-align-left","11":"tablet-align-left","12":"mobile-align-left","13":"ast-product-gallery-layout-vertical","14":"ast-product-gallery-with-no-image","15":"ast-product-tabs-layout-vertical","16":"ast-qv-on-image","18":"first","19":"instock","20":"shipping-taxable","21":"product-type-simple"},"_links":{"self":[{"href":"https:\/\/www.bonelinks.com\/es\/wp-json\/wp\/v2\/product\/21688","targetHints":{"allow":["GET"]}}],"collection":[{"href":"https:\/\/www.bonelinks.com\/es\/wp-json\/wp\/v2\/product"}],"about":[{"href":"https:\/\/www.bonelinks.com\/es\/wp-json\/wp\/v2\/types\/product"}],"version-history":[{"count":3,"href":"https:\/\/www.bonelinks.com\/es\/wp-json\/wp\/v2\/product\/21688\/revisions"}],"predecessor-version":[{"id":26546,"href":"https:\/\/www.bonelinks.com\/es\/wp-json\/wp\/v2\/product\/21688\/revisions\/26546"}],"wp:featuredmedia":[{"embeddable":true,"href":"https:\/\/www.bonelinks.com\/es\/wp-json\/wp\/v2\/media\/15543"}],"wp:attachment":[{"href":"https:\/\/www.bonelinks.com\/es\/wp-json\/wp\/v2\/media?parent=21688"}],"wp:term":[{"taxonomy":"product_brand","embeddable":true,"href":"https:\/\/www.bonelinks.com\/es\/wp-json\/wp\/v2\/product_brand?post=21688"},{"taxonomy":"product_cat","embeddable":true,"href":"https:\/\/www.bonelinks.com\/es\/wp-json\/wp\/v2\/product_cat?post=21688"},{"taxonomy":"product_tag","embeddable":true,"href":"https:\/\/www.bonelinks.com\/es\/wp-json\/wp\/v2\/product_tag?post=21688"}],"curies":[{"name":"wp","href":"https:\/\/api.w.org\/{rel}","templated":true}]}}