{"id":21645,"date":"2022-11-20T23:41:05","date_gmt":"2022-11-21T07:41:05","guid":{"rendered":"https:\/\/www.bonelinks.com\/product\/microcable-soplado-por-aire-unitube\/"},"modified":"2024-02-20T00:46:44","modified_gmt":"2024-02-20T08:46:44","slug":"air-blown-micro-cable-unitube","status":"publish","type":"product","link":"https:\/\/www.bonelinks.com\/es\/product\/air-blown-micro-cable-unitube\/","title":{"rendered":"Microcable soplado por aire Unitube"},"content":{"rendered":"<h2 style=\"text-align: left; font-size: 18px;\"><strong> Funci\u00f3n de microcable soplado <\/strong><\/h2>\n<ul>\n<li>Estructura de cable perfecta con alta densidad de fibras<\/li>\n<li>Di\u00e1metro peque\u00f1o y peso ligero<\/li>\n<li>Funda de polietileno de alta densidad, que mejora el rendimiento de soplado<\/li>\n<li>Permiten fundir y sustituir por cables nuevos para mantener la superioridad t\u00e9cnica<\/li>\n<li>Permite cortar microconductos en cualquier lugar y en cualquier momento para derivaciones sin influir en otros cables, ahorrando arquetas, orificios manuales y empalmes de cables.<\/li>\n<\/ul>\n<h2 style=\"text-align: left; font-size: 18px;\"><strong> Aplicaci\u00f3n de microcable soplado<\/strong><\/h2>\n<p>Cable de acceso FTTH<\/p>\n<h2 style=\"text-align: left; font-size: 18px;\"><strong>\u00bfBusca m\u00e1s opciones de cables soplados?<\/strong><\/h2>\n<p>\u00bfBusca m\u00e1s opciones en Cables de fibra \u00f3ptica soplados con aire? Consulte nuestro<a title=\"Cable de fibra \u00f3ptica soplado con aire\" href=\"https:\/\/www.bonelinks.com\/es\/air-blown-fiber-optic-cable\/\" target=\"_blank\" rel=\"noopener\"><strong><span style=\"color: #0054a6;\"> Cable de fibra \u00f3ptica soplado por aire <\/span><\/strong><\/a>para una conexi\u00f3n en red perfecta. Si necesita cables de fibra hechos a medida para sus necesidades espec\u00edficas, eche un vistazo a nuestros<a href=\"https:\/\/www.bonelinks.com\/es\/custom-fiber-optic-cables\/\" target=\"_blank\" rel=\"noopener\"><strong><span style=\"color: #0054a6;\"> Cables de fibra personalizados <\/span><\/strong><\/a>para soluciones de conectividad personalizadas.<\/p>\n","protected":false},"excerpt":{"rendered":"<p>El microcable soplado por aire es ultraligero y de peque\u00f1o di\u00e1metro para ser soplado en un microconducto. El haz de fibras de este cable se forma curando la fibra \u00f3ptica o los rellenos en resina fotosensible en una disposici\u00f3n determinada. Y en el exterior extruyendo una funda especial de baja fricci\u00f3n. Est\u00e1 dise\u00f1ado para alimentadores de metro o redes de acceso. El microcable proporciona una menor inversi\u00f3n inicial y la flexibilidad necesaria para instalar y actualizar a las \u00faltimas tecnolog\u00edas de fibra.<\/p>\n","protected":false},"featured_media":15488,"template":"","meta":{"site-sidebar-layout":"default","site-content-layout":"default","ast-site-content-layout":"default","site-content-style":"default","site-sidebar-style":"default","ast-global-header-display":"","ast-banner-title-visibility":"","ast-main-header-display":"","ast-hfb-above-header-display":"","ast-hfb-below-header-display":"","ast-hfb-mobile-header-display":"","site-post-title":"","ast-breadcrumbs-content":"","ast-featured-img":"","footer-sml-layout":"","ast-disable-related-posts":"","theme-transparent-header-meta":"default","adv-header-id-meta":"","stick-header-meta":"default","header-above-stick-meta":"","header-main-stick-meta":"","header-below-stick-meta":"","astra-migrate-meta-layouts":"set","ast-page-background-enabled":"default","ast-page-background-meta":{"desktop":{"background-color":"","background-image":"","background-repeat":"repeat","background-position":"center center","background-size":"auto","background-attachment":"scroll","background-type":"","background-media":"","overlay-type":"","overlay-color":"","overlay-opacity":"","overlay-gradient":""},"tablet":{"background-color":"","background-image":"","background-repeat":"repeat","background-position":"center center","background-size":"auto","background-attachment":"scroll","background-type":"","background-media":"","overlay-type":"","overlay-color":"","overlay-opacity":"","overlay-gradient":""},"mobile":{"background-color":"","background-image":"","background-repeat":"repeat","background-position":"center center","background-size":"auto","background-attachment":"scroll","background-type":"","background-media":"","overlay-type":"","overlay-color":"","overlay-opacity":"","overlay-gradient":""}},"ast-content-background-meta":{"desktop":{"background-color":"var(--ast-global-color-5)","background-image":"","background-repeat":"repeat","background-position":"center center","background-size":"auto","background-attachment":"scroll","background-type":"","background-media":"","overlay-type":"","overlay-color":"","overlay-opacity":"","overlay-gradient":""},"tablet":{"background-color":"var(--ast-global-color-5)","background-image":"","background-repeat":"repeat","background-position":"center center","background-size":"auto","background-attachment":"scroll","background-type":"","background-media":"","overlay-type":"","overlay-color":"","overlay-opacity":"","overlay-gradient":""},"mobile":{"background-color":"var(--ast-global-color-5)","background-image":"","background-repeat":"repeat","background-position":"center center","background-size":"auto","background-attachment":"scroll","background-type":"","background-media":"","overlay-type":"","overlay-color":"","overlay-opacity":"","overlay-gradient":""}}},"product_brand":[],"product_cat":[544,545,528,214],"product_tag":[],"class_list":{"0":"post-21645","1":"product","2":"type-product","3":"status-publish","4":"has-post-thumbnail","6":"product_cat-air-blown-fiber-cable-es","7":"product_cat-special-fiber-optic-cable-es","8":"product_cat-duct-fiber-optic-cable-es","9":"product_cat-outdoor-fiber-optic-cable-es","10":"desktop-align-left","11":"tablet-align-left","12":"mobile-align-left","13":"ast-product-gallery-layout-vertical","14":"ast-product-gallery-with-no-image","15":"ast-product-tabs-layout-vertical","16":"ast-qv-on-image","18":"first","19":"instock","20":"shipping-taxable","21":"product-type-simple"},"_links":{"self":[{"href":"https:\/\/www.bonelinks.com\/es\/wp-json\/wp\/v2\/product\/21645","targetHints":{"allow":["GET"]}}],"collection":[{"href":"https:\/\/www.bonelinks.com\/es\/wp-json\/wp\/v2\/product"}],"about":[{"href":"https:\/\/www.bonelinks.com\/es\/wp-json\/wp\/v2\/types\/product"}],"version-history":[{"count":3,"href":"https:\/\/www.bonelinks.com\/es\/wp-json\/wp\/v2\/product\/21645\/revisions"}],"predecessor-version":[{"id":26591,"href":"https:\/\/www.bonelinks.com\/es\/wp-json\/wp\/v2\/product\/21645\/revisions\/26591"}],"wp:featuredmedia":[{"embeddable":true,"href":"https:\/\/www.bonelinks.com\/es\/wp-json\/wp\/v2\/media\/15488"}],"wp:attachment":[{"href":"https:\/\/www.bonelinks.com\/es\/wp-json\/wp\/v2\/media?parent=21645"}],"wp:term":[{"taxonomy":"product_brand","embeddable":true,"href":"https:\/\/www.bonelinks.com\/es\/wp-json\/wp\/v2\/product_brand?post=21645"},{"taxonomy":"product_cat","embeddable":true,"href":"https:\/\/www.bonelinks.com\/es\/wp-json\/wp\/v2\/product_cat?post=21645"},{"taxonomy":"product_tag","embeddable":true,"href":"https:\/\/www.bonelinks.com\/es\/wp-json\/wp\/v2\/product_tag?post=21645"}],"curies":[{"name":"wp","href":"https:\/\/api.w.org\/{rel}","templated":true}]}}