{"id":21633,"date":"2022-11-21T23:31:30","date_gmt":"2022-11-22T07:31:30","guid":{"rendered":"https:\/\/www.bonelinks.com\/product\/cable-de-exterior-no-blindado-tubo-central\/"},"modified":"2024-02-20T00:38:30","modified_gmt":"2024-02-20T08:38:30","slug":"non-armored-outdoor-cable-central-tube","status":"publish","type":"product","link":"https:\/\/www.bonelinks.com\/es\/product\/non-armored-outdoor-cable-central-tube\/","title":{"rendered":"Cable de exterior no blindado Tubo central"},"content":{"rendered":"<h2 style=\"text-align: left; font-size: 18px;\"><strong>Caracter\u00edsticas<\/strong><\/h2>\n<ul>\n<li>Buen comportamiento mec\u00e1nico y t\u00e9rmico.<\/li>\n<li>Dos alambres de acero paralelos garantizan la resistencia a la tracci\u00f3n.<\/li>\n<li>Tubo suelto de alta resistencia a la hidr\u00f3lisis<\/li>\n<li>El compuesto especial de relleno del tubo garantiza una protecci\u00f3n cr\u00edtica de la fibra.<\/li>\n<li>Di\u00e1metro reducido, ligereza e instalaci\u00f3n sencilla<\/li>\n<\/ul>\n<h2 style=\"text-align: left; font-size: 18px;\"><strong>Aplicaci\u00f3n<\/strong><\/h2>\n<p>Despliegue de postes; FTTx<\/p>\n<h2 style=\"text-align: left; font-size: 18px;\"><strong>Protecci\u00f3n<\/strong><\/h2>\n<p>Resistencia a los rayos UV; Impermeabilidad; Resistencia a la humedad; Resistencia a altas temperaturas<\/p>\n<h2 style=\"text-align: left; font-size: 18px;\"><strong>\u00bfBusca m\u00e1s opciones de cables de fibra a\u00e9rea?<\/strong><\/h2>\n<p>\u00bfBusca m\u00e1s opciones en cables a\u00e9reos de fibra \u00f3ptica? Consulte nuestros<a href=\"https:\/\/www.bonelinks.com\/es\/aerial-fiber-optic-cable\/\" target=\"_blank\" rel=\"noopener\"><strong><span style=\"color: #0054a6;\"> Cables a\u00e9reos de fibra <\/span><\/strong><\/a>para una red sin fisuras. Si necesita cables de fibra hechos a medida para sus necesidades espec\u00edficas, eche un vistazo a nuestros<a href=\"https:\/\/www.bonelinks.com\/es\/custom-fiber-optic-cables\/\" target=\"_blank\" rel=\"noopener\"><strong><span style=\"color: #0054a6;\"> Cables de fibra personalizados <\/span><\/strong><\/a>para soluciones de conectividad personalizadas.<\/p>\n","protected":false},"excerpt":{"rendered":"<p>GYXY es un cable de fibra \u00f3ptica no blindado para exteriores con capa impermeable, doble cable de acero paralelo incorporado, dise\u00f1o de carcasa \u00fanica, que se utiliza principalmente en la corta distancia a\u00e9rea, entornos h\u00famedos y bajo n\u00famero de usuarios hacinados en la zona. El dise\u00f1o compacto de carcasa \u00fanica permite alojar en el cable un m\u00e1ximo de 24 fibras y un m\u00ednimo de 2 fibras. En el caso de los requisitos de vanos a\u00e9reos cortos, Bonelinks puede utilizar doble refuerzo de fibra de vidrio FRP en lugar de alambre de acero fosforizado para producir el cable de fibra \u00f3ptica para exteriores no blindado GYXY, que no s\u00f3lo ahorra costes de adquisici\u00f3n del proyecto, sino que tambi\u00e9n mantiene estable el rendimiento del cable de fibra \u00f3ptica y consigue una transmisi\u00f3n estable de la red.<\/p>\n","protected":false},"featured_media":13563,"template":"","meta":{"site-sidebar-layout":"default","site-content-layout":"default","ast-site-content-layout":"default","site-content-style":"default","site-sidebar-style":"default","ast-global-header-display":"","ast-banner-title-visibility":"","ast-main-header-display":"","ast-hfb-above-header-display":"","ast-hfb-below-header-display":"","ast-hfb-mobile-header-display":"","site-post-title":"","ast-breadcrumbs-content":"","ast-featured-img":"","footer-sml-layout":"","ast-disable-related-posts":"","theme-transparent-header-meta":"default","adv-header-id-meta":"","stick-header-meta":"default","header-above-stick-meta":"","header-main-stick-meta":"","header-below-stick-meta":"","astra-migrate-meta-layouts":"set","ast-page-background-enabled":"default","ast-page-background-meta":{"desktop":{"background-color":"","background-image":"","background-repeat":"repeat","background-position":"center center","background-size":"auto","background-attachment":"scroll","background-type":"","background-media":"","overlay-type":"","overlay-color":"","overlay-opacity":"","overlay-gradient":""},"tablet":{"background-color":"","background-image":"","background-repeat":"repeat","background-position":"center center","background-size":"auto","background-attachment":"scroll","background-type":"","background-media":"","overlay-type":"","overlay-color":"","overlay-opacity":"","overlay-gradient":""},"mobile":{"background-color":"","background-image":"","background-repeat":"repeat","background-position":"center center","background-size":"auto","background-attachment":"scroll","background-type":"","background-media":"","overlay-type":"","overlay-color":"","overlay-opacity":"","overlay-gradient":""}},"ast-content-background-meta":{"desktop":{"background-color":"var(--ast-global-color-5)","background-image":"","background-repeat":"repeat","background-position":"center center","background-size":"auto","background-attachment":"scroll","background-type":"","background-media":"","overlay-type":"","overlay-color":"","overlay-opacity":"","overlay-gradient":""},"tablet":{"background-color":"var(--ast-global-color-5)","background-image":"","background-repeat":"repeat","background-position":"center center","background-size":"auto","background-attachment":"scroll","background-type":"","background-media":"","overlay-type":"","overlay-color":"","overlay-opacity":"","overlay-gradient":""},"mobile":{"background-color":"var(--ast-global-color-5)","background-image":"","background-repeat":"repeat","background-position":"center center","background-size":"auto","background-attachment":"scroll","background-type":"","background-media":"","overlay-type":"","overlay-color":"","overlay-opacity":"","overlay-gradient":""}}},"product_brand":[],"product_cat":[527,214],"product_tag":[],"class_list":{"0":"post-21633","1":"product","2":"type-product","3":"status-publish","4":"has-post-thumbnail","6":"product_cat-aerial-fiber-optic-cable-es","7":"product_cat-outdoor-fiber-optic-cable-es","8":"desktop-align-left","9":"tablet-align-left","10":"mobile-align-left","11":"ast-product-gallery-layout-vertical","12":"ast-product-gallery-with-no-image","13":"ast-product-tabs-layout-vertical","14":"ast-qv-on-image","16":"first","17":"instock","18":"shipping-taxable","19":"product-type-simple"},"_links":{"self":[{"href":"https:\/\/www.bonelinks.com\/es\/wp-json\/wp\/v2\/product\/21633","targetHints":{"allow":["GET"]}}],"collection":[{"href":"https:\/\/www.bonelinks.com\/es\/wp-json\/wp\/v2\/product"}],"about":[{"href":"https:\/\/www.bonelinks.com\/es\/wp-json\/wp\/v2\/types\/product"}],"version-history":[{"count":3,"href":"https:\/\/www.bonelinks.com\/es\/wp-json\/wp\/v2\/product\/21633\/revisions"}],"predecessor-version":[{"id":26579,"href":"https:\/\/www.bonelinks.com\/es\/wp-json\/wp\/v2\/product\/21633\/revisions\/26579"}],"wp:featuredmedia":[{"embeddable":true,"href":"https:\/\/www.bonelinks.com\/es\/wp-json\/wp\/v2\/media\/13563"}],"wp:attachment":[{"href":"https:\/\/www.bonelinks.com\/es\/wp-json\/wp\/v2\/media?parent=21633"}],"wp:term":[{"taxonomy":"product_brand","embeddable":true,"href":"https:\/\/www.bonelinks.com\/es\/wp-json\/wp\/v2\/product_brand?post=21633"},{"taxonomy":"product_cat","embeddable":true,"href":"https:\/\/www.bonelinks.com\/es\/wp-json\/wp\/v2\/product_cat?post=21633"},{"taxonomy":"product_tag","embeddable":true,"href":"https:\/\/www.bonelinks.com\/es\/wp-json\/wp\/v2\/product_tag?post=21633"}],"curies":[{"name":"wp","href":"https:\/\/api.w.org\/{rel}","templated":true}]}}