{"id":21607,"date":"2022-11-20T19:21:55","date_gmt":"2022-11-21T03:21:55","guid":{"rendered":"https:\/\/www.bonelinks.com\/product\/adss-proveedores-de-cables-aereos-de-fibra-optica-de-gran-longitud\/"},"modified":"2024-02-20T00:49:58","modified_gmt":"2024-02-20T08:49:58","slug":"adss-aerial-fiber-optic-cable-suppliers-long-span","status":"publish","type":"product","link":"https:\/\/www.bonelinks.com\/es\/product\/adss-aerial-fiber-optic-cable-suppliers-long-span\/","title":{"rendered":"ADSS Proveedores de cables a\u00e9reos de fibra \u00f3ptica de gran longitud"},"content":{"rendered":"<h2 style=\"text-align: left; font-size: 18px;\"><strong>Caracter\u00edsticas del cable de fibra \u00f3ptica a\u00e9reo ADSS de largo alcance<\/strong><\/h2>\n<ul>\n<li>El cable de fibra \u00f3ptica ADSS es la estructura no met\u00e1lica<\/li>\n<li>El hilo de aramida proporciona caracter\u00edsticas de resistencia a la tensi\u00f3n y autoportantes<\/li>\n<li>La vaina simple o doble permite un elevado aislamiento y protecci\u00f3n de las fibras ADSS<\/li>\n<li>Di\u00e1metro peque\u00f1o y peso ligero, lo que resulta f\u00e1cil de construir y econ\u00f3mico<\/li>\n<li>El cable ADSS tiene una longitud de m\u00e1s de 1.000 m<\/li>\n<li>Buena resistencia a la tracci\u00f3n y a la temperatura<\/li>\n<\/ul>\n<h2 style=\"text-align: left; font-size: 18px;\"><strong>Aplicaciones del cable de fibra \u00f3ptica a\u00e9reo ADSS de gran longitud<\/strong><\/h2>\n<p>Red \u00f3ptica FTTH, Construcci\u00f3n a\u00e9rea autoportante<\/p>\n<h2 style=\"text-align: left; font-size: 18px;\"><strong>\u00bfBusca m\u00e1s opciones de cables de fibra ADSS?<\/strong><\/h2>\n<p>\u00bfBusca m\u00e1s opciones en cables de fibra \u00f3ptica ADSS? Consulte nuestros<a href=\"https:\/\/www.bonelinks.com\/es\/adss-fiber-optic-cable\/\" target=\"_blank\" rel=\"noopener\"><strong><span style=\"color: #0054a6;\"> Cables de fibra ADSS <\/span><\/strong><\/a>para una conexi\u00f3n en red perfecta. Si necesita cables de fibra hechos a medida para sus necesidades espec\u00edficas, eche un vistazo a nuestros<a href=\"https:\/\/www.bonelinks.com\/es\/custom-fiber-optic-cables\/\" target=\"_blank\" rel=\"noopener\"><strong><span style=\"color: #0054a6;\"> Cables de fibra personalizados <\/span><\/strong><\/a>para soluciones de conectividad personalizadas.<\/p>\n","protected":false},"excerpt":{"rendered":"<p>El cable de fibra \u00f3ptica a\u00e9reo ADSS no es met\u00e1lico, es resistente a la tensi\u00f3n y autoportante, y est\u00e1 dise\u00f1ado para l\u00edneas el\u00e9ctricas e instalaciones a\u00e9reas FTTH. Para su instalaci\u00f3n a\u00e9rea, la luz del cable se tiene en cuenta sobre todo al establecer o actualizar una l\u00ednea de cable. Con el aumento de la envergadura, los materiales y las especificaciones de los cables var\u00edan. Bonelinks es un proveedor de cable de fibra \u00f3ptica a\u00e9reo ADSS que ofrece todo tipo de cable de fibra \u00f3ptica ADSS y especificaciones, desde fibra \u00f3ptica, materiales de cable y luces. Todo ello para la mejor soluci\u00f3n para la l\u00ednea de comunicaci\u00f3n en sitio real.<\/p>\n","protected":false},"featured_media":15013,"template":"","meta":{"site-sidebar-layout":"default","site-content-layout":"default","ast-site-content-layout":"default","site-content-style":"default","site-sidebar-style":"default","ast-global-header-display":"","ast-banner-title-visibility":"","ast-main-header-display":"","ast-hfb-above-header-display":"","ast-hfb-below-header-display":"","ast-hfb-mobile-header-display":"","site-post-title":"","ast-breadcrumbs-content":"","ast-featured-img":"","footer-sml-layout":"","ast-disable-related-posts":"","theme-transparent-header-meta":"default","adv-header-id-meta":"","stick-header-meta":"default","header-above-stick-meta":"","header-main-stick-meta":"","header-below-stick-meta":"","astra-migrate-meta-layouts":"set","ast-page-background-enabled":"default","ast-page-background-meta":{"desktop":{"background-color":"","background-image":"","background-repeat":"repeat","background-position":"center center","background-size":"auto","background-attachment":"scroll","background-type":"","background-media":"","overlay-type":"","overlay-color":"","overlay-opacity":"","overlay-gradient":""},"tablet":{"background-color":"","background-image":"","background-repeat":"repeat","background-position":"center center","background-size":"auto","background-attachment":"scroll","background-type":"","background-media":"","overlay-type":"","overlay-color":"","overlay-opacity":"","overlay-gradient":""},"mobile":{"background-color":"","background-image":"","background-repeat":"repeat","background-position":"center center","background-size":"auto","background-attachment":"scroll","background-type":"","background-media":"","overlay-type":"","overlay-color":"","overlay-opacity":"","overlay-gradient":""}},"ast-content-background-meta":{"desktop":{"background-color":"var(--ast-global-color-5)","background-image":"","background-repeat":"repeat","background-position":"center center","background-size":"auto","background-attachment":"scroll","background-type":"","background-media":"","overlay-type":"","overlay-color":"","overlay-opacity":"","overlay-gradient":""},"tablet":{"background-color":"var(--ast-global-color-5)","background-image":"","background-repeat":"repeat","background-position":"center center","background-size":"auto","background-attachment":"scroll","background-type":"","background-media":"","overlay-type":"","overlay-color":"","overlay-opacity":"","overlay-gradient":""},"mobile":{"background-color":"var(--ast-global-color-5)","background-image":"","background-repeat":"repeat","background-position":"center center","background-size":"auto","background-attachment":"scroll","background-type":"","background-media":"","overlay-type":"","overlay-color":"","overlay-opacity":"","overlay-gradient":""}}},"product_brand":[],"product_cat":[543,527,214],"product_tag":[],"class_list":{"0":"post-21607","1":"product","2":"type-product","3":"status-publish","4":"has-post-thumbnail","6":"product_cat-adss-fiber-optic-cable-es","7":"product_cat-aerial-fiber-optic-cable-es","8":"product_cat-outdoor-fiber-optic-cable-es","9":"desktop-align-left","10":"tablet-align-left","11":"mobile-align-left","12":"ast-product-gallery-layout-vertical","13":"ast-product-gallery-with-no-image","14":"ast-product-tabs-layout-vertical","15":"ast-qv-on-image","17":"first","18":"instock","19":"shipping-taxable","20":"product-type-simple"},"_links":{"self":[{"href":"https:\/\/www.bonelinks.com\/es\/wp-json\/wp\/v2\/product\/21607","targetHints":{"allow":["GET"]}}],"collection":[{"href":"https:\/\/www.bonelinks.com\/es\/wp-json\/wp\/v2\/product"}],"about":[{"href":"https:\/\/www.bonelinks.com\/es\/wp-json\/wp\/v2\/types\/product"}],"version-history":[{"count":3,"href":"https:\/\/www.bonelinks.com\/es\/wp-json\/wp\/v2\/product\/21607\/revisions"}],"predecessor-version":[{"id":26598,"href":"https:\/\/www.bonelinks.com\/es\/wp-json\/wp\/v2\/product\/21607\/revisions\/26598"}],"wp:featuredmedia":[{"embeddable":true,"href":"https:\/\/www.bonelinks.com\/es\/wp-json\/wp\/v2\/media\/15013"}],"wp:attachment":[{"href":"https:\/\/www.bonelinks.com\/es\/wp-json\/wp\/v2\/media?parent=21607"}],"wp:term":[{"taxonomy":"product_brand","embeddable":true,"href":"https:\/\/www.bonelinks.com\/es\/wp-json\/wp\/v2\/product_brand?post=21607"},{"taxonomy":"product_cat","embeddable":true,"href":"https:\/\/www.bonelinks.com\/es\/wp-json\/wp\/v2\/product_cat?post=21607"},{"taxonomy":"product_tag","embeddable":true,"href":"https:\/\/www.bonelinks.com\/es\/wp-json\/wp\/v2\/product_tag?post=21607"}],"curies":[{"name":"wp","href":"https:\/\/api.w.org\/{rel}","templated":true}]}}