{"id":21594,"date":"2023-01-07T23:20:40","date_gmt":"2023-01-08T07:20:40","guid":{"rendered":"https:\/\/www.bonelinks.com\/product\/lc-to-fc-fiber-patch-cords\/"},"modified":"2024-02-20T00:30:16","modified_gmt":"2024-02-20T08:30:16","slug":"lc-to-fc-fiber-patch-cords","status":"publish","type":"product","link":"https:\/\/www.bonelinks.com\/es\/product\/lc-to-fc-fiber-patch-cords\/","title":{"rendered":"Cables de conexi\u00f3n de fibra LC a FC"},"content":{"rendered":"<h1 style=\"text-align: left; font-size: 18px;\"><strong>Latiguillos de fibra LC a FC para una conectividad sin fisuras<\/strong><\/h1>\n<p>Los cables de conexi\u00f3n de fibra LC a FC de Bonelinks suelen fabricarse con un cable de fibra \u00f3ptica de alta calidad con un conector LC en un extremo y un conector FC en el otro. Los conectores LC son conectores de factor de forma peque\u00f1o que proporcionan conectividad de alta densidad en espacios limitados. Los conectores FC, por su parte, son conectores m\u00e1s grandes y robustos que suelen utilizarse en aplicaciones de alto rendimiento. Las fibras \u00f3pticas del cable est\u00e1n cuidadosamente recubiertas y protegidas para garantizar una p\u00e9rdida de se\u00f1al y una atenuaci\u00f3n m\u00ednimas. El resultado es una transmisi\u00f3n de datos fiable y de alta velocidad entre dispositivos.<\/p>\n<p>Los cables de conexi\u00f3n de fibra LC a FC est\u00e1n especialmente dise\u00f1ados y fabricados para conectar puertos LC y FC en CATV, sistemas de difusi\u00f3n o paneles de conexi\u00f3n de fibra \u00f3ptica. Estos cables permiten la transmisi\u00f3n de se\u00f1ales \u00f3pticas en las bandas de longitud de onda de 850 nm, 1310 nm y 1550 nm.<\/p>\n<p>Los latiguillos monomodo LC a FC suelen fabricarse con cable de fibra \u00f3ptica con revestimiento de PVC amarillo o LSZH. El cable est\u00e1 codificado por colores para que coincida con el pigtail verde en el lado APC y el pigtail azul o negro en el lado UPC. Por otro lado, los latiguillos multimodo LC a FC suelen fabricarse con cable de fibra \u00f3ptica naranja OM2 LSZH con revestimiento. Los latiguillos de los conectores LC y FC son de color beige y negro, respectivamente, para distinguir el tipo de fibra.<\/p>\n<p>Para garantizar una reflexi\u00f3n est\u00e1tica estable y excelente en la longitud de onda de trabajo, el conector de fibra LCAPC a FCAPC presenta una punta APC angulada de 8\u00b0. Este dise\u00f1o permite una transmisi\u00f3n estable de la fuente de luz reflejada dentro de la fibra y da lugar a una transmisi\u00f3n estable de la se\u00f1al.<\/p>\n<p>Bonelinks se toma muy en serio el control de calidad, comprobando la limpieza de cada fibra y conector durante el proceso de fabricaci\u00f3n. La empresa tambi\u00e9n comprueba la atenuaci\u00f3n, el valor de p\u00e9rdida de retorno y la desviaci\u00f3n 3D de cada cable de fibra tras la producci\u00f3n. Para proyectos de transmisi\u00f3n de red que requieren cables de conexi\u00f3n APC con baja p\u00e9rdida de inserci\u00f3n (menos de 0,15 dB) y alta p\u00e9rdida de retorno (superior a 65 dB), Bonelinks utiliza n\u00facleos de alta precisi\u00f3n y procesos de rectificado para proporcionar velocidades de red fiables y consistentes a ingenieros de comunicaciones, contratistas o distribuidores.<\/p>\n<h2 style=\"text-align: left; font-size: 18px;\"><strong>Caracter\u00edsticas de los latiguillos de fibra de LC a FC<\/strong><\/h2>\n<ul>\n<li>Transmisi\u00f3n de datos a alta velocidad: Los latiguillos de fibra LC a FC son capaces de transmitir datos a alta velocidad, lo que los hace ideales para su uso en centros de datos, redes de telecomunicaciones y otras aplicaciones que requieren una r\u00e1pida transferencia de datos.<\/li>\n<li>Baja p\u00e9rdida de inserci\u00f3n: Estos cables de conexi\u00f3n tienen una baja p\u00e9rdida de inserci\u00f3n, lo que significa que no provocan una p\u00e9rdida de se\u00f1al significativa, garantizando que los datos transmitidos sean de alta calidad.<\/li>\n<li>Durabilidad: Los latiguillos de fibra LC a FC est\u00e1n fabricados con materiales de alta calidad dise\u00f1ados para soportar los rigores del uso diario y ofrecer un rendimiento duradero.<\/li>\n<li>Gran compatibilidad: Estos cables de conexi\u00f3n son compatibles con una amplia gama de dispositivos, incluidos transceptores \u00f3pticos, conmutadores y enrutadores, lo que los hace adecuados para su uso en diversos entornos de red.<\/li>\n<\/ul>\n<h2 style=\"text-align: left; font-size: 18px;\"><strong>Aplicaciones de los cables de fibra \u00f3ptica de LC a FC<\/strong><\/h2>\n<ul>\n<li>Centros de datos: Se utilizan para conectar servidores, conmutadores y dispositivos de almacenamiento en centros de datos, lo que permite una transferencia de datos r\u00e1pida y fiable.<\/li>\n<li>Telecomunicaciones: Los latiguillos de fibra LC a FC se utilizan en redes de telecomunicaciones para conectar equipos de transmisi\u00f3n \u00f3ptica, garantizando la transferencia de datos a alta velocidad.<\/li>\n<li>Redes de \u00e1rea local (LAN): Se utilizan para conectar dispositivos inform\u00e1ticos en redes LAN, lo que permite una transferencia de datos r\u00e1pida y fiable entre dispositivos.<\/li>\n<li>Equipos de prueba: Tambi\u00e9n se utilizan en equipos de prueba y sistemas de medici\u00f3n en los que se requiere una transferencia de datos a alta velocidad.<\/li>\n<\/ul>\n<h2 style=\"text-align: left; font-size: 18px;\"><strong>\u00bfBusca m\u00e1s opciones de cables de fibra \u00f3ptica?<\/strong><\/h2>\n<p>\u00bfQuiere m\u00e1s opciones de cables de conexi\u00f3n de fibra? Explore nuestra selecci\u00f3n de <span style=\"color: #0054a6;\"><strong><a style=\"color: #0054a6;\" href=\"https:\/\/www.bonelinks.com\/es\/lc-fibre-patch-leads\/\" target=\"_blank\" rel=\"noopener\">Cables de conexi\u00f3n de fibra LC, <\/a><\/strong><\/span><a title=\"Cables de conexi\u00f3n de fibra FC\" href=\"https:\/\/www.bonelinks.com\/es\/fc-fiber-cable\/\" target=\"_blank\" rel=\"noopener\"><strong><span style=\"color: #0054a6;\">FC Cables de conexi\u00f3n de fibra <\/span><\/strong><\/a>para una conexi\u00f3n en red perfecta.<\/p>\n<p>\u00bfBusca cables de fibra dise\u00f1ados a medida? Explore nuestra secci\u00f3n dedicada a<a href=\"https:\/\/www.bonelinks.com\/es\/custom-fiber-optic-cables\/\" target=\"_blank\" rel=\"noopener\"><span style=\"color: #0054a6;\"><strong> Cables de fibra personalizados <\/strong><\/span><\/a>para soluciones de conectividad a medida.<\/p>\n<ul>\n<li>Venta al por menor o al por mayor: \u00a1nosotros le cubrimos!<\/li>\n<li>\u00bfNo sabe qu\u00e9 comprar? Ofrecemos orientaci\u00f3n experta.<\/li>\n<li>MOQ peque\u00f1o: No necesita comprar m\u00e1s de lo que desea.<\/li>\n<li>Precios competitivos: Obtenga siempre un gran valor.<\/li>\n<li>Entrega puntual: Su rapidez, nuestra prioridad.<\/li>\n<li>Centrados en el cliente: Adaptamos nuestros servicios a sus necesidades.<\/li>\n<\/ul>\n<p><strong>Con\u00e9ctese con nosotros<\/strong><br \/>\nSi tiene problemas para encontrar el <span style=\"color: #0054a6;\"><strong><a style=\"color: #0054a6;\" href=\"https:\/\/www.bonelinks.com\/es\/fiber-optic-patch-cord-supplier\/\" target=\"_blank\" rel=\"noopener\">cable de fibra <\/a><\/strong><\/span>para sus necesidades, o si necesita el asesoramiento de un experto, con un solo clic podr\u00e1<a href=\"https:\/\/www.bonelinks.com\/es\/contact-us\/\" target=\"_blank\" rel=\"noopener\"><strong><span style=\"color: #0054a6;\"> chatear con nosotros <\/span><\/strong><\/a>en segundos. Su satisfacci\u00f3n es nuestra prioridad. Estamos dispuestos a ayudarle en todo. <strong>No se preocupe, no es necesario pensar demasiado. Estamos aqu\u00ed, listos para ayudarle.<\/strong><\/p>\n","protected":false},"excerpt":{"rendered":"<p>Los latiguillos de fibra LC a FC son componentes esenciales en las redes de fibra \u00f3ptica, que se utilizan para conectar dos dispositivos con interfaces LC (conector local) y FC (canal de fibra). Desempe\u00f1an un papel fundamental en el establecimiento de una transmisi\u00f3n de datos fiable y de alta velocidad entre dispositivos.<\/p>\n<p>Los latiguillos de fibra LC a FC son muy vers\u00e1tiles y compatibles con una amplia gama de equipos y dispositivos de fibra \u00f3ptica. Est\u00e1n disponibles en diferentes longitudes, lo que permite a los usuarios personalizar sus redes de fibra \u00f3ptica para satisfacer requisitos espec\u00edficos.<\/p>\n","protected":false},"featured_media":16418,"template":"","meta":{"site-sidebar-layout":"default","site-content-layout":"default","ast-site-content-layout":"default","site-content-style":"default","site-sidebar-style":"default","ast-global-header-display":"","ast-banner-title-visibility":"","ast-main-header-display":"","ast-hfb-above-header-display":"","ast-hfb-below-header-display":"","ast-hfb-mobile-header-display":"","site-post-title":"","ast-breadcrumbs-content":"","ast-featured-img":"","footer-sml-layout":"","ast-disable-related-posts":"","theme-transparent-header-meta":"default","adv-header-id-meta":"","stick-header-meta":"default","header-above-stick-meta":"","header-main-stick-meta":"","header-below-stick-meta":"","astra-migrate-meta-layouts":"set","ast-page-background-enabled":"default","ast-page-background-meta":{"desktop":{"background-color":"","background-image":"","background-repeat":"repeat","background-position":"center center","background-size":"auto","background-attachment":"scroll","background-type":"","background-media":"","overlay-type":"","overlay-color":"","overlay-opacity":"","overlay-gradient":""},"tablet":{"background-color":"","background-image":"","background-repeat":"repeat","background-position":"center center","background-size":"auto","background-attachment":"scroll","background-type":"","background-media":"","overlay-type":"","overlay-color":"","overlay-opacity":"","overlay-gradient":""},"mobile":{"background-color":"","background-image":"","background-repeat":"repeat","background-position":"center center","background-size":"auto","background-attachment":"scroll","background-type":"","background-media":"","overlay-type":"","overlay-color":"","overlay-opacity":"","overlay-gradient":""}},"ast-content-background-meta":{"desktop":{"background-color":"var(--ast-global-color-5)","background-image":"","background-repeat":"repeat","background-position":"center center","background-size":"auto","background-attachment":"scroll","background-type":"","background-media":"","overlay-type":"","overlay-color":"","overlay-opacity":"","overlay-gradient":""},"tablet":{"background-color":"var(--ast-global-color-5)","background-image":"","background-repeat":"repeat","background-position":"center center","background-size":"auto","background-attachment":"scroll","background-type":"","background-media":"","overlay-type":"","overlay-color":"","overlay-opacity":"","overlay-gradient":""},"mobile":{"background-color":"var(--ast-global-color-5)","background-image":"","background-repeat":"repeat","background-position":"center center","background-size":"auto","background-attachment":"scroll","background-type":"","background-media":"","overlay-type":"","overlay-color":"","overlay-opacity":"","overlay-gradient":""}}},"product_brand":[],"product_cat":[449,244,251],"product_tag":[],"class_list":{"0":"post-21594","1":"product","2":"type-product","3":"status-publish","4":"has-post-thumbnail","6":"product_cat-fc-fiber-patch-cord-es","7":"product_cat-fiber-patch-cord-es","8":"product_cat-lc-fiber-patch-cord-es","9":"pa_connector-type-lc-fc-es","10":"desktop-align-left","11":"tablet-align-left","12":"mobile-align-left","13":"ast-product-gallery-layout-vertical","14":"ast-product-gallery-with-no-image","15":"ast-product-tabs-layout-vertical","16":"ast-qv-on-image","18":"first","19":"instock","20":"shipping-taxable","21":"product-type-simple"},"_links":{"self":[{"href":"https:\/\/www.bonelinks.com\/es\/wp-json\/wp\/v2\/product\/21594","targetHints":{"allow":["GET"]}}],"collection":[{"href":"https:\/\/www.bonelinks.com\/es\/wp-json\/wp\/v2\/product"}],"about":[{"href":"https:\/\/www.bonelinks.com\/es\/wp-json\/wp\/v2\/types\/product"}],"version-history":[{"count":3,"href":"https:\/\/www.bonelinks.com\/es\/wp-json\/wp\/v2\/product\/21594\/revisions"}],"predecessor-version":[{"id":26573,"href":"https:\/\/www.bonelinks.com\/es\/wp-json\/wp\/v2\/product\/21594\/revisions\/26573"}],"wp:featuredmedia":[{"embeddable":true,"href":"https:\/\/www.bonelinks.com\/es\/wp-json\/wp\/v2\/media\/16418"}],"wp:attachment":[{"href":"https:\/\/www.bonelinks.com\/es\/wp-json\/wp\/v2\/media?parent=21594"}],"wp:term":[{"taxonomy":"product_brand","embeddable":true,"href":"https:\/\/www.bonelinks.com\/es\/wp-json\/wp\/v2\/product_brand?post=21594"},{"taxonomy":"product_cat","embeddable":true,"href":"https:\/\/www.bonelinks.com\/es\/wp-json\/wp\/v2\/product_cat?post=21594"},{"taxonomy":"product_tag","embeddable":true,"href":"https:\/\/www.bonelinks.com\/es\/wp-json\/wp\/v2\/product_tag?post=21594"}],"curies":[{"name":"wp","href":"https:\/\/api.w.org\/{rel}","templated":true}]}}