{"id":21591,"date":"2023-01-07T23:45:36","date_gmt":"2023-01-08T07:45:36","guid":{"rendered":"https:\/\/www.bonelinks.com\/product\/cable-de-fibra-optica-lc-a-sc\/"},"modified":"2024-02-20T00:26:22","modified_gmt":"2024-02-20T08:26:22","slug":"lc-to-sc-fiber-optic-jumpers","status":"publish","type":"product","link":"https:\/\/www.bonelinks.com\/es\/product\/lc-to-sc-fiber-optic-jumpers\/","title":{"rendered":"Cable de fibra \u00f3ptica LC a SC"},"content":{"rendered":"<h1 style=\"text-align: left; font-size: 18px;\"><strong>Cable de fibra \u00f3ptica LC a SC para una comunicaci\u00f3n de datos fiable<\/strong><\/h1>\n<p>\u00bfBusca un cable de fibra fiable y de alta calidad? No busques m\u00e1s: el cable de conexi\u00f3n de fibra LC a SC de Bonelinks. Fabricado con fibras \u00f3pticas de primera calidad, este cable de conexi\u00f3n cuenta con una resistente cubierta exterior que protege las fibras de posibles da\u00f1os. Los conectores est\u00e1n fabricados por expertos para asegurar una conexi\u00f3n fuerte y estable, minimizando la posibilidad de p\u00e9rdida de se\u00f1al y garantizando un rendimiento constante.<\/p>\n<p>Disponibles en dos bandas de frecuencias diferentes -1310\/1550 nm y 850 nm-, estos cables de conexi\u00f3n LC a SC se presentan en una gran variedad de cubiertas. Los cables de conexi\u00f3n de 1310\/1550 nm tienen una cubierta flexible de PVC o LSZH amarillo ign\u00edfugo. Los cables de conexi\u00f3n de 850 nm tienen una cubierta premium OM3 u OM4 LSZH u OFNP ign\u00edfuga y apta para uso en interiores.<\/p>\n<p>Al elegir un cable de conexi\u00f3n de fibra LC a SC, es importante escoger un cable que cumpla las normas del sector, como la TIA\/EIA-568-C.3. Nuestro cable de conexi\u00f3n de fibra garantiza la compatibilidad con una amplia gama de dispositivos y permite que el cable rinda al m\u00e1ximo.<\/p>\n<p>Identifique f\u00e1cilmente el cable que necesita gracias al tipo de cable, la longitud y el material impresos en los cables de conexi\u00f3n. Y, si lo desea, Bonelinks puede personalizar la impresi\u00f3n para incluir el nombre de su empresa o marca.<\/p>\n<h2 style=\"text-align: left; font-size: 18px;\"><strong>Los m\u00e1s vendidos LC to SC Fiber Patch Cord At Bonelinks<\/strong><\/h2>\n<table width=\"896\">\n<tbody>\n<tr>\n<td width=\"124\"><strong>Cable de fibra \u00f3ptica LC a SC<\/strong><\/td>\n<td width=\"193\"><strong>OS2 Fibra LC a SC<\/strong><\/td>\n<td width=\"193\"><strong>Fibra OM2 LC a SC<\/strong><\/td>\n<td width=\"193\"><strong>Fibra OM3 LC a SC<\/strong><\/td>\n<td width=\"193\"><strong>Fibra OM4 LC a SC<\/strong><\/td>\n<\/tr>\n<tr>\n<td width=\"124\">Modo fibra<\/td>\n<td width=\"193\">Monomodo<\/td>\n<td width=\"193\">Multimodo<\/td>\n<td width=\"193\">Multimodo<\/td>\n<td width=\"193\">Multimodo<\/td>\n<\/tr>\n<tr>\n<td width=\"124\">Velocidad de datos<\/td>\n<td width=\"193\">1G\/10GB<\/td>\n<td width=\"193\">1G\/10GB<\/td>\n<td width=\"193\">10G\/40G\/100GB<\/td>\n<td width=\"193\">10G\/40G\/100GB<\/td>\n<\/tr>\n<tr>\n<td width=\"124\">Conector<\/td>\n<td width=\"193\">LC\/UPC a SC\/UPC<\/td>\n<td width=\"193\">LC\/UPC a SC\/UPC<\/td>\n<td width=\"193\">LC\/UPC a SC\/UPC<\/td>\n<td width=\"193\">LC\/UPC a SC\/UPC<\/td>\n<\/tr>\n<tr>\n<td width=\"124\">P\u00e9rdida de inserci\u00f3n<\/td>\n<td width=\"193\">\u22640,3dB<\/td>\n<td width=\"193\">\u22640,3dB<\/td>\n<td width=\"193\">\u22640,3dB<\/td>\n<td width=\"193\">\u22640,3dB<\/td>\n<\/tr>\n<tr>\n<td width=\"124\">P\u00e9rdida de retorno<\/td>\n<td width=\"193\">\u226550dB<\/td>\n<td width=\"193\">\u226530dB<\/td>\n<td width=\"193\">\u226530dB<\/td>\n<td width=\"193\">\u226530dB<\/td>\n<\/tr>\n<tr>\n<td width=\"124\">Chaqueta LSZH<\/td>\n<td width=\"193\">\u2713<\/td>\n<td width=\"193\">\u2713<\/td>\n<td width=\"193\">\u2713<\/td>\n<td width=\"193\">\u2713<\/td>\n<\/tr>\n<\/tbody>\n<\/table>\n<h2 style=\"text-align: left; font-size: 18px;\"><strong><img fetchpriority=\"high\" decoding=\"async\" class=\"alignnone size-full wp-image-7283\" src=\"https:\/\/www.bonelinks.com\/wp-content\/uploads\/2023\/01\/sc-lc-patch-cord.jpg\" alt=\"sc lc patch cord\" width=\"702\" height=\"351\" srcset=\"https:\/\/www.bonelinks.com\/wp-content\/uploads\/2023\/01\/sc-lc-patch-cord.jpg 702w, https:\/\/www.bonelinks.com\/wp-content\/uploads\/2023\/01\/sc-lc-patch-cord-300x150.jpg 300w, https:\/\/www.bonelinks.com\/wp-content\/uploads\/2023\/01\/sc-lc-patch-cord-650x325.jpg 650w\" sizes=\"(max-width: 702px) 100vw, 702px\" \/><\/strong><\/h2>\n<h2 style=\"text-align: left; font-size: 18px;\"><strong><br \/>\nCaracter\u00edsticas del cable de fibra \u00f3ptica de LC a SC<\/strong><\/h2>\n<ul>\n<li>Transmisi\u00f3n de datos a alta velocidad: Los latiguillos de fibra LC a SC ofrecen una transmisi\u00f3n de datos de alta velocidad, lo que proporciona una transferencia de datos r\u00e1pida y eficaz en una red de fibra \u00f3ptica.<\/li>\n<li>Durabilidad: Los conectores del cable de conexi\u00f3n de fibra LC a SC est\u00e1n fabricados con materiales de alta calidad que garantizan la durabilidad y longevidad del cable.<\/li>\n<li>Baja p\u00e9rdida: El cable de conexi\u00f3n de fibra LC a SC est\u00e1 dise\u00f1ado para tener una baja p\u00e9rdida de inserci\u00f3n, lo que minimiza la p\u00e9rdida de se\u00f1al durante la transmisi\u00f3n de datos.<\/li>\n<li>\u00d3ptica de alta calidad: La fibra \u00f3ptica utilizada en el cable de conexi\u00f3n de fibra LC a SC es de alta calidad, lo que proporciona un rendimiento \u00f3ptico y una fiabilidad excelentes.<\/li>\n<\/ul>\n<h2 style=\"text-align: left; font-size: 18px;\"><strong>Aplicaciones del cable de fibra \u00f3ptica de LC a SC<\/strong><\/h2>\n<ul>\n<li>Centros de datos: Los cables de conexi\u00f3n de fibra LC a SC se utilizan habitualmente en centros de datos para conectar dispositivos \u00f3pticos, como conmutadores y enrutadores.<\/li>\n<li>Redes de telecomunicaciones: Los latiguillos de fibra LC a SC se utilizan en redes de telecomunicaciones para conectar transceptores \u00f3pticos y otros dispositivos \u00f3pticos.<\/li>\n<li>Redes empresariales: Los latiguillos de fibra LC a SC se utilizan en redes empresariales para conectar dispositivos y proporcionar una transferencia de datos de alta velocidad.<\/li>\n<li>Redes de fibra hasta el hogar (FTTH): Los latiguillos de fibra LC a SC se utilizan en redes FTTH para conectar dispositivos \u00f3pticos y proporcionar acceso a Internet de alta velocidad a los hogares.<\/li>\n<\/ul>\n<h2 style=\"text-align: left; font-size: 18px;\"><strong>\u00bfBusca m\u00e1s opciones de cables de fibra \u00f3ptica?<\/strong><\/h2>\n<p>\u00bfQuiere m\u00e1s opciones de cables de conexi\u00f3n de fibra? Explore nuestra selecci\u00f3n de <span style=\"color: #0054a6;\"><strong><a style=\"color: #0054a6;\" href=\"https:\/\/www.bonelinks.com\/es\/lc-fibre-patch-leads\/\" target=\"_blank\" rel=\"noopener\">LC Cables de conexi\u00f3n de fibra, <\/a><\/strong><\/span><a title=\"Cables de conexi\u00f3n de fibra SC\" href=\"https:\/\/www.bonelinks.com\/es\/sc-fibre-patch-leads\/\" target=\"_blank\" rel=\"noopener\"><strong><span style=\"color: #0054a6;\">SC Cables de conexi\u00f3n de fibra, <\/span><\/strong><\/a><strong><span style=\"color: #0054a6;\"><a style=\"color: #0054a6;\" href=\"https:\/\/www.bonelinks.com\/es\/lc-to-sc-fiber-cables\/\" target=\"_blank\" rel=\"noopener\">SC LC Cables de conexi\u00f3n de fibra <\/a><\/span><\/strong>para una conexi\u00f3n en red perfecta.<\/p>\n<p>\u00bfBusca cables de fibra dise\u00f1ados a medida? Explore nuestra secci\u00f3n dedicada a<a href=\"https:\/\/www.bonelinks.com\/es\/custom-fiber-optic-cables\/\" target=\"_blank\" rel=\"noopener\"><span style=\"color: #0054a6;\"><strong> Cables de fibra personalizados <\/strong><\/span><\/a>para soluciones de conectividad a medida.<\/p>\n<ul>\n<li>Venta al por menor o al por mayor: \u00a1nosotros le cubrimos!<\/li>\n<li>\u00bfNo sabe qu\u00e9 comprar? Ofrecemos orientaci\u00f3n experta.<\/li>\n<li>MOQ peque\u00f1o: No necesita comprar m\u00e1s de lo que desea.<\/li>\n<li>Precios competitivos: Obtenga siempre un gran valor.<\/li>\n<li>Entrega puntual: Su rapidez, nuestra prioridad.<\/li>\n<li>Centrados en el cliente: Adaptamos nuestros servicios a sus necesidades.<\/li>\n<\/ul>\n<p><strong>Con\u00e9ctese con nosotros<\/strong><br \/>\nSi tiene problemas para encontrar el <span style=\"color: #0054a6;\"><strong><a style=\"color: #0054a6;\" href=\"https:\/\/www.bonelinks.com\/es\/fiber-optic-patch-cord-supplier\/\" target=\"_blank\" rel=\"noopener\">cable de fibra <\/a><\/strong><\/span>para sus necesidades, o si necesita el asesoramiento de un experto, con un solo clic podr\u00e1<a href=\"https:\/\/www.bonelinks.com\/es\/contact-us\/\" target=\"_blank\" rel=\"noopener\"><strong><span style=\"color: #0054a6;\"> chatear con nosotros <\/span><\/strong><\/a>en segundos. Su satisfacci\u00f3n es nuestra prioridad. Estamos dispuestos a ayudarle en todo. <strong>No se preocupe, no es necesario pensar demasiado. Estamos aqu\u00ed, listos para ayudarle.<\/strong><\/p>\n","protected":false},"excerpt":{"rendered":"<p>El cable de conexi\u00f3n de fibra LC a SC es un tipo de cable de fibra \u00f3ptica que se utiliza para conectar dos dispositivos de fibra \u00f3ptica. Este cable presenta un conector LC (conector Lucent) en un extremo y un conector SC (conector de abonado) en el otro, lo que permite una conectividad perfecta entre dos tipos diferentes de dispositivos de fibra \u00f3ptica.<\/p>\n<p>El latiguillo de fibra LC a SC se utiliza habitualmente en aplicaciones de transferencia de datos de alta velocidad, ya que proporciona un gran ancho de banda y baja latencia. Es una opci\u00f3n popular para centros de datos, redes de telecomunicaciones y otras aplicaciones de red que requieren transmisi\u00f3n de datos a alta velocidad.<\/p>\n","protected":false},"featured_media":16458,"template":"","meta":{"site-sidebar-layout":"default","site-content-layout":"default","ast-site-content-layout":"default","site-content-style":"default","site-sidebar-style":"default","ast-global-header-display":"","ast-banner-title-visibility":"","ast-main-header-display":"","ast-hfb-above-header-display":"","ast-hfb-below-header-display":"","ast-hfb-mobile-header-display":"","site-post-title":"","ast-breadcrumbs-content":"","ast-featured-img":"","footer-sml-layout":"","ast-disable-related-posts":"","theme-transparent-header-meta":"default","adv-header-id-meta":"","stick-header-meta":"default","header-above-stick-meta":"","header-main-stick-meta":"","header-below-stick-meta":"","astra-migrate-meta-layouts":"set","ast-page-background-enabled":"default","ast-page-background-meta":{"desktop":{"background-color":"","background-image":"","background-repeat":"repeat","background-position":"center center","background-size":"auto","background-attachment":"scroll","background-type":"","background-media":"","overlay-type":"","overlay-color":"","overlay-opacity":"","overlay-gradient":""},"tablet":{"background-color":"","background-image":"","background-repeat":"repeat","background-position":"center center","background-size":"auto","background-attachment":"scroll","background-type":"","background-media":"","overlay-type":"","overlay-color":"","overlay-opacity":"","overlay-gradient":""},"mobile":{"background-color":"","background-image":"","background-repeat":"repeat","background-position":"center center","background-size":"auto","background-attachment":"scroll","background-type":"","background-media":"","overlay-type":"","overlay-color":"","overlay-opacity":"","overlay-gradient":""}},"ast-content-background-meta":{"desktop":{"background-color":"var(--ast-global-color-5)","background-image":"","background-repeat":"repeat","background-position":"center center","background-size":"auto","background-attachment":"scroll","background-type":"","background-media":"","overlay-type":"","overlay-color":"","overlay-opacity":"","overlay-gradient":""},"tablet":{"background-color":"var(--ast-global-color-5)","background-image":"","background-repeat":"repeat","background-position":"center center","background-size":"auto","background-attachment":"scroll","background-type":"","background-media":"","overlay-type":"","overlay-color":"","overlay-opacity":"","overlay-gradient":""},"mobile":{"background-color":"var(--ast-global-color-5)","background-image":"","background-repeat":"repeat","background-position":"center center","background-size":"auto","background-attachment":"scroll","background-type":"","background-media":"","overlay-type":"","overlay-color":"","overlay-opacity":"","overlay-gradient":""}}},"product_brand":[],"product_cat":[244,317,251],"product_tag":[],"class_list":{"0":"post-21591","1":"product","2":"type-product","3":"status-publish","4":"has-post-thumbnail","6":"product_cat-fiber-patch-cord-es","7":"product_cat-sc-fiber-patch-cord-es","8":"product_cat-lc-fiber-patch-cord-es","9":"pa_connector-type-lc-sc-es","10":"desktop-align-left","11":"tablet-align-left","12":"mobile-align-left","13":"ast-product-gallery-layout-vertical","14":"ast-product-gallery-with-no-image","15":"ast-product-tabs-layout-vertical","16":"ast-qv-on-image","18":"first","19":"instock","20":"shipping-taxable","21":"product-type-simple"},"_links":{"self":[{"href":"https:\/\/www.bonelinks.com\/es\/wp-json\/wp\/v2\/product\/21591","targetHints":{"allow":["GET"]}}],"collection":[{"href":"https:\/\/www.bonelinks.com\/es\/wp-json\/wp\/v2\/product"}],"about":[{"href":"https:\/\/www.bonelinks.com\/es\/wp-json\/wp\/v2\/types\/product"}],"version-history":[{"count":3,"href":"https:\/\/www.bonelinks.com\/es\/wp-json\/wp\/v2\/product\/21591\/revisions"}],"predecessor-version":[{"id":26568,"href":"https:\/\/www.bonelinks.com\/es\/wp-json\/wp\/v2\/product\/21591\/revisions\/26568"}],"wp:featuredmedia":[{"embeddable":true,"href":"https:\/\/www.bonelinks.com\/es\/wp-json\/wp\/v2\/media\/16458"}],"wp:attachment":[{"href":"https:\/\/www.bonelinks.com\/es\/wp-json\/wp\/v2\/media?parent=21591"}],"wp:term":[{"taxonomy":"product_brand","embeddable":true,"href":"https:\/\/www.bonelinks.com\/es\/wp-json\/wp\/v2\/product_brand?post=21591"},{"taxonomy":"product_cat","embeddable":true,"href":"https:\/\/www.bonelinks.com\/es\/wp-json\/wp\/v2\/product_cat?post=21591"},{"taxonomy":"product_tag","embeddable":true,"href":"https:\/\/www.bonelinks.com\/es\/wp-json\/wp\/v2\/product_tag?post=21591"}],"curies":[{"name":"wp","href":"https:\/\/api.w.org\/{rel}","templated":true}]}}