{"id":21545,"date":"2023-01-08T00:56:48","date_gmt":"2023-01-08T08:56:48","guid":{"rendered":"https:\/\/www.bonelinks.com\/product\/cables-de-conexion-de-fibra-st-a-st\/"},"modified":"2024-02-20T01:29:43","modified_gmt":"2024-02-20T09:29:43","slug":"st-to-st-fiber-optical-patch-leads","status":"publish","type":"product","link":"https:\/\/www.bonelinks.com\/es\/product\/st-to-st-fiber-optical-patch-leads\/","title":{"rendered":"Cables de conexi\u00f3n de fibra ST a ST"},"content":{"rendered":"<h1 style=\"text-align: left; font-size: 18px;\"><strong>Cables de conexi\u00f3n de fibra \u00f3ptica de 1 m ST a ST para un rendimiento \u00f3ptimo<\/strong><\/h1>\n<p>Los latiguillos de fibra \u00f3ptica ST a ST est\u00e1n dise\u00f1ados con un conector met\u00e1lico de cierre a presi\u00f3n para garantizar una fuerte uni\u00f3n entre el cable de fibra \u00f3ptica y el conector. Cuando se fabrican cables de conexi\u00f3n de fibra ST de doble n\u00facleo para la transmisi\u00f3n de datos de doble canal, se marcan con anillos numerados en los conectores para evitar conexiones incorrectas de los puertos durante la instalaci\u00f3n.<\/p>\n<p>El cable de conexi\u00f3n ST a ST est\u00e1 disponible en versiones multimodo y monomodo, y puede preterminarse en simplex o d\u00faplex para adaptarse a los distintos requisitos de uso. En las versiones multimodo, el cable de conexi\u00f3n suele estar fabricado con un cable de fibra \u00f3ptica multimodo con revestimiento beige o naranja, mientras que en las versiones monomodo se utiliza un cable de fibra \u00f3ptica monomodo con revestimiento azul. El cable de fibra \u00f3ptica utilizado en los latiguillos ST suele ser de fibra \u00f3ptica de alta calidad con bajas p\u00e9rdidas, lo que proporciona una transmisi\u00f3n de datos fiable y estable a largas distancias.<\/p>\n<p>Con m\u00e1s de 10 a\u00f1os de experiencia en la producci\u00f3n y procesamiento de cables de conexi\u00f3n, Bonelinks cuenta con una gran experiencia y una l\u00ednea de producci\u00f3n especializada para atender demandas urgentes de productos, plazos de producci\u00f3n cortos y estilos de conectores complejos. La empresa se esfuerza por ofrecer garant\u00edas de calidad y cantidad a sus clientes, garantizando que los productos lleguen a tiempo a las obras. Gracias a su compromiso con la satisfacci\u00f3n del cliente, Bonelinks ha creado una base de clientes fieles.<\/p>\n<h2 style=\"text-align: left; font-size: 18px;\"><strong>Caracter\u00edsticas de los cables de fibra \u00f3ptica de ST a ST<\/strong><\/h2>\n<ul>\n<li>Baja p\u00e9rdida de inserci\u00f3n: Los latiguillos de fibra ST a ST tienen una baja p\u00e9rdida de inserci\u00f3n, lo que significa que tienen una p\u00e9rdida de se\u00f1al m\u00ednima, lo que los hace ideales para su uso en aplicaciones de gran ancho de banda.<\/li>\n<li>Alta p\u00e9rdida de retorno: Los latiguillos de fibra ST a ST tambi\u00e9n tienen una alta p\u00e9rdida de retorno, lo que significa que reflejan menos luz de vuelta a la fuente, lo que los hace ideales para su uso en sistemas que requieren una baja tasa de error de bits.<\/li>\n<li>Construcci\u00f3n duradera: El conector ST tiene un dise\u00f1o resistente y duradero, por lo que es ideal para su uso en entornos dif\u00edciles.<\/li>\n<\/ul>\n<h2 style=\"text-align: left; font-size: 18px;\"><strong>Caracter\u00edsticas de los cables de fibra \u00f3ptica de ST a ST<\/strong><\/h2>\n<ul>\n<li>Centros de datos: Los cables de conexi\u00f3n de fibra ST a ST se utilizan habitualmente en centros de datos para conectar entre s\u00ed dispositivos de red, como conmutadores y enrutadores.<\/li>\n<li>Redes industriales: El dise\u00f1o robusto de los conectores ST los hace ideales para su uso en redes industriales, donde los entornos duros y el movimiento frecuente pueden hacer que fallen otros tipos de conectores.<\/li>\n<li>Redes de telecomunicaciones: Los latiguillos de fibra ST a ST tambi\u00e9n se utilizan en redes de telecomunicaciones para interconectar equipos de transmisi\u00f3n \u00f3ptica.<\/li>\n<li>Redes de \u00e1rea local (LAN): Los latiguillos de fibra ST a ST se utilizan a veces en redes LAN para conectar ordenadores, servidores y otros dispositivos a un conmutador de red.<\/li>\n<\/ul>\n<h2 style=\"text-align: left; font-size: 18px;\"><strong>\u00bfBusca m\u00e1s opciones de cables de fibra \u00f3ptica?<\/strong><\/h2>\n<p>\u00bfQuiere m\u00e1s opciones de cables de conexi\u00f3n de fibra? Explore nuestra selecci\u00f3n de<a title=\"Cables de conexi\u00f3n de fibra ST\" href=\"https:\/\/www.bonelinks.com\/es\/st-fibre-patch-leads\/\" target=\"_blank\" rel=\"noopener\"><strong><span style=\"color: #0054a6;\"> Cables de conexi\u00f3n de fibra ST <\/span><\/strong><\/a>para una conexi\u00f3n en red perfecta.<\/p>\n<p>\u00bfBusca cables de fibra dise\u00f1ados a medida? Explore nuestra secci\u00f3n dedicada a<a href=\"https:\/\/www.bonelinks.com\/es\/custom-fiber-optic-cables\/\" target=\"_blank\" rel=\"noopener\"><span style=\"color: #0054a6;\"><strong> Cables de fibra personalizados <\/strong><\/span><\/a>para soluciones de conectividad a medida.<\/p>\n<ul>\n<li>Venta al por menor o al por mayor: \u00a1nosotros le cubrimos!<\/li>\n<li>\u00bfNo sabe qu\u00e9 comprar? Ofrecemos orientaci\u00f3n experta.<\/li>\n<li>MOQ peque\u00f1o: No necesita comprar m\u00e1s de lo que desea.<\/li>\n<li>Precios competitivos: Obtenga siempre un gran valor.<\/li>\n<li>Entrega puntual: Su rapidez, nuestra prioridad.<\/li>\n<li>Centrados en el cliente: Adaptamos nuestros servicios a sus necesidades.<\/li>\n<\/ul>\n<p><strong>Con\u00e9ctese con nosotros<\/strong><br \/>\nSi tiene problemas para encontrar el <span style=\"color: #0054a6;\"><strong><a style=\"color: #0054a6;\" href=\"https:\/\/www.bonelinks.com\/es\/fiber-optic-patch-cord-supplier\/\" target=\"_blank\" rel=\"noopener\">cable de fibra <\/a><\/strong><\/span>para sus necesidades, o si necesita el asesoramiento de un experto, con un solo clic podr\u00e1<a href=\"https:\/\/www.bonelinks.com\/es\/contact-us\/\" target=\"_blank\" rel=\"noopener\"><strong><span style=\"color: #0054a6;\"> chatear con nosotros <\/span><\/strong><\/a>en segundos. Su satisfacci\u00f3n es nuestra prioridad. Estamos dispuestos a ayudarle en todo. <strong>No se preocupe, no es necesario pensar demasiado. Estamos aqu\u00ed, listos para ayudarle.<\/strong><\/p>\n","protected":false},"excerpt":{"rendered":"<p>El cable de conexi\u00f3n de fibra ST a ST es un tipo de cable de fibra \u00f3ptica dise\u00f1ado para conectar dispositivos de comunicaci\u00f3n \u00f3ptica. Recibe su nombre del conector ST (punta recta) que se utiliza en ambos extremos del cable, que es un conector de fibra \u00f3ptica popular y ampliamente utilizado que proporciona una soluci\u00f3n sencilla y de bajo coste para las conexiones de fibra \u00f3ptica.<\/p>\n<p>El cable de conexi\u00f3n de fibra \u00f3ptica ST a ST es una soluci\u00f3n vers\u00e1til y fiable para conectar dispositivos de comunicaci\u00f3n \u00f3ptica y proporcionar una transmisi\u00f3n de datos de alta velocidad, segura y estable en diversos entornos.<\/p>\n","protected":false},"featured_media":16538,"template":"","meta":{"site-sidebar-layout":"default","site-content-layout":"default","ast-site-content-layout":"default","site-content-style":"default","site-sidebar-style":"default","ast-global-header-display":"","ast-banner-title-visibility":"","ast-main-header-display":"","ast-hfb-above-header-display":"","ast-hfb-below-header-display":"","ast-hfb-mobile-header-display":"","site-post-title":"","ast-breadcrumbs-content":"","ast-featured-img":"","footer-sml-layout":"","ast-disable-related-posts":"","theme-transparent-header-meta":"default","adv-header-id-meta":"","stick-header-meta":"default","header-above-stick-meta":"","header-main-stick-meta":"","header-below-stick-meta":"","astra-migrate-meta-layouts":"set","ast-page-background-enabled":"default","ast-page-background-meta":{"desktop":{"background-color":"","background-image":"","background-repeat":"repeat","background-position":"center center","background-size":"auto","background-attachment":"scroll","background-type":"","background-media":"","overlay-type":"","overlay-color":"","overlay-opacity":"","overlay-gradient":""},"tablet":{"background-color":"","background-image":"","background-repeat":"repeat","background-position":"center center","background-size":"auto","background-attachment":"scroll","background-type":"","background-media":"","overlay-type":"","overlay-color":"","overlay-opacity":"","overlay-gradient":""},"mobile":{"background-color":"","background-image":"","background-repeat":"repeat","background-position":"center center","background-size":"auto","background-attachment":"scroll","background-type":"","background-media":"","overlay-type":"","overlay-color":"","overlay-opacity":"","overlay-gradient":""}},"ast-content-background-meta":{"desktop":{"background-color":"var(--ast-global-color-5)","background-image":"","background-repeat":"repeat","background-position":"center center","background-size":"auto","background-attachment":"scroll","background-type":"","background-media":"","overlay-type":"","overlay-color":"","overlay-opacity":"","overlay-gradient":""},"tablet":{"background-color":"var(--ast-global-color-5)","background-image":"","background-repeat":"repeat","background-position":"center center","background-size":"auto","background-attachment":"scroll","background-type":"","background-media":"","overlay-type":"","overlay-color":"","overlay-opacity":"","overlay-gradient":""},"mobile":{"background-color":"var(--ast-global-color-5)","background-image":"","background-repeat":"repeat","background-position":"center center","background-size":"auto","background-attachment":"scroll","background-type":"","background-media":"","overlay-type":"","overlay-color":"","overlay-opacity":"","overlay-gradient":""}}},"product_brand":[],"product_cat":[244,266],"product_tag":[],"class_list":{"0":"post-21545","1":"product","2":"type-product","3":"status-publish","4":"has-post-thumbnail","6":"product_cat-fiber-patch-cord-es","7":"product_cat-st-fiber-patch-cord-es","8":"pa_connector-type-st-st-es","9":"desktop-align-left","10":"tablet-align-left","11":"mobile-align-left","12":"ast-product-gallery-layout-vertical","13":"ast-product-gallery-with-no-image","14":"ast-product-tabs-layout-vertical","15":"ast-qv-on-image","17":"first","18":"instock","19":"shipping-taxable","20":"product-type-simple"},"_links":{"self":[{"href":"https:\/\/www.bonelinks.com\/es\/wp-json\/wp\/v2\/product\/21545","targetHints":{"allow":["GET"]}}],"collection":[{"href":"https:\/\/www.bonelinks.com\/es\/wp-json\/wp\/v2\/product"}],"about":[{"href":"https:\/\/www.bonelinks.com\/es\/wp-json\/wp\/v2\/types\/product"}],"version-history":[{"count":3,"href":"https:\/\/www.bonelinks.com\/es\/wp-json\/wp\/v2\/product\/21545\/revisions"}],"predecessor-version":[{"id":26626,"href":"https:\/\/www.bonelinks.com\/es\/wp-json\/wp\/v2\/product\/21545\/revisions\/26626"}],"wp:featuredmedia":[{"embeddable":true,"href":"https:\/\/www.bonelinks.com\/es\/wp-json\/wp\/v2\/media\/16538"}],"wp:attachment":[{"href":"https:\/\/www.bonelinks.com\/es\/wp-json\/wp\/v2\/media?parent=21545"}],"wp:term":[{"taxonomy":"product_brand","embeddable":true,"href":"https:\/\/www.bonelinks.com\/es\/wp-json\/wp\/v2\/product_brand?post=21545"},{"taxonomy":"product_cat","embeddable":true,"href":"https:\/\/www.bonelinks.com\/es\/wp-json\/wp\/v2\/product_cat?post=21545"},{"taxonomy":"product_tag","embeddable":true,"href":"https:\/\/www.bonelinks.com\/es\/wp-json\/wp\/v2\/product_tag?post=21545"}],"curies":[{"name":"wp","href":"https:\/\/api.w.org\/{rel}","templated":true}]}}