{"id":21543,"date":"2023-01-08T00:22:05","date_gmt":"2023-01-08T08:22:05","guid":{"rendered":"https:\/\/www.bonelinks.com\/product\/latiguillos-de-fibra-optica-sc-upc-a-sc-upc\/"},"modified":"2024-02-20T01:35:01","modified_gmt":"2024-02-20T09:35:01","slug":"sc-to-sc-fiber-optic-patch-cords","status":"publish","type":"product","link":"https:\/\/www.bonelinks.com\/es\/product\/sc-to-sc-fiber-optic-patch-cords\/","title":{"rendered":"Latiguillos de fibra \u00f3ptica SC\/UPC a SC\/UPC"},"content":{"rendered":"<p>Los latiguillos SC a SC para las bandas de 1310 nm y 1550 nm suelen tener carcasa azul y extremos de contacto UPC, mientras que los de la banda de 850 nm suelen tener carcasa beige o rosa-rojo para distinguirlos como cables de fibra \u00f3ptica multimodo. Dependiendo del n\u00famero de canales que se conecten, los cables de conexi\u00f3n SC pueden preterminarse en forma simplex o d\u00faplex.<\/p>\n<p>Los cables de conexi\u00f3n SC est\u00e1n fabricados con fibra monomodo G652D o G657A de baja p\u00e9rdida y fresas de contacto UPC o APC, lo que da como resultado una p\u00e9rdida en el nodo de acceso inferior a 0,25 dB.<\/p>\n<p>Bonelinks ofrece una gama de configuraciones de cable de conexi\u00f3n SC a SC para adaptarse a distintos entornos de instalaci\u00f3n. En los centros de datos, los latiguillos SC suelen fabricarse con cable de fibra \u00f3ptica multimodo de 3,0 mm de di\u00e1metro exterior relleno de Kevlar de alta resistencia y una cubierta ign\u00edfuga LSZH u OFNP para mejorar la estabilidad y seguridad de la se\u00f1al. En entornos de acceso a routers de interior, los cables de conexi\u00f3n SC suelen fabricarse con cable de fibra \u00f3ptica de 2,0 mm de di\u00e1metro exterior relleno de Kevlar de alta resistencia y una cubierta de PVC para cumplir los requisitos de flexibilidad y capacidad de flexi\u00f3n.<\/p>\n<p><strong>Caracter\u00edsticas<\/strong><\/p>\n<ul>\n<li>Conectividad: Estos cables de conexi\u00f3n est\u00e1n dise\u00f1ados para conectar dos dispositivos de fibra \u00f3ptica, como conmutadores, enrutadores y paneles de conexi\u00f3n.<\/li>\n<li>Durabilidad: Los conectores de ambos extremos del cable de conexi\u00f3n est\u00e1n fabricados con materiales de alta calidad, que los hacen robustos y duraderos.<\/li>\n<li>Baja p\u00e9rdida de inserci\u00f3n: la baja p\u00e9rdida de inserci\u00f3n de los latiguillos de fibra \u00f3ptica SC a SC garantiza una transmisi\u00f3n eficaz de la se\u00f1al y una conectividad fiable.<\/li>\n<li>Elevadas p\u00e9rdidas de retorno: las elevadas p\u00e9rdidas de retorno de los latiguillos de fibra \u00f3ptica SC a SC minimizan la reflexi\u00f3n de la se\u00f1al, garantizando que \u00e9sta se transmita con la m\u00e1xima potencia.<\/li>\n<li>Versatilidad: Los latiguillos de fibra \u00f3ptica SC a SC est\u00e1n disponibles en una amplia gama de longitudes y tipos de fibra, lo que los hace adecuados para una gran variedad de aplicaciones.<\/li>\n<\/ul>\n<p><strong>Aplicaciones<\/strong><\/p>\n<ul>\n<li>Centros de datos: Estos cables de conexi\u00f3n se utilizan ampliamente en centros de datos para conectar instalaciones de fibra \u00f3ptica de alta densidad, como conmutadores, enrutadores y paneles de conexi\u00f3n.<\/li>\n<li>Redes de \u00e1rea local (LAN): Los latiguillos de fibra \u00f3ptica de SC a SC se utilizan en redes LAN para conectar ordenadores y otros dispositivos y permitir que se comuniquen entre s\u00ed.<\/li>\n<li>Redes metropolitanas: Estos latiguillos se utilizan en redes metropolitanas para conectar conmutadores y routers, garantizando una transmisi\u00f3n fiable de la se\u00f1al a largas distancias.<\/li>\n<li>Redes de fibra \u00f3ptica: Los latiguillos de fibra \u00f3ptica SC a SC se utilizan en redes de fibra \u00f3ptica para enlazar dispositivos de fibra \u00f3ptica y garantizar una transmisi\u00f3n eficaz de la se\u00f1al.<\/li>\n<li>Cuartos de telecomunicaciones: Estos cables de conexi\u00f3n se utilizan en salas de telecomunicaciones para conectar dispositivos de fibra \u00f3ptica, como conmutadores y enrutadores.<\/li>\n<\/ul>\n<h2 style=\"text-align: left; font-size: 18px;\"><strong>\u00bfBusca m\u00e1s opciones de cables de fibra \u00f3ptica?<\/strong><\/h2>\n<p>\u00bfQuiere m\u00e1s opciones de cables de conexi\u00f3n de fibra? Explore nuestra selecci\u00f3n de<a title=\"Cables de conexi\u00f3n de fibra SC\" href=\"https:\/\/www.bonelinks.com\/es\/sc-fibre-patch-leads\/\" target=\"_blank\" rel=\"noopener\"><strong><span style=\"color: #0054a6;\"> Cables de conexi\u00f3n de fibra SC <\/span><\/strong><\/a>para una conexi\u00f3n en red sin fisuras.<\/p>\n<p>\u00bfBusca cables de fibra dise\u00f1ados a medida? Explore nuestra secci\u00f3n dedicada a<a href=\"https:\/\/www.bonelinks.com\/es\/custom-fiber-optic-cables\/\" target=\"_blank\" rel=\"noopener\"><span style=\"color: #0054a6;\"><strong> Cables de fibra personalizados <\/strong><\/span><\/a>para soluciones de conectividad a medida.<\/p>\n<ul>\n<li>Venta al por menor o al por mayor: \u00a1nosotros le cubrimos!<\/li>\n<li>\u00bfNo sabe qu\u00e9 comprar? Ofrecemos orientaci\u00f3n experta.<\/li>\n<li>MOQ peque\u00f1o: No necesita comprar m\u00e1s de lo que desea.<\/li>\n<li>Precios competitivos: Obtenga siempre un gran valor.<\/li>\n<li>Entrega puntual: Su rapidez, nuestra prioridad.<\/li>\n<li>Centrados en el cliente: Adaptamos nuestros servicios a sus necesidades.<\/li>\n<\/ul>\n<p><strong>Con\u00e9ctese con nosotros<\/strong><br \/>\nSi tiene problemas para encontrar el <span style=\"color: #0054a6;\"><strong><a style=\"color: #0054a6;\" href=\"https:\/\/www.bonelinks.com\/es\/fiber-optic-patch-cord-supplier\/\" target=\"_blank\" rel=\"noopener\">cable de fibra <\/a><\/strong><\/span>para sus necesidades, o si necesita el asesoramiento de un experto, con un solo clic podr\u00e1<a href=\"https:\/\/www.bonelinks.com\/es\/contact-us\/\" target=\"_blank\" rel=\"noopener\"><strong><span style=\"color: #0054a6;\"> chatear con nosotros <\/span><\/strong><\/a>en segundos. Su satisfacci\u00f3n es nuestra prioridad. Estamos dispuestos a ayudarle en todo. <strong>No se preocupe, no es necesario pensar demasiado. Estamos aqu\u00ed, listos para ayudarle.<\/strong><\/p>\n","protected":false},"excerpt":{"rendered":"<p>Los latiguillos de fibra \u00f3ptica SC (conector de abonado) a SC son conjuntos de cables que se utilizan para conectar dos dispositivos de fibra \u00f3ptica, como conmutadores, enrutadores y paneles de conexi\u00f3n. Consisten en un tramo de cable de fibra \u00f3ptica terminado en ambos extremos con conectores SC, que se conectan a los puertos de fibra \u00f3ptica de los dispositivos que se van a enlazar.<\/p>\n","protected":false},"featured_media":16483,"template":"","meta":{"site-sidebar-layout":"default","site-content-layout":"default","ast-site-content-layout":"default","site-content-style":"default","site-sidebar-style":"default","ast-global-header-display":"","ast-banner-title-visibility":"","ast-main-header-display":"","ast-hfb-above-header-display":"","ast-hfb-below-header-display":"","ast-hfb-mobile-header-display":"","site-post-title":"","ast-breadcrumbs-content":"","ast-featured-img":"","footer-sml-layout":"","ast-disable-related-posts":"","theme-transparent-header-meta":"default","adv-header-id-meta":"","stick-header-meta":"default","header-above-stick-meta":"","header-main-stick-meta":"","header-below-stick-meta":"","astra-migrate-meta-layouts":"set","ast-page-background-enabled":"default","ast-page-background-meta":{"desktop":{"background-color":"","background-image":"","background-repeat":"repeat","background-position":"center center","background-size":"auto","background-attachment":"scroll","background-type":"","background-media":"","overlay-type":"","overlay-color":"","overlay-opacity":"","overlay-gradient":""},"tablet":{"background-color":"","background-image":"","background-repeat":"repeat","background-position":"center center","background-size":"auto","background-attachment":"scroll","background-type":"","background-media":"","overlay-type":"","overlay-color":"","overlay-opacity":"","overlay-gradient":""},"mobile":{"background-color":"","background-image":"","background-repeat":"repeat","background-position":"center center","background-size":"auto","background-attachment":"scroll","background-type":"","background-media":"","overlay-type":"","overlay-color":"","overlay-opacity":"","overlay-gradient":""}},"ast-content-background-meta":{"desktop":{"background-color":"var(--ast-global-color-5)","background-image":"","background-repeat":"repeat","background-position":"center center","background-size":"auto","background-attachment":"scroll","background-type":"","background-media":"","overlay-type":"","overlay-color":"","overlay-opacity":"","overlay-gradient":""},"tablet":{"background-color":"var(--ast-global-color-5)","background-image":"","background-repeat":"repeat","background-position":"center center","background-size":"auto","background-attachment":"scroll","background-type":"","background-media":"","overlay-type":"","overlay-color":"","overlay-opacity":"","overlay-gradient":""},"mobile":{"background-color":"var(--ast-global-color-5)","background-image":"","background-repeat":"repeat","background-position":"center center","background-size":"auto","background-attachment":"scroll","background-type":"","background-media":"","overlay-type":"","overlay-color":"","overlay-opacity":"","overlay-gradient":""}}},"product_brand":[],"product_cat":[244,317],"product_tag":[],"class_list":{"0":"post-21543","1":"product","2":"type-product","3":"status-publish","4":"has-post-thumbnail","6":"product_cat-fiber-patch-cord-es","7":"product_cat-sc-fiber-patch-cord-es","8":"pa_connector-type-sc-sc-es","9":"desktop-align-left","10":"tablet-align-left","11":"mobile-align-left","12":"ast-product-gallery-layout-vertical","13":"ast-product-gallery-with-no-image","14":"ast-product-tabs-layout-vertical","15":"ast-qv-on-image","17":"first","18":"instock","19":"shipping-taxable","20":"product-type-simple"},"_links":{"self":[{"href":"https:\/\/www.bonelinks.com\/es\/wp-json\/wp\/v2\/product\/21543","targetHints":{"allow":["GET"]}}],"collection":[{"href":"https:\/\/www.bonelinks.com\/es\/wp-json\/wp\/v2\/product"}],"about":[{"href":"https:\/\/www.bonelinks.com\/es\/wp-json\/wp\/v2\/types\/product"}],"version-history":[{"count":3,"href":"https:\/\/www.bonelinks.com\/es\/wp-json\/wp\/v2\/product\/21543\/revisions"}],"predecessor-version":[{"id":26629,"href":"https:\/\/www.bonelinks.com\/es\/wp-json\/wp\/v2\/product\/21543\/revisions\/26629"}],"wp:featuredmedia":[{"embeddable":true,"href":"https:\/\/www.bonelinks.com\/es\/wp-json\/wp\/v2\/media\/16483"}],"wp:attachment":[{"href":"https:\/\/www.bonelinks.com\/es\/wp-json\/wp\/v2\/media?parent=21543"}],"wp:term":[{"taxonomy":"product_brand","embeddable":true,"href":"https:\/\/www.bonelinks.com\/es\/wp-json\/wp\/v2\/product_brand?post=21543"},{"taxonomy":"product_cat","embeddable":true,"href":"https:\/\/www.bonelinks.com\/es\/wp-json\/wp\/v2\/product_cat?post=21543"},{"taxonomy":"product_tag","embeddable":true,"href":"https:\/\/www.bonelinks.com\/es\/wp-json\/wp\/v2\/product_tag?post=21543"}],"curies":[{"name":"wp","href":"https:\/\/api.w.org\/{rel}","templated":true}]}}