{"id":21542,"date":"2023-01-08T00:44:04","date_gmt":"2023-01-08T08:44:04","guid":{"rendered":"https:\/\/www.bonelinks.com\/product\/cable-de-conexion-de-fibra-sc-a-st\/"},"modified":"2024-02-20T01:26:26","modified_gmt":"2024-02-20T09:26:26","slug":"sc-to-st-fiber-patch-cable","status":"publish","type":"product","link":"https:\/\/www.bonelinks.com\/es\/product\/sc-to-st-fiber-patch-cable\/","title":{"rendered":"Cable de conexi\u00f3n de fibra SC a ST"},"content":{"rendered":"<h1 style=\"text-align: left; font-size: 18px;\"><strong>Cable de conexi\u00f3n de fibra SC a ST<\/strong><\/h1>\n<p>El cable de conexi\u00f3n de fibra SC a ST es un cable especialmente dise\u00f1ado y fabricado para facilitar la transmisi\u00f3n de se\u00f1ales entre dispositivos de comunicaci\u00f3n de fibra \u00f3ptica. Estos dispositivos pueden ser terminales \u00f3pticos, transceptores y m\u00f3dulos \u00f3pticos utilizados en sistemas de radiodifusi\u00f3n, CATV o sistemas de vigilancia CCTV.<\/p>\n<p>Un cable de conexi\u00f3n SC a ST de un solo n\u00facleo es un conector de fibra \u00f3ptica preterminado en ambos extremos de un cable de fibra \u00f3ptica de un solo n\u00facleo, que permite la transmisi\u00f3n de se\u00f1ales de datos de un solo canal. Por su parte, un cable de conexi\u00f3n SC a ST de doble n\u00facleo tiene dos conectores de fibra \u00f3ptica (con conectores SC que se pueden enchufar y desenchufar f\u00e1cilmente mediante pinzas de doble n\u00facleo) preterminados en cada extremo de dos cables de fibra \u00f3ptica de un solo tubo para enlace de datos de doble canal.<\/p>\n<p>Cuando se utilizan latiguillos de ST a SC para conexiones de transmisi\u00f3n de se\u00f1ales de datos en la banda de 850 nm, Bonelinks proporciona cables de fibra \u00f3ptica blindados que mejoran las propiedades mec\u00e1nicas de los latiguillos. Esto aumenta su resistencia a tirones y desgarros y las hace m\u00e1s duraderas, evitando los da\u00f1os causados por los mordiscos de los ratones en ambientes interiores.<\/p>\n<p>Hay opciones de personalizaci\u00f3n disponibles para la longitud del cable de conexi\u00f3n blindado, la resistencia al fuego de la cubierta del cable, el tipo de fibra, las propiedades f\u00edsicas y los valores de atenuaci\u00f3n para satisfacer los requisitos del proyecto. P\u00f3ngase en contacto con Bonelinks para iniciar el camino hacia el \u00e9xito de su proyecto.<\/p>\n<h2 style=\"text-align: left; font-size: 18px;\"><strong>SC a ST Cable de conexi\u00f3n de fibra Caracter\u00edsticas<\/strong><\/h2>\n<ul>\n<li>Durabilidad: El cable de conexi\u00f3n de fibra SC ST est\u00e1 fabricado con fibras \u00f3pticas de alta calidad y est\u00e1 envuelto en una cubierta protectora que protege las fibras de posibles da\u00f1os.<\/li>\n<li>Gran ancho de banda: el cable de conexi\u00f3n ST a SC ofrece un gran ancho de banda, lo que permite la transmisi\u00f3n de datos a alta velocidad.<\/li>\n<li>Baja p\u00e9rdida: La p\u00e9rdida de transmisi\u00f3n de luz en una fibra \u00f3ptica se conoce como atenuaci\u00f3n. Los cables de conexi\u00f3n de fibra SC ST tienen una atenuaci\u00f3n baja, lo que garantiza que la se\u00f1al se mantenga fuerte en largas distancias.<\/li>\n<li>Inmunidad a las interferencias: Los cables de conexi\u00f3n ST a SC son inmunes a las interferencias electromagn\u00e9ticas (EMI) y a las interferencias de radiofrecuencia (RFI), por lo que son ideales para su uso en entornos ruidosos.<\/li>\n<\/ul>\n<h2 style=\"text-align: left; font-size: 18px;\"><strong>Aplicaci\u00f3n de cable de conexi\u00f3n de fibra SC a ST<\/strong><\/h2>\n<ul>\n<li>Centros de datos: El cable de conexi\u00f3n ST a SC se utiliza ampliamente en centros de datos para conexiones entre equipos, como conmutadores, enrutadores y servidores.<\/li>\n<li>Redes de \u00e1rea local (LAN): Los cables de conexi\u00f3n de fibra SC ST se utilizan en redes de \u00e1rea local para la transmisi\u00f3n de datos a alta velocidad entre ordenadores y otros dispositivos de red.<\/li>\n<li>WAN (redes de \u00e1rea extensa): Los latiguillos ST a SC se utilizan en redes de \u00e1rea extensa para conexiones entre edificios, ya que pueden transmitir datos a largas distancias sin degradaci\u00f3n de la se\u00f1al.<\/li>\n<li>Telecomunicaciones: Los cables de conexi\u00f3n de fibra SC ST se utilizan en sistemas de telecomunicaciones para transmitir se\u00f1ales de voz, v\u00eddeo y datos.<\/li>\n<\/ul>\n<h2 style=\"text-align: left; font-size: 18px;\"><strong>\u00bfBusca m\u00e1s opciones de cables de fibra \u00f3ptica?<\/strong><\/h2>\n<p>\u00bfQuiere m\u00e1s opciones de cables de conexi\u00f3n de fibra? Explore nuestra selecci\u00f3n de <a title=\"Cables de conexi\u00f3n de fibra SC\" href=\"https:\/\/www.bonelinks.com\/es\/sc-fibre-patch-leads\/\" target=\"_blank\" rel=\"noopener\"><strong><span style=\"color: #0054a6;\">Cables de conexi\u00f3n de fibra SC,<\/span><\/strong> <\/a><strong><br \/>\n<span style=\"color: #0054a6;\"><a style=\"color: #0054a6;\" href=\"https:\/\/www.bonelinks.com\/es\/st-fibre-patch-leads\/\" target=\"_blank\" rel=\"noopener\">Cables de conexi\u00f3n de fibra ST <\/a><\/span><\/strong>para una conexi\u00f3n en red perfecta.<\/p>\n<p>\u00bfBusca cables de fibra dise\u00f1ados a medida? Explore nuestra secci\u00f3n dedicada a<a href=\"https:\/\/www.bonelinks.com\/es\/custom-fiber-optic-cables\/\" target=\"_blank\" rel=\"noopener\"><span style=\"color: #0054a6;\"><strong> Cables de fibra personalizados <\/strong><\/span><\/a>para soluciones de conectividad a medida.<\/p>\n<ul>\n<li>Venta al por menor o al por mayor: \u00a1nosotros le cubrimos!<\/li>\n<li>\u00bfNo sabe qu\u00e9 comprar? Ofrecemos orientaci\u00f3n experta.<\/li>\n<li>MOQ peque\u00f1o: No necesita comprar m\u00e1s de lo que desea.<\/li>\n<li>Precios competitivos: Obtenga siempre un gran valor.<\/li>\n<li>Entrega puntual: Su rapidez, nuestra prioridad.<\/li>\n<li>Centrados en el cliente: Adaptamos nuestros servicios a sus necesidades.<\/li>\n<\/ul>\n<p><strong>Con\u00e9ctese con nosotros<\/strong><br \/>\nSi tiene problemas para encontrar el <span style=\"color: #0054a6;\"><strong><a style=\"color: #0054a6;\" href=\"https:\/\/www.bonelinks.com\/es\/fiber-optic-patch-cord-supplier\/\" target=\"_blank\" rel=\"noopener\">cable de fibra <\/a><\/strong><\/span>para sus necesidades, o si necesita el asesoramiento de un experto, con un solo clic podr\u00e1<a href=\"https:\/\/www.bonelinks.com\/es\/contact-us\/\" target=\"_blank\" rel=\"noopener\"><strong><span style=\"color: #0054a6;\"> chatear con nosotros <\/span><\/strong><\/a>en segundos. Su satisfacci\u00f3n es nuestra prioridad. Estamos dispuestos a ayudarle en todo. <strong>No se preocupe, no es necesario pensar demasiado. Estamos aqu\u00ed, listos para ayudarle.<\/strong><\/p>\n","protected":false},"excerpt":{"rendered":"<p>El cable de conexi\u00f3n de fibra SC a ST es un cable \u00f3ptico de alta velocidad que se utiliza para conectar dos dispositivos de red \u00f3pticos, como conmutadores, enrutadores u otros equipos basados en fibra. Este tipo de cable se utiliza habitualmente en centros de datos, salas de telecomunicaciones y otros entornos de red que requieren una transferencia de datos r\u00e1pida y fiable.<\/p>\n<p>El conector SC es una opci\u00f3n popular para los cables de conexi\u00f3n de fibra \u00f3ptica debido a su tama\u00f1o compacto, facilidad de uso y conexi\u00f3n segura. El conector ST, por su parte, es un conector simplex robusto, ideal para aplicaciones de alta densidad. En conjunto, el cable de conexi\u00f3n ST a SC ofrece una soluci\u00f3n fiable y rentable para conectar dispositivos de red \u00f3ptica.<\/p>\n<p>El cable de conexi\u00f3n ST a SC es un componente fiable y esencial de cualquier red de fibra \u00f3ptica. Su dise\u00f1o compacto, facilidad de uso y capacidad de transmisi\u00f3n de datos a alta velocidad lo convierten en una opci\u00f3n muy popular entre administradores y t\u00e9cnicos de redes. Si desea actualizar su infraestructura de red o conectar dos dispositivos \u00f3pticos, el cable de conexi\u00f3n ST a SC es una soluci\u00f3n fiable y rentable en la que puede confiar.<\/p>\n","protected":false},"featured_media":16518,"template":"","meta":{"site-sidebar-layout":"default","site-content-layout":"default","ast-site-content-layout":"default","site-content-style":"default","site-sidebar-style":"default","ast-global-header-display":"","ast-banner-title-visibility":"","ast-main-header-display":"","ast-hfb-above-header-display":"","ast-hfb-below-header-display":"","ast-hfb-mobile-header-display":"","site-post-title":"","ast-breadcrumbs-content":"","ast-featured-img":"","footer-sml-layout":"","ast-disable-related-posts":"","theme-transparent-header-meta":"default","adv-header-id-meta":"","stick-header-meta":"default","header-above-stick-meta":"","header-main-stick-meta":"","header-below-stick-meta":"","astra-migrate-meta-layouts":"set","ast-page-background-enabled":"default","ast-page-background-meta":{"desktop":{"background-color":"","background-image":"","background-repeat":"repeat","background-position":"center center","background-size":"auto","background-attachment":"scroll","background-type":"","background-media":"","overlay-type":"","overlay-color":"","overlay-opacity":"","overlay-gradient":""},"tablet":{"background-color":"","background-image":"","background-repeat":"repeat","background-position":"center center","background-size":"auto","background-attachment":"scroll","background-type":"","background-media":"","overlay-type":"","overlay-color":"","overlay-opacity":"","overlay-gradient":""},"mobile":{"background-color":"","background-image":"","background-repeat":"repeat","background-position":"center center","background-size":"auto","background-attachment":"scroll","background-type":"","background-media":"","overlay-type":"","overlay-color":"","overlay-opacity":"","overlay-gradient":""}},"ast-content-background-meta":{"desktop":{"background-color":"var(--ast-global-color-5)","background-image":"","background-repeat":"repeat","background-position":"center center","background-size":"auto","background-attachment":"scroll","background-type":"","background-media":"","overlay-type":"","overlay-color":"","overlay-opacity":"","overlay-gradient":""},"tablet":{"background-color":"var(--ast-global-color-5)","background-image":"","background-repeat":"repeat","background-position":"center center","background-size":"auto","background-attachment":"scroll","background-type":"","background-media":"","overlay-type":"","overlay-color":"","overlay-opacity":"","overlay-gradient":""},"mobile":{"background-color":"var(--ast-global-color-5)","background-image":"","background-repeat":"repeat","background-position":"center center","background-size":"auto","background-attachment":"scroll","background-type":"","background-media":"","overlay-type":"","overlay-color":"","overlay-opacity":"","overlay-gradient":""}}},"product_brand":[],"product_cat":[244,317,266],"product_tag":[],"class_list":{"0":"post-21542","1":"product","2":"type-product","3":"status-publish","4":"has-post-thumbnail","6":"product_cat-fiber-patch-cord-es","7":"product_cat-sc-fiber-patch-cord-es","8":"product_cat-st-fiber-patch-cord-es","9":"pa_connector-type-sc-st-es","10":"desktop-align-left","11":"tablet-align-left","12":"mobile-align-left","13":"ast-product-gallery-layout-vertical","14":"ast-product-gallery-with-no-image","15":"ast-product-tabs-layout-vertical","16":"ast-qv-on-image","18":"first","19":"instock","20":"shipping-taxable","21":"product-type-simple"},"_links":{"self":[{"href":"https:\/\/www.bonelinks.com\/es\/wp-json\/wp\/v2\/product\/21542","targetHints":{"allow":["GET"]}}],"collection":[{"href":"https:\/\/www.bonelinks.com\/es\/wp-json\/wp\/v2\/product"}],"about":[{"href":"https:\/\/www.bonelinks.com\/es\/wp-json\/wp\/v2\/types\/product"}],"version-history":[{"count":3,"href":"https:\/\/www.bonelinks.com\/es\/wp-json\/wp\/v2\/product\/21542\/revisions"}],"predecessor-version":[{"id":26622,"href":"https:\/\/www.bonelinks.com\/es\/wp-json\/wp\/v2\/product\/21542\/revisions\/26622"}],"wp:featuredmedia":[{"embeddable":true,"href":"https:\/\/www.bonelinks.com\/es\/wp-json\/wp\/v2\/media\/16518"}],"wp:attachment":[{"href":"https:\/\/www.bonelinks.com\/es\/wp-json\/wp\/v2\/media?parent=21542"}],"wp:term":[{"taxonomy":"product_brand","embeddable":true,"href":"https:\/\/www.bonelinks.com\/es\/wp-json\/wp\/v2\/product_brand?post=21542"},{"taxonomy":"product_cat","embeddable":true,"href":"https:\/\/www.bonelinks.com\/es\/wp-json\/wp\/v2\/product_cat?post=21542"},{"taxonomy":"product_tag","embeddable":true,"href":"https:\/\/www.bonelinks.com\/es\/wp-json\/wp\/v2\/product_tag?post=21542"}],"curies":[{"name":"wp","href":"https:\/\/api.w.org\/{rel}","templated":true}]}}