{"id":21526,"date":"2023-01-08T02:09:35","date_gmt":"2023-01-08T10:09:35","guid":{"rendered":"https:\/\/www.bonelinks.com\/product\/om3-8-cores-mpo-to-lc-fiber-patch-cords\/"},"modified":"2024-02-20T01:20:44","modified_gmt":"2024-02-20T09:20:44","slug":"om3-8-cores-mpo-to-lc-fiber-patch-cords","status":"publish","type":"product","link":"https:\/\/www.bonelinks.com\/es\/product\/om3-8-cores-mpo-to-lc-fiber-patch-cords\/","title":{"rendered":"Latiguillos de fibra OM3 de 8 n\u00facleos MPO a LC"},"content":{"rendered":"<p>El cable de conexi\u00f3n MPO a LC es un cable de comunicaci\u00f3n pasiva esencial que se utiliza para conectar m\u00f3dulos QSFP o SFP en salas de centros de datos. Consta de un conector MPO, un minicable de fibra \u00f3ptica multin\u00facleo de 3,0 mmOD, un manguito de derivaci\u00f3n y un conector LC. Durante el proceso de producci\u00f3n, se cortan distintos n\u00facleos de cable de fibra \u00f3ptica en funci\u00f3n del n\u00famero de puertos y la longitud necesarios. A continuaci\u00f3n, se pelan las capas de recubrimiento y revestimiento y se extrae una cierta longitud de n\u00facleos de fibra que se insertan en el conector MPO montado, que se cura, se conecta a tierra y se somete a una prueba de luz para completar la instalaci\u00f3n del extremo del conector MPO. En el otro extremo del cable, tambi\u00e9n se extrae cierta longitud de n\u00facleo de fibra y se enchufa en el manguito de derivaci\u00f3n. El mismo di\u00e1metro exterior del manguito del cable y el hilo de aramida se introducen en la rama y se fijan para formar una capa protectora de la fibra desnuda. Los conectores LC est\u00e1n preterminados y se fabrica el puente de cable de derivaci\u00f3n completo. Tras el montaje y la producci\u00f3n, la cara final del conector se prueba para garantizar que est\u00e1 limpia y que todos los canales pueden transmitir se\u00f1ales a trav\u00e9s de la luz con el valor de atenuaci\u00f3n requerido. En la bolsa de cada cable de conexi\u00f3n se adjunta un informe de pruebas completo que demuestra la garant\u00eda de calidad de Bonelinks para cada cable de conexi\u00f3n.<\/p>\n<p><strong>Caracter\u00edsticas<\/strong><\/p>\n<ul>\n<li>Transferencia de datos de alta velocidad: Los latiguillos de fibra OM3 MPO a LC admiten tasas de transferencia de datos de alta velocidad de hasta 40 Gbps, lo que los hace ideales para aplicaciones que requieren un gran ancho de banda y una transmisi\u00f3n de datos fiable.<\/li>\n<li>Baja p\u00e9rdida de inserci\u00f3n: Estos cables tienen una p\u00e9rdida de inserci\u00f3n m\u00e1xima de 0,35 dB, lo que garantiza una transmisi\u00f3n eficaz de la se\u00f1al y reduce el riesgo de degradaci\u00f3n de la se\u00f1al o p\u00e9rdida de datos.<\/li>\n<li>Alineaci\u00f3n de precisi\u00f3n: Los conectores de estos cables est\u00e1n dise\u00f1ados con alineaci\u00f3n de precisi\u00f3n, lo que garantiza un contacto preciso entre n\u00facleos de fibra que minimiza la p\u00e9rdida de se\u00f1al y maximiza el rendimiento de la red.<\/li>\n<li>Durabilidad: Los latiguillos de fibra OM3 MPO a LC est\u00e1n fabricados con materiales de alta calidad resistentes al desgaste, por lo que son aptos para un uso frecuente y el estr\u00e9s f\u00edsico.<\/li>\n<li>F\u00e1cil instalaci\u00f3n: Estos cables son f\u00e1ciles de instalar y mantener, gracias a su dise\u00f1o plug-and-play y a sus conectores estandarizados.<\/li>\n<\/ul>\n<p><strong>Aplicaci\u00f3n<\/strong><\/p>\n<ul>\n<li>Redes de centros de datos: Los latiguillos de fibra OM3 MPO a LC se utilizan habitualmente en aplicaciones de redes de centros de datos, donde el gran ancho de banda y la fiabilidad son esenciales para manejar grandes cantidades de datos.<\/li>\n<li>Inform\u00e1tica de alta velocidad: Estos cables tambi\u00e9n son muy adecuados para aplicaciones inform\u00e1ticas de alta velocidad, como la supercomputaci\u00f3n y la computaci\u00f3n en nube, donde las velocidades de transferencia de datos son fundamentales para el rendimiento.<\/li>\n<li>Telecomunicaciones: Los latiguillos de fibra OM3 MPO a LC se utilizan ampliamente en las redes de telecomunicaciones para garantizar una transmisi\u00f3n de datos fiable y eficiente a largas distancias.<\/li>\n<li>Computaci\u00f3n en nube: Estos cables son esenciales para la transferencia de datos a alta velocidad en entornos de computaci\u00f3n en nube, donde es necesario transmitir grandes cantidades de datos de forma r\u00e1pida y eficiente.<\/li>\n<\/ul>\n<h2 style=\"text-align: left; font-size: 18px;\"><strong>\u00bfBusca m\u00e1s opciones de cables MTP\/MPO?<\/strong><\/h2>\n<p>\u00bfQuiere m\u00e1s opciones de cables MTP\/MPO? Explore nuestra selecci\u00f3n de <span style=\"color: #0054a6;\"><strong><a style=\"color: #0054a6;\" href=\"https:\/\/www.bonelinks.com\/es\/8-fiber-mpo-cable\/\" target=\"_blank\" rel=\"noopener\">Cables MTP\/MPO de 8 fibras <\/a><\/strong><\/span>y <a title=\"Cables multiconector MPO\/MTP a LC\" href=\"https:\/\/www.bonelinks.com\/es\/mpo-breakout-cable\/\" target=\"_blank\" rel=\"noopener\"><strong><span style=\"color: #0054a6;\">Cables de conexi\u00f3n MPO\/MTP a LC<\/span><\/strong> <\/a>para una conexi\u00f3n en red perfecta.<\/p>\n<p>\u00bfBusca cables de conexi\u00f3n MPO personalizados y fabricados a medida? Explore nuestra secci\u00f3n dedicada a<a href=\"https:\/\/www.bonelinks.com\/es\/custom-fiber-optic-cables\/\" target=\"_blank\" rel=\"noopener\"><span style=\"color: #0054a6;\"><strong> Cables de fibra personalizados <\/strong><\/span><\/a>para soluciones de conectividad a medida.<\/p>\n<ul>\n<li>Venta al por menor o al por mayor: \u00a1nosotros le cubrimos!<\/li>\n<li>\u00bfNo sabe qu\u00e9 comprar? Ofrecemos orientaci\u00f3n experta.<\/li>\n<li>MOQ peque\u00f1o: No necesita comprar m\u00e1s de lo que desea.<\/li>\n<li>Precios competitivos: Obtenga siempre un gran valor.<\/li>\n<li>Entrega puntual: Su rapidez, nuestra prioridad.<\/li>\n<li>Centrados en el cliente: Adaptamos nuestros servicios a sus necesidades.<\/li>\n<\/ul>\n<p><strong>Con\u00e9ctese con nosotros<\/strong><br \/>\nSi tiene problemas para encontrar el <span style=\"color: #0054a6;\"><strong><a style=\"color: #0054a6;\" href=\"https:\/\/www.bonelinks.com\/es\/fiber-optic-patch-cord-supplier\/\" target=\"_blank\" rel=\"noopener\">cable de fibra <\/a><\/strong><\/span>para sus necesidades, o si necesita el asesoramiento de un experto, con un solo clic podr\u00e1<a href=\"https:\/\/www.bonelinks.com\/es\/contact-us\/\" target=\"_blank\" rel=\"noopener\"><strong><span style=\"color: #0054a6;\"> chatear con nosotros <\/span><\/strong><\/a>en segundos. Su satisfacci\u00f3n es nuestra prioridad. Estamos dispuestos a ayudarle en todo. <strong>No se preocupe, no es necesario pensar demasiado. Estamos aqu\u00ed, listos para ayudarle.<\/strong><\/p>\n","protected":false},"excerpt":{"rendered":"<p>Los latiguillos de fibra OM3 MPO a LC son cables de fibra \u00f3ptica de alta calidad dise\u00f1ados para proporcionar una transmisi\u00f3n de datos fiable y de alta velocidad en distancias cortas y medias. Estos cables est\u00e1n fabricados con materiales de alta calidad y t\u00e9cnicas de fabricaci\u00f3n avanzadas para garantizar un rendimiento y una durabilidad \u00f3ptimos.<\/p>\n<p>El conector MPO incluye varias fibras en una \u00fanica interfaz compacta, mientras que el conector LC es un conector de formato peque\u00f1o que suele utilizarse en aplicaciones de red de alta densidad. Estos latiguillos est\u00e1n dise\u00f1ados para conectar interfaces MPO y LC, por lo que son ideales para su uso en centros de datos, redes de telecomunicaciones y otras aplicaciones de redes de alta velocidad.<\/p>\n<p>La designaci\u00f3n OM3 indica que estos latiguillos est\u00e1n optimizados para su uso con redes Ethernet de 10 Gigabits y admiten velocidades de transmisi\u00f3n de datos de hasta 10 Gbps en distancias de hasta 300 metros. Tambi\u00e9n son retrocompatibles con redes Ethernet de 1 Gigabit, lo que las convierte en una soluci\u00f3n vers\u00e1til y fiable para una amplia gama de aplicaciones de red.<\/p>\n<p>Si busca latiguillos de fibra \u00f3ptica de alta calidad, fiables y de alto rendimiento para su red, los latiguillos de fibra OM3 MPO a LC son una excelente elecci\u00f3n. Est\u00e1n dise\u00f1ados y fabricados para satisfacer las necesidades de las redes modernas de alta velocidad y ofrecen una soluci\u00f3n fiable y autorizada para sus necesidades de red.<\/p>\n","protected":false},"featured_media":16598,"template":"","meta":{"site-sidebar-layout":"default","site-content-layout":"default","ast-site-content-layout":"default","site-content-style":"default","site-sidebar-style":"default","ast-global-header-display":"","ast-banner-title-visibility":"","ast-main-header-display":"","ast-hfb-above-header-display":"","ast-hfb-below-header-display":"","ast-hfb-mobile-header-display":"","site-post-title":"","ast-breadcrumbs-content":"","ast-featured-img":"","footer-sml-layout":"","ast-disable-related-posts":"","theme-transparent-header-meta":"default","adv-header-id-meta":"","stick-header-meta":"default","header-above-stick-meta":"","header-main-stick-meta":"","header-below-stick-meta":"","astra-migrate-meta-layouts":"set","ast-page-background-enabled":"default","ast-page-background-meta":{"desktop":{"background-color":"","background-image":"","background-repeat":"repeat","background-position":"center center","background-size":"auto","background-attachment":"scroll","background-type":"","background-media":"","overlay-type":"","overlay-color":"","overlay-opacity":"","overlay-gradient":""},"tablet":{"background-color":"","background-image":"","background-repeat":"repeat","background-position":"center center","background-size":"auto","background-attachment":"scroll","background-type":"","background-media":"","overlay-type":"","overlay-color":"","overlay-opacity":"","overlay-gradient":""},"mobile":{"background-color":"","background-image":"","background-repeat":"repeat","background-position":"center center","background-size":"auto","background-attachment":"scroll","background-type":"","background-media":"","overlay-type":"","overlay-color":"","overlay-opacity":"","overlay-gradient":""}},"ast-content-background-meta":{"desktop":{"background-color":"var(--ast-global-color-5)","background-image":"","background-repeat":"repeat","background-position":"center center","background-size":"auto","background-attachment":"scroll","background-type":"","background-media":"","overlay-type":"","overlay-color":"","overlay-opacity":"","overlay-gradient":""},"tablet":{"background-color":"var(--ast-global-color-5)","background-image":"","background-repeat":"repeat","background-position":"center center","background-size":"auto","background-attachment":"scroll","background-type":"","background-media":"","overlay-type":"","overlay-color":"","overlay-opacity":"","overlay-gradient":""},"mobile":{"background-color":"var(--ast-global-color-5)","background-image":"","background-repeat":"repeat","background-position":"center center","background-size":"auto","background-attachment":"scroll","background-type":"","background-media":"","overlay-type":"","overlay-color":"","overlay-opacity":"","overlay-gradient":""}}},"product_brand":[],"product_cat":[245,244,255,251],"product_tag":[],"class_list":{"0":"post-21526","1":"product","2":"type-product","3":"status-publish","4":"has-post-thumbnail","6":"product_cat-multimode-fiber-patch-cord-es","7":"product_cat-fiber-patch-cord-es","8":"product_cat-mpo-patch-cord-es","9":"product_cat-lc-fiber-patch-cord-es","10":"pa_connector-type-mpo-lc-es","11":"pa_fiber-type-50-125-om3-es","12":"desktop-align-left","13":"tablet-align-left","14":"mobile-align-left","15":"ast-product-gallery-layout-vertical","16":"ast-product-gallery-with-no-image","17":"ast-product-tabs-layout-vertical","18":"ast-qv-on-image","20":"first","21":"instock","22":"shipping-taxable","23":"product-type-simple"},"_links":{"self":[{"href":"https:\/\/www.bonelinks.com\/es\/wp-json\/wp\/v2\/product\/21526","targetHints":{"allow":["GET"]}}],"collection":[{"href":"https:\/\/www.bonelinks.com\/es\/wp-json\/wp\/v2\/product"}],"about":[{"href":"https:\/\/www.bonelinks.com\/es\/wp-json\/wp\/v2\/types\/product"}],"version-history":[{"count":3,"href":"https:\/\/www.bonelinks.com\/es\/wp-json\/wp\/v2\/product\/21526\/revisions"}],"predecessor-version":[{"id":26616,"href":"https:\/\/www.bonelinks.com\/es\/wp-json\/wp\/v2\/product\/21526\/revisions\/26616"}],"wp:featuredmedia":[{"embeddable":true,"href":"https:\/\/www.bonelinks.com\/es\/wp-json\/wp\/v2\/media\/16598"}],"wp:attachment":[{"href":"https:\/\/www.bonelinks.com\/es\/wp-json\/wp\/v2\/media?parent=21526"}],"wp:term":[{"taxonomy":"product_brand","embeddable":true,"href":"https:\/\/www.bonelinks.com\/es\/wp-json\/wp\/v2\/product_brand?post=21526"},{"taxonomy":"product_cat","embeddable":true,"href":"https:\/\/www.bonelinks.com\/es\/wp-json\/wp\/v2\/product_cat?post=21526"},{"taxonomy":"product_tag","embeddable":true,"href":"https:\/\/www.bonelinks.com\/es\/wp-json\/wp\/v2\/product_tag?post=21526"}],"curies":[{"name":"wp","href":"https:\/\/api.w.org\/{rel}","templated":true}]}}