{"id":21524,"date":"2023-01-08T17:55:29","date_gmt":"2023-01-09T01:55:29","guid":{"rendered":"https:\/\/www.bonelinks.com\/product\/om4-24-cores-mpo-to-lc-fiber-patch-cords\/"},"modified":"2024-02-20T01:17:09","modified_gmt":"2024-02-20T09:17:09","slug":"om4-24-cores-mpo-to-lc-fiber-patch-cords","status":"publish","type":"product","link":"https:\/\/www.bonelinks.com\/es\/product\/om4-24-cores-mpo-to-lc-fiber-patch-cords\/","title":{"rendered":"Latiguillos de fibra OM4 de 24 n\u00facleos MPO a LC"},"content":{"rendered":"<h1 style=\"text-align: left; font-size: 18px;\"><strong>OM4 24 Cores MPO to LC Breakout Fiber Patch Cords<\/strong><\/h1>\n<p>El cable de conexi\u00f3n de fibra OM4 MPO a LC es una soluci\u00f3n de cable de primera calidad dise\u00f1ada para la conectividad \u00f3ptica de alta velocidad en centros de datos. Fabricado con fibra multimodo OM4 de la m\u00e1xima calidad, este cable de conexi\u00f3n est\u00e1 dise\u00f1ado para ofrecer un rendimiento fiable y eficiente en aplicaciones de transmisi\u00f3n de alta frecuencia.<\/p>\n<p>El cable de conexi\u00f3n est\u00e1 compuesto por un cable \u00f3ptico OM4 mini multimodo de 24 n\u00facleos, un conector MPO, un manguito de derivaci\u00f3n y un conector LC. El cable de fibra \u00f3ptica se corta a la longitud y el n\u00famero de puertos deseados y, a continuaci\u00f3n, se pelan los n\u00facleos de fibra, se insertan en el conector MPO y se someten a un exhaustivo proceso de fabricaci\u00f3n que incluye curado, esmerilado y pruebas. En el extremo LC, el conector est\u00e1 preterminado con una capa protectora de hilo de aramida y emparejado con un clip de doble n\u00facleo, despu\u00e9s se cura, se conecta a tierra y se prueba.<\/p>\n<p>El cable de conexi\u00f3n de fibra OM4 MPO a LC de Bonelinks est\u00e1 fabricado para cumplir las normas del sector y se somete a rigurosas pruebas para garantizar su calidad, fiabilidad y rendimiento. El cable de conexi\u00f3n es f\u00e1cil de instalar, lo que lo convierte en una opci\u00f3n c\u00f3moda para administradores y t\u00e9cnicos de redes.<\/p>\n<p>Antes de su uso, el cable de conexi\u00f3n debe someterse a pruebas funcionales para garantizar que su cara final est\u00e1 limpia, que todos los canales pueden transmitir se\u00f1ales y que el valor de atenuaci\u00f3n cumple las normas exigidas. Si los resultados de las pruebas son anormales, es posible que haya que rehacer o reproducir el cable de conexi\u00f3n. Una vez finalizadas las pruebas funcionales, Bonelinks asigna un informe de prueba a cada cable de conexi\u00f3n, lo que proporciona una garant\u00eda de calidad a los usuarios.<\/p>\n<p><strong>Caracter\u00edsticas<\/strong><\/p>\n<ul>\n<li>Gran ancho de banda: la fibra OM4 proporciona un ancho de banda de hasta 4700 MHz-km, ideal para aplicaciones de transmisi\u00f3n de datos a alta velocidad.<\/li>\n<li>Alta velocidad de transferencia de datos: Con una velocidad de transferencia de datos de hasta 40 Gbps, los cables de conexi\u00f3n de fibra OM4 MPO a LC son adecuados para su uso en aplicaciones de centros de datos de alta velocidad y computaci\u00f3n en la nube.<\/li>\n<li>Durabilidad: Los conectores MPO y LC est\u00e1n fabricados con materiales de alta calidad, lo que garantiza su durabilidad y longevidad.<\/li>\n<li>F\u00e1cil instalaci\u00f3n: Los cables de conexi\u00f3n de fibra OM4 MPO a LC son f\u00e1ciles de instalar y se pueden conectar y desconectar r\u00e1pidamente, por lo que son ideales para su uso en aplicaciones de centros de datos y computaci\u00f3n en la nube.<\/li>\n<\/ul>\n<p><strong>Aplicaci\u00f3n<\/strong><\/p>\n<ul>\n<li>Centros de datos: Los latiguillos de fibra OM4 MPO a LC se utilizan habitualmente en centros de datos para la transmisi\u00f3n de datos a alta velocidad entre servidores y sistemas de almacenamiento.<\/li>\n<li>Computaci\u00f3n en la nube: Los latiguillos de fibra OM4 MPO a LC tambi\u00e9n se utilizan en aplicaciones de computaci\u00f3n en la nube para conectar servidores, sistemas de almacenamiento y otros dispositivos inform\u00e1ticos.<\/li>\n<li>Inform\u00e1tica de alto rendimiento: Estos cables de interconexi\u00f3n son ideales para su uso en aplicaciones inform\u00e1ticas de alto rendimiento, donde la transferencia de datos de alta velocidad y baja latencia son fundamentales.<\/li>\n<li>Telecomunicaciones: Los cables de conexi\u00f3n de fibra OM4 MPO a LC se utilizan en aplicaciones de telecomunicaciones para conectar dispositivos de red, como conmutadores y enrutadores.<\/li>\n<\/ul>\n<h2 style=\"text-align: left; font-size: 18px;\"><strong>\u00bfBusca m\u00e1s opciones de cables MTP\/MPO?<\/strong><\/h2>\n<p>\u00bfQuiere m\u00e1s opciones de cables MTP\/MPO? Explore nuestra selecci\u00f3n de <span style=\"color: #0054a6;\"><strong><a style=\"color: #0054a6;\" href=\"https:\/\/www.bonelinks.com\/es\/mpo-24-fiber-cable\/\" target=\"_blank\" rel=\"noopener\">Cables MTP\/MPO de 24 fibras <\/a><\/strong><\/span>y <a title=\"Cables multiconector MPO\/MTP a LC\" href=\"https:\/\/www.bonelinks.com\/es\/mpo-breakout-cable\/\" target=\"_blank\" rel=\"noopener\"><strong><span style=\"color: #0054a6;\">Cables de conexi\u00f3n MPO\/MTP a LC<\/span><\/strong> <\/a>para una conexi\u00f3n en red perfecta.<\/p>\n<p>\u00bfBusca cables de conexi\u00f3n MPO personalizados y fabricados a medida? Explore nuestra secci\u00f3n dedicada a<a href=\"https:\/\/www.bonelinks.com\/es\/custom-fiber-optic-cables\/\" target=\"_blank\" rel=\"noopener\"><span style=\"color: #0054a6;\"><strong> Cables de fibra personalizados <\/strong><\/span><\/a>para soluciones de conectividad a medida.<\/p>\n<ul>\n<li>Venta al por menor o al por mayor: \u00a1nosotros le cubrimos!<\/li>\n<li>\u00bfNo sabe qu\u00e9 comprar? Ofrecemos orientaci\u00f3n experta.<\/li>\n<li>MOQ peque\u00f1o: No necesita comprar m\u00e1s de lo que desea.<\/li>\n<li>Precios competitivos: Obtenga siempre un gran valor.<\/li>\n<li>Entrega puntual: Su rapidez, nuestra prioridad.<\/li>\n<li>Centrados en el cliente: Adaptamos nuestros servicios a sus necesidades.<\/li>\n<\/ul>\n<p><strong>Con\u00e9ctese con nosotros<\/strong><br \/>\nSi tiene problemas para encontrar el <span style=\"color: #0054a6;\"><strong><a style=\"color: #0054a6;\" href=\"https:\/\/www.bonelinks.com\/es\/fiber-optic-patch-cord-supplier\/\" target=\"_blank\" rel=\"noopener\">cable de fibra <\/a><\/strong><\/span>para sus necesidades, o si necesita el asesoramiento de un experto, con un solo clic podr\u00e1<a href=\"https:\/\/www.bonelinks.com\/es\/contact-us\/\" target=\"_blank\" rel=\"noopener\"><strong><span style=\"color: #0054a6;\"> chatear con nosotros <\/span><\/strong><\/a>en segundos. Su satisfacci\u00f3n es nuestra prioridad. Estamos dispuestos a ayudarle en todo. <strong>No se preocupe, no es necesario pensar demasiado. Estamos aqu\u00ed, listos para ayudarle.<\/strong><\/p>\n","protected":false},"excerpt":{"rendered":"<p>OM4 24 Cores MPO to LC Fiber Patch Cords son conjuntos de cables de fibra \u00f3ptica de alto rendimiento dise\u00f1ados espec\u00edficamente para proporcionar el mayor ancho de banda y las velocidades de transmisi\u00f3n de datos m\u00e1s r\u00e1pidas para los modernos centros de datos, redes empresariales y otras aplicaciones de redes \u00f3pticas de alta velocidad. Estos latiguillos incorporan un conector multifibra de tipo \u00abpush-on\u00bb (MPO) en un extremo y un conector LC de formato reducido en el otro, lo que permite una conexi\u00f3n compacta y de alta densidad entre dispositivos de red.<\/p>\n<p>Los cables de conexi\u00f3n de fibra OM4 de 24 n\u00facleos MPO a LC est\u00e1n fabricados con la \u00faltima fibra \u00f3ptica multimodo OM4, que proporciona un aumento del 50% en el ancho de banda con respecto a la fibra multimodo OM3 de la generaci\u00f3n anterior. Este mayor ancho de banda permite mayores velocidades de transferencia de datos y responde a la creciente demanda de redes \u00f3pticas de alta velocidad. Adem\u00e1s, el uso de fibra OM4 aumenta la integridad de la se\u00f1al y mejora las distancias de transmisi\u00f3n en comparaci\u00f3n con la fibra OM3.<\/p>\n<p>En conclusi\u00f3n, OM4 24 Cores MPO to LC Fiber Patch Cords son la soluci\u00f3n ideal para aplicaciones de redes \u00f3pticas de alta velocidad que requieren un gran ancho de banda, r\u00e1pidas tasas de transferencia de datos y un rendimiento fiable. Est\u00e1n respaldados por una reputaci\u00f3n de confianza en cuanto a calidad, fiabilidad y rendimiento, lo que los convierte en una opci\u00f3n fiable para cualquier administrador o t\u00e9cnico de redes.<\/p>\n","protected":false},"featured_media":16623,"template":"","meta":{"site-sidebar-layout":"default","site-content-layout":"default","ast-site-content-layout":"default","site-content-style":"default","site-sidebar-style":"default","ast-global-header-display":"","ast-banner-title-visibility":"","ast-main-header-display":"","ast-hfb-above-header-display":"","ast-hfb-below-header-display":"","ast-hfb-mobile-header-display":"","site-post-title":"","ast-breadcrumbs-content":"","ast-featured-img":"","footer-sml-layout":"","ast-disable-related-posts":"","theme-transparent-header-meta":"default","adv-header-id-meta":"","stick-header-meta":"default","header-above-stick-meta":"","header-main-stick-meta":"","header-below-stick-meta":"","astra-migrate-meta-layouts":"set","ast-page-background-enabled":"default","ast-page-background-meta":{"desktop":{"background-color":"","background-image":"","background-repeat":"repeat","background-position":"center center","background-size":"auto","background-attachment":"scroll","background-type":"","background-media":"","overlay-type":"","overlay-color":"","overlay-opacity":"","overlay-gradient":""},"tablet":{"background-color":"","background-image":"","background-repeat":"repeat","background-position":"center center","background-size":"auto","background-attachment":"scroll","background-type":"","background-media":"","overlay-type":"","overlay-color":"","overlay-opacity":"","overlay-gradient":""},"mobile":{"background-color":"","background-image":"","background-repeat":"repeat","background-position":"center center","background-size":"auto","background-attachment":"scroll","background-type":"","background-media":"","overlay-type":"","overlay-color":"","overlay-opacity":"","overlay-gradient":""}},"ast-content-background-meta":{"desktop":{"background-color":"var(--ast-global-color-5)","background-image":"","background-repeat":"repeat","background-position":"center center","background-size":"auto","background-attachment":"scroll","background-type":"","background-media":"","overlay-type":"","overlay-color":"","overlay-opacity":"","overlay-gradient":""},"tablet":{"background-color":"var(--ast-global-color-5)","background-image":"","background-repeat":"repeat","background-position":"center center","background-size":"auto","background-attachment":"scroll","background-type":"","background-media":"","overlay-type":"","overlay-color":"","overlay-opacity":"","overlay-gradient":""},"mobile":{"background-color":"var(--ast-global-color-5)","background-image":"","background-repeat":"repeat","background-position":"center center","background-size":"auto","background-attachment":"scroll","background-type":"","background-media":"","overlay-type":"","overlay-color":"","overlay-opacity":"","overlay-gradient":""}}},"product_brand":[],"product_cat":[245,244,255,251],"product_tag":[],"class_list":{"0":"post-21524","1":"product","2":"type-product","3":"status-publish","4":"has-post-thumbnail","6":"product_cat-multimode-fiber-patch-cord-es","7":"product_cat-fiber-patch-cord-es","8":"product_cat-mpo-patch-cord-es","9":"product_cat-lc-fiber-patch-cord-es","10":"pa_connector-type-mpo-lc-es","11":"pa_fiber-type-50-125-om4-es","12":"desktop-align-left","13":"tablet-align-left","14":"mobile-align-left","15":"ast-product-gallery-layout-vertical","16":"ast-product-gallery-with-no-image","17":"ast-product-tabs-layout-vertical","18":"ast-qv-on-image","20":"first","21":"instock","22":"shipping-taxable","23":"product-type-simple"},"_links":{"self":[{"href":"https:\/\/www.bonelinks.com\/es\/wp-json\/wp\/v2\/product\/21524","targetHints":{"allow":["GET"]}}],"collection":[{"href":"https:\/\/www.bonelinks.com\/es\/wp-json\/wp\/v2\/product"}],"about":[{"href":"https:\/\/www.bonelinks.com\/es\/wp-json\/wp\/v2\/types\/product"}],"version-history":[{"count":4,"href":"https:\/\/www.bonelinks.com\/es\/wp-json\/wp\/v2\/product\/21524\/revisions"}],"predecessor-version":[{"id":26613,"href":"https:\/\/www.bonelinks.com\/es\/wp-json\/wp\/v2\/product\/21524\/revisions\/26613"}],"wp:featuredmedia":[{"embeddable":true,"href":"https:\/\/www.bonelinks.com\/es\/wp-json\/wp\/v2\/media\/16623"}],"wp:attachment":[{"href":"https:\/\/www.bonelinks.com\/es\/wp-json\/wp\/v2\/media?parent=21524"}],"wp:term":[{"taxonomy":"product_brand","embeddable":true,"href":"https:\/\/www.bonelinks.com\/es\/wp-json\/wp\/v2\/product_brand?post=21524"},{"taxonomy":"product_cat","embeddable":true,"href":"https:\/\/www.bonelinks.com\/es\/wp-json\/wp\/v2\/product_cat?post=21524"},{"taxonomy":"product_tag","embeddable":true,"href":"https:\/\/www.bonelinks.com\/es\/wp-json\/wp\/v2\/product_tag?post=21524"}],"curies":[{"name":"wp","href":"https:\/\/api.w.org\/{rel}","templated":true}]}}