{"id":21496,"date":"2023-01-08T18:56:56","date_gmt":"2023-01-09T02:56:56","guid":{"rendered":"https:\/\/www.bonelinks.com\/product\/pigtail-de-12-colores\/"},"modified":"2024-02-20T01:07:15","modified_gmt":"2024-02-20T09:07:15","slug":"12-color-pigtail","status":"publish","type":"product","link":"https:\/\/www.bonelinks.com\/es\/product\/12-color-pigtail\/","title":{"rendered":"Pigtail de 12 colores"},"content":{"rendered":"","protected":false},"excerpt":{"rendered":"<p>Cuando la secci\u00f3n de acceso exterior de la red se conecta al cable de fibra \u00f3ptica interior para que coincida con la conexi\u00f3n de equipos de pasarela con varios puertos de conectores de fibra \u00f3ptica, debido a los altos requisitos ambientales para la instalaci\u00f3n de conectores de fibra \u00f3ptica en la secci\u00f3n de acceso interior, el proceso es m\u00e1s complejo y requiere m\u00e1s tiempo y mano de obra. Por esta raz\u00f3n, un extremo es pre-terminados conectores de fibra \u00f3ptica, el otro extremo dej\u00f3 libre cable de fibra \u00f3ptica est\u00e1 dise\u00f1ado y fabricado para la secci\u00f3n de acceso del cable de fibra \u00f3ptica de fusi\u00f3n de acoplamiento, a fin de lograr la transmisi\u00f3n de datos de red de se\u00f1al \u00f3ptica.<\/p>\n<p>El pigtail de 12 colores generalmente se refiere a una cierta longitud de cable de fibra \u00f3ptica de 12 n\u00facleos cortados de acuerdo con el uso de la demanda, y luego los 12 n\u00facleos de revestimiento de diferentes colores en un extremo del cable para extraer ST pre-terminado, LC, SC, FC y otros conectores de fibra \u00f3ptica, dejando el otro extremo vac\u00edo para el acoplamiento de fusi\u00f3n del arn\u00e9s de fibra \u00f3ptica. El pigtail de 12 colores se utiliza a menudo en paneles de conexi\u00f3n de fibra \u00f3ptica, cajas de distribuci\u00f3n y bandejas de fusi\u00f3n de concentradores de distribuci\u00f3n exterior con puertos de fibra de 12\/24. Cuando el conector pigtail se instala en el equipo de comunicaci\u00f3n, el otro extremo del cable se empalma con el cable de acceso y, a continuaci\u00f3n, se suele fusionar un tubo termorretr\u00e1ctil de PE negro a la uni\u00f3n de fusi\u00f3n para proteger la fr\u00e1gil fusi\u00f3n de una flexi\u00f3n excesiva de la fibra interna. P\u00f3ngase en contacto con Bonelinks para obtener m\u00e1s informaci\u00f3n sobre el empalme por fusi\u00f3n de pigtails de fibra \u00f3ptica.<\/p>\n","protected":false},"featured_media":16638,"template":"","meta":{"site-sidebar-layout":"default","site-content-layout":"default","ast-site-content-layout":"default","site-content-style":"default","site-sidebar-style":"default","ast-global-header-display":"","ast-banner-title-visibility":"","ast-main-header-display":"","ast-hfb-above-header-display":"","ast-hfb-below-header-display":"","ast-hfb-mobile-header-display":"","site-post-title":"","ast-breadcrumbs-content":"","ast-featured-img":"","footer-sml-layout":"","ast-disable-related-posts":"","theme-transparent-header-meta":"default","adv-header-id-meta":"","stick-header-meta":"default","header-above-stick-meta":"","header-main-stick-meta":"","header-below-stick-meta":"","astra-migrate-meta-layouts":"set","ast-page-background-enabled":"default","ast-page-background-meta":{"desktop":{"background-color":"","background-image":"","background-repeat":"repeat","background-position":"center center","background-size":"auto","background-attachment":"scroll","background-type":"","background-media":"","overlay-type":"","overlay-color":"","overlay-opacity":"","overlay-gradient":""},"tablet":{"background-color":"","background-image":"","background-repeat":"repeat","background-position":"center center","background-size":"auto","background-attachment":"scroll","background-type":"","background-media":"","overlay-type":"","overlay-color":"","overlay-opacity":"","overlay-gradient":""},"mobile":{"background-color":"","background-image":"","background-repeat":"repeat","background-position":"center center","background-size":"auto","background-attachment":"scroll","background-type":"","background-media":"","overlay-type":"","overlay-color":"","overlay-opacity":"","overlay-gradient":""}},"ast-content-background-meta":{"desktop":{"background-color":"var(--ast-global-color-5)","background-image":"","background-repeat":"repeat","background-position":"center center","background-size":"auto","background-attachment":"scroll","background-type":"","background-media":"","overlay-type":"","overlay-color":"","overlay-opacity":"","overlay-gradient":""},"tablet":{"background-color":"var(--ast-global-color-5)","background-image":"","background-repeat":"repeat","background-position":"center center","background-size":"auto","background-attachment":"scroll","background-type":"","background-media":"","overlay-type":"","overlay-color":"","overlay-opacity":"","overlay-gradient":""},"mobile":{"background-color":"var(--ast-global-color-5)","background-image":"","background-repeat":"repeat","background-position":"center center","background-size":"auto","background-attachment":"scroll","background-type":"","background-media":"","overlay-type":"","overlay-color":"","overlay-opacity":"","overlay-gradient":""}}},"product_brand":[],"product_cat":[244,486],"product_tag":[],"class_list":{"0":"post-21496","1":"product","2":"type-product","3":"status-publish","4":"has-post-thumbnail","6":"product_cat-fiber-patch-cord-es","7":"product_cat-fiber-optic-pigtails-es","8":"desktop-align-left","9":"tablet-align-left","10":"mobile-align-left","11":"ast-product-gallery-layout-vertical","12":"ast-product-gallery-with-no-image","13":"ast-product-tabs-layout-vertical","14":"ast-qv-on-image","16":"first","17":"instock","18":"shipping-taxable","19":"product-type-simple"},"_links":{"self":[{"href":"https:\/\/www.bonelinks.com\/es\/wp-json\/wp\/v2\/product\/21496","targetHints":{"allow":["GET"]}}],"collection":[{"href":"https:\/\/www.bonelinks.com\/es\/wp-json\/wp\/v2\/product"}],"about":[{"href":"https:\/\/www.bonelinks.com\/es\/wp-json\/wp\/v2\/types\/product"}],"version-history":[{"count":1,"href":"https:\/\/www.bonelinks.com\/es\/wp-json\/wp\/v2\/product\/21496\/revisions"}],"predecessor-version":[{"id":26132,"href":"https:\/\/www.bonelinks.com\/es\/wp-json\/wp\/v2\/product\/21496\/revisions\/26132"}],"wp:featuredmedia":[{"embeddable":true,"href":"https:\/\/www.bonelinks.com\/es\/wp-json\/wp\/v2\/media\/16638"}],"wp:attachment":[{"href":"https:\/\/www.bonelinks.com\/es\/wp-json\/wp\/v2\/media?parent=21496"}],"wp:term":[{"taxonomy":"product_brand","embeddable":true,"href":"https:\/\/www.bonelinks.com\/es\/wp-json\/wp\/v2\/product_brand?post=21496"},{"taxonomy":"product_cat","embeddable":true,"href":"https:\/\/www.bonelinks.com\/es\/wp-json\/wp\/v2\/product_cat?post=21496"},{"taxonomy":"product_tag","embeddable":true,"href":"https:\/\/www.bonelinks.com\/es\/wp-json\/wp\/v2\/product_tag?post=21496"}],"curies":[{"name":"wp","href":"https:\/\/api.w.org\/{rel}","templated":true}]}}