{"id":21495,"date":"2023-01-08T19:33:41","date_gmt":"2023-01-09T03:33:41","guid":{"rendered":"https:\/\/www.bonelinks.com\/product\/latiguillo-de-fibra-optica-st\/"},"modified":"2024-02-20T01:02:37","modified_gmt":"2024-02-20T09:02:37","slug":"st-pigtail","status":"publish","type":"product","link":"https:\/\/www.bonelinks.com\/es\/product\/st-pigtail\/","title":{"rendered":"Latiguillo de fibra \u00f3ptica ST"},"content":{"rendered":"<h2 style=\"text-align: left; font-size: 18px;\"><strong>Latiguillo de fibra \u00f3ptica ST<\/strong><\/h2>\n<p>Los latiguillos multicolor ST tienen su principal aplicaci\u00f3n en la terminaci\u00f3n de cables y conexiones de fibra \u00f3ptica mediante empalmes por fusi\u00f3n. Cada latiguillo tiene asignado un color distinto, lo que facilita el reconocimiento de los conectores. Estos kits est\u00e1n disponibles en varios n\u00fameros de fibras, siendo 1, 6 y 12 las opciones m\u00e1s comunes.<\/p>\n<p>Dependiendo de la tensi\u00f3n de instalaci\u00f3n y de los requisitos de espacio de fusi\u00f3n, los latiguillos ST no s\u00f3lo pueden fabricarse en distintas longitudes, sino que tambi\u00e9n pueden utilizarse para preterminar conectores con distintos di\u00e1metros de cable.<\/p>\n<p>Cada latiguillo ST fabricado por Bonelinks se somete a pruebas de cara al extremo, p\u00e9rdida de inserci\u00f3n y p\u00e9rdida de retorno, y la p\u00e9rdida de inserci\u00f3n de cada latiguillo ST es inferior a 0,2 dB. Para Bonelinks, que tiene una capacidad diaria de 300.000 conectores, la mayor\u00eda de los pedidos pueden producirse y enviarse en un plazo de 3 a 5 d\u00edas. Para productos de alta calidad y plazos de construcci\u00f3n ajustados, Bonelinks es un socio indispensable para su \u00e9xito, desde el producto acabado hasta la recepci\u00f3n de la mercanc\u00eda.<\/p>\n<h2 style=\"text-align: left; font-size: 18px;\"><strong>Caracter\u00edsticas del cable de fibra \u00f3ptica ST<\/strong><\/h2>\n<ul>\n<li>Baja p\u00e9rdida de inserci\u00f3n<\/li>\n<li>P\u00e9rdida por alta reflexi\u00f3n dorsal<\/li>\n<li>Capacidad estable y alta fiabilidad<\/li>\n<li>Pulido de PC est\u00e1ndar de calidad superior<\/li>\n<li>Botas en varios colores<\/li>\n<li>Cubierta de PVC por defecto, LSZH opcional<\/li>\n<li>0,9 mm por defecto, cable de 2,0 mm y 3,0 mm opcional<\/li>\n<li>Caracter\u00edsticas \u00f3pticas inspeccionadas al 100% antes del env\u00edo<\/li>\n<li>Especificaciones personalizadas disponibles<\/li>\n<\/ul>\n<h2 style=\"text-align: left; font-size: 18px;\"><strong>Aplicaci\u00f3n del cable de fibra \u00f3ptica ST<\/strong><\/h2>\n<p>Ampliamente utilizado en CATV, FTTH\/FTTX, redes de telecomunicaciones, instalaciones locales, redes de procesamiento de datos, redes LAN\/WAN, etc.<\/p>\n","protected":false},"excerpt":{"rendered":"<p>El pigtail de fibra \u00f3ptica ST est\u00e1 protegido por una capa de tamp\u00f3n de 0,9 mm. Tiene un extremo preterminado con un conector de fibra \u00f3ptica, mientras que el otro extremo se conectar\u00e1 a la fibra \u00f3ptica del cable \u00f3ptico.<\/p>\n<p>El pigtail ST proporciona el medio ideal para todas sus aplicaciones de interconexi\u00f3n de fibra \u00f3ptica. A menudo se utiliza en bastidores y paneles de conexi\u00f3n para acceder a los cables de fibra \u00f3ptica y conectores de fibra \u00f3ptica entre el par de empalmes de fusi\u00f3n.<\/p>\n","protected":false},"featured_media":16683,"template":"","meta":{"site-sidebar-layout":"default","site-content-layout":"default","ast-site-content-layout":"default","site-content-style":"default","site-sidebar-style":"default","ast-global-header-display":"","ast-banner-title-visibility":"","ast-main-header-display":"","ast-hfb-above-header-display":"","ast-hfb-below-header-display":"","ast-hfb-mobile-header-display":"","site-post-title":"","ast-breadcrumbs-content":"","ast-featured-img":"","footer-sml-layout":"","ast-disable-related-posts":"","theme-transparent-header-meta":"default","adv-header-id-meta":"","stick-header-meta":"default","header-above-stick-meta":"","header-main-stick-meta":"","header-below-stick-meta":"","astra-migrate-meta-layouts":"set","ast-page-background-enabled":"default","ast-page-background-meta":{"desktop":{"background-color":"","background-image":"","background-repeat":"repeat","background-position":"center center","background-size":"auto","background-attachment":"scroll","background-type":"","background-media":"","overlay-type":"","overlay-color":"","overlay-opacity":"","overlay-gradient":""},"tablet":{"background-color":"","background-image":"","background-repeat":"repeat","background-position":"center center","background-size":"auto","background-attachment":"scroll","background-type":"","background-media":"","overlay-type":"","overlay-color":"","overlay-opacity":"","overlay-gradient":""},"mobile":{"background-color":"","background-image":"","background-repeat":"repeat","background-position":"center center","background-size":"auto","background-attachment":"scroll","background-type":"","background-media":"","overlay-type":"","overlay-color":"","overlay-opacity":"","overlay-gradient":""}},"ast-content-background-meta":{"desktop":{"background-color":"var(--ast-global-color-5)","background-image":"","background-repeat":"repeat","background-position":"center center","background-size":"auto","background-attachment":"scroll","background-type":"","background-media":"","overlay-type":"","overlay-color":"","overlay-opacity":"","overlay-gradient":""},"tablet":{"background-color":"var(--ast-global-color-5)","background-image":"","background-repeat":"repeat","background-position":"center center","background-size":"auto","background-attachment":"scroll","background-type":"","background-media":"","overlay-type":"","overlay-color":"","overlay-opacity":"","overlay-gradient":""},"mobile":{"background-color":"var(--ast-global-color-5)","background-image":"","background-repeat":"repeat","background-position":"center center","background-size":"auto","background-attachment":"scroll","background-type":"","background-media":"","overlay-type":"","overlay-color":"","overlay-opacity":"","overlay-gradient":""}}},"product_brand":[],"product_cat":[244,486],"product_tag":[],"class_list":{"0":"post-21495","1":"product","2":"type-product","3":"status-publish","4":"has-post-thumbnail","6":"product_cat-fiber-patch-cord-es","7":"product_cat-fiber-optic-pigtails-es","8":"pa_connector-type-st-es","9":"desktop-align-left","10":"tablet-align-left","11":"mobile-align-left","12":"ast-product-gallery-layout-vertical","13":"ast-product-gallery-with-no-image","14":"ast-product-tabs-layout-vertical","15":"ast-qv-on-image","17":"first","18":"instock","19":"shipping-taxable","20":"product-type-simple"},"_links":{"self":[{"href":"https:\/\/www.bonelinks.com\/es\/wp-json\/wp\/v2\/product\/21495","targetHints":{"allow":["GET"]}}],"collection":[{"href":"https:\/\/www.bonelinks.com\/es\/wp-json\/wp\/v2\/product"}],"about":[{"href":"https:\/\/www.bonelinks.com\/es\/wp-json\/wp\/v2\/types\/product"}],"version-history":[{"count":2,"href":"https:\/\/www.bonelinks.com\/es\/wp-json\/wp\/v2\/product\/21495\/revisions"}],"predecessor-version":[{"id":26127,"href":"https:\/\/www.bonelinks.com\/es\/wp-json\/wp\/v2\/product\/21495\/revisions\/26127"}],"wp:featuredmedia":[{"embeddable":true,"href":"https:\/\/www.bonelinks.com\/es\/wp-json\/wp\/v2\/media\/16683"}],"wp:attachment":[{"href":"https:\/\/www.bonelinks.com\/es\/wp-json\/wp\/v2\/media?parent=21495"}],"wp:term":[{"taxonomy":"product_brand","embeddable":true,"href":"https:\/\/www.bonelinks.com\/es\/wp-json\/wp\/v2\/product_brand?post=21495"},{"taxonomy":"product_cat","embeddable":true,"href":"https:\/\/www.bonelinks.com\/es\/wp-json\/wp\/v2\/product_cat?post=21495"},{"taxonomy":"product_tag","embeddable":true,"href":"https:\/\/www.bonelinks.com\/es\/wp-json\/wp\/v2\/product_tag?post=21495"}],"curies":[{"name":"wp","href":"https:\/\/api.w.org\/{rel}","templated":true}]}}