{"id":21493,"date":"2023-01-08T19:11:02","date_gmt":"2023-01-09T03:11:02","guid":{"rendered":"https:\/\/www.bonelinks.com\/product\/latiguillos-de-fibra-lc\/"},"modified":"2024-02-20T01:06:50","modified_gmt":"2024-02-20T09:06:50","slug":"lc-fiber-pigtails","status":"publish","type":"product","link":"https:\/\/www.bonelinks.com\/es\/product\/lc-fiber-pigtails\/","title":{"rendered":"Latiguillos de fibra LC"},"content":{"rendered":"","protected":false},"excerpt":{"rendered":"<p>El pigtail de fibra se refiere a una longitud de cable de fibra \u00f3ptica de interior de 0,9 mm, 2,0 mm o incluso 3,0 mm de di\u00e1metro exterior, preterminado con un conector de fibra \u00f3ptica en un extremo, y dejado en blanco en el otro extremo para realizar la conexi\u00f3n por fusi\u00f3n entre fibras de un cable de comunicaci\u00f3n \u00f3ptica. El pigtail LC es una longitud de cable de fibra \u00f3ptica de interior en un extremo pre-terminado conector de fibra LC, el otro extremo se deja vac\u00edo para el arn\u00e9s de conexi\u00f3n de se\u00f1al pasiva de fusi\u00f3n. En la banda de transmisi\u00f3n monomodo, el pigtail LC generalmente utilizar\u00e1 fibra monomodo G65D o G657 hecha de cable \u00f3ptico para preterminar el conector LCUPC de concha azul o el conector LCAPC de concha verde que soporta el uso. Cuando se utilizan en banda de transmisi\u00f3n multimodo, los latiguillos LC suelen ser de fibra multimodo OM3 u OM4 para preterminar conectores finales LCUPC beige o verde agua a juego.<\/p>\n<p>Los latiguillos LC suelen desplegarse en salas de servidores, centros de datos o centros de distribuci\u00f3n donde el espacio es intensivo y se utilizan para extender la se\u00f1al desde el segmento de acceso hasta el extremo del equipo. Cada latiguillo LC fabricado por Bonelinks se somete a pruebas rigurosas y los datos de las pruebas se etiquetan en la bolsa de cada latiguillo para poder evaluar durante la construcci\u00f3n el impacto en dB de cada nodo de empalme en todo el enlace.<\/p>\n","protected":false},"featured_media":16653,"template":"","meta":{"site-sidebar-layout":"default","site-content-layout":"default","ast-site-content-layout":"default","site-content-style":"default","site-sidebar-style":"default","ast-global-header-display":"","ast-banner-title-visibility":"","ast-main-header-display":"","ast-hfb-above-header-display":"","ast-hfb-below-header-display":"","ast-hfb-mobile-header-display":"","site-post-title":"","ast-breadcrumbs-content":"","ast-featured-img":"","footer-sml-layout":"","ast-disable-related-posts":"","theme-transparent-header-meta":"default","adv-header-id-meta":"","stick-header-meta":"default","header-above-stick-meta":"","header-main-stick-meta":"","header-below-stick-meta":"","astra-migrate-meta-layouts":"set","ast-page-background-enabled":"default","ast-page-background-meta":{"desktop":{"background-color":"","background-image":"","background-repeat":"repeat","background-position":"center center","background-size":"auto","background-attachment":"scroll","background-type":"","background-media":"","overlay-type":"","overlay-color":"","overlay-opacity":"","overlay-gradient":""},"tablet":{"background-color":"","background-image":"","background-repeat":"repeat","background-position":"center center","background-size":"auto","background-attachment":"scroll","background-type":"","background-media":"","overlay-type":"","overlay-color":"","overlay-opacity":"","overlay-gradient":""},"mobile":{"background-color":"","background-image":"","background-repeat":"repeat","background-position":"center center","background-size":"auto","background-attachment":"scroll","background-type":"","background-media":"","overlay-type":"","overlay-color":"","overlay-opacity":"","overlay-gradient":""}},"ast-content-background-meta":{"desktop":{"background-color":"var(--ast-global-color-5)","background-image":"","background-repeat":"repeat","background-position":"center center","background-size":"auto","background-attachment":"scroll","background-type":"","background-media":"","overlay-type":"","overlay-color":"","overlay-opacity":"","overlay-gradient":""},"tablet":{"background-color":"var(--ast-global-color-5)","background-image":"","background-repeat":"repeat","background-position":"center center","background-size":"auto","background-attachment":"scroll","background-type":"","background-media":"","overlay-type":"","overlay-color":"","overlay-opacity":"","overlay-gradient":""},"mobile":{"background-color":"var(--ast-global-color-5)","background-image":"","background-repeat":"repeat","background-position":"center center","background-size":"auto","background-attachment":"scroll","background-type":"","background-media":"","overlay-type":"","overlay-color":"","overlay-opacity":"","overlay-gradient":""}}},"product_brand":[],"product_cat":[244,486],"product_tag":[],"class_list":{"0":"post-21493","1":"product","2":"type-product","3":"status-publish","4":"has-post-thumbnail","6":"product_cat-fiber-patch-cord-es","7":"product_cat-fiber-optic-pigtails-es","8":"pa_connector-type-lc-es-2","9":"desktop-align-left","10":"tablet-align-left","11":"mobile-align-left","12":"ast-product-gallery-layout-vertical","13":"ast-product-gallery-with-no-image","14":"ast-product-tabs-layout-vertical","15":"ast-qv-on-image","17":"first","18":"instock","19":"shipping-taxable","20":"product-type-simple"},"_links":{"self":[{"href":"https:\/\/www.bonelinks.com\/es\/wp-json\/wp\/v2\/product\/21493","targetHints":{"allow":["GET"]}}],"collection":[{"href":"https:\/\/www.bonelinks.com\/es\/wp-json\/wp\/v2\/product"}],"about":[{"href":"https:\/\/www.bonelinks.com\/es\/wp-json\/wp\/v2\/types\/product"}],"version-history":[{"count":2,"href":"https:\/\/www.bonelinks.com\/es\/wp-json\/wp\/v2\/product\/21493\/revisions"}],"predecessor-version":[{"id":26131,"href":"https:\/\/www.bonelinks.com\/es\/wp-json\/wp\/v2\/product\/21493\/revisions\/26131"}],"wp:featuredmedia":[{"embeddable":true,"href":"https:\/\/www.bonelinks.com\/es\/wp-json\/wp\/v2\/media\/16653"}],"wp:attachment":[{"href":"https:\/\/www.bonelinks.com\/es\/wp-json\/wp\/v2\/media?parent=21493"}],"wp:term":[{"taxonomy":"product_brand","embeddable":true,"href":"https:\/\/www.bonelinks.com\/es\/wp-json\/wp\/v2\/product_brand?post=21493"},{"taxonomy":"product_cat","embeddable":true,"href":"https:\/\/www.bonelinks.com\/es\/wp-json\/wp\/v2\/product_cat?post=21493"},{"taxonomy":"product_tag","embeddable":true,"href":"https:\/\/www.bonelinks.com\/es\/wp-json\/wp\/v2\/product_tag?post=21493"}],"curies":[{"name":"wp","href":"https:\/\/api.w.org\/{rel}","templated":true}]}}