{"id":21427,"date":"2023-01-09T22:42:26","date_gmt":"2023-01-10T06:42:26","guid":{"rendered":"https:\/\/www.bonelinks.com\/product\/cable-troncal-mpo\/"},"modified":"2024-02-20T03:13:46","modified_gmt":"2024-02-20T11:13:46","slug":"mpo-trunk-cable","status":"publish","type":"product","link":"https:\/\/www.bonelinks.com\/es\/product\/mpo-trunk-cable\/","title":{"rendered":"Cable troncal MPO"},"content":{"rendered":"","protected":false},"excerpt":{"rendered":"<p>Troncal de fibra \u00f3ptica cable de conexi\u00f3n MPO a MPO, como su nombre indica, est\u00e1 dise\u00f1ado para ser colocado en la sala de telecomunicaciones en la l\u00ednea de red troncal, y se utiliza para conectar la transmisi\u00f3n de datos entre el gabinete y el gabinete de un cable multi-n\u00facleo rama.<\/p>\n<p>Por lo general, la estructura del cable de conexi\u00f3n de fibra \u00f3ptica MPO a MPO troncal es relativamente sencilla y se compone principalmente de un conector MPO y un cable troncal. Dado que el cable troncal MPO es el puente entre armario y armario o entre armario y equipo, es necesario identificar los m\u00e9todos de conexi\u00f3n de enlace entre transceptores para determinar la polaridad del cable de conexi\u00f3n de derivaci\u00f3n MPO. MPO a MPO proceso de producci\u00f3n de cable de rama, en primer lugar, optar por cortar diferentes n\u00facleos de cable de fibra \u00f3ptica, a continuaci\u00f3n, extraer una cierta longitud de n\u00facleos de fibra en el cable, pelar la capa de revestimiento y la capa de revestimiento, con el fin de insertar el conector MPO montado, y luego a trav\u00e9s de curado, molienda, la luz para completar la instalaci\u00f3n del conector MPO final. En el otro extremo del cable, siga los mismos pasos que en el caso anterior para preterminar el conector MPO y, a continuaci\u00f3n, podr\u00e1 fabricar todo el cord\u00f3n de conexi\u00f3n del cable de derivaci\u00f3n.<\/p>\n<p>Una vez ensamblado y fabricado todo el cable de conexi\u00f3n, no significa que el producto pueda utilizarse sin conexi\u00f3n. A continuaci\u00f3n, es necesario comprobar si la cara del extremo del conector MPO est\u00e1 limpia, si todos los canales pueden pasar la se\u00f1al de transmisi\u00f3n de luz, si el valor de atenuaci\u00f3n cumple las normas requeridas, si la prueba 3D cumple la norma. Cuando alguno de los datos de la prueba es an\u00f3malo, hay que rehacer todo el puente o incluso volver a fabricarlo. Una vez completados todos los elementos de la prueba funcional, el informe de la prueba se pegar\u00e1 en la bolsa de cada cable de conexi\u00f3n uno por uno para demostrar la garant\u00eda de calidad de Bonelinks.<\/p>\n","protected":false},"featured_media":16828,"template":"","meta":{"site-sidebar-layout":"default","site-content-layout":"default","ast-site-content-layout":"default","site-content-style":"default","site-sidebar-style":"default","ast-global-header-display":"","ast-banner-title-visibility":"","ast-main-header-display":"","ast-hfb-above-header-display":"","ast-hfb-below-header-display":"","ast-hfb-mobile-header-display":"","site-post-title":"","ast-breadcrumbs-content":"","ast-featured-img":"","footer-sml-layout":"","ast-disable-related-posts":"","theme-transparent-header-meta":"default","adv-header-id-meta":"","stick-header-meta":"default","header-above-stick-meta":"","header-main-stick-meta":"","header-below-stick-meta":"","astra-migrate-meta-layouts":"set","ast-page-background-enabled":"default","ast-page-background-meta":{"desktop":{"background-color":"","background-image":"","background-repeat":"repeat","background-position":"center center","background-size":"auto","background-attachment":"scroll","background-type":"","background-media":"","overlay-type":"","overlay-color":"","overlay-opacity":"","overlay-gradient":""},"tablet":{"background-color":"","background-image":"","background-repeat":"repeat","background-position":"center center","background-size":"auto","background-attachment":"scroll","background-type":"","background-media":"","overlay-type":"","overlay-color":"","overlay-opacity":"","overlay-gradient":""},"mobile":{"background-color":"","background-image":"","background-repeat":"repeat","background-position":"center center","background-size":"auto","background-attachment":"scroll","background-type":"","background-media":"","overlay-type":"","overlay-color":"","overlay-opacity":"","overlay-gradient":""}},"ast-content-background-meta":{"desktop":{"background-color":"var(--ast-global-color-5)","background-image":"","background-repeat":"repeat","background-position":"center center","background-size":"auto","background-attachment":"scroll","background-type":"","background-media":"","overlay-type":"","overlay-color":"","overlay-opacity":"","overlay-gradient":""},"tablet":{"background-color":"var(--ast-global-color-5)","background-image":"","background-repeat":"repeat","background-position":"center center","background-size":"auto","background-attachment":"scroll","background-type":"","background-media":"","overlay-type":"","overlay-color":"","overlay-opacity":"","overlay-gradient":""},"mobile":{"background-color":"var(--ast-global-color-5)","background-image":"","background-repeat":"repeat","background-position":"center center","background-size":"auto","background-attachment":"scroll","background-type":"","background-media":"","overlay-type":"","overlay-color":"","overlay-opacity":"","overlay-gradient":""}}},"product_brand":[],"product_cat":[245,244,255],"product_tag":[],"class_list":{"0":"post-21427","1":"product","2":"type-product","3":"status-publish","4":"has-post-thumbnail","6":"product_cat-multimode-fiber-patch-cord-es","7":"product_cat-fiber-patch-cord-es","8":"product_cat-mpo-patch-cord-es","9":"pa_connector-type-mpo-mpo-es","10":"pa_fiber-type-multimodo","11":"desktop-align-left","12":"tablet-align-left","13":"mobile-align-left","14":"ast-product-gallery-layout-vertical","15":"ast-product-gallery-with-no-image","16":"ast-product-tabs-layout-vertical","17":"ast-qv-on-image","19":"first","20":"instock","21":"shipping-taxable","22":"product-type-simple"},"_links":{"self":[{"href":"https:\/\/www.bonelinks.com\/es\/wp-json\/wp\/v2\/product\/21427","targetHints":{"allow":["GET"]}}],"collection":[{"href":"https:\/\/www.bonelinks.com\/es\/wp-json\/wp\/v2\/product"}],"about":[{"href":"https:\/\/www.bonelinks.com\/es\/wp-json\/wp\/v2\/types\/product"}],"version-history":[{"count":1,"href":"https:\/\/www.bonelinks.com\/es\/wp-json\/wp\/v2\/product\/21427\/revisions"}],"predecessor-version":[{"id":26119,"href":"https:\/\/www.bonelinks.com\/es\/wp-json\/wp\/v2\/product\/21427\/revisions\/26119"}],"wp:featuredmedia":[{"embeddable":true,"href":"https:\/\/www.bonelinks.com\/es\/wp-json\/wp\/v2\/media\/16828"}],"wp:attachment":[{"href":"https:\/\/www.bonelinks.com\/es\/wp-json\/wp\/v2\/media?parent=21427"}],"wp:term":[{"taxonomy":"product_brand","embeddable":true,"href":"https:\/\/www.bonelinks.com\/es\/wp-json\/wp\/v2\/product_brand?post=21427"},{"taxonomy":"product_cat","embeddable":true,"href":"https:\/\/www.bonelinks.com\/es\/wp-json\/wp\/v2\/product_cat?post=21427"},{"taxonomy":"product_tag","embeddable":true,"href":"https:\/\/www.bonelinks.com\/es\/wp-json\/wp\/v2\/product_tag?post=21427"}],"curies":[{"name":"wp","href":"https:\/\/api.w.org\/{rel}","templated":true}]}}