{"id":21425,"date":"2023-01-30T18:43:48","date_gmt":"2023-01-31T02:43:48","guid":{"rendered":"https:\/\/www.bonelinks.com\/product\/cable-de-conexion-fc\/"},"modified":"2024-02-20T03:12:30","modified_gmt":"2024-02-20T11:12:30","slug":"fc-to-fc-fiber-optic-patch-cable","status":"publish","type":"product","link":"https:\/\/www.bonelinks.com\/es\/product\/fc-to-fc-fiber-optic-patch-cable\/","title":{"rendered":"Cable de conexi\u00f3n FC"},"content":{"rendered":"<h1 style=\"text-align: left; font-size: 18px;\"><strong>Cable de conexi\u00f3n de fibra FC<\/strong><\/h1>\n<p>FC FC Patch Cord es un cable de comunicaci\u00f3n pasivo con conectores de fibra \u00f3ptica FC preterminados en ambos extremos, ideal para conectar enlaces de CCTV, CATV o sistemas de radiodifusi\u00f3n. Bonelinks ofrece una amplia gama de cables de conexi\u00f3n de fibra \u00f3ptica FC a FC con opciones.<\/p>\n<ul>\n<li>Monomodo y multimodo: Los cables de fibra \u00f3ptica con revestimiento amarillo se utilizan para la transmisi\u00f3n en modo de se\u00f1al \u00fanica, mientras que los cables con revestimiento naranja o morado se utilizan para se\u00f1ales \u00f3pticas multimodo.<\/li>\n<li>Opciones de personalizaci\u00f3n: Bonelinks permite personalizar la longitud del cable, la cara del extremo de contacto de la fibra, la informaci\u00f3n de impresi\u00f3n y los requisitos de embalaje. Tambi\u00e9n ofrecen conectores FC completos, adaptadores, atenuadores y paneles de conexi\u00f3n FC completos.<\/li>\n<li>Protecci\u00f3n mejorada: Los cables de fibra \u00f3ptica blindados en espiral con caracter\u00edsticas antirroedores y antivuelco est\u00e1n disponibles para su uso en centros de datos o salas de servidores, lo que garantiza una transmisi\u00f3n estable y una larga vida \u00fatil.<\/li>\n<\/ul>\n<p>Bonelinks tiene una capacidad diaria de 10.000 cables de conexi\u00f3n de fibra FC preterminados, y todos los pedidos se producen y env\u00edan en un plazo de 3 a 5 d\u00edas, lo que garantiza el m\u00e1ximo rendimiento para los clientes.<\/p>\n<h2 style=\"text-align: left; font-size: 18px;\"><strong>Caracter\u00edsticas del cable de conexi\u00f3n FC<\/strong><\/h2>\n<ul>\n<li>Cubierta a prueba de tirones: El cable de conexi\u00f3n cuenta con un dise\u00f1o de cubierta a prueba de tirones que proporciona una mayor protecci\u00f3n contra la desconexi\u00f3n accidental del cable.<\/li>\n<li>Baja p\u00e9rdida de inserci\u00f3n, alta p\u00e9rdida de retorno: garantiza una transmisi\u00f3n eficaz con una p\u00e9rdida de se\u00f1al m\u00ednima y una fuerte reflexi\u00f3n de la se\u00f1al.<\/li>\n<li>Inspecci\u00f3n de calidad al 100%: Cada cable de conexi\u00f3n se somete a una minuciosa inspecci\u00f3n de calidad para garantizar un rendimiento y una fiabilidad \u00f3ptimos.<\/li>\n<li>Opciones personalizables: Los clientes tienen la flexibilidad de personalizar la longitud, el di\u00e1metro de la fibra y el tipo de conector para satisfacer sus requisitos espec\u00edficos.<\/li>\n<\/ul>\n<h2 style=\"text-align: left; font-size: 18px;\"><strong>Aplicaci\u00f3n del cable de conexi\u00f3n FC<\/strong><\/h2>\n<ul>\n<li>Telecomunicaciones<\/li>\n<li>Datacom (centros de datos)<\/li>\n<li>Conectividad del transceptor<\/li>\n<\/ul>\n<h2 style=\"text-align: left; font-size: 18px;\"><strong>\u00bfBusca m\u00e1s opciones de cables de fibra \u00f3ptica?<\/strong><\/h2>\n<p>\u00bfQuiere m\u00e1s opciones de cables de conexi\u00f3n de fibra? Explore nuestra selecci\u00f3n de <span style=\"color: #0054a6;\"><strong><a style=\"color: #0054a6;\" href=\"https:\/\/www.bonelinks.com\/es\/fc-fiber-cable\/\" target=\"_blank\" rel=\"noopener\">Cables de conexi\u00f3n de fibra FC <\/a><\/strong><\/span>para una conexi\u00f3n en red perfecta.<\/p>\n<p>\u00bfBusca cables de fibra dise\u00f1ados a medida? Explore nuestra secci\u00f3n dedicada a<a href=\"https:\/\/www.bonelinks.com\/es\/custom-fiber-optic-cables\/\" target=\"_blank\" rel=\"noopener\"><span style=\"color: #0054a6;\"><strong> Cables de fibra personalizados <\/strong><\/span><\/a>para soluciones de conectividad a medida.<\/p>\n<ul>\n<li>Venta al por menor o al por mayor: \u00a1nosotros le cubrimos!<\/li>\n<li>\u00bfNo sabe qu\u00e9 comprar? Ofrecemos orientaci\u00f3n experta.<\/li>\n<li>MOQ peque\u00f1o: No necesita comprar m\u00e1s de lo que desea.<\/li>\n<li>Precios competitivos: Obtenga siempre un gran valor.<\/li>\n<li>Entrega puntual: Su rapidez, nuestra prioridad.<\/li>\n<li>Centrados en el cliente: Adaptamos nuestros servicios a sus necesidades.<\/li>\n<\/ul>\n<p><strong>Con\u00e9ctese con nosotros<\/strong><br \/>\nSi tiene problemas para encontrar el <span style=\"color: #0054a6;\"><strong><a style=\"color: #0054a6;\" href=\"https:\/\/www.bonelinks.com\/es\/fiber-optic-patch-cord-supplier\/\" target=\"_blank\" rel=\"noopener\">cable de fibra <\/a><\/strong><\/span>para sus necesidades, o si necesita el asesoramiento de un experto, con un solo clic podr\u00e1<a href=\"https:\/\/www.bonelinks.com\/es\/contact-us\/\" target=\"_blank\" rel=\"noopener\"><strong><span style=\"color: #0054a6;\"> chatear con nosotros <\/span><\/strong><\/a>en segundos. Su satisfacci\u00f3n es nuestra prioridad. Estamos dispuestos a ayudarle en todo. <strong>No se preocupe, no es necesario pensar demasiado. Estamos aqu\u00ed, listos para ayudarle.<\/strong><\/p>\n","protected":false},"excerpt":{"rendered":"<p>FC Patch Cord es un popular cable de comunicaci\u00f3n pasiva con conectores de fibra \u00f3ptica FC en ambos extremos. Proporciona conexiones preterminadas para cables de fibra \u00f3ptica interiores o exteriores en sistemas de CCTV, CATV y radiodifusi\u00f3n. Bonelinks ofrece una amplia gama de latiguillos de fibra \u00f3ptica FC a FC con opciones de longitud, material de cubierta, pulido y di\u00e1metro de cable.<\/p>\n","protected":false},"featured_media":17028,"template":"","meta":{"site-sidebar-layout":"default","site-content-layout":"default","ast-site-content-layout":"default","site-content-style":"default","site-sidebar-style":"default","ast-global-header-display":"","ast-banner-title-visibility":"","ast-main-header-display":"","ast-hfb-above-header-display":"","ast-hfb-below-header-display":"","ast-hfb-mobile-header-display":"","site-post-title":"","ast-breadcrumbs-content":"","ast-featured-img":"","footer-sml-layout":"","ast-disable-related-posts":"","theme-transparent-header-meta":"default","adv-header-id-meta":"","stick-header-meta":"default","header-above-stick-meta":"","header-main-stick-meta":"","header-below-stick-meta":"","astra-migrate-meta-layouts":"set","ast-page-background-enabled":"default","ast-page-background-meta":{"desktop":{"background-color":"","background-image":"","background-repeat":"repeat","background-position":"center center","background-size":"auto","background-attachment":"scroll","background-type":"","background-media":"","overlay-type":"","overlay-color":"","overlay-opacity":"","overlay-gradient":""},"tablet":{"background-color":"","background-image":"","background-repeat":"repeat","background-position":"center center","background-size":"auto","background-attachment":"scroll","background-type":"","background-media":"","overlay-type":"","overlay-color":"","overlay-opacity":"","overlay-gradient":""},"mobile":{"background-color":"","background-image":"","background-repeat":"repeat","background-position":"center center","background-size":"auto","background-attachment":"scroll","background-type":"","background-media":"","overlay-type":"","overlay-color":"","overlay-opacity":"","overlay-gradient":""}},"ast-content-background-meta":{"desktop":{"background-color":"var(--ast-global-color-5)","background-image":"","background-repeat":"repeat","background-position":"center center","background-size":"auto","background-attachment":"scroll","background-type":"","background-media":"","overlay-type":"","overlay-color":"","overlay-opacity":"","overlay-gradient":""},"tablet":{"background-color":"var(--ast-global-color-5)","background-image":"","background-repeat":"repeat","background-position":"center center","background-size":"auto","background-attachment":"scroll","background-type":"","background-media":"","overlay-type":"","overlay-color":"","overlay-opacity":"","overlay-gradient":""},"mobile":{"background-color":"var(--ast-global-color-5)","background-image":"","background-repeat":"repeat","background-position":"center center","background-size":"auto","background-attachment":"scroll","background-type":"","background-media":"","overlay-type":"","overlay-color":"","overlay-opacity":"","overlay-gradient":""}}},"product_brand":[],"product_cat":[449,244],"product_tag":[],"class_list":{"0":"post-21425","1":"product","2":"type-product","3":"status-publish","4":"has-post-thumbnail","6":"product_cat-fc-fiber-patch-cord-es","7":"product_cat-fiber-patch-cord-es","8":"pa_connector-type-fc-fc-es","9":"desktop-align-left","10":"tablet-align-left","11":"mobile-align-left","12":"ast-product-gallery-layout-vertical","13":"ast-product-gallery-with-no-image","14":"ast-product-tabs-layout-vertical","15":"ast-qv-on-image","17":"first","18":"instock","19":"shipping-taxable","20":"product-type-simple"},"_links":{"self":[{"href":"https:\/\/www.bonelinks.com\/es\/wp-json\/wp\/v2\/product\/21425","targetHints":{"allow":["GET"]}}],"collection":[{"href":"https:\/\/www.bonelinks.com\/es\/wp-json\/wp\/v2\/product"}],"about":[{"href":"https:\/\/www.bonelinks.com\/es\/wp-json\/wp\/v2\/types\/product"}],"version-history":[{"count":3,"href":"https:\/\/www.bonelinks.com\/es\/wp-json\/wp\/v2\/product\/21425\/revisions"}],"predecessor-version":[{"id":26655,"href":"https:\/\/www.bonelinks.com\/es\/wp-json\/wp\/v2\/product\/21425\/revisions\/26655"}],"wp:featuredmedia":[{"embeddable":true,"href":"https:\/\/www.bonelinks.com\/es\/wp-json\/wp\/v2\/media\/17028"}],"wp:attachment":[{"href":"https:\/\/www.bonelinks.com\/es\/wp-json\/wp\/v2\/media?parent=21425"}],"wp:term":[{"taxonomy":"product_brand","embeddable":true,"href":"https:\/\/www.bonelinks.com\/es\/wp-json\/wp\/v2\/product_brand?post=21425"},{"taxonomy":"product_cat","embeddable":true,"href":"https:\/\/www.bonelinks.com\/es\/wp-json\/wp\/v2\/product_cat?post=21425"},{"taxonomy":"product_tag","embeddable":true,"href":"https:\/\/www.bonelinks.com\/es\/wp-json\/wp\/v2\/product_tag?post=21425"}],"curies":[{"name":"wp","href":"https:\/\/api.w.org\/{rel}","templated":true}]}}