{"id":21398,"date":"2023-01-30T20:09:39","date_gmt":"2023-01-31T04:09:39","guid":{"rendered":"https:\/\/www.bonelinks.com\/product\/adaptador-de-fibra-optica\/"},"modified":"2024-02-20T03:00:26","modified_gmt":"2024-02-20T11:00:26","slug":"fiber-optic-adapter","status":"publish","type":"product","link":"https:\/\/www.bonelinks.com\/es\/product\/fiber-optic-adapter\/","title":{"rendered":"Adaptador de fibra \u00f3ptica"},"content":{"rendered":"","protected":false},"excerpt":{"rendered":"<p>El adaptador de fibra \u00f3ptica, tambi\u00e9n llamado acoplador de fibra \u00f3ptica, es un dispositivo de comunicaci\u00f3n \u00f3ptica pasiva con manguito cer\u00e1mico incorporado para la conexi\u00f3n de conversi\u00f3n de enlaces entre el mismo conector de cable de conexi\u00f3n de fibra \u00f3ptica o diferentes conectores de fibra \u00f3ptica. El adaptador de carcasa azul de uso com\u00fan indica una transmisi\u00f3n monomodo UPC en el extremo de contacto, el adaptador de carcasa verde indica una transmisi\u00f3n monomodo APC en el extremo de contacto, el adaptador de carcasa beige, verde agua o rosa indica una transmisi\u00f3n multimodo UPC en el extremo de contacto. Para su uso en bastidores, paneles de conexi\u00f3n, cajas de unidad o cajas de sobremesa, los adaptadores de fibra \u00f3ptica suelen venir con bordes embridados y pesta\u00f1as para su fijaci\u00f3n al equipo. En comparaci\u00f3n con los adaptadores de fibra \u00f3ptica con carcasa de pl\u00e1stico y engarce ultras\u00f3nico, Bonelinks ofrece a los clientes no s\u00f3lo adaptadores SC, LC, MPO moldeados por inyecci\u00f3n de una pieza resistentes a m\u00e1s de 1.000 engarces, sino tambi\u00e9n adaptadores tipo hybird SC-FC, SC-LC para satisfacer las necesidades de construcci\u00f3n. Para igualar y mejorar la conectividad estable y la fiabilidad de los conectores de fibra \u00f3ptica met\u00e1licos, los adaptadores FC se moldean con carcasa y componentes met\u00e1licos de una sola pieza, mientras que los adaptadores ST de n\u00facleo \u00fanico se moldean con moldeo met\u00e1lico de una sola pieza y los n\u00facleos dobles se engarzan entre s\u00ed. Cada adaptador ser\u00e1 rigurosamente probado antes de salir de la f\u00e1brica, Bonelinks proporciona a nuestros clientes adaptadores de tipo no adaptador con p\u00e9rdidas de inserci\u00f3n son inferiores a 0,2 dB para garantizar el valor m\u00ednimo de p\u00e9rdida de conexi\u00f3n de todo el enlace para lograr una velocidad de red \u00f3ptima.<\/p>\n","protected":false},"featured_media":17118,"template":"","meta":{"site-sidebar-layout":"default","site-content-layout":"default","ast-site-content-layout":"default","site-content-style":"default","site-sidebar-style":"default","ast-global-header-display":"","ast-banner-title-visibility":"","ast-main-header-display":"","ast-hfb-above-header-display":"","ast-hfb-below-header-display":"","ast-hfb-mobile-header-display":"","site-post-title":"","ast-breadcrumbs-content":"","ast-featured-img":"","footer-sml-layout":"","ast-disable-related-posts":"","theme-transparent-header-meta":"default","adv-header-id-meta":"","stick-header-meta":"default","header-above-stick-meta":"","header-main-stick-meta":"","header-below-stick-meta":"","astra-migrate-meta-layouts":"set","ast-page-background-enabled":"default","ast-page-background-meta":{"desktop":{"background-color":"","background-image":"","background-repeat":"repeat","background-position":"center center","background-size":"auto","background-attachment":"scroll","background-type":"","background-media":"","overlay-type":"","overlay-color":"","overlay-opacity":"","overlay-gradient":""},"tablet":{"background-color":"","background-image":"","background-repeat":"repeat","background-position":"center center","background-size":"auto","background-attachment":"scroll","background-type":"","background-media":"","overlay-type":"","overlay-color":"","overlay-opacity":"","overlay-gradient":""},"mobile":{"background-color":"","background-image":"","background-repeat":"repeat","background-position":"center center","background-size":"auto","background-attachment":"scroll","background-type":"","background-media":"","overlay-type":"","overlay-color":"","overlay-opacity":"","overlay-gradient":""}},"ast-content-background-meta":{"desktop":{"background-color":"var(--ast-global-color-5)","background-image":"","background-repeat":"repeat","background-position":"center center","background-size":"auto","background-attachment":"scroll","background-type":"","background-media":"","overlay-type":"","overlay-color":"","overlay-opacity":"","overlay-gradient":""},"tablet":{"background-color":"var(--ast-global-color-5)","background-image":"","background-repeat":"repeat","background-position":"center center","background-size":"auto","background-attachment":"scroll","background-type":"","background-media":"","overlay-type":"","overlay-color":"","overlay-opacity":"","overlay-gradient":""},"mobile":{"background-color":"var(--ast-global-color-5)","background-image":"","background-repeat":"repeat","background-position":"center center","background-size":"auto","background-attachment":"scroll","background-type":"","background-media":"","overlay-type":"","overlay-color":"","overlay-opacity":"","overlay-gradient":""}}},"product_brand":[],"product_cat":[265],"product_tag":[],"class_list":{"0":"post-21398","1":"product","2":"type-product","3":"status-publish","4":"has-post-thumbnail","6":"product_cat-fiber-optic-accessory-es","7":"desktop-align-left","8":"tablet-align-left","9":"mobile-align-left","10":"ast-product-gallery-layout-vertical","11":"ast-product-gallery-with-no-image","12":"ast-product-tabs-layout-vertical","13":"ast-qv-on-image","15":"first","16":"instock","17":"shipping-taxable","18":"product-type-simple"},"_links":{"self":[{"href":"https:\/\/www.bonelinks.com\/es\/wp-json\/wp\/v2\/product\/21398","targetHints":{"allow":["GET"]}}],"collection":[{"href":"https:\/\/www.bonelinks.com\/es\/wp-json\/wp\/v2\/product"}],"about":[{"href":"https:\/\/www.bonelinks.com\/es\/wp-json\/wp\/v2\/types\/product"}],"version-history":[{"count":1,"href":"https:\/\/www.bonelinks.com\/es\/wp-json\/wp\/v2\/product\/21398\/revisions"}],"predecessor-version":[{"id":26110,"href":"https:\/\/www.bonelinks.com\/es\/wp-json\/wp\/v2\/product\/21398\/revisions\/26110"}],"wp:featuredmedia":[{"embeddable":true,"href":"https:\/\/www.bonelinks.com\/es\/wp-json\/wp\/v2\/media\/17118"}],"wp:attachment":[{"href":"https:\/\/www.bonelinks.com\/es\/wp-json\/wp\/v2\/media?parent=21398"}],"wp:term":[{"taxonomy":"product_brand","embeddable":true,"href":"https:\/\/www.bonelinks.com\/es\/wp-json\/wp\/v2\/product_brand?post=21398"},{"taxonomy":"product_cat","embeddable":true,"href":"https:\/\/www.bonelinks.com\/es\/wp-json\/wp\/v2\/product_cat?post=21398"},{"taxonomy":"product_tag","embeddable":true,"href":"https:\/\/www.bonelinks.com\/es\/wp-json\/wp\/v2\/product_tag?post=21398"}],"curies":[{"name":"wp","href":"https:\/\/api.w.org\/{rel}","templated":true}]}}