{"id":21396,"date":"2023-01-30T20:24:41","date_gmt":"2023-01-31T04:24:41","guid":{"rendered":"https:\/\/www.bonelinks.com\/product\/panel-de-conexion-de-fibra-optica-para-montaje-en-bastidor-en-centro-de-datos-de-sala-de-servidores\/"},"modified":"2024-02-20T02:56:46","modified_gmt":"2024-02-20T10:56:46","slug":"server-room-data-center-rack-mount-fiber-optic-patch-panel","status":"publish","type":"product","link":"https:\/\/www.bonelinks.com\/es\/product\/server-room-data-center-rack-mount-fiber-optic-patch-panel\/","title":{"rendered":"Panel de conexi\u00f3n de fibra \u00f3ptica para montaje en bastidor en centro de datos de sala de servidores"},"content":{"rendered":"","protected":false},"excerpt":{"rendered":"<p>Los paneles de conexi\u00f3n de fibra \u00f3ptica son dispositivos de comunicaci\u00f3n met\u00e1licos pasivos que se instalan en armarios o bastidores de centros de datos para realizar empalmes por fusi\u00f3n intensivos de tramos entrantes o salientes de cable de fibra \u00f3ptica y gestionar f\u00e1cilmente la transmisi\u00f3n de se\u00f1ales de cada canal. Para ajustarse al tama\u00f1o nominal com\u00fan de la instalaci\u00f3n en armario o bastidor, el panel de conexi\u00f3n de fibra \u00f3ptica tiene una longitud de 19 pulgadas y suele estar disponible en alturas de 1U, 2U y 3U seg\u00fan el n\u00famero de n\u00facleos de empalme de acceso diferentes. Para facilitar la instalaci\u00f3n y la gesti\u00f3n, los paneles de conexi\u00f3n de fibra \u00f3ptica est\u00e1n disponibles en dise\u00f1os sencillos y f\u00e1ciles de usar, con extracci\u00f3n por carril deslizante y fijos, sin extracci\u00f3n por carril. Bonelinks nunca escatima en proporcionar a nuestros clientes paneles de conexi\u00f3n de fibra \u00f3ptica de calidad superior. Todos los paneles de conexi\u00f3n est\u00e1n fabricados con chapa de acero laminado en fr\u00edo de 1,0 mm a 1,2 mm con agujeros cortados y perforados de una sola pieza, y luego se recubren con revestimiento antiest\u00e1tico para maximizar la vida \u00fatil y el rendimiento del producto, y se pueden personalizar con diferentes n\u00facleos de adaptadores SC, FC, LC, ST para conectar nodos y logotipos. Bonelinks tambi\u00e9n puede proporcionar adaptadores preinstalados, pigtails, bandejas de empalme y divisores de fibra \u00f3ptica para ayudar a nuestros clientes a ahorrar dinero y tener \u00e9xito en sus instalaciones.<\/p>\n","protected":false},"featured_media":17163,"template":"","meta":{"site-sidebar-layout":"default","site-content-layout":"default","ast-site-content-layout":"default","site-content-style":"default","site-sidebar-style":"default","ast-global-header-display":"","ast-banner-title-visibility":"","ast-main-header-display":"","ast-hfb-above-header-display":"","ast-hfb-below-header-display":"","ast-hfb-mobile-header-display":"","site-post-title":"","ast-breadcrumbs-content":"","ast-featured-img":"","footer-sml-layout":"","ast-disable-related-posts":"","theme-transparent-header-meta":"default","adv-header-id-meta":"","stick-header-meta":"default","header-above-stick-meta":"","header-main-stick-meta":"","header-below-stick-meta":"","astra-migrate-meta-layouts":"set","ast-page-background-enabled":"default","ast-page-background-meta":{"desktop":{"background-color":"","background-image":"","background-repeat":"repeat","background-position":"center center","background-size":"auto","background-attachment":"scroll","background-type":"","background-media":"","overlay-type":"","overlay-color":"","overlay-opacity":"","overlay-gradient":""},"tablet":{"background-color":"","background-image":"","background-repeat":"repeat","background-position":"center center","background-size":"auto","background-attachment":"scroll","background-type":"","background-media":"","overlay-type":"","overlay-color":"","overlay-opacity":"","overlay-gradient":""},"mobile":{"background-color":"","background-image":"","background-repeat":"repeat","background-position":"center center","background-size":"auto","background-attachment":"scroll","background-type":"","background-media":"","overlay-type":"","overlay-color":"","overlay-opacity":"","overlay-gradient":""}},"ast-content-background-meta":{"desktop":{"background-color":"var(--ast-global-color-5)","background-image":"","background-repeat":"repeat","background-position":"center center","background-size":"auto","background-attachment":"scroll","background-type":"","background-media":"","overlay-type":"","overlay-color":"","overlay-opacity":"","overlay-gradient":""},"tablet":{"background-color":"var(--ast-global-color-5)","background-image":"","background-repeat":"repeat","background-position":"center center","background-size":"auto","background-attachment":"scroll","background-type":"","background-media":"","overlay-type":"","overlay-color":"","overlay-opacity":"","overlay-gradient":""},"mobile":{"background-color":"var(--ast-global-color-5)","background-image":"","background-repeat":"repeat","background-position":"center center","background-size":"auto","background-attachment":"scroll","background-type":"","background-media":"","overlay-type":"","overlay-color":"","overlay-opacity":"","overlay-gradient":""}}},"product_brand":[],"product_cat":[265],"product_tag":[],"class_list":{"0":"post-21396","1":"product","2":"type-product","3":"status-publish","4":"has-post-thumbnail","6":"product_cat-fiber-optic-accessory-es","7":"desktop-align-left","8":"tablet-align-left","9":"mobile-align-left","10":"ast-product-gallery-layout-vertical","11":"ast-product-gallery-with-no-image","12":"ast-product-tabs-layout-vertical","13":"ast-qv-on-image","15":"first","16":"instock","17":"shipping-taxable","18":"product-type-simple"},"_links":{"self":[{"href":"https:\/\/www.bonelinks.com\/es\/wp-json\/wp\/v2\/product\/21396","targetHints":{"allow":["GET"]}}],"collection":[{"href":"https:\/\/www.bonelinks.com\/es\/wp-json\/wp\/v2\/product"}],"about":[{"href":"https:\/\/www.bonelinks.com\/es\/wp-json\/wp\/v2\/types\/product"}],"version-history":[{"count":1,"href":"https:\/\/www.bonelinks.com\/es\/wp-json\/wp\/v2\/product\/21396\/revisions"}],"predecessor-version":[{"id":26108,"href":"https:\/\/www.bonelinks.com\/es\/wp-json\/wp\/v2\/product\/21396\/revisions\/26108"}],"wp:featuredmedia":[{"embeddable":true,"href":"https:\/\/www.bonelinks.com\/es\/wp-json\/wp\/v2\/media\/17163"}],"wp:attachment":[{"href":"https:\/\/www.bonelinks.com\/es\/wp-json\/wp\/v2\/media?parent=21396"}],"wp:term":[{"taxonomy":"product_brand","embeddable":true,"href":"https:\/\/www.bonelinks.com\/es\/wp-json\/wp\/v2\/product_brand?post=21396"},{"taxonomy":"product_cat","embeddable":true,"href":"https:\/\/www.bonelinks.com\/es\/wp-json\/wp\/v2\/product_cat?post=21396"},{"taxonomy":"product_tag","embeddable":true,"href":"https:\/\/www.bonelinks.com\/es\/wp-json\/wp\/v2\/product_tag?post=21396"}],"curies":[{"name":"wp","href":"https:\/\/api.w.org\/{rel}","templated":true}]}}