{"id":21391,"date":"2023-06-28T19:40:52","date_gmt":"2023-06-29T03:40:52","guid":{"rendered":"https:\/\/www.bonelinks.com\/product\/cable-de-conexion-de-fibra-multimodo-lc-a-lc\/"},"modified":"2024-02-20T02:44:13","modified_gmt":"2024-02-20T10:44:13","slug":"lc-to-lc-fiber-patch-cable-multimode","status":"publish","type":"product","link":"https:\/\/www.bonelinks.com\/es\/product\/lc-to-lc-fiber-patch-cable-multimode\/","title":{"rendered":"Cable de conexi\u00f3n de fibra multimodo LC a LC"},"content":{"rendered":"<h1 style=\"text-align: left; font-size: 18px;\"><strong>Cable de conexi\u00f3n de fibra multimodo LC a LC: Alta densidad y rendimiento fiable<\/strong><\/h1>\n<p>El cable de fibra \u00f3ptica multimodo LC a LC es el tipo de cable de fibra \u00f3ptica m\u00e1s com\u00fan del sector. Con conectores de fibra LC en ambos extremos, es la opci\u00f3n preferida para conexiones de fibra \u00f3ptica fiables y de alta densidad. Este cable es perfecto para conexiones Ethernet 10\/40\/100G, incluidos transceptores 10G SR, 10G LRM y SFP+. Est\u00e1 especialmente dise\u00f1ado para Ethernet r\u00e1pida, canal de fibra, Gigabit Ethernet, centros de datos, instituciones educativas, LAN, SAN, aplicaciones comerciales y modo de transferencia as\u00edncrono (ATM). Admite servicios de v\u00eddeo, datos y voz. Cada cable se prueba individualmente, se certifica y est\u00e1 respaldado por una garant\u00eda de por vida para garantizar la compatibilidad y una fiabilidad del 100%.<\/p>\n<table width=\"1104\">\n<tbody>\n<tr>\n<td width=\"160\"><strong>Cable de conexi\u00f3n de fibra multimodo LC a LC <\/strong><\/td>\n<td width=\"131\"><strong>Di\u00e1metro<\/strong><\/td>\n<td width=\"121\"><strong>Color de la chaqueta<\/strong><\/td>\n<td width=\"127\"><strong>Fuente \u00f3ptica<\/strong><\/td>\n<td width=\"143\"><strong>Ancho de banda<\/strong><\/td>\n<td width=\"134\"><strong>Fast Ethernet<\/strong><\/td>\n<td width=\"72\"><strong>1GbE<\/strong><\/td>\n<td width=\"72\"><strong>10GbE<\/strong><\/td>\n<td width=\"72\"><strong>40GbE<\/strong><\/td>\n<td width=\"72\"><strong>100GbE<\/strong><\/td>\n<\/tr>\n<tr>\n<td width=\"160\">OM1<\/td>\n<td width=\"131\">62,5\/125\u00b5m<\/td>\n<td width=\"121\">Naranja<\/td>\n<td width=\"127\">LED<\/td>\n<td width=\"143\">200MHz*km<\/td>\n<td width=\"134\">2000m<\/td>\n<td width=\"72\">275m<\/td>\n<td width=\"72\">33m<\/td>\n<td width=\"72\">\/<\/td>\n<td width=\"72\">\/<\/td>\n<\/tr>\n<tr>\n<td width=\"160\">OM2<\/td>\n<td width=\"131\">50\/125\u00b5m<\/td>\n<td width=\"121\">Naranja<\/td>\n<td width=\"127\">LED<\/td>\n<td width=\"143\">500MHz*km<\/td>\n<td width=\"134\">2000m<\/td>\n<td width=\"72\">550m<\/td>\n<td width=\"72\">82m<\/td>\n<td width=\"72\">\/<\/td>\n<td width=\"72\">\/<\/td>\n<\/tr>\n<tr>\n<td width=\"160\">OM3<\/td>\n<td width=\"131\">50\/125\u00b5m<\/td>\n<td width=\"121\">Aqua<\/td>\n<td width=\"127\">VSCEL<\/td>\n<td width=\"143\">2000MHz*km<\/td>\n<td width=\"134\">2000m<\/td>\n<td width=\"72\">\/<\/td>\n<td width=\"72\">300m<\/td>\n<td width=\"72\">100m<\/td>\n<td width=\"72\">70m<\/td>\n<\/tr>\n<tr>\n<td width=\"160\">OM4<\/td>\n<td width=\"131\">50\/125\u00b5m<\/td>\n<td width=\"121\">Violeta<\/td>\n<td width=\"127\">VSCEL<\/td>\n<td width=\"143\">4700MHz*km<\/td>\n<td width=\"134\">2000m<\/td>\n<td width=\"72\">\/<\/td>\n<td width=\"72\">550m<\/td>\n<td width=\"72\">150m<\/td>\n<td width=\"72\">150m<\/td>\n<\/tr>\n<\/tbody>\n<\/table>\n<p><img fetchpriority=\"high\" decoding=\"async\" class=\"alignnone size-full wp-image-7133\" src=\"https:\/\/www.bonelinks.com\/wp-content\/uploads\/2023\/06\/multimode-LC-LC-patch-cords.jpg\" alt=\"cables de conexi\u00f3n multimodo LC\" width=\"800\" height=\"348\" srcset=\"https:\/\/www.bonelinks.com\/wp-content\/uploads\/2023\/06\/multimode-LC-LC-patch-cords.jpg 800w, https:\/\/www.bonelinks.com\/wp-content\/uploads\/2023\/06\/multimode-LC-LC-patch-cords-300x131.jpg 300w, https:\/\/www.bonelinks.com\/wp-content\/uploads\/2023\/06\/multimode-LC-LC-patch-cords-768x334.jpg 768w, https:\/\/www.bonelinks.com\/wp-content\/uploads\/2023\/06\/multimode-LC-LC-patch-cords-650x283.jpg 650w\" sizes=\"(max-width: 800px) 100vw, 800px\" \/><\/p>\n<h2 style=\"text-align: left; font-size: 18px;\"><strong>Mejor venta LC a LC multimodo cable de conexi\u00f3n de fibra en Bonelinks<\/strong><\/h2>\n<table>\n<tbody>\n<tr>\n<th class=\"header\">Cable de conexi\u00f3n de fibra multimodo LC a LC<\/th>\n<th class=\"header\">Fibra OM2 LC a LC<\/th>\n<th class=\"header\">Fibra OM3 LC a LC<\/th>\n<th class=\"header\">Fibra OM4 LC a LC<\/th>\n<\/tr>\n<tr>\n<td>Recuento de fibras<\/td>\n<td>simplex, d\u00faplex<\/td>\n<td>simplex, d\u00faplex<\/td>\n<td>simplex, d\u00faplex<\/td>\n<\/tr>\n<tr>\n<td>Modo fibra<\/td>\n<td>Multimodo<\/td>\n<td>Multimodo<\/td>\n<td>Multimodo<\/td>\n<\/tr>\n<tr>\n<td>Velocidad de datos<\/td>\n<td>1G\/10GB<\/td>\n<td>10G\/40G\/100GB<\/td>\n<td>10G\/40G\/100GB<\/td>\n<\/tr>\n<tr>\n<td>Conector<\/td>\n<td>LC UPC a LC UPC<\/td>\n<td>LC UPC a LC UPC<\/td>\n<td>LC UPC a LC UPC<\/td>\n<\/tr>\n<tr>\n<td>P\u00e9rdida de inserci\u00f3n<\/td>\n<td>\u22640,3dB<\/td>\n<td>\u22640,3dB<\/td>\n<td>\u22640,3dB<\/td>\n<\/tr>\n<tr>\n<td>P\u00e9rdida de retorno<\/td>\n<td>\u226530dB<\/td>\n<td>\u226530dB<\/td>\n<td>\u226530dB<\/td>\n<\/tr>\n<tr>\n<td>Longitud<\/td>\n<td>1m, 2m, 3m, 5m, 10m o personalizado<\/td>\n<td>1m, 2m, 3m, 5m, 10m o personalizado<\/td>\n<td>1m, 2m, 3m, 5m, 10m o personalizado<\/td>\n<\/tr>\n<tr>\n<td>Chaqueta<\/td>\n<td>LSZH, OFNR, PVC<\/td>\n<td>LSZH, OFNR, PVC<\/td>\n<td>LSZH, OFNR, PVC<\/td>\n<\/tr>\n<\/tbody>\n<\/table>\n<h2 style=\"text-align: left; font-size: 18px;\"><strong>Caracter\u00edsticas del cable de conexi\u00f3n de fibra multimodo LC a LC<\/strong><\/h2>\n<ul>\n<li>Transmisiones de alta velocidad y gran ancho de banda a trav\u00e9s de redes Gigabit Ethernet\/canales de fibra<\/li>\n<li>Resistente a tirones, tensiones e impactos durante la instalaci\u00f3n y el mantenimiento de cables<\/li>\n<li>Baja p\u00e9rdida de inserci\u00f3n y alta p\u00e9rdida de retorno<\/li>\n<li>Terminado en f\u00e1brica y probado para un rendimiento fiable<\/li>\n<li>Buen intercambio, durabilidad y repetibilidad<\/li>\n<li>Excelente adaptabilidad al entorno<\/li>\n<li>Cumple las normas internacionales de telecomunicaciones<\/li>\n<li>Permite la transmisi\u00f3n a alta velocidad<\/li>\n<\/ul>\n<h2 style=\"text-align: left; font-size: 18px;\"><strong>Aplicaciones del cable de fibra multimodo LC a LC<\/strong><\/h2>\n<ul>\n<li>Transmisi\u00f3n de datos a alta velocidad en aplicaciones con gran cantidad de datos<\/li>\n<li>Sistemas de banda ancha<\/li>\n<li>Telecomunicaciones y comunicaci\u00f3n de datos<\/li>\n<li>Vers\u00e1til para instalaciones interiores: Adecuado para conexiones de armarios de red, cableado de techo y cableado bajo suelo en centros de datos.<\/li>\n<\/ul>\n<h2 style=\"text-align: left; font-size: 18px;\"><strong>\u00bfBusca m\u00e1s opciones de cables de fibra \u00f3ptica?<\/strong><\/h2>\n<p>\u00bfQuiere m\u00e1s opciones de cables de conexi\u00f3n de fibra? Explore nuestra selecci\u00f3n de <span style=\"color: #0054a6;\"><strong><a style=\"color: #0054a6;\" href=\"https:\/\/www.bonelinks.com\/es\/lc-fibre-patch-leads\/\" target=\"_blank\" rel=\"noopener\">LC Cables de conexi\u00f3n de fibra, <\/a><\/strong><\/span><a title=\"Cables de fibra \u00f3ptica LC a LC\" href=\"https:\/\/www.bonelinks.com\/es\/lc-to-lc-fiber-patch-cable\/\" target=\"_blank\" rel=\"noopener\"><strong><span style=\"color: #0054a6;\">LC a LC Cables de conexi\u00f3n de fibra, <\/span><\/strong><\/a><strong><span style=\"color: #0054a6;\"><a style=\"color: #0054a6;\" href=\"https:\/\/www.bonelinks.com\/es\/multimode-fibre-patch-leads\/\" target=\"_blank\" rel=\"noopener\">Cable de conexi\u00f3n de fibra multimodo <\/a><\/span><\/strong>para la creaci\u00f3n de redes sin fisuras.<\/p>\n<p>\u00bfBusca cables de fibra dise\u00f1ados a medida? Explore nuestra secci\u00f3n dedicada a<a href=\"https:\/\/www.bonelinks.com\/es\/custom-fiber-optic-cables\/\" target=\"_blank\" rel=\"noopener\"><span style=\"color: #0054a6;\"><strong> Cables de fibra personalizados <\/strong><\/span><\/a>para soluciones de conectividad a medida.<\/p>\n<ul>\n<li>Venta al por menor o al por mayor: \u00a1nosotros le cubrimos!<\/li>\n<li>\u00bfNo sabe qu\u00e9 comprar? Ofrecemos orientaci\u00f3n experta.<\/li>\n<li>MOQ peque\u00f1o: No necesita comprar m\u00e1s de lo que desea.<\/li>\n<li>Precios competitivos: Obtenga siempre un gran valor.<\/li>\n<li>Entrega puntual: Su rapidez, nuestra prioridad.<\/li>\n<li>Centrados en el cliente: Adaptamos nuestros servicios a sus necesidades.<\/li>\n<\/ul>\n<p><strong>Con\u00e9ctese con nosotros<\/strong><br \/>\nSi tiene problemas para encontrar el <span style=\"color: #0054a6;\"><strong><a style=\"color: #0054a6;\" href=\"https:\/\/www.bonelinks.com\/es\/fiber-optic-patch-cord-supplier\/\" target=\"_blank\" rel=\"noopener\">cable de fibra <\/a><\/strong><\/span>para sus necesidades, o si necesita el asesoramiento de un experto, con un solo clic podr\u00e1<a href=\"https:\/\/www.bonelinks.com\/es\/contact-us\/\" target=\"_blank\" rel=\"noopener\"><strong><span style=\"color: #0054a6;\"> chatear con nosotros <\/span><\/strong><\/a>en segundos. Su satisfacci\u00f3n es nuestra prioridad. Estamos dispuestos a ayudarle en todo. <strong>No se preocupe, no es necesario pensar demasiado. Estamos aqu\u00ed, listos para ayudarle.<\/strong><\/p>\n","protected":false},"excerpt":{"rendered":"<p>El cable de conexi\u00f3n de fibra multimodo LC a LC se utiliza ampliamente en la industria y ofrece una alta densidad y un rendimiento fiable. Es ideal para conexiones Ethernet 10\/40\/100G, compatible con transceptores 10G SR, 10G LRM, SFP+. Especialmente dise\u00f1ado para Fast Ethernet, Fiber Channel, Gigabit Ethernet y diversas aplicaciones. Cada cable se prueba y certifica individualmente, y est\u00e1 respaldado por una garant\u00eda de por vida que garantiza su compatibilidad y fiabilidad.<\/p>\n","protected":false},"featured_media":17868,"template":"","meta":{"site-sidebar-layout":"default","site-content-layout":"default","ast-site-content-layout":"default","site-content-style":"default","site-sidebar-style":"default","ast-global-header-display":"","ast-banner-title-visibility":"","ast-main-header-display":"","ast-hfb-above-header-display":"","ast-hfb-below-header-display":"","ast-hfb-mobile-header-display":"","site-post-title":"","ast-breadcrumbs-content":"","ast-featured-img":"","footer-sml-layout":"","ast-disable-related-posts":"","theme-transparent-header-meta":"default","adv-header-id-meta":"","stick-header-meta":"default","header-above-stick-meta":"","header-main-stick-meta":"","header-below-stick-meta":"","astra-migrate-meta-layouts":"set","ast-page-background-enabled":"default","ast-page-background-meta":{"desktop":{"background-color":"","background-image":"","background-repeat":"repeat","background-position":"center center","background-size":"auto","background-attachment":"scroll","background-type":"","background-media":"","overlay-type":"","overlay-color":"","overlay-opacity":"","overlay-gradient":""},"tablet":{"background-color":"","background-image":"","background-repeat":"repeat","background-position":"center center","background-size":"auto","background-attachment":"scroll","background-type":"","background-media":"","overlay-type":"","overlay-color":"","overlay-opacity":"","overlay-gradient":""},"mobile":{"background-color":"","background-image":"","background-repeat":"repeat","background-position":"center center","background-size":"auto","background-attachment":"scroll","background-type":"","background-media":"","overlay-type":"","overlay-color":"","overlay-opacity":"","overlay-gradient":""}},"ast-content-background-meta":{"desktop":{"background-color":"var(--ast-global-color-5)","background-image":"","background-repeat":"repeat","background-position":"center center","background-size":"auto","background-attachment":"scroll","background-type":"","background-media":"","overlay-type":"","overlay-color":"","overlay-opacity":"","overlay-gradient":""},"tablet":{"background-color":"var(--ast-global-color-5)","background-image":"","background-repeat":"repeat","background-position":"center center","background-size":"auto","background-attachment":"scroll","background-type":"","background-media":"","overlay-type":"","overlay-color":"","overlay-opacity":"","overlay-gradient":""},"mobile":{"background-color":"var(--ast-global-color-5)","background-image":"","background-repeat":"repeat","background-position":"center center","background-size":"auto","background-attachment":"scroll","background-type":"","background-media":"","overlay-type":"","overlay-color":"","overlay-opacity":"","overlay-gradient":""}}},"product_brand":[],"product_cat":[245,244,251],"product_tag":[],"class_list":{"0":"post-21391","1":"product","2":"type-product","3":"status-publish","4":"has-post-thumbnail","6":"product_cat-multimode-fiber-patch-cord-es","7":"product_cat-fiber-patch-cord-es","8":"product_cat-lc-fiber-patch-cord-es","9":"pa_connector-type-lc-lc-es","10":"pa_fiber-type-multimodo","11":"desktop-align-left","12":"tablet-align-left","13":"mobile-align-left","14":"ast-product-gallery-layout-vertical","15":"ast-product-gallery-with-no-image","16":"ast-product-tabs-layout-vertical","17":"ast-qv-on-image","19":"first","20":"instock","21":"shipping-taxable","22":"product-type-simple"},"_links":{"self":[{"href":"https:\/\/www.bonelinks.com\/es\/wp-json\/wp\/v2\/product\/21391","targetHints":{"allow":["GET"]}}],"collection":[{"href":"https:\/\/www.bonelinks.com\/es\/wp-json\/wp\/v2\/product"}],"about":[{"href":"https:\/\/www.bonelinks.com\/es\/wp-json\/wp\/v2\/types\/product"}],"version-history":[{"count":3,"href":"https:\/\/www.bonelinks.com\/es\/wp-json\/wp\/v2\/product\/21391\/revisions"}],"predecessor-version":[{"id":26636,"href":"https:\/\/www.bonelinks.com\/es\/wp-json\/wp\/v2\/product\/21391\/revisions\/26636"}],"wp:featuredmedia":[{"embeddable":true,"href":"https:\/\/www.bonelinks.com\/es\/wp-json\/wp\/v2\/media\/17868"}],"wp:attachment":[{"href":"https:\/\/www.bonelinks.com\/es\/wp-json\/wp\/v2\/media?parent=21391"}],"wp:term":[{"taxonomy":"product_brand","embeddable":true,"href":"https:\/\/www.bonelinks.com\/es\/wp-json\/wp\/v2\/product_brand?post=21391"},{"taxonomy":"product_cat","embeddable":true,"href":"https:\/\/www.bonelinks.com\/es\/wp-json\/wp\/v2\/product_cat?post=21391"},{"taxonomy":"product_tag","embeddable":true,"href":"https:\/\/www.bonelinks.com\/es\/wp-json\/wp\/v2\/product_tag?post=21391"}],"curies":[{"name":"wp","href":"https:\/\/api.w.org\/{rel}","templated":true}]}}