{"id":21389,"date":"2023-07-02T21:00:55","date_gmt":"2023-07-03T05:00:55","guid":{"rendered":"https:\/\/www.bonelinks.com\/product\/cable-de-conexion-de-fibra-duplex-om3-sc-sc-de-20-m\/"},"modified":"2024-02-20T02:42:43","modified_gmt":"2024-02-20T10:42:43","slug":"2m-om3-sc-sc-duplex-fibre-patch-lead","status":"publish","type":"product","link":"https:\/\/www.bonelinks.com\/es\/product\/2m-om3-sc-sc-duplex-fibre-patch-lead\/","title":{"rendered":"Cable de conexi\u00f3n de fibra d\u00faplex OM3 SC-SC de 2m"},"content":{"rendered":"<h1 style=\"text-align: left; font-size: 18px;\"><strong>Cable de conexi\u00f3n de fibra d\u00faplex OM3 SC-SC de 2m de alta calidad para una transmisi\u00f3n de datos fiable<\/strong><\/h1>\n<p>Presentamos nuestros cables de fibra OM3 SC a SC 10Gb 50\/125 Multimode Duplex de alto rendimiento, terminados con conectores SC cer\u00e1micos con f\u00e9rula de 2,5 mm. Estos cables est\u00e1n dise\u00f1ados para una transmisi\u00f3n de datos fiable y de alta velocidad, con fibra \u00f3ptica de vidrio de alta calidad para reducir las p\u00e9rdidas. Con un robusto di\u00e1metro exterior de 3,0 mm de grosor en color aguamarina y refuerzo de cremallera, ofrecen durabilidad y flexibilidad.<\/p>\n<p>Ofrecen un rendimiento excelente, conforme a normas como 1\/10\/40Gb Multimodo y Ancho de banda modal. Con unas especificaciones excepcionales y una construcci\u00f3n fiable, nuestros cables de fibra \u00f3ptica proporcionan una transmisi\u00f3n de datos fiable y eficaz en entornos exigentes.<\/p>\n<p><strong>Caracter\u00edsticas del cable de conexi\u00f3n de fibra d\u00faplex OM3 SC-SC<\/strong><\/p>\n<ul>\n<li>Conectores SC UPC a SC UPC<\/li>\n<li>Configuraci\u00f3n d\u00faplex (2 hilos de fibra)<\/li>\n<li>Admite 10 Gb hasta 300 metros, 40 Gb y 100 Gb hasta 100 metros<\/li>\n<li>Longitudes de cable de 2 m<\/li>\n<li>Cada cord\u00f3n se prueba durante la producci\u00f3n<\/li>\n<li>Baja p\u00e9rdida de inserci\u00f3n<\/li>\n<li>P\u00e9rdida por alta reflexi\u00f3n dorsal<\/li>\n<li>Capacidad estable y alta fiabilidad<\/li>\n<\/ul>\n<h2 style=\"text-align: left; font-size: 18px;\"><strong>Aplicaciones del cable de fibra \u00f3ptica d\u00faplex OM3 SC-SC<\/strong><\/h2>\n<ul>\n<li>10 Gigabit Ethernet<\/li>\n<li>Almacenamiento de datos<\/li>\n<li>LANs<\/li>\n<\/ul>\n<h2 style=\"text-align: left; font-size: 18px;\"><strong>\u00bfBusca m\u00e1s opciones de cables de fibra \u00f3ptica?<\/strong><\/h2>\n<p>\u00bfQuiere m\u00e1s opciones de cables de conexi\u00f3n de fibra? Explore nuestra selecci\u00f3n de <a title=\"Cables de conexi\u00f3n de fibra SC\" href=\"https:\/\/www.bonelinks.com\/es\/sc-fibre-patch-leads\/\" target=\"_blank\" rel=\"noopener\"><strong><span style=\"color: #0054a6;\">Cables de conexi\u00f3n de fibra SC, <\/span><\/strong><\/a><strong><span style=\"color: #0054a6;\"><a style=\"color: #0054a6;\" href=\"https:\/\/www.bonelinks.com\/es\/multimode-fibre-patch-leads\/\" target=\"_blank\" rel=\"noopener\">Cables de conexi\u00f3n de fibra multimodo <\/a><\/span><\/strong>para una conexi\u00f3n en red perfecta.<\/p>\n<p>\u00bfBusca cables de fibra dise\u00f1ados a medida? Explore nuestra secci\u00f3n dedicada a<a href=\"https:\/\/www.bonelinks.com\/es\/custom-fiber-optic-cables\/\" target=\"_blank\" rel=\"noopener\"><span style=\"color: #0054a6;\"><strong> Cables de fibra personalizados <\/strong><\/span><\/a>para soluciones de conectividad a medida.<\/p>\n<ul>\n<li>Venta al por menor o al por mayor: \u00a1nosotros le cubrimos!<\/li>\n<li>\u00bfNo sabe qu\u00e9 comprar? Ofrecemos orientaci\u00f3n experta.<\/li>\n<li>MOQ peque\u00f1o: No necesita comprar m\u00e1s de lo que desea.<\/li>\n<li>Precios competitivos: Obtenga siempre un gran valor.<\/li>\n<li>Entrega puntual: Su rapidez, nuestra prioridad.<\/li>\n<li>Centrados en el cliente: Adaptamos nuestros servicios a sus necesidades.<\/li>\n<\/ul>\n<p><strong>Con\u00e9ctese con nosotros<\/strong><br \/>\nSi tiene problemas para encontrar el <span style=\"color: #0054a6;\"><strong><a style=\"color: #0054a6;\" href=\"https:\/\/www.bonelinks.com\/es\/fiber-optic-patch-cord-supplier\/\" target=\"_blank\" rel=\"noopener\">cable de fibra <\/a><\/strong><\/span>para sus necesidades, o si necesita el asesoramiento de un experto, con un solo clic podr\u00e1<a href=\"https:\/\/www.bonelinks.com\/es\/contact-us\/\" target=\"_blank\" rel=\"noopener\"><strong><span style=\"color: #0054a6;\"> chatear con nosotros <\/span><\/strong><\/a>en segundos. Su satisfacci\u00f3n es nuestra prioridad. Estamos dispuestos a ayudarle en todo. <strong>No se preocupe, no es necesario pensar demasiado. Estamos aqu\u00ed, listos para ayudarle.<\/strong><\/p>\n","protected":false},"excerpt":{"rendered":"<p>Cable de conexi\u00f3n de fibra d\u00faplex OM3 SC-SC de 2,0 m de alta calidad con conectores SC cer\u00e1micos con virola de 2,5 mm. Color aguamarina, 3,0 mm de grosor, reforzado con cremallera. Ideal para la transmisi\u00f3n de datos a alta velocidad y con pocas p\u00e9rdidas.<\/p>\n<ul>\n<li>Cable de fibra multimodo OM3 de alta calidad con conectores SC\/SC<\/li>\n<li>1\/10\/40Gb Multimodo<\/li>\n<li>Caracter\u00edsticas \u00f3pticas inspeccionadas al 100% antes del env\u00edo<\/li>\n<\/ul>\n","protected":false},"featured_media":17818,"template":"","meta":{"site-sidebar-layout":"default","site-content-layout":"default","ast-site-content-layout":"default","site-content-style":"default","site-sidebar-style":"default","ast-global-header-display":"","ast-banner-title-visibility":"","ast-main-header-display":"","ast-hfb-above-header-display":"","ast-hfb-below-header-display":"","ast-hfb-mobile-header-display":"","site-post-title":"","ast-breadcrumbs-content":"","ast-featured-img":"","footer-sml-layout":"","ast-disable-related-posts":"","theme-transparent-header-meta":"default","adv-header-id-meta":"","stick-header-meta":"default","header-above-stick-meta":"","header-main-stick-meta":"","header-below-stick-meta":"","astra-migrate-meta-layouts":"set","ast-page-background-enabled":"default","ast-page-background-meta":{"desktop":{"background-color":"","background-image":"","background-repeat":"repeat","background-position":"center center","background-size":"auto","background-attachment":"scroll","background-type":"","background-media":"","overlay-type":"","overlay-color":"","overlay-opacity":"","overlay-gradient":""},"tablet":{"background-color":"","background-image":"","background-repeat":"repeat","background-position":"center center","background-size":"auto","background-attachment":"scroll","background-type":"","background-media":"","overlay-type":"","overlay-color":"","overlay-opacity":"","overlay-gradient":""},"mobile":{"background-color":"","background-image":"","background-repeat":"repeat","background-position":"center center","background-size":"auto","background-attachment":"scroll","background-type":"","background-media":"","overlay-type":"","overlay-color":"","overlay-opacity":"","overlay-gradient":""}},"ast-content-background-meta":{"desktop":{"background-color":"var(--ast-global-color-5)","background-image":"","background-repeat":"repeat","background-position":"center center","background-size":"auto","background-attachment":"scroll","background-type":"","background-media":"","overlay-type":"","overlay-color":"","overlay-opacity":"","overlay-gradient":""},"tablet":{"background-color":"var(--ast-global-color-5)","background-image":"","background-repeat":"repeat","background-position":"center center","background-size":"auto","background-attachment":"scroll","background-type":"","background-media":"","overlay-type":"","overlay-color":"","overlay-opacity":"","overlay-gradient":""},"mobile":{"background-color":"var(--ast-global-color-5)","background-image":"","background-repeat":"repeat","background-position":"center center","background-size":"auto","background-attachment":"scroll","background-type":"","background-media":"","overlay-type":"","overlay-color":"","overlay-opacity":"","overlay-gradient":""}}},"product_brand":[],"product_cat":[245,244,317],"product_tag":[],"class_list":{"0":"post-21389","1":"product","2":"type-product","3":"status-publish","4":"has-post-thumbnail","6":"product_cat-multimode-fiber-patch-cord-es","7":"product_cat-fiber-patch-cord-es","8":"product_cat-sc-fiber-patch-cord-es","9":"pa_connector-type-sc-sc-es","10":"pa_fiber-type-50-125-om3-es","11":"desktop-align-left","12":"tablet-align-left","13":"mobile-align-left","14":"ast-product-gallery-layout-vertical","15":"ast-product-gallery-with-no-image","16":"ast-product-tabs-layout-vertical","17":"ast-qv-on-image","19":"first","20":"instock","21":"shipping-taxable","22":"product-type-simple"},"_links":{"self":[{"href":"https:\/\/www.bonelinks.com\/es\/wp-json\/wp\/v2\/product\/21389","targetHints":{"allow":["GET"]}}],"collection":[{"href":"https:\/\/www.bonelinks.com\/es\/wp-json\/wp\/v2\/product"}],"about":[{"href":"https:\/\/www.bonelinks.com\/es\/wp-json\/wp\/v2\/types\/product"}],"version-history":[{"count":3,"href":"https:\/\/www.bonelinks.com\/es\/wp-json\/wp\/v2\/product\/21389\/revisions"}],"predecessor-version":[{"id":26634,"href":"https:\/\/www.bonelinks.com\/es\/wp-json\/wp\/v2\/product\/21389\/revisions\/26634"}],"wp:featuredmedia":[{"embeddable":true,"href":"https:\/\/www.bonelinks.com\/es\/wp-json\/wp\/v2\/media\/17818"}],"wp:attachment":[{"href":"https:\/\/www.bonelinks.com\/es\/wp-json\/wp\/v2\/media?parent=21389"}],"wp:term":[{"taxonomy":"product_brand","embeddable":true,"href":"https:\/\/www.bonelinks.com\/es\/wp-json\/wp\/v2\/product_brand?post=21389"},{"taxonomy":"product_cat","embeddable":true,"href":"https:\/\/www.bonelinks.com\/es\/wp-json\/wp\/v2\/product_cat?post=21389"},{"taxonomy":"product_tag","embeddable":true,"href":"https:\/\/www.bonelinks.com\/es\/wp-json\/wp\/v2\/product_tag?post=21389"}],"curies":[{"name":"wp","href":"https:\/\/api.w.org\/{rel}","templated":true}]}}