{"id":21344,"date":"2023-07-03T01:26:20","date_gmt":"2023-07-03T09:26:20","guid":{"rendered":"https:\/\/www.bonelinks.com\/product\/cable-de-conexion-de-fibra-sc-doble-om4\/"},"modified":"2024-02-20T04:05:35","modified_gmt":"2024-02-20T12:05:35","slug":"dual-sc-fibre-patch-lead-om4","status":"publish","type":"product","link":"https:\/\/www.bonelinks.com\/es\/product\/dual-sc-fibre-patch-lead-om4\/","title":{"rendered":"Cable de conexi\u00f3n de fibra SC doble OM4"},"content":{"rendered":"<h1 style=\"text-align: left; font-size: 18px;\"><strong>Cable de conexi\u00f3n de fibra SC doble OM4 de alta velocidad<\/strong><\/h1>\n<p>Nuestro cable de conexi\u00f3n de fibra \u00f3ptica OM4 multimodo d\u00faplex (50\/125\u00b5m) de primera calidad est\u00e1 dise\u00f1ado para transmisiones de datos de alta velocidad en redes Ethernet de 100 Gigabits. Con casquillos cer\u00e1micos, un n\u00facleo de 50\/125\u00b5m y conectores SC dobles, permite una instalaci\u00f3n r\u00e1pida en entornos de cables de alta densidad. Admite conexiones Ethernet 10\/40\/100G y es ideal para su uso con transceptores 10G SR, 10G LRM, 40G BIDI SR y SFP+. Probado para una baja p\u00e9rdida de inserci\u00f3n y retorno, garantiza un rendimiento superior. El color violeta Erika hace que sea f\u00e1cil distinguirlo de otros cables.<\/p>\n<table>\n<caption><strong>Soporte de distancia de enlace OM4<\/strong><\/caption>\n<tbody>\n<tr>\n<th>Designaci\u00f3n del transceptor<\/th>\n<th>OM4 (Distancia m\u00e1xima en metros)<\/th>\n<\/tr>\n<tr>\n<td style=\"text-align: center;\">10GBASE-SR<\/td>\n<td style=\"text-align: center;\">550<\/td>\n<\/tr>\n<tr>\n<td style=\"text-align: center;\">10GBASE-LX4<\/td>\n<td style=\"text-align: center;\">300<\/td>\n<\/tr>\n<tr>\n<td style=\"text-align: center;\">10GBASE-LRM<\/td>\n<td style=\"text-align: center;\">220<\/td>\n<\/tr>\n<tr>\n<td style=\"text-align: center;\">40GBASE-SR4<\/td>\n<td style=\"text-align: center;\">125<\/td>\n<\/tr>\n<tr>\n<td style=\"text-align: center;\">100GBASE-SR10<\/td>\n<td style=\"text-align: center;\">125<\/td>\n<\/tr>\n<\/tbody>\n<\/table>\n<p><strong>Caracter\u00edsticas del cable de conexi\u00f3n de fibra SC doble OM4<\/strong><\/p>\n<ul>\n<li>Construcci\u00f3n de fibra multimodo: n\u00facleo y revestimiento de di\u00e1metro 50\/125<\/li>\n<li>Admite velocidades de transferencia de datos de hasta 10 Gbps, 40 Gbps y 100 Gbps.<\/li>\n<li>Compatible con los equipos OM2 y OM3 50\/125 MMF existentes<\/li>\n<li>Compatible con 10GBase-SR SFP+, 40Gbase-SR4 QSFP+ y 100Gbase-SR10 QSFP28<\/li>\n<li>F\u00e9rulas de precisi\u00f3n de circonio<\/li>\n<li>Contacto ultra f\u00edsico<\/li>\n<li>Probado individualmente<\/li>\n<\/ul>\n<h2 style=\"text-align: left; font-size: 18px;\"><strong>Aplicaciones del cable de conexi\u00f3n de fibra SC doble OM4<\/strong><\/h2>\n<ul>\n<li>10\/40\/100 Gigabit Ethernet<\/li>\n<li>Almacenamiento de datos<\/li>\n<li>LAN heredadas<\/li>\n<\/ul>\n<p><img fetchpriority=\"high\" decoding=\"async\" class=\"alignnone size-full wp-image-7181\" src=\"https:\/\/www.bonelinks.com\/wp-content\/uploads\/2023\/07\/dual-sc-patch-lead-application.png\" alt=\"aplicaci\u00f3n del cable de parche doble sc\" width=\"714\" height=\"260\" srcset=\"https:\/\/www.bonelinks.com\/wp-content\/uploads\/2023\/07\/dual-sc-patch-lead-application.png 714w, https:\/\/www.bonelinks.com\/wp-content\/uploads\/2023\/07\/dual-sc-patch-lead-application-300x109.png 300w, https:\/\/www.bonelinks.com\/wp-content\/uploads\/2023\/07\/dual-sc-patch-lead-application-650x237.png 650w\" sizes=\"(max-width: 714px) 100vw, 714px\" \/><\/p>\n<h2 style=\"text-align: left; font-size: 18px;\"><strong>\u00bfBusca m\u00e1s opciones de cables de fibra \u00f3ptica?<\/strong><\/h2>\n<p>\u00bfQuiere m\u00e1s opciones de cables de conexi\u00f3n de fibra? Explore nuestra selecci\u00f3n de <a title=\"Cables de conexi\u00f3n de fibra SC\" href=\"https:\/\/www.bonelinks.com\/es\/sc-fibre-patch-leads\/\" target=\"_blank\" rel=\"noopener\"><strong><span style=\"color: #0054a6;\">Cables de conexi\u00f3n de fibra SC, <\/span><\/strong><\/a><strong><span style=\"color: #0054a6;\"><a style=\"color: #0054a6;\" href=\"https:\/\/www.bonelinks.com\/es\/multimode-fibre-patch-leads\/\" target=\"_blank\" rel=\"noopener\">Cables de conexi\u00f3n de fibra multimodo <\/a><\/span><\/strong>para una conexi\u00f3n en red perfecta.<\/p>\n<p>\u00bfBusca cables de fibra dise\u00f1ados a medida? Explore nuestra secci\u00f3n dedicada a<a href=\"https:\/\/www.bonelinks.com\/es\/custom-fiber-optic-cables\/\" target=\"_blank\" rel=\"noopener\"><span style=\"color: #0054a6;\"><strong> Cables de fibra personalizados <\/strong><\/span><\/a>para soluciones de conectividad a medida.<\/p>\n<ul>\n<li>Venta al por menor o al por mayor: \u00a1nosotros le cubrimos!<\/li>\n<li>\u00bfNo sabe qu\u00e9 comprar? Ofrecemos orientaci\u00f3n experta.<\/li>\n<li>MOQ peque\u00f1o: No necesita comprar m\u00e1s de lo que desea.<\/li>\n<li>Precios competitivos: Obtenga siempre un gran valor.<\/li>\n<li>Entrega puntual: Su rapidez, nuestra prioridad.<\/li>\n<li>Centrados en el cliente: Adaptamos nuestros servicios a sus necesidades.<\/li>\n<\/ul>\n<p><strong>Con\u00e9ctese con nosotros<\/strong><br \/>\nSi tiene problemas para encontrar el <span style=\"color: #0054a6;\"><strong><a style=\"color: #0054a6;\" href=\"https:\/\/www.bonelinks.com\/es\/fiber-optic-patch-cord-supplier\/\" target=\"_blank\" rel=\"noopener\">cable de fibra <\/a><\/strong><\/span>para sus necesidades, o si necesita el asesoramiento de un experto, con un solo clic podr\u00e1<a href=\"https:\/\/www.bonelinks.com\/es\/contact-us\/\" target=\"_blank\" rel=\"noopener\"><strong><span style=\"color: #0054a6;\"> chatear con nosotros <\/span><\/strong><\/a>en segundos. Su satisfacci\u00f3n es nuestra prioridad. Estamos dispuestos a ayudarle en todo. <strong>No se preocupe, no es necesario pensar demasiado. Estamos aqu\u00ed, listos para ayudarle.<\/strong><\/p>\n","protected":false},"excerpt":{"rendered":"<p>Cable de conexi\u00f3n de fibra SC doble OM4 con casquillos cer\u00e1micos y n\u00facleo de 50\/125 micras para redes Ethernet de 100 Gigabits. Adecuado para entornos de cables de alta densidad con conectores SC dobles.<\/p>\n<ul>\n<li>Compatible con \u00f3pticas multimodo 4 (OM4) para 100 Gigabit Ethernet<\/li>\n<li>Compatible con 10GBase-SR SFP+, 40Gbase-SR4 QSFP+ y 100Gbase-SR10 QSFP28<\/li>\n<li>Caracter\u00edsticas \u00f3pticas inspeccionadas al 100% antes del env\u00edo<\/li>\n<\/ul>\n","protected":false},"featured_media":18048,"template":"","meta":{"site-sidebar-layout":"default","site-content-layout":"default","ast-site-content-layout":"default","site-content-style":"default","site-sidebar-style":"default","ast-global-header-display":"","ast-banner-title-visibility":"","ast-main-header-display":"","ast-hfb-above-header-display":"","ast-hfb-below-header-display":"","ast-hfb-mobile-header-display":"","site-post-title":"","ast-breadcrumbs-content":"","ast-featured-img":"","footer-sml-layout":"","ast-disable-related-posts":"","theme-transparent-header-meta":"default","adv-header-id-meta":"","stick-header-meta":"default","header-above-stick-meta":"","header-main-stick-meta":"","header-below-stick-meta":"","astra-migrate-meta-layouts":"set","ast-page-background-enabled":"default","ast-page-background-meta":{"desktop":{"background-color":"","background-image":"","background-repeat":"repeat","background-position":"center center","background-size":"auto","background-attachment":"scroll","background-type":"","background-media":"","overlay-type":"","overlay-color":"","overlay-opacity":"","overlay-gradient":""},"tablet":{"background-color":"","background-image":"","background-repeat":"repeat","background-position":"center center","background-size":"auto","background-attachment":"scroll","background-type":"","background-media":"","overlay-type":"","overlay-color":"","overlay-opacity":"","overlay-gradient":""},"mobile":{"background-color":"","background-image":"","background-repeat":"repeat","background-position":"center center","background-size":"auto","background-attachment":"scroll","background-type":"","background-media":"","overlay-type":"","overlay-color":"","overlay-opacity":"","overlay-gradient":""}},"ast-content-background-meta":{"desktop":{"background-color":"var(--ast-global-color-5)","background-image":"","background-repeat":"repeat","background-position":"center center","background-size":"auto","background-attachment":"scroll","background-type":"","background-media":"","overlay-type":"","overlay-color":"","overlay-opacity":"","overlay-gradient":""},"tablet":{"background-color":"var(--ast-global-color-5)","background-image":"","background-repeat":"repeat","background-position":"center center","background-size":"auto","background-attachment":"scroll","background-type":"","background-media":"","overlay-type":"","overlay-color":"","overlay-opacity":"","overlay-gradient":""},"mobile":{"background-color":"var(--ast-global-color-5)","background-image":"","background-repeat":"repeat","background-position":"center center","background-size":"auto","background-attachment":"scroll","background-type":"","background-media":"","overlay-type":"","overlay-color":"","overlay-opacity":"","overlay-gradient":""}}},"product_brand":[],"product_cat":[245,244,317],"product_tag":[],"class_list":{"0":"post-21344","1":"product","2":"type-product","3":"status-publish","4":"has-post-thumbnail","6":"product_cat-multimode-fiber-patch-cord-es","7":"product_cat-fiber-patch-cord-es","8":"product_cat-sc-fiber-patch-cord-es","9":"pa_connector-type-sc-es","10":"pa_fiber-type-50-125-om4-es","11":"desktop-align-left","12":"tablet-align-left","13":"mobile-align-left","14":"ast-product-gallery-layout-vertical","15":"ast-product-gallery-with-no-image","16":"ast-product-tabs-layout-vertical","17":"ast-qv-on-image","19":"first","20":"instock","21":"shipping-taxable","22":"product-type-simple"},"_links":{"self":[{"href":"https:\/\/www.bonelinks.com\/es\/wp-json\/wp\/v2\/product\/21344","targetHints":{"allow":["GET"]}}],"collection":[{"href":"https:\/\/www.bonelinks.com\/es\/wp-json\/wp\/v2\/product"}],"about":[{"href":"https:\/\/www.bonelinks.com\/es\/wp-json\/wp\/v2\/types\/product"}],"version-history":[{"count":3,"href":"https:\/\/www.bonelinks.com\/es\/wp-json\/wp\/v2\/product\/21344\/revisions"}],"predecessor-version":[{"id":26696,"href":"https:\/\/www.bonelinks.com\/es\/wp-json\/wp\/v2\/product\/21344\/revisions\/26696"}],"wp:featuredmedia":[{"embeddable":true,"href":"https:\/\/www.bonelinks.com\/es\/wp-json\/wp\/v2\/media\/18048"}],"wp:attachment":[{"href":"https:\/\/www.bonelinks.com\/es\/wp-json\/wp\/v2\/media?parent=21344"}],"wp:term":[{"taxonomy":"product_brand","embeddable":true,"href":"https:\/\/www.bonelinks.com\/es\/wp-json\/wp\/v2\/product_brand?post=21344"},{"taxonomy":"product_cat","embeddable":true,"href":"https:\/\/www.bonelinks.com\/es\/wp-json\/wp\/v2\/product_cat?post=21344"},{"taxonomy":"product_tag","embeddable":true,"href":"https:\/\/www.bonelinks.com\/es\/wp-json\/wp\/v2\/product_tag?post=21344"}],"curies":[{"name":"wp","href":"https:\/\/api.w.org\/{rel}","templated":true}]}}