{"id":21343,"date":"2023-07-03T04:25:21","date_gmt":"2023-07-03T12:25:21","guid":{"rendered":"https:\/\/www.bonelinks.com\/product\/cables-de-fibra-optica-lc-a-sc-duplex-monomodo\/"},"modified":"2024-02-20T04:04:11","modified_gmt":"2024-02-20T12:04:11","slug":"fibre-patch-leads-lc-to-sc-duplex-single-mode","status":"publish","type":"product","link":"https:\/\/www.bonelinks.com\/es\/product\/fibre-patch-leads-lc-to-sc-duplex-single-mode\/","title":{"rendered":"Cables de fibra \u00f3ptica LC a SC d\u00faplex monomodo"},"content":{"rendered":"<h1 style=\"text-align: left; font-size: 18px;\"><strong> Cables de fibra \u00f3ptica LC a SC monomodo d\u00faplex para transmisi\u00f3n de datos de gran ancho de banda<\/strong><\/h1>\n<p>Los cables de fibra \u00f3ptica LC a SC d\u00faplex monomodo est\u00e1n dise\u00f1ados para transmisiones de datos de alta velocidad y gran ancho de banda en redes Gigabit Ethernet y Fiber Channel. Construido con fibra monomodo 9\/125 y conectores LC a SC, se utiliza habitualmente en aplicaciones pasivas como GPON, FTTX y LAN, ofreciendo una conectividad fiable con bajas p\u00e9rdidas de se\u00f1al. Ideal para conexiones Ethernet 1G\/10G\/25G\/40G\/100G\/400G, puede transportar datos hasta 10 km a 1310 nm o hasta 40 km a 1550 nm.<\/p>\n<table width=\"643\">\n<tbody>\n<tr>\n<td width=\"188\"><strong>Descripci\u00f3n y tipo de fibra<\/strong><\/td>\n<td colspan=\"4\" width=\"260\"><strong>Atenuaci\u00f3n t\u00edpica (dB\/km))<\/strong><\/td>\n<td width=\"65\"><strong>1 Gbps Ethernet Distancia (metros)<\/strong><\/td>\n<td colspan=\"2\" width=\"130\"><strong>10 Gbps Ethernet Distancia (metros)<\/strong><\/td>\n<\/tr>\n<tr>\n<td width=\"188\">Monomodo, b\u00fafer estrecho<\/td>\n<td width=\"65\">1310nm<\/td>\n<td width=\"65\">1383nm<\/td>\n<td width=\"65\">1550nm<\/td>\n<td width=\"65\">1625nm<\/td>\n<td width=\"65\">1310nm<\/td>\n<td width=\"65\">1310nm<\/td>\n<td width=\"65\">1550nm<\/td>\n<\/tr>\n<tr>\n<td width=\"188\">900 micras<\/td>\n<td width=\"65\">0.65<\/td>\n<td width=\"65\">&#8212;<\/td>\n<td width=\"65\">0.65<\/td>\n<td width=\"65\">&#8212;<\/td>\n<td width=\"65\">10,000<\/td>\n<td width=\"65\">5,000<\/td>\n<td width=\"65\">30,000<\/td>\n<\/tr>\n<tr>\n<td width=\"188\">Breakout 2mm\/3mm<\/td>\n<td width=\"65\">1<\/td>\n<td width=\"65\">&#8212;<\/td>\n<td width=\"65\">1<\/td>\n<td width=\"65\">&#8212;<\/td>\n<td width=\"65\">10,000<\/td>\n<td width=\"65\">5,000<\/td>\n<td width=\"65\">30,000<\/td>\n<\/tr>\n<\/tbody>\n<\/table>\n<h2 style=\"text-align: left; font-size: 18px;\"><strong>Caracter\u00edsticas de los cables de fibra \u00f3ptica LC a SC d\u00faplex monomodo<\/strong><\/h2>\n<ul>\n<li>Cubierta monomodo de 9\/125 micras de color amarillo<\/li>\n<li>Configuraci\u00f3n d\u00faplex (2 hilos de fibra)<\/li>\n<li>Conectores LC a SC<\/li>\n<li>Cer\u00e1mica de \u00f3xido de circonio para un mayor rendimiento y durabilidad<\/li>\n<li>Disponible en diferentes longitudes<\/li>\n<li>100% probado para un rendimiento \u00f3ptimo<\/li>\n<\/ul>\n<h2 style=\"text-align: left; font-size: 18px;\"><strong>Aplicaciones de los cables de fibra \u00f3ptica LC a SC d\u00faplex monomodo<\/strong><\/h2>\n<ul>\n<li>Soluci\u00f3n ideal para aplicaciones de datos que requieren transmisi\u00f3n de datos a alta velocidad<\/li>\n<li>Sistemas de banda ancha<\/li>\n<li>Telecomunicaciones \/ Comunicaci\u00f3n de datos<\/li>\n<li>Utilizado por redes de larga distancia con datos de misi\u00f3n cr\u00edtica<\/li>\n<\/ul>\n<h2 style=\"text-align: left; font-size: 18px;\"><strong>\u00bfBusca m\u00e1s opciones de cables de fibra \u00f3ptica?<\/strong><\/h2>\n<p>\u00bfQuiere m\u00e1s opciones de cables de conexi\u00f3n de fibra? Explore nuestra selecci\u00f3n de <span style=\"color: #0054a6;\"><strong><a style=\"color: #0054a6;\" href=\"https:\/\/www.bonelinks.com\/es\/lc-fibre-patch-leads\/\" target=\"_blank\" rel=\"noopener\">LC Cables de conexi\u00f3n de fibra,<\/a> <\/strong><br \/>\n<\/span><a title=\"Cables de conexi\u00f3n de fibra SC\" href=\"https:\/\/www.bonelinks.com\/es\/sc-fibre-patch-leads\/\" target=\"_blank\" rel=\"noopener\"><strong><span style=\"color: #0054a6;\">SC Cables de conexi\u00f3n de fibra,<\/span><\/strong> <\/a><strong><span style=\"color: #0054a6;\"><a style=\"color: #0054a6;\" href=\"https:\/\/www.bonelinks.com\/es\/lc-to-sc-fiber-cables\/\" target=\"_blank\" rel=\"noopener\">SC LC Cables de conexi\u00f3n de fibra,<\/a><\/span> <span style=\"color: #0054a6;\"><a style=\"color: #0054a6;\" href=\"https:\/\/www.bonelinks.com\/es\/products\/single-mode-fiber-patch-cord-es\/\" target=\"_blank\" rel=\"noopener\">Fibra monomodo Patch Cables<\/a> <\/span><\/strong>para la creaci\u00f3n de redes sin fisuras.<\/p>\n<p>\u00bfBusca cables de fibra dise\u00f1ados a medida? Explore nuestra secci\u00f3n dedicada a<a href=\"https:\/\/www.bonelinks.com\/es\/custom-fiber-optic-cables\/\" target=\"_blank\" rel=\"noopener\"><span style=\"color: #0054a6;\"><strong> Cables de fibra personalizados <\/strong><\/span><\/a>para soluciones de conectividad a medida.<\/p>\n<ul>\n<li>Venta al por menor o al por mayor: \u00a1nosotros le cubrimos!<\/li>\n<li>\u00bfNo sabe qu\u00e9 comprar? Ofrecemos orientaci\u00f3n experta.<\/li>\n<li>MOQ peque\u00f1o: No necesita comprar m\u00e1s de lo que desea.<\/li>\n<li>Precios competitivos: Obtenga siempre un gran valor.<\/li>\n<li>Entrega puntual: Su rapidez, nuestra prioridad.<\/li>\n<li>Centrados en el cliente: Adaptamos nuestros servicios a sus necesidades.<\/li>\n<\/ul>\n<p><strong>Con\u00e9ctese con nosotros<\/strong><br \/>\nSi tiene problemas para encontrar el <span style=\"color: #0054a6;\"><strong><a style=\"color: #0054a6;\" href=\"https:\/\/www.bonelinks.com\/es\/fiber-optic-patch-cord-supplier\/\" target=\"_blank\" rel=\"noopener\">cable de fibra <\/a><\/strong><\/span>para sus necesidades, o si necesita el asesoramiento de un experto, con un solo clic podr\u00e1<a href=\"https:\/\/www.bonelinks.com\/es\/contact-us\/\" target=\"_blank\" rel=\"noopener\"><strong><span style=\"color: #0054a6;\"> chatear con nosotros <\/span><\/strong><\/a>en segundos. Su satisfacci\u00f3n es nuestra prioridad. Estamos dispuestos a ayudarle en todo. <strong>No se preocupe, no es necesario pensar demasiado. Estamos aqu\u00ed, listos para ayudarle.<\/strong><\/p>\n","protected":false},"excerpt":{"rendered":"<p>Los cables de conexi\u00f3n de fibra LC a SC d\u00faplex monomodo incorporan fibra de 9\/125 micras. Permite transmisiones de datos a alta velocidad a trav\u00e9s de redes Gigabit Ethernet y Fibre Channel, y admite aplicaciones monomodo d\u00faplex.<\/p>\n<ul>\n<li>Cubierta d\u00faplex monomodo de 9\/125 micras de color amarillo<\/li>\n<li>Conectores LC a SC<\/li>\n<li>Disponible en diferentes longitudes<\/li>\n<li>Comprobado al 100% en cuanto a p\u00e9rdida de inserci\u00f3n y reflexi\u00f3n trasera<\/li>\n<\/ul>\n","protected":false},"featured_media":16458,"template":"","meta":{"site-sidebar-layout":"default","site-content-layout":"default","ast-site-content-layout":"default","site-content-style":"default","site-sidebar-style":"default","ast-global-header-display":"","ast-banner-title-visibility":"","ast-main-header-display":"","ast-hfb-above-header-display":"","ast-hfb-below-header-display":"","ast-hfb-mobile-header-display":"","site-post-title":"","ast-breadcrumbs-content":"","ast-featured-img":"","footer-sml-layout":"","ast-disable-related-posts":"","theme-transparent-header-meta":"default","adv-header-id-meta":"","stick-header-meta":"default","header-above-stick-meta":"","header-main-stick-meta":"","header-below-stick-meta":"","astra-migrate-meta-layouts":"set","ast-page-background-enabled":"default","ast-page-background-meta":{"desktop":{"background-color":"","background-image":"","background-repeat":"repeat","background-position":"center center","background-size":"auto","background-attachment":"scroll","background-type":"","background-media":"","overlay-type":"","overlay-color":"","overlay-opacity":"","overlay-gradient":""},"tablet":{"background-color":"","background-image":"","background-repeat":"repeat","background-position":"center center","background-size":"auto","background-attachment":"scroll","background-type":"","background-media":"","overlay-type":"","overlay-color":"","overlay-opacity":"","overlay-gradient":""},"mobile":{"background-color":"","background-image":"","background-repeat":"repeat","background-position":"center center","background-size":"auto","background-attachment":"scroll","background-type":"","background-media":"","overlay-type":"","overlay-color":"","overlay-opacity":"","overlay-gradient":""}},"ast-content-background-meta":{"desktop":{"background-color":"var(--ast-global-color-5)","background-image":"","background-repeat":"repeat","background-position":"center center","background-size":"auto","background-attachment":"scroll","background-type":"","background-media":"","overlay-type":"","overlay-color":"","overlay-opacity":"","overlay-gradient":""},"tablet":{"background-color":"var(--ast-global-color-5)","background-image":"","background-repeat":"repeat","background-position":"center center","background-size":"auto","background-attachment":"scroll","background-type":"","background-media":"","overlay-type":"","overlay-color":"","overlay-opacity":"","overlay-gradient":""},"mobile":{"background-color":"var(--ast-global-color-5)","background-image":"","background-repeat":"repeat","background-position":"center center","background-size":"auto","background-attachment":"scroll","background-type":"","background-media":"","overlay-type":"","overlay-color":"","overlay-opacity":"","overlay-gradient":""}}},"product_brand":[],"product_cat":[244,317,251,252],"product_tag":[],"class_list":{"0":"post-21343","1":"product","2":"type-product","3":"status-publish","4":"has-post-thumbnail","6":"product_cat-fiber-patch-cord-es","7":"product_cat-sc-fiber-patch-cord-es","8":"product_cat-lc-fiber-patch-cord-es","9":"product_cat-single-mode-fiber-patch-cord-es","10":"pa_connector-type-lc-sc-es","11":"pa_fiber-type-monomodo","12":"desktop-align-left","13":"tablet-align-left","14":"mobile-align-left","15":"ast-product-gallery-layout-vertical","16":"ast-product-gallery-with-no-image","17":"ast-product-tabs-layout-vertical","18":"ast-qv-on-image","20":"first","21":"instock","22":"shipping-taxable","23":"product-type-simple"},"_links":{"self":[{"href":"https:\/\/www.bonelinks.com\/es\/wp-json\/wp\/v2\/product\/21343","targetHints":{"allow":["GET"]}}],"collection":[{"href":"https:\/\/www.bonelinks.com\/es\/wp-json\/wp\/v2\/product"}],"about":[{"href":"https:\/\/www.bonelinks.com\/es\/wp-json\/wp\/v2\/types\/product"}],"version-history":[{"count":3,"href":"https:\/\/www.bonelinks.com\/es\/wp-json\/wp\/v2\/product\/21343\/revisions"}],"predecessor-version":[{"id":26694,"href":"https:\/\/www.bonelinks.com\/es\/wp-json\/wp\/v2\/product\/21343\/revisions\/26694"}],"wp:featuredmedia":[{"embeddable":true,"href":"https:\/\/www.bonelinks.com\/es\/wp-json\/wp\/v2\/media\/16458"}],"wp:attachment":[{"href":"https:\/\/www.bonelinks.com\/es\/wp-json\/wp\/v2\/media?parent=21343"}],"wp:term":[{"taxonomy":"product_brand","embeddable":true,"href":"https:\/\/www.bonelinks.com\/es\/wp-json\/wp\/v2\/product_brand?post=21343"},{"taxonomy":"product_cat","embeddable":true,"href":"https:\/\/www.bonelinks.com\/es\/wp-json\/wp\/v2\/product_cat?post=21343"},{"taxonomy":"product_tag","embeddable":true,"href":"https:\/\/www.bonelinks.com\/es\/wp-json\/wp\/v2\/product_tag?post=21343"}],"curies":[{"name":"wp","href":"https:\/\/api.w.org\/{rel}","templated":true}]}}