{"id":21300,"date":"2023-07-03T22:23:14","date_gmt":"2023-07-04T06:23:14","guid":{"rendered":"https:\/\/www.bonelinks.com\/product\/sc-sc-om4-cable-de-conexion-de-fibra\/"},"modified":"2024-02-20T03:59:18","modified_gmt":"2024-02-20T11:59:18","slug":"sc-sc-om4-fibre-patch-lead","status":"publish","type":"product","link":"https:\/\/www.bonelinks.com\/es\/product\/sc-sc-om4-fibre-patch-lead\/","title":{"rendered":"SC SC OM4 Cable de conexi\u00f3n de fibra"},"content":{"rendered":"<h1 style=\"text-align: left; font-size: 18px;\"><strong>Cable de conexi\u00f3n de fibra SC OM4 fiable para conexiones de gran ancho de banda<\/strong><\/h1>\n<p>Actualice su red con nuestro fiable cable de conexi\u00f3n de fibra SC OM4, que proporciona conexiones Ethernet de gran ancho de banda. Estos cables presentan un impresionante ancho de banda de 4700 MHz*km, que admite transmisiones de 10 GB hasta 550 metros y de 100 GB hasta 125 metros. Son totalmente compatibles con equipos 50\/125 y aplicaciones Ethernet de 10 gigabits, lo que garantiza una integraci\u00f3n perfecta.<\/p>\n<p>Con los conectores pulidos UPC, nuestros cables de alta calidad ofrecen un mejor acabado superficial con menor reflexi\u00f3n trasera. Fabricados con fibra \u00f3ptica de primera calidad y conectores cer\u00e1micos SC-SC, proporcionan conexiones seguras y duraderas. Con una dispersi\u00f3n modal y una p\u00e9rdida de luz minimizadas, nuestros cables de conexi\u00f3n de fibra OM4 garantizan la m\u00e1xima eficacia de la red. Ofrecen una soluci\u00f3n rentable para aumentar la conectividad, eliminando la necesidad de costosos transceptores \u00f3pticos monomodo 40G\/100G. Ideales para conexiones de transceptores 10GBase-SR, 40GBase-SR BiDi, SFP+ y QSFP+, nuestros cables de fibra SC OM4 est\u00e1n disponibles en varias longitudes para satisfacer sus requisitos de despliegue.<\/p>\n<p>Conf\u00ede en estos cables para conexiones Ethernet eficientes y fiables, que ofrecen un rendimiento superior con bajas p\u00e9rdidas de retorno y de inserci\u00f3n.<\/p>\n<table>\n<caption><strong>Soporte de distancia de enlace OM4<\/strong><\/caption>\n<tbody>\n<tr>\n<th>Designaci\u00f3n del transceptor<\/th>\n<th>OM4 (Distancia m\u00e1xima en metros)<\/th>\n<\/tr>\n<tr>\n<td style=\"text-align: center;\">10GBASE-SR<\/td>\n<td style=\"text-align: center;\">550<\/td>\n<\/tr>\n<tr>\n<td style=\"text-align: center;\">10GBASE-LX4<\/td>\n<td style=\"text-align: center;\">300<\/td>\n<\/tr>\n<tr>\n<td style=\"text-align: center;\">10GBASE-LRM<\/td>\n<td style=\"text-align: center;\">220<\/td>\n<\/tr>\n<tr>\n<td style=\"text-align: center;\">40GBASE-SR4<\/td>\n<td style=\"text-align: center;\">125<\/td>\n<\/tr>\n<tr>\n<td style=\"text-align: center;\">100GBASE-SR10<\/td>\n<td style=\"text-align: center;\">125<\/td>\n<\/tr>\n<\/tbody>\n<\/table>\n<h2 style=\"text-align: left; font-size: 18px;\"><strong>Caracter\u00edsticas del cable de conexi\u00f3n de fibra SC OM4<\/strong><\/h2>\n<ul>\n<li>Fibra multimodo optimizada para l\u00e1ser (LOMMF) con n\u00facleo\/revestimiento de fibra \u00f3ptica 50\/125<\/li>\n<li>Conectores SC a SC<\/li>\n<li>Aplicaciones de 100 gigas<\/li>\n<li>100% Probado<\/li>\n<li>Opciones de longitud disponibles de 0,5 metros a 10 metros, o longitudes personalizadas<\/li>\n<\/ul>\n<h2 style=\"text-align: left; font-size: 18px;\"><strong>Aplicaciones del cable de conexi\u00f3n de fibra SC OM4<\/strong><\/h2>\n<ul>\n<li>Aplicaciones de alto rendimiento<\/li>\n<li>Almacenamiento de datos<\/li>\n<li>10\/40\/100 Gigabit Ethernet<\/li>\n<\/ul>\n<p><img fetchpriority=\"high\" decoding=\"async\" class=\"alignnone size-full wp-image-7181\" src=\"https:\/\/www.bonelinks.com\/wp-content\/uploads\/2023\/07\/dual-sc-patch-lead-application.png\" alt=\"\" width=\"714\" height=\"260\" srcset=\"https:\/\/www.bonelinks.com\/wp-content\/uploads\/2023\/07\/dual-sc-patch-lead-application.png 714w, https:\/\/www.bonelinks.com\/wp-content\/uploads\/2023\/07\/dual-sc-patch-lead-application-300x109.png 300w, https:\/\/www.bonelinks.com\/wp-content\/uploads\/2023\/07\/dual-sc-patch-lead-application-650x237.png 650w\" sizes=\"(max-width: 714px) 100vw, 714px\" \/><\/p>\n<h2 style=\"text-align: left; font-size: 18px;\"><strong>\u00bfBusca m\u00e1s opciones de cables de fibra \u00f3ptica?<\/strong><\/h2>\n<p>\u00bfQuiere m\u00e1s opciones de cables de conexi\u00f3n de fibra? Explore nuestra selecci\u00f3n de <a title=\"Cables de conexi\u00f3n de fibra SC\" href=\"https:\/\/www.bonelinks.com\/es\/sc-fibre-patch-leads\/\" target=\"_blank\" rel=\"noopener\"><strong><span style=\"color: #0054a6;\">Cables de conexi\u00f3n de fibra SC, <\/span><\/strong><\/a><strong><span style=\"color: #0054a6;\"><a style=\"color: #0054a6;\" href=\"https:\/\/www.bonelinks.com\/es\/multimode-fibre-patch-leads\/\" target=\"_blank\" rel=\"noopener\">Cables de conexi\u00f3n de fibra multimodo <\/a><\/span><\/strong>para una conexi\u00f3n en red perfecta.<\/p>\n<p>\u00bfBusca cables de fibra dise\u00f1ados a medida? Explore nuestra secci\u00f3n dedicada a<a href=\"https:\/\/www.bonelinks.com\/es\/custom-fiber-optic-cables\/\" target=\"_blank\" rel=\"noopener\"><span style=\"color: #0054a6;\"><strong> Cables de fibra personalizados <\/strong><\/span><\/a>para soluciones de conectividad a medida.<\/p>\n<ul>\n<li>Venta al por menor o al por mayor: \u00a1nosotros le cubrimos!<\/li>\n<li>\u00bfNo sabe qu\u00e9 comprar? Ofrecemos orientaci\u00f3n experta.<\/li>\n<li>MOQ peque\u00f1o: No necesita comprar m\u00e1s de lo que desea.<\/li>\n<li>Precios competitivos: Obtenga siempre un gran valor.<\/li>\n<li>Entrega puntual: Su rapidez, nuestra prioridad.<\/li>\n<li>Centrados en el cliente: Adaptamos nuestros servicios a sus necesidades.<\/li>\n<\/ul>\n<p><strong>Con\u00e9ctese con nosotros<\/strong><br \/>\nSi tiene problemas para encontrar el <span style=\"color: #0054a6;\"><strong><a style=\"color: #0054a6;\" href=\"https:\/\/www.bonelinks.com\/es\/fiber-optic-patch-cord-supplier\/\" target=\"_blank\" rel=\"noopener\">cable de fibra <\/a><\/strong><\/span>para sus necesidades, o si necesita el asesoramiento de un experto, con un solo clic podr\u00e1<a href=\"https:\/\/www.bonelinks.com\/es\/contact-us\/\" target=\"_blank\" rel=\"noopener\"><strong><span style=\"color: #0054a6;\"> chatear con nosotros <\/span><\/strong><\/a>en segundos. Su satisfacci\u00f3n es nuestra prioridad. Estamos dispuestos a ayudarle en todo. <strong>No se preocupe, no es necesario pensar demasiado. Estamos aqu\u00ed, listos para ayudarle.<\/strong><\/p>\n","protected":false},"excerpt":{"rendered":"<p>Los cables de conexi\u00f3n de fibra SC OM4, con conectores SC en ambos extremos, ofrecen un ancho de banda extremadamente alto de 4700 MHz*km. Admiten 10 GB hasta 550 m y 100 GB hasta 125 m, lo que los hace adecuados para aplicaciones de alto rendimiento y totalmente compatibles con equipos 50\/125 y 10 gigabit Ethernet.<\/p>\n<ul>\n<li>100Gig, fibra multimodo optimizada para l\u00e1ser (LOMMF)<\/li>\n<li>2,5 mm SC a SC UPC\/UPC<\/li>\n<li>Compatible con Fast Ethernet, 1Gb Ethernet, 10Gb Ethernet, 40Gb Ethernet y 100Gb Ethernet<\/li>\n<li>Opciones de longitud de 0,5 m a 10 m o personalizadas<\/li>\n<li>100% Probado<\/li>\n<\/ul>\n","protected":false},"featured_media":17813,"template":"","meta":{"site-sidebar-layout":"default","site-content-layout":"default","ast-site-content-layout":"default","site-content-style":"default","site-sidebar-style":"default","ast-global-header-display":"","ast-banner-title-visibility":"","ast-main-header-display":"","ast-hfb-above-header-display":"","ast-hfb-below-header-display":"","ast-hfb-mobile-header-display":"","site-post-title":"","ast-breadcrumbs-content":"","ast-featured-img":"","footer-sml-layout":"","ast-disable-related-posts":"","theme-transparent-header-meta":"default","adv-header-id-meta":"","stick-header-meta":"default","header-above-stick-meta":"","header-main-stick-meta":"","header-below-stick-meta":"","astra-migrate-meta-layouts":"set","ast-page-background-enabled":"default","ast-page-background-meta":{"desktop":{"background-color":"","background-image":"","background-repeat":"repeat","background-position":"center center","background-size":"auto","background-attachment":"scroll","background-type":"","background-media":"","overlay-type":"","overlay-color":"","overlay-opacity":"","overlay-gradient":""},"tablet":{"background-color":"","background-image":"","background-repeat":"repeat","background-position":"center center","background-size":"auto","background-attachment":"scroll","background-type":"","background-media":"","overlay-type":"","overlay-color":"","overlay-opacity":"","overlay-gradient":""},"mobile":{"background-color":"","background-image":"","background-repeat":"repeat","background-position":"center center","background-size":"auto","background-attachment":"scroll","background-type":"","background-media":"","overlay-type":"","overlay-color":"","overlay-opacity":"","overlay-gradient":""}},"ast-content-background-meta":{"desktop":{"background-color":"var(--ast-global-color-5)","background-image":"","background-repeat":"repeat","background-position":"center center","background-size":"auto","background-attachment":"scroll","background-type":"","background-media":"","overlay-type":"","overlay-color":"","overlay-opacity":"","overlay-gradient":""},"tablet":{"background-color":"var(--ast-global-color-5)","background-image":"","background-repeat":"repeat","background-position":"center center","background-size":"auto","background-attachment":"scroll","background-type":"","background-media":"","overlay-type":"","overlay-color":"","overlay-opacity":"","overlay-gradient":""},"mobile":{"background-color":"var(--ast-global-color-5)","background-image":"","background-repeat":"repeat","background-position":"center center","background-size":"auto","background-attachment":"scroll","background-type":"","background-media":"","overlay-type":"","overlay-color":"","overlay-opacity":"","overlay-gradient":""}}},"product_brand":[],"product_cat":[245,244,317],"product_tag":[],"class_list":{"0":"post-21300","1":"product","2":"type-product","3":"status-publish","4":"has-post-thumbnail","6":"product_cat-multimode-fiber-patch-cord-es","7":"product_cat-fiber-patch-cord-es","8":"product_cat-sc-fiber-patch-cord-es","9":"pa_connector-type-sc-sc-es","10":"pa_fiber-type-50-125-om4-es","11":"desktop-align-left","12":"tablet-align-left","13":"mobile-align-left","14":"ast-product-gallery-layout-vertical","15":"ast-product-gallery-with-no-image","16":"ast-product-tabs-layout-vertical","17":"ast-qv-on-image","19":"first","20":"instock","21":"shipping-taxable","22":"product-type-simple"},"_links":{"self":[{"href":"https:\/\/www.bonelinks.com\/es\/wp-json\/wp\/v2\/product\/21300","targetHints":{"allow":["GET"]}}],"collection":[{"href":"https:\/\/www.bonelinks.com\/es\/wp-json\/wp\/v2\/product"}],"about":[{"href":"https:\/\/www.bonelinks.com\/es\/wp-json\/wp\/v2\/types\/product"}],"version-history":[{"count":3,"href":"https:\/\/www.bonelinks.com\/es\/wp-json\/wp\/v2\/product\/21300\/revisions"}],"predecessor-version":[{"id":26688,"href":"https:\/\/www.bonelinks.com\/es\/wp-json\/wp\/v2\/product\/21300\/revisions\/26688"}],"wp:featuredmedia":[{"embeddable":true,"href":"https:\/\/www.bonelinks.com\/es\/wp-json\/wp\/v2\/media\/17813"}],"wp:attachment":[{"href":"https:\/\/www.bonelinks.com\/es\/wp-json\/wp\/v2\/media?parent=21300"}],"wp:term":[{"taxonomy":"product_brand","embeddable":true,"href":"https:\/\/www.bonelinks.com\/es\/wp-json\/wp\/v2\/product_brand?post=21300"},{"taxonomy":"product_cat","embeddable":true,"href":"https:\/\/www.bonelinks.com\/es\/wp-json\/wp\/v2\/product_cat?post=21300"},{"taxonomy":"product_tag","embeddable":true,"href":"https:\/\/www.bonelinks.com\/es\/wp-json\/wp\/v2\/product_tag?post=21300"}],"curies":[{"name":"wp","href":"https:\/\/api.w.org\/{rel}","templated":true}]}}