{"id":21290,"date":"2023-07-05T07:16:53","date_gmt":"2023-07-05T15:16:53","guid":{"rendered":"https:\/\/www.bonelinks.com\/product\/cables-de-conexion-de-fibra-lc-om2\/"},"modified":"2024-02-20T03:42:18","modified_gmt":"2024-02-20T11:42:18","slug":"lc-fibre-om2-patch-leads","status":"publish","type":"product","link":"https:\/\/www.bonelinks.com\/es\/product\/lc-fibre-om2-patch-leads\/","title":{"rendered":"Cables de conexi\u00f3n de fibra LC OM2"},"content":{"rendered":"<h1 style=\"text-align: left; font-size: 18px;\"><strong>Cables de conexi\u00f3n de fibra LC OM2 para una transmisi\u00f3n de datos r\u00e1pida y fiable<\/strong><\/h1>\n<p>Los latiguillos Bonelinks LC Fibre OM2 Patch Leads est\u00e1n terminados con un duradero conector LC con casquillo cer\u00e1mico SFF, que garantiza una conectividad fiable y de alto rendimiento. Estos cables de conexi\u00f3n cuentan con cables de fibra multimodo reforzados con cord\u00f3n de cremallera de gran ancho de banda con fibra \u00f3ptica de vidrio de alta calidad. Dise\u00f1ados para la transmisi\u00f3n de datos a alta velocidad y con bajas p\u00e9rdidas, estos cables de interconexi\u00f3n son ideales para diversas aplicaciones.<\/p>\n<p>Los Patch Leads de fibra LC OM2 est\u00e1n terminados con conector LC (Lucent Connector), lo que permite aplicaciones de mayor densidad gracias a su menor di\u00e1metro. El conector LC est\u00e1 ampliamente reconocido como est\u00e1ndar en la industria de la fibra, ya que ofrece conexiones r\u00e1pidas, sencillas y fiables.<\/p>\n<p>La fibra multimodo OM2 con un tama\u00f1o de n\u00facleo de 50 micras y un di\u00e1metro de revestimiento exterior de 125 micras es ideal para Fast Ethernet, Gigabit Ethernet, centros de datos y otras aplicaciones de datos de alta velocidad. Admite distancias de transmisi\u00f3n m\u00e1s largas con menos p\u00e9rdidas en comparaci\u00f3n con los cables de fibra OM1 de 62,5\/125\u00b5m.<\/p>\n<p>Bonelinks ofrece una amplia gama de cables de conexi\u00f3n de fibra LC OM2, que proporcionan flexibilidad con opciones para diferentes longitudes, materiales de revestimiento y n\u00famero de fibras. Elija los cables de interconexi\u00f3n que se adapten a sus requisitos espec\u00edficos para una conectividad de datos perfecta y eficaz.<\/p>\n<h2 style=\"text-align: left; font-size: 18px;\"><strong>Caracter\u00edsticas de los cables de conexi\u00f3n de fibra LC OM2<\/strong><\/h2>\n<ul>\n<li>Fibra 50\/125 OM2<\/li>\n<li>Conector LC con virola cer\u00e1mica de 1,25<\/li>\n<li>Disponible en diferentes longitudes de cable<\/li>\n<li>Comprobado al 100% en cuanto a p\u00e9rdida de inserci\u00f3n y reflexi\u00f3n trasera<\/li>\n<\/ul>\n<h2 style=\"text-align: left; font-size: 18px;\"><strong>Aplicaciones de los cables de conexi\u00f3n de fibra LC OM2<\/strong><\/h2>\n<ul>\n<li>Telecomunicaciones<\/li>\n<li>Datacom (centros de datos)<\/li>\n<li>Conectividad del transceptor<\/li>\n<\/ul>\n<h2 style=\"text-align: left; font-size: 18px;\"><strong>\u00bfBusca m\u00e1s opciones de cables de fibra \u00f3ptica?<\/strong><\/h2>\n<p>\u00bfQuiere m\u00e1s opciones de cables de conexi\u00f3n de fibra? Explore nuestra selecci\u00f3n de <span style=\"color: #0054a6;\"><strong><a style=\"color: #0054a6;\" href=\"https:\/\/www.bonelinks.com\/es\/lc-fibre-patch-leads\/\" target=\"_blank\" rel=\"noopener\">Cables de conexi\u00f3n de fibra LC, <\/a><\/strong><\/span><strong><span style=\"color: #0054a6;\"><a style=\"color: #0054a6;\" href=\"https:\/\/www.bonelinks.com\/es\/multimode-fibre-patch-leads\/\" target=\"_blank\" rel=\"noopener\">Cable de conexi\u00f3n de fibra multimodo <\/a><\/span><\/strong>para una conexi\u00f3n en red perfecta.<\/p>\n<p>\u00bfBusca cables de fibra dise\u00f1ados a medida? Explore nuestra secci\u00f3n dedicada a<a href=\"https:\/\/www.bonelinks.com\/es\/custom-fiber-optic-cables\/\" target=\"_blank\" rel=\"noopener\"><span style=\"color: #0054a6;\"><strong> Cables de fibra personalizados <\/strong><\/span><\/a>para soluciones de conectividad a medida.<\/p>\n<ul>\n<li>Venta al por menor o al por mayor: \u00a1nosotros le cubrimos!<\/li>\n<li>\u00bfNo sabe qu\u00e9 comprar? Ofrecemos orientaci\u00f3n experta.<\/li>\n<li>MOQ peque\u00f1o: No necesita comprar m\u00e1s de lo que desea.<\/li>\n<li>Precios competitivos: Obtenga siempre un gran valor.<\/li>\n<li>Entrega puntual: Su rapidez, nuestra prioridad.<\/li>\n<li>Centrados en el cliente: Adaptamos nuestros servicios a sus necesidades.<\/li>\n<\/ul>\n<p><strong>Con\u00e9ctese con nosotros<\/strong><br \/>\nSi tiene problemas para encontrar el <span style=\"color: #0054a6;\"><strong><a style=\"color: #0054a6;\" href=\"https:\/\/www.bonelinks.com\/es\/fiber-optic-patch-cord-supplier\/\" target=\"_blank\" rel=\"noopener\">cable de fibra <\/a><\/strong><\/span>para sus necesidades, o si necesita el asesoramiento de un experto, con un solo clic podr\u00e1<a href=\"https:\/\/www.bonelinks.com\/es\/contact-us\/\" target=\"_blank\" rel=\"noopener\"><strong><span style=\"color: #0054a6;\"> chatear con nosotros <\/span><\/strong><\/a>en segundos. Su satisfacci\u00f3n es nuestra prioridad. Estamos dispuestos a ayudarle en todo. <strong>No se preocupe, no es necesario pensar demasiado. Estamos aqu\u00ed, listos para ayudarle.<\/strong><\/p>\n","protected":false},"excerpt":{"rendered":"<p>Los latiguillos de fibra LC OM2 incorporan conectores LC con virola cer\u00e1mica de factor de forma peque\u00f1o (SFF). La fibra multimodo de gran ancho de banda garantiza una transmisi\u00f3n de datos de alta velocidad y bajas p\u00e9rdidas con refuerzo de cremallera.<\/p>\n<ul>\n<li>Cristal multimodo OM2 50\/125 micras con cubierta naranja<\/li>\n<li>Conector LC con virola cer\u00e1mica de 1,25<\/li>\n<li>Soluci\u00f3n ideal para la transmisi\u00f3n de datos a alta velocidad<\/li>\n<li>100% inspeccionado para garantizar la calidad<\/li>\n<\/ul>\n","protected":false},"featured_media":16448,"template":"","meta":{"site-sidebar-layout":"default","site-content-layout":"default","ast-site-content-layout":"default","site-content-style":"default","site-sidebar-style":"default","ast-global-header-display":"","ast-banner-title-visibility":"","ast-main-header-display":"","ast-hfb-above-header-display":"","ast-hfb-below-header-display":"","ast-hfb-mobile-header-display":"","site-post-title":"","ast-breadcrumbs-content":"","ast-featured-img":"","footer-sml-layout":"","ast-disable-related-posts":"","theme-transparent-header-meta":"default","adv-header-id-meta":"","stick-header-meta":"default","header-above-stick-meta":"","header-main-stick-meta":"","header-below-stick-meta":"","astra-migrate-meta-layouts":"set","ast-page-background-enabled":"default","ast-page-background-meta":{"desktop":{"background-color":"","background-image":"","background-repeat":"repeat","background-position":"center center","background-size":"auto","background-attachment":"scroll","background-type":"","background-media":"","overlay-type":"","overlay-color":"","overlay-opacity":"","overlay-gradient":""},"tablet":{"background-color":"","background-image":"","background-repeat":"repeat","background-position":"center center","background-size":"auto","background-attachment":"scroll","background-type":"","background-media":"","overlay-type":"","overlay-color":"","overlay-opacity":"","overlay-gradient":""},"mobile":{"background-color":"","background-image":"","background-repeat":"repeat","background-position":"center center","background-size":"auto","background-attachment":"scroll","background-type":"","background-media":"","overlay-type":"","overlay-color":"","overlay-opacity":"","overlay-gradient":""}},"ast-content-background-meta":{"desktop":{"background-color":"var(--ast-global-color-5)","background-image":"","background-repeat":"repeat","background-position":"center center","background-size":"auto","background-attachment":"scroll","background-type":"","background-media":"","overlay-type":"","overlay-color":"","overlay-opacity":"","overlay-gradient":""},"tablet":{"background-color":"var(--ast-global-color-5)","background-image":"","background-repeat":"repeat","background-position":"center center","background-size":"auto","background-attachment":"scroll","background-type":"","background-media":"","overlay-type":"","overlay-color":"","overlay-opacity":"","overlay-gradient":""},"mobile":{"background-color":"var(--ast-global-color-5)","background-image":"","background-repeat":"repeat","background-position":"center center","background-size":"auto","background-attachment":"scroll","background-type":"","background-media":"","overlay-type":"","overlay-color":"","overlay-opacity":"","overlay-gradient":""}}},"product_brand":[],"product_cat":[245,244,251],"product_tag":[],"class_list":{"0":"post-21290","1":"product","2":"type-product","3":"status-publish","4":"has-post-thumbnail","6":"product_cat-multimode-fiber-patch-cord-es","7":"product_cat-fiber-patch-cord-es","8":"product_cat-lc-fiber-patch-cord-es","9":"pa_connector-type-lc-es-2","10":"pa_fiber-type-50-125-om2-es","11":"desktop-align-left","12":"tablet-align-left","13":"mobile-align-left","14":"ast-product-gallery-layout-vertical","15":"ast-product-gallery-with-no-image","16":"ast-product-tabs-layout-vertical","17":"ast-qv-on-image","19":"first","20":"instock","21":"shipping-taxable","22":"product-type-simple"},"_links":{"self":[{"href":"https:\/\/www.bonelinks.com\/es\/wp-json\/wp\/v2\/product\/21290","targetHints":{"allow":["GET"]}}],"collection":[{"href":"https:\/\/www.bonelinks.com\/es\/wp-json\/wp\/v2\/product"}],"about":[{"href":"https:\/\/www.bonelinks.com\/es\/wp-json\/wp\/v2\/types\/product"}],"version-history":[{"count":3,"href":"https:\/\/www.bonelinks.com\/es\/wp-json\/wp\/v2\/product\/21290\/revisions"}],"predecessor-version":[{"id":26671,"href":"https:\/\/www.bonelinks.com\/es\/wp-json\/wp\/v2\/product\/21290\/revisions\/26671"}],"wp:featuredmedia":[{"embeddable":true,"href":"https:\/\/www.bonelinks.com\/es\/wp-json\/wp\/v2\/media\/16448"}],"wp:attachment":[{"href":"https:\/\/www.bonelinks.com\/es\/wp-json\/wp\/v2\/media?parent=21290"}],"wp:term":[{"taxonomy":"product_brand","embeddable":true,"href":"https:\/\/www.bonelinks.com\/es\/wp-json\/wp\/v2\/product_brand?post=21290"},{"taxonomy":"product_cat","embeddable":true,"href":"https:\/\/www.bonelinks.com\/es\/wp-json\/wp\/v2\/product_cat?post=21290"},{"taxonomy":"product_tag","embeddable":true,"href":"https:\/\/www.bonelinks.com\/es\/wp-json\/wp\/v2\/product_tag?post=21290"}],"curies":[{"name":"wp","href":"https:\/\/api.w.org\/{rel}","templated":true}]}}