{"id":21289,"date":"2023-07-07T22:16:17","date_gmt":"2023-07-08T06:16:17","guid":{"rendered":"https:\/\/www.bonelinks.com\/product\/mpo-a-lc-8-fibra-om4-50-125-cable-breakout-40g-100g\/"},"modified":"2024-02-20T03:32:35","modified_gmt":"2024-02-20T11:32:35","slug":"mpo-to-lc-8-fiber-om4-50-125-breakout-cable-40g-100g","status":"publish","type":"product","link":"https:\/\/www.bonelinks.com\/es\/product\/mpo-to-lc-8-fiber-om4-50-125-breakout-cable-40g-100g\/","title":{"rendered":"MPO a LC 8 Fibra OM4 50\/125 Cable Breakout 40g 100g"},"content":{"rendered":"<h1 style=\"text-align: left; font-size: 18px;\"><strong> MPO a LC 8 Fibra OM4 50\/125 Breakout Cable 40g 100g para soluciones de fibra \u00f3ptica de alta densidad<\/strong><\/h1>\n<p>MPO a LC 8 Fibra OM4 50\/125 Breakout Cable es un cable de fibra \u00f3ptica pre-terminado dise\u00f1ado para la transmisi\u00f3n de datos de alta velocidad. Consta de un conector hembra MPO y conectores de fibra d\u00faplex 4xLC, que utilizan fibras OM4 de 8 n\u00facleos. Con 4 fibras en cada direcci\u00f3n que transmiten a 10 Gbps, es totalmente compatible con la transmisi\u00f3n 40GBASE-eSR4.<\/p>\n<p>Con conector hembra MPO y cables de fibra \u00f3ptica OM4 multimodo optimizados para l\u00e1ser (LOMMF), el cable multiconector MPO ofrece una soluci\u00f3n flexible y de alta densidad. Este cable de arn\u00e9s de fibra OM4 MPO a 4xLC 8 es adecuado para su uso en la interconexi\u00f3n de transceptores 100G QSFP28 SR4 a 25G SFP28 SR o 40G QSFP SR4 a 10G SFP+ SR.<\/p>\n<p>Existen opciones personalizadas con diferentes longitudes de ruptura en configuraciones escalonadas o no escalonadas. Cada cable multiconector MPO a LC se somete a rigurosas pruebas y est\u00e1 fabricado con componentes resistentes para garantizar un rendimiento fiable.<\/p>\n<h2 style=\"text-align: left; font-size: 18px;\"><strong>Caracter\u00edsticas de MPO a LC 8 Fibra OM4 50\/125 Breakout Cable 40g 100g<\/strong><\/h2>\n<ul>\n<li>Cable OM4 violeta 50\/125\u00b5m<\/li>\n<li>Conectores MPO(hembra)-LC<\/li>\n<li>Los terminales de f\u00e1brica proporcionan una calidad uniforme, un alto rendimiento y reducen el tiempo de instalaci\u00f3n<\/li>\n<li>100% comprobado para un rendimiento de baja p\u00e9rdida de inserci\u00f3n y alta p\u00e9rdida de retorno<\/li>\n<li>Rendimiento optimizado: disponible en conector MTP de \u00e9lite y conector premium discreto<\/li>\n<li>Configuraciones personalizadas disponibles<\/li>\n<li>Cumple las normas TIA-604-10 e IEC 61754-20<\/li>\n<\/ul>\n<h2 style=\"text-align: left; font-size: 18px;\"><strong>Aplicaciones de MPO a LC 8 Fibra OM4 50\/125 Breakout 40g 100g<\/strong><\/h2>\n<ul>\n<li>Conexiones intertrama de conmutaci\u00f3n \u00f3ptica<\/li>\n<li>Acceso al borde de la tarjeta de fibra de alta densidad<\/li>\n<li>Interconexi\u00f3n 40G y 100G<\/li>\n<li>Cableado de centros de datos<\/li>\n<\/ul>\n<h2 style=\"text-align: left; font-size: 18px;\"><strong>\u00bfBusca m\u00e1s opciones de cables MTP\/MPO?<\/strong><\/h2>\n<p>\u00bfQuiere m\u00e1s opciones de cables MTP\/MPO? Explore nuestra selecci\u00f3n de <span style=\"color: #0054a6;\"><strong><a style=\"color: #0054a6;\" href=\"https:\/\/www.bonelinks.com\/es\/8-fiber-mpo-cable\/\" target=\"_blank\" rel=\"noopener\">Cables MTP\/MPO de 8 fibras <\/a><\/strong><\/span>y <a title=\"Cables multiconector MPO\/MTP a LC\" href=\"https:\/\/www.bonelinks.com\/es\/mpo-breakout-cable\/\" target=\"_blank\" rel=\"noopener\"><strong><span style=\"color: #0054a6;\">Cables de conexi\u00f3n MPO\/MTP a LC<\/span><\/strong> <\/a>para una conexi\u00f3n en red perfecta.<\/p>\n<p>\u00bfBusca cables de conexi\u00f3n MPO personalizados y fabricados a medida? Explore nuestra secci\u00f3n dedicada a<a href=\"https:\/\/www.bonelinks.com\/es\/custom-fiber-optic-cables\/\" target=\"_blank\" rel=\"noopener\"><span style=\"color: #0054a6;\"><strong> Cables de fibra personalizados <\/strong><\/span><\/a>para soluciones de conectividad a medida.<\/p>\n<ul>\n<li>Venta al por menor o al por mayor: \u00a1nosotros le cubrimos!<\/li>\n<li>\u00bfNo sabe qu\u00e9 comprar? Ofrecemos orientaci\u00f3n experta.<\/li>\n<li>MOQ peque\u00f1o: No necesita comprar m\u00e1s de lo que desea.<\/li>\n<li>Precios competitivos: Obtenga siempre un gran valor.<\/li>\n<li>Entrega puntual: Su rapidez, nuestra prioridad.<\/li>\n<li>Centrados en el cliente: Adaptamos nuestros servicios a sus necesidades.<\/li>\n<\/ul>\n<p><strong>Con\u00e9ctese con nosotros<\/strong><br \/>\nSi tiene problemas para encontrar el <span style=\"color: #0054a6;\"><strong><a style=\"color: #0054a6;\" href=\"https:\/\/www.bonelinks.com\/es\/fiber-optic-patch-cord-supplier\/\" target=\"_blank\" rel=\"noopener\">cable de fibra <\/a><\/strong><\/span>para sus necesidades, o si necesita el asesoramiento de un experto, con un solo clic podr\u00e1<a href=\"https:\/\/www.bonelinks.com\/es\/contact-us\/\" target=\"_blank\" rel=\"noopener\"><strong><span style=\"color: #0054a6;\"> chatear con nosotros <\/span><\/strong><\/a>en segundos. Su satisfacci\u00f3n es nuestra prioridad. Estamos dispuestos a ayudarle en todo. <strong>No se preocupe, no es necesario pensar demasiado. Estamos aqu\u00ed, listos para ayudarle.<\/strong><\/p>\n","protected":false},"excerpt":{"rendered":"<p>MPO a LC 8 Fibra OM4 50\/125 Breakout Cable 40g 100g es un cable preterminado de 8 fibras que permite una instalaci\u00f3n f\u00e1cil y r\u00e1pida, proporcionando una calidad consistente y una gesti\u00f3n del cableado m\u00e1s sencilla.<\/p>\n<ul>\n<li>Preterminado con conectores MPO hembra y 4xLC d\u00faplex<\/li>\n<li>Cable OM4 violeta 50\/125\u00b5m<\/li>\n<li>Adecuado para aplicaciones 40G\/100G<\/li>\n<li>Configuraciones personalizadas disponibles<\/li>\n<\/ul>\n","protected":false},"featured_media":18088,"template":"","meta":{"site-sidebar-layout":"default","site-content-layout":"default","ast-site-content-layout":"default","site-content-style":"default","site-sidebar-style":"default","ast-global-header-display":"","ast-banner-title-visibility":"","ast-main-header-display":"","ast-hfb-above-header-display":"","ast-hfb-below-header-display":"","ast-hfb-mobile-header-display":"","site-post-title":"","ast-breadcrumbs-content":"","ast-featured-img":"","footer-sml-layout":"","ast-disable-related-posts":"","theme-transparent-header-meta":"default","adv-header-id-meta":"","stick-header-meta":"default","header-above-stick-meta":"","header-main-stick-meta":"","header-below-stick-meta":"","astra-migrate-meta-layouts":"set","ast-page-background-enabled":"default","ast-page-background-meta":{"desktop":{"background-color":"","background-image":"","background-repeat":"repeat","background-position":"center center","background-size":"auto","background-attachment":"scroll","background-type":"","background-media":"","overlay-type":"","overlay-color":"","overlay-opacity":"","overlay-gradient":""},"tablet":{"background-color":"","background-image":"","background-repeat":"repeat","background-position":"center center","background-size":"auto","background-attachment":"scroll","background-type":"","background-media":"","overlay-type":"","overlay-color":"","overlay-opacity":"","overlay-gradient":""},"mobile":{"background-color":"","background-image":"","background-repeat":"repeat","background-position":"center center","background-size":"auto","background-attachment":"scroll","background-type":"","background-media":"","overlay-type":"","overlay-color":"","overlay-opacity":"","overlay-gradient":""}},"ast-content-background-meta":{"desktop":{"background-color":"var(--ast-global-color-5)","background-image":"","background-repeat":"repeat","background-position":"center center","background-size":"auto","background-attachment":"scroll","background-type":"","background-media":"","overlay-type":"","overlay-color":"","overlay-opacity":"","overlay-gradient":""},"tablet":{"background-color":"var(--ast-global-color-5)","background-image":"","background-repeat":"repeat","background-position":"center center","background-size":"auto","background-attachment":"scroll","background-type":"","background-media":"","overlay-type":"","overlay-color":"","overlay-opacity":"","overlay-gradient":""},"mobile":{"background-color":"var(--ast-global-color-5)","background-image":"","background-repeat":"repeat","background-position":"center center","background-size":"auto","background-attachment":"scroll","background-type":"","background-media":"","overlay-type":"","overlay-color":"","overlay-opacity":"","overlay-gradient":""}}},"product_brand":[],"product_cat":[245,244,255,251],"product_tag":[],"class_list":{"0":"post-21289","1":"product","2":"type-product","3":"status-publish","4":"has-post-thumbnail","6":"product_cat-multimode-fiber-patch-cord-es","7":"product_cat-fiber-patch-cord-es","8":"product_cat-mpo-patch-cord-es","9":"product_cat-lc-fiber-patch-cord-es","10":"pa_connector-type-mpo-lc-es","11":"pa_fiber-type-50-125-om4-es","12":"desktop-align-left","13":"tablet-align-left","14":"mobile-align-left","15":"ast-product-gallery-layout-vertical","16":"ast-product-gallery-with-no-image","17":"ast-product-tabs-layout-vertical","18":"ast-qv-on-image","20":"first","21":"instock","22":"shipping-taxable","23":"product-type-simple"},"_links":{"self":[{"href":"https:\/\/www.bonelinks.com\/es\/wp-json\/wp\/v2\/product\/21289","targetHints":{"allow":["GET"]}}],"collection":[{"href":"https:\/\/www.bonelinks.com\/es\/wp-json\/wp\/v2\/product"}],"about":[{"href":"https:\/\/www.bonelinks.com\/es\/wp-json\/wp\/v2\/types\/product"}],"version-history":[{"count":4,"href":"https:\/\/www.bonelinks.com\/es\/wp-json\/wp\/v2\/product\/21289\/revisions"}],"predecessor-version":[{"id":26661,"href":"https:\/\/www.bonelinks.com\/es\/wp-json\/wp\/v2\/product\/21289\/revisions\/26661"}],"wp:featuredmedia":[{"embeddable":true,"href":"https:\/\/www.bonelinks.com\/es\/wp-json\/wp\/v2\/media\/18088"}],"wp:attachment":[{"href":"https:\/\/www.bonelinks.com\/es\/wp-json\/wp\/v2\/media?parent=21289"}],"wp:term":[{"taxonomy":"product_brand","embeddable":true,"href":"https:\/\/www.bonelinks.com\/es\/wp-json\/wp\/v2\/product_brand?post=21289"},{"taxonomy":"product_cat","embeddable":true,"href":"https:\/\/www.bonelinks.com\/es\/wp-json\/wp\/v2\/product_cat?post=21289"},{"taxonomy":"product_tag","embeddable":true,"href":"https:\/\/www.bonelinks.com\/es\/wp-json\/wp\/v2\/product_tag?post=21289"}],"curies":[{"name":"wp","href":"https:\/\/api.w.org\/{rel}","templated":true}]}}