{"id":21288,"date":"2023-07-05T18:11:48","date_gmt":"2023-07-06T02:11:48","guid":{"rendered":"https:\/\/www.bonelinks.com\/product\/10g-multimodo-lc-lc-fibra-patch\/"},"modified":"2024-02-20T03:39:56","modified_gmt":"2024-02-20T11:39:56","slug":"10g-multimode-lc-lc-fibre-patch","status":"publish","type":"product","link":"https:\/\/www.bonelinks.com\/es\/product\/10g-multimode-lc-lc-fibre-patch\/","title":{"rendered":"10g Multimodo LC-LC Fibra Patch"},"content":{"rendered":"<h1 style=\"text-align: left; font-size: 18px;\"><strong>Parche de fibra LC-LC multimodo 10g: Soluci\u00f3n de gran ancho de banda para 10 Gigabit Ethernet<\/strong><\/h1>\n<p>Bonelinks presenta el 10g Multimode LC-LC Fibre Patch, un cable de m\u00e1xima calidad dise\u00f1ado espec\u00edficamente para aplicaciones 10 Gigabit Ethernet. Este cable de fibra multimodo optimizado para l\u00e1ser (LOMMF) presenta un dise\u00f1o de fibra \u00f3ptica multimodo 50\/125 OM3, que ofrece un ancho de banda significativamente mayor en comparaci\u00f3n con los cables de fibra multimodo tradicionales de 62,5\/125\u00b5m. Es ideal para conexiones 10GBase-SR y 10GBase-LRM en centros de datos. Los conectores LC, conocidos como Lucent Connectors, garantizan conexiones fiables de alta densidad y compatibilidad con dispositivos plug-and-play como m\u00f3dulos SFP y transceptores XFP.<\/p>\n<p>Nuestro 10g Multimode LC-LC Fibre Patch se fabrica utilizando fibra \u00f3ptica de alta calidad y conectores cer\u00e1micos. Se somete a rigurosas pruebas para asegurar una baja p\u00e9rdida de inserci\u00f3n y retorno, garantizando un rendimiento superior y una calidad sobresaliente. El cable ofrece la compatibilidad con versiones anteriores y el margen necesarios para admitir fuentes de luz LED, l\u00e1ser y VCSEL, lo que lo convierte en una soluci\u00f3n ideal para redes Ethernet de 10 Gigabits y aplicaciones exigentes.<\/p>\n<h2 style=\"text-align: left; font-size: 18px;\"><strong>Caracter\u00edsticas de 10g Multimode LC-LC Fibre Patch<\/strong><\/h2>\n<ul>\n<li>Conectores LC\/LC<\/li>\n<li>LOMMF, fibra Aqua optimizada para l\u00e1ser para fuentes de luz l\u00e1ser LED\/VCSEL y aplicaciones de 10 gigabits<\/li>\n<li>OM3 para aplicaciones Ethernet 10G<\/li>\n<li>Distancia m\u00e1xima 10G de 300 m a 850 nm<\/li>\n<li>Se utiliza para conectar paneles de conexi\u00f3n y\/o dispositivos de red que requieren cableado multimodo 50\/125<\/li>\n<li>Caracter\u00edsticas \u00f3pticas inspeccionadas al 100% antes del env\u00edo<\/li>\n<li>Disponible en diferentes longitudes<\/li>\n<\/ul>\n<h2 style=\"text-align: left; font-size: 18px;\"><strong>Aplicaciones del parche de fibra LC-LC multimodo 10g<\/strong><\/h2>\n<ul>\n<li>10 Gigabit Ethernet<\/li>\n<li>Almacenamiento de datos<\/li>\n<li>LANs<\/li>\n<\/ul>\n<h2 style=\"text-align: left; font-size: 18px;\"><strong>\u00bfBusca m\u00e1s opciones de cables de fibra \u00f3ptica?<\/strong><\/h2>\n<p>\u00bfQuiere m\u00e1s opciones de cables de conexi\u00f3n de fibra? Explore nuestra selecci\u00f3n de <span style=\"color: #0054a6;\"><strong><a style=\"color: #0054a6;\" href=\"https:\/\/www.bonelinks.com\/es\/lc-fibre-patch-leads\/\" target=\"_blank\" rel=\"noopener\">LC Cables de conexi\u00f3n de fibra, <\/a><\/strong><\/span><a title=\"Cables de fibra \u00f3ptica LC a LC\" href=\"https:\/\/www.bonelinks.com\/es\/lc-to-lc-fiber-patch-cable\/\" target=\"_blank\" rel=\"noopener\"><strong><span style=\"color: #0054a6;\">LC a LC Cables de conexi\u00f3n de fibra, <\/span><\/strong><\/a><strong><span style=\"color: #0054a6;\"><a style=\"color: #0054a6;\" href=\"https:\/\/www.bonelinks.com\/es\/multimode-fibre-patch-leads\/\" target=\"_blank\" rel=\"noopener\">Cable de conexi\u00f3n de fibra multimodo <\/a><\/span><\/strong>para la creaci\u00f3n de redes sin fisuras.<\/p>\n<p>\u00bfBusca cables de fibra dise\u00f1ados a medida? Explore nuestra secci\u00f3n dedicada a<a href=\"https:\/\/www.bonelinks.com\/es\/custom-fiber-optic-cables\/\" target=\"_blank\" rel=\"noopener\"><span style=\"color: #0054a6;\"><strong> Cables de fibra personalizados <\/strong><\/span><\/a>para soluciones de conectividad a medida.<\/p>\n<ul>\n<li>Venta al por menor o al por mayor: \u00a1nosotros le cubrimos!<\/li>\n<li>\u00bfNo sabe qu\u00e9 comprar? Ofrecemos orientaci\u00f3n experta.<\/li>\n<li>MOQ peque\u00f1o: No necesita comprar m\u00e1s de lo que desea.<\/li>\n<li>Precios competitivos: Obtenga siempre un gran valor.<\/li>\n<li>Entrega puntual: Su rapidez, nuestra prioridad.<\/li>\n<li>Centrados en el cliente: Adaptamos nuestros servicios a sus necesidades.<\/li>\n<\/ul>\n<p><strong>Con\u00e9ctese con nosotros<\/strong><br \/>\nSi tiene problemas para encontrar el <span style=\"color: #0054a6;\"><strong><a style=\"color: #0054a6;\" href=\"https:\/\/www.bonelinks.com\/es\/fiber-optic-patch-cord-supplier\/\" target=\"_blank\" rel=\"noopener\">cable de fibra <\/a><\/strong><\/span>para sus necesidades, o si necesita el asesoramiento de un experto, con un solo clic podr\u00e1<a href=\"https:\/\/www.bonelinks.com\/es\/contact-us\/\" target=\"_blank\" rel=\"noopener\"><strong><span style=\"color: #0054a6;\"> chatear con nosotros <\/span><\/strong><\/a>en segundos. Su satisfacci\u00f3n es nuestra prioridad. Estamos dispuestos a ayudarle en todo. <strong>No se preocupe, no es necesario pensar demasiado. Estamos aqu\u00ed, listos para ayudarle.<\/strong><\/p>\n","protected":false},"excerpt":{"rendered":"<p>Bonelinks 10g Multimode LC-LC Fibre Patch es un cable de alta calidad y gran ancho de banda dise\u00f1ado para aplicaciones Ethernet de 10 Gigabits. Terminados con conectores LC duraderos para un rendimiento superior.<\/p>\n<ul>\n<li>OM3 para aplicaciones Ethernet 10G<\/li>\n<li>Compatible con la fibra 50\/125 existente<\/li>\n<li>Disponible en diferentes longitudes<\/li>\n<li>Caracter\u00edsticas \u00f3pticas inspeccionadas al 100% antes del env\u00edo<\/li>\n<\/ul>\n","protected":false},"featured_media":17868,"template":"","meta":{"site-sidebar-layout":"default","site-content-layout":"default","ast-site-content-layout":"default","site-content-style":"default","site-sidebar-style":"default","ast-global-header-display":"","ast-banner-title-visibility":"","ast-main-header-display":"","ast-hfb-above-header-display":"","ast-hfb-below-header-display":"","ast-hfb-mobile-header-display":"","site-post-title":"","ast-breadcrumbs-content":"","ast-featured-img":"","footer-sml-layout":"","ast-disable-related-posts":"","theme-transparent-header-meta":"default","adv-header-id-meta":"","stick-header-meta":"default","header-above-stick-meta":"","header-main-stick-meta":"","header-below-stick-meta":"","astra-migrate-meta-layouts":"set","ast-page-background-enabled":"default","ast-page-background-meta":{"desktop":{"background-color":"","background-image":"","background-repeat":"repeat","background-position":"center center","background-size":"auto","background-attachment":"scroll","background-type":"","background-media":"","overlay-type":"","overlay-color":"","overlay-opacity":"","overlay-gradient":""},"tablet":{"background-color":"","background-image":"","background-repeat":"repeat","background-position":"center center","background-size":"auto","background-attachment":"scroll","background-type":"","background-media":"","overlay-type":"","overlay-color":"","overlay-opacity":"","overlay-gradient":""},"mobile":{"background-color":"","background-image":"","background-repeat":"repeat","background-position":"center center","background-size":"auto","background-attachment":"scroll","background-type":"","background-media":"","overlay-type":"","overlay-color":"","overlay-opacity":"","overlay-gradient":""}},"ast-content-background-meta":{"desktop":{"background-color":"var(--ast-global-color-5)","background-image":"","background-repeat":"repeat","background-position":"center center","background-size":"auto","background-attachment":"scroll","background-type":"","background-media":"","overlay-type":"","overlay-color":"","overlay-opacity":"","overlay-gradient":""},"tablet":{"background-color":"var(--ast-global-color-5)","background-image":"","background-repeat":"repeat","background-position":"center center","background-size":"auto","background-attachment":"scroll","background-type":"","background-media":"","overlay-type":"","overlay-color":"","overlay-opacity":"","overlay-gradient":""},"mobile":{"background-color":"var(--ast-global-color-5)","background-image":"","background-repeat":"repeat","background-position":"center center","background-size":"auto","background-attachment":"scroll","background-type":"","background-media":"","overlay-type":"","overlay-color":"","overlay-opacity":"","overlay-gradient":""}}},"product_brand":[],"product_cat":[245,244,251],"product_tag":[],"class_list":{"0":"post-21288","1":"product","2":"type-product","3":"status-publish","4":"has-post-thumbnail","6":"product_cat-multimode-fiber-patch-cord-es","7":"product_cat-fiber-patch-cord-es","8":"product_cat-lc-fiber-patch-cord-es","9":"pa_connector-type-lc-lc-es","10":"pa_fiber-type-50-125-om3-es","11":"desktop-align-left","12":"tablet-align-left","13":"mobile-align-left","14":"ast-product-gallery-layout-vertical","15":"ast-product-gallery-with-no-image","16":"ast-product-tabs-layout-vertical","17":"ast-qv-on-image","19":"first","20":"instock","21":"shipping-taxable","22":"product-type-simple"},"_links":{"self":[{"href":"https:\/\/www.bonelinks.com\/es\/wp-json\/wp\/v2\/product\/21288","targetHints":{"allow":["GET"]}}],"collection":[{"href":"https:\/\/www.bonelinks.com\/es\/wp-json\/wp\/v2\/product"}],"about":[{"href":"https:\/\/www.bonelinks.com\/es\/wp-json\/wp\/v2\/types\/product"}],"version-history":[{"count":3,"href":"https:\/\/www.bonelinks.com\/es\/wp-json\/wp\/v2\/product\/21288\/revisions"}],"predecessor-version":[{"id":26669,"href":"https:\/\/www.bonelinks.com\/es\/wp-json\/wp\/v2\/product\/21288\/revisions\/26669"}],"wp:featuredmedia":[{"embeddable":true,"href":"https:\/\/www.bonelinks.com\/es\/wp-json\/wp\/v2\/media\/17868"}],"wp:attachment":[{"href":"https:\/\/www.bonelinks.com\/es\/wp-json\/wp\/v2\/media?parent=21288"}],"wp:term":[{"taxonomy":"product_brand","embeddable":true,"href":"https:\/\/www.bonelinks.com\/es\/wp-json\/wp\/v2\/product_brand?post=21288"},{"taxonomy":"product_cat","embeddable":true,"href":"https:\/\/www.bonelinks.com\/es\/wp-json\/wp\/v2\/product_cat?post=21288"},{"taxonomy":"product_tag","embeddable":true,"href":"https:\/\/www.bonelinks.com\/es\/wp-json\/wp\/v2\/product_tag?post=21288"}],"curies":[{"name":"wp","href":"https:\/\/api.w.org\/{rel}","templated":true}]}}