{"id":21286,"date":"2023-07-05T23:26:45","date_gmt":"2023-07-06T07:26:45","guid":{"rendered":"https:\/\/www.bonelinks.com\/product\/cable-de-fibra-optica-om4-lc-lc\/"},"modified":"2024-02-20T03:36:26","modified_gmt":"2024-02-20T11:36:26","slug":"om4-lc-lc-fibre-optic-patch-cable","status":"publish","type":"product","link":"https:\/\/www.bonelinks.com\/es\/product\/om4-lc-lc-fibre-optic-patch-cable\/","title":{"rendered":"Cable de fibra \u00f3ptica OM4 LC-LC"},"content":{"rendered":"<h1 style=\"text-align: left; font-size: 18px;\"><strong>Cable de fibra \u00f3ptica OM4 LC-LC para conexiones fiables de alta velocidad<\/strong><\/h1>\n<p>Nuestro cable de conexi\u00f3n de fibra \u00f3ptica OM4 LC-LC est\u00e1 dise\u00f1ado con fibra \u00f3ptica de alta calidad y conectores LC, lo que garantiza un rendimiento y una fiabilidad superiores. Se somete a estrictas pruebas de baja p\u00e9rdida de inserci\u00f3n y retorno, lo que lo convierte en la opci\u00f3n ideal para conexiones Ethernet 10G y 40G de alta velocidad.<\/p>\n<p>Este cable de fibra multimodo optimizado para l\u00e1ser (LOMMF) admite conexiones 10GBase-SR, 40GBase-SR4 y 100GBase-SR10, proporcionando un gran ancho de banda y un rendimiento excepcional. Con compatibilidad con los equipos multimodo 50\/125 existentes, ofrece una soluci\u00f3n rentable sin comprometer la calidad.<\/p>\n<p>Los conectores LC en ambos extremos del cable de conexi\u00f3n permiten aplicaciones de mayor densidad gracias a su menor di\u00e1metro. Estos conectores, conocidos com\u00fanmente como Lucent Connection o Little Connector, ofrecen un dise\u00f1o de tipo \u00absnap\u00bb con un di\u00e1metro de virola de 1,25 mm, conforme a las normas IEC 61754-20.<\/p>\n<p>Cada cable de fibra OM4 se prueba y certifica individualmente para cumplir los l\u00edmites aceptables de p\u00e9rdida de inserci\u00f3n \u00f3ptica, lo que garantiza la compatibilidad y una fiabilidad del 100%. Nuestros cables de conexi\u00f3n se someten a rigurosas inspecciones y pruebas durante la producci\u00f3n para garantizar su rendimiento y protecci\u00f3n en cualquier aplicaci\u00f3n. Conf\u00ede en el rendimiento y la fiabilidad de nuestro cable de conexi\u00f3n de fibra \u00f3ptica OM4 LC-LC, dise\u00f1ado para ofrecer conectividad de alta velocidad a sus necesidades de transmisi\u00f3n de datos cr\u00edticos.<\/p>\n<table>\n<caption><strong>Soporte de distancia de enlace OM4<\/strong><\/caption>\n<tbody>\n<tr>\n<th>Designaci\u00f3n del transceptor<\/th>\n<th>OM4 (Distancia m\u00e1xima en metros)<\/th>\n<\/tr>\n<tr>\n<td style=\"text-align: center;\">10GBASE-SR<\/td>\n<td style=\"text-align: center;\">550<\/td>\n<\/tr>\n<tr>\n<td style=\"text-align: center;\">10GBASE-LX4<\/td>\n<td style=\"text-align: center;\">300<\/td>\n<\/tr>\n<tr>\n<td style=\"text-align: center;\">10GBASE-LRM<\/td>\n<td style=\"text-align: center;\">220<\/td>\n<\/tr>\n<tr>\n<td style=\"text-align: center;\">40GBASE-SR4<\/td>\n<td style=\"text-align: center;\">125<\/td>\n<\/tr>\n<tr>\n<td style=\"text-align: center;\">100GBASE-SR10<\/td>\n<td style=\"text-align: center;\">125<\/td>\n<\/tr>\n<\/tbody>\n<\/table>\n<h2 style=\"text-align: left; font-size: 18px;\"><strong>Caracter\u00edsticas del cable de fibra \u00f3ptica OM4 LC-LC<\/strong><\/h2>\n<ul>\n<li>Conectores LC\/LC con casquillos cer\u00e1micos pulidos UPC para p\u00e9rdidas de inserci\u00f3n inferiores a 0,3 dB<\/li>\n<li>Cables de conexi\u00f3n multimodo OM4 compatibles con fuentes de luz LED y VCSEL<\/li>\n<li>Fibra multimodo optimizada para l\u00e1ser (LOMMF) para un mayor rendimiento<\/li>\n<li>Admite 10GBase-SR SFP+, 40GBase-SR4 QSFP+ y 100GBase-SR10 QSFP28<\/li>\n<li>Velocidades de transferencia de datos de hasta 10 Gbps, 40 Gbps y 100 Gbps<\/li>\n<li>Compatible con los equipos OM2 y OM3 50\/125 MMF existentes<\/li>\n<li>Color violeta para una f\u00e1cil identificaci\u00f3n, se distingue del cableado OM1\/OM2 de color naranja y OM3 de color aguamarina.<\/li>\n<li>Probado al 100% para garantizar un rendimiento y una fiabilidad \u00f3ptimos<\/li>\n<\/ul>\n<h2 style=\"text-align: left; font-size: 18px;\"><strong>Aplicaciones del cable de fibra \u00f3ptica OM4 LC-LC<\/strong><\/h2>\n<p>Uso en aplicaciones 40\/100 Gigabit Ethernet y de canal de fibra<br \/>\nConectividad de alta velocidad para aplicaciones de alta densidad<\/p>\n<h2 style=\"text-align: left; font-size: 18px;\"><strong>\u00bfBusca m\u00e1s opciones de cables de fibra \u00f3ptica?<\/strong><\/h2>\n<p>\u00bfQuiere m\u00e1s opciones de cables de conexi\u00f3n de fibra? Explore nuestra selecci\u00f3n de <span style=\"color: #0054a6;\"><strong><a style=\"color: #0054a6;\" href=\"https:\/\/www.bonelinks.com\/es\/lc-fibre-patch-leads\/\" target=\"_blank\" rel=\"noopener\">LC Cables de conexi\u00f3n de fibra, <\/a><\/strong><\/span><a title=\"Cables de fibra \u00f3ptica LC a LC\" href=\"https:\/\/www.bonelinks.com\/es\/lc-to-lc-fiber-patch-cable\/\" target=\"_blank\" rel=\"noopener\"><strong><span style=\"color: #0054a6;\">LC a LC Cables de conexi\u00f3n de fibra, <\/span><\/strong><\/a><strong><span style=\"color: #0054a6;\"><a style=\"color: #0054a6;\" href=\"https:\/\/www.bonelinks.com\/es\/multimode-fibre-patch-leads\/\" target=\"_blank\" rel=\"noopener\">Cable de conexi\u00f3n de fibra multimodo <\/a><\/span><\/strong>para la creaci\u00f3n de redes sin fisuras.<\/p>\n<p>\u00bfBusca cables de fibra dise\u00f1ados a medida? Explore nuestra secci\u00f3n dedicada a<a href=\"https:\/\/www.bonelinks.com\/es\/custom-fiber-optic-cables\/\" target=\"_blank\" rel=\"noopener\"><span style=\"color: #0054a6;\"><strong> Cables de fibra personalizados <\/strong><\/span><\/a>para soluciones de conectividad a medida.<\/p>\n<ul>\n<li>Venta al por menor o al por mayor: \u00a1nosotros le cubrimos!<\/li>\n<li>\u00bfNo sabe qu\u00e9 comprar? Ofrecemos orientaci\u00f3n experta.<\/li>\n<li>MOQ peque\u00f1o: No necesita comprar m\u00e1s de lo que desea.<\/li>\n<li>Precios competitivos: Obtenga siempre un gran valor.<\/li>\n<li>Entrega puntual: Su rapidez, nuestra prioridad.<\/li>\n<li>Centrados en el cliente: Adaptamos nuestros servicios a sus necesidades.<\/li>\n<\/ul>\n<p><strong>Con\u00e9ctese con nosotros<\/strong><br \/>\nSi tiene problemas para encontrar el <span style=\"color: #0054a6;\"><strong><a style=\"color: #0054a6;\" href=\"https:\/\/www.bonelinks.com\/es\/fiber-optic-patch-cord-supplier\/\" target=\"_blank\" rel=\"noopener\">cable de fibra <\/a><\/strong><\/span>para sus necesidades, o si necesita el asesoramiento de un experto, con un solo clic podr\u00e1<a href=\"https:\/\/www.bonelinks.com\/es\/contact-us\/\" target=\"_blank\" rel=\"noopener\"><strong><span style=\"color: #0054a6;\"> chatear con nosotros <\/span><\/strong><\/a>en segundos. Su satisfacci\u00f3n es nuestra prioridad. Estamos dispuestos a ayudarle en todo. <strong>No se preocupe, no es necesario pensar demasiado. Estamos aqu\u00ed, listos para ayudarle.<\/strong><\/p>\n","protected":false},"excerpt":{"rendered":"<p>Cable de conexi\u00f3n de fibra \u00f3ptica OM4 LC-LC con fibra \u00f3ptica de alta calidad y conectores LC-LC. Estrictamente comprobado en cuanto a rendimiento y compatibilidad. Ideal para conexiones 10GBase-SR, 40GBase-SR BiDi, SFP+ y QSFP+.<\/p>\n<ul>\n<li>Conectores LC\/LC con casquillos cer\u00e1micos pulidos UPC para p\u00e9rdidas de inserci\u00f3n inferiores a 0,3 dB<\/li>\n<li>Admite velocidades de transferencia de datos de hasta 10 Gbps, 40 Gbps y 100 Gbps.<\/li>\n<li>Compatible con los equipos OM2 y OM3 50\/125 MMF existentes<\/li>\n<li>Cada cable se somete a pruebas al 100% para garantizar un rendimiento \u00f3ptimo<\/li>\n<\/ul>\n","protected":false},"featured_media":19328,"template":"","meta":{"site-sidebar-layout":"default","site-content-layout":"default","ast-site-content-layout":"default","site-content-style":"default","site-sidebar-style":"default","ast-global-header-display":"","ast-banner-title-visibility":"","ast-main-header-display":"","ast-hfb-above-header-display":"","ast-hfb-below-header-display":"","ast-hfb-mobile-header-display":"","site-post-title":"","ast-breadcrumbs-content":"","ast-featured-img":"","footer-sml-layout":"","ast-disable-related-posts":"","theme-transparent-header-meta":"default","adv-header-id-meta":"","stick-header-meta":"default","header-above-stick-meta":"","header-main-stick-meta":"","header-below-stick-meta":"","astra-migrate-meta-layouts":"set","ast-page-background-enabled":"default","ast-page-background-meta":{"desktop":{"background-color":"","background-image":"","background-repeat":"repeat","background-position":"center center","background-size":"auto","background-attachment":"scroll","background-type":"","background-media":"","overlay-type":"","overlay-color":"","overlay-opacity":"","overlay-gradient":""},"tablet":{"background-color":"","background-image":"","background-repeat":"repeat","background-position":"center center","background-size":"auto","background-attachment":"scroll","background-type":"","background-media":"","overlay-type":"","overlay-color":"","overlay-opacity":"","overlay-gradient":""},"mobile":{"background-color":"","background-image":"","background-repeat":"repeat","background-position":"center center","background-size":"auto","background-attachment":"scroll","background-type":"","background-media":"","overlay-type":"","overlay-color":"","overlay-opacity":"","overlay-gradient":""}},"ast-content-background-meta":{"desktop":{"background-color":"var(--ast-global-color-5)","background-image":"","background-repeat":"repeat","background-position":"center center","background-size":"auto","background-attachment":"scroll","background-type":"","background-media":"","overlay-type":"","overlay-color":"","overlay-opacity":"","overlay-gradient":""},"tablet":{"background-color":"var(--ast-global-color-5)","background-image":"","background-repeat":"repeat","background-position":"center center","background-size":"auto","background-attachment":"scroll","background-type":"","background-media":"","overlay-type":"","overlay-color":"","overlay-opacity":"","overlay-gradient":""},"mobile":{"background-color":"var(--ast-global-color-5)","background-image":"","background-repeat":"repeat","background-position":"center center","background-size":"auto","background-attachment":"scroll","background-type":"","background-media":"","overlay-type":"","overlay-color":"","overlay-opacity":"","overlay-gradient":""}}},"product_brand":[],"product_cat":[245,244,251],"product_tag":[],"class_list":{"0":"post-21286","1":"product","2":"type-product","3":"status-publish","4":"has-post-thumbnail","6":"product_cat-multimode-fiber-patch-cord-es","7":"product_cat-fiber-patch-cord-es","8":"product_cat-lc-fiber-patch-cord-es","9":"pa_connector-type-lc-lc-es","10":"pa_fiber-type-50-125-om4-es","11":"desktop-align-left","12":"tablet-align-left","13":"mobile-align-left","14":"ast-product-gallery-layout-vertical","15":"ast-product-gallery-with-no-image","16":"ast-product-tabs-layout-vertical","17":"ast-qv-on-image","19":"first","20":"instock","21":"shipping-taxable","22":"product-type-simple"},"_links":{"self":[{"href":"https:\/\/www.bonelinks.com\/es\/wp-json\/wp\/v2\/product\/21286","targetHints":{"allow":["GET"]}}],"collection":[{"href":"https:\/\/www.bonelinks.com\/es\/wp-json\/wp\/v2\/product"}],"about":[{"href":"https:\/\/www.bonelinks.com\/es\/wp-json\/wp\/v2\/types\/product"}],"version-history":[{"count":3,"href":"https:\/\/www.bonelinks.com\/es\/wp-json\/wp\/v2\/product\/21286\/revisions"}],"predecessor-version":[{"id":26665,"href":"https:\/\/www.bonelinks.com\/es\/wp-json\/wp\/v2\/product\/21286\/revisions\/26665"}],"wp:featuredmedia":[{"embeddable":true,"href":"https:\/\/www.bonelinks.com\/es\/wp-json\/wp\/v2\/media\/19328"}],"wp:attachment":[{"href":"https:\/\/www.bonelinks.com\/es\/wp-json\/wp\/v2\/media?parent=21286"}],"wp:term":[{"taxonomy":"product_brand","embeddable":true,"href":"https:\/\/www.bonelinks.com\/es\/wp-json\/wp\/v2\/product_brand?post=21286"},{"taxonomy":"product_cat","embeddable":true,"href":"https:\/\/www.bonelinks.com\/es\/wp-json\/wp\/v2\/product_cat?post=21286"},{"taxonomy":"product_tag","embeddable":true,"href":"https:\/\/www.bonelinks.com\/es\/wp-json\/wp\/v2\/product_tag?post=21286"}],"curies":[{"name":"wp","href":"https:\/\/api.w.org\/{rel}","templated":true}]}}