{"id":21285,"date":"2023-07-07T22:37:34","date_gmt":"2023-07-08T06:37:34","guid":{"rendered":"https:\/\/www.bonelinks.com\/product\/mpo-a-lc-8-fibra-om3-50-125-cable-breakout-40g-100g\/"},"modified":"2024-02-20T03:31:15","modified_gmt":"2024-02-20T11:31:15","slug":"mpo-to-lc-8-fiber-om3-50-125-breakout-cable-40g-100g","status":"publish","type":"product","link":"https:\/\/www.bonelinks.com\/es\/product\/mpo-to-lc-8-fiber-om3-50-125-breakout-cable-40g-100g\/","title":{"rendered":"MPO a LC 8 Fibra OM3 50\/125 Cable Breakout 40g 100g"},"content":{"rendered":"<h1 style=\"text-align: left; font-size: 18px;\"><strong> MPO a LC 8 Fibra OM3 50\/125 Cable Breakout 40g 100g: Conectividad vers\u00e1til para redes de alta densidad<\/strong><\/h1>\n<p>El cable multiconector MPO consta de un conector hembra MPO en un extremo y conectores de fibra d\u00faplex 4xLC en el otro. Es adecuado para conectar 100G QSFP28 SR4 a 25G SFP28 SR o 40G QSFP SR4 a 10G SFP+ SR transceivers.This 8 fibra OM3 MPO a 4xLC Duplex cable de arn\u00e9s se adhiere al M\u00e9todo B (Cross-Connect) polaridad.<\/p>\n<p>En comparaci\u00f3n con las soluciones tradicionales de cableado de fibra \u00f3ptica, el cable MPO a LC OM3 50\/125 Breakout ofrece mayor flexibilidad y ahorro de espacio. Proporciona una conectividad eficaz y admite velocidades de datos muy elevadas, como 40 Gigabit y 100 Gigabit Ethernet.<\/p>\n<p>Existen opciones de personalizaci\u00f3n, como colas LC de distintas longitudes en configuraciones escalonadas o no escalonadas. Cada cable multiconector MPO a LC se somete a pruebas completas y est\u00e1 fabricado con componentes reforzados para garantizar su durabilidad. Adem\u00e1s, si se solicita, se puede suministrar un conector MTP\u00ae para requisitos espec\u00edficos.<\/p>\n<h2 style=\"text-align: left; font-size: 18px;\"><strong>Caracter\u00edsticas de MPO a LC 8 Fibra OM3 50\/125 Breakout Cable 40g 100g<\/strong><\/h2>\n<ul>\n<li>8 fibras<\/li>\n<li>Cable Aqua OM3 de 50\/125\u00b5m<\/li>\n<li>Conectores MPO (hembra) a LC<\/li>\n<li>40g 100g transmisi\u00f3n de datos<\/li>\n<li>Terminado en f\u00e1brica para una calidad constante y un alto rendimiento, lo que reduce el tiempo de instalaci\u00f3n<\/li>\n<li>Probado al 100% para garantizar bajas p\u00e9rdidas de inserci\u00f3n y altas p\u00e9rdidas de retorno<\/li>\n<li>Rendimiento optimizado con opciones para conectores MTP de \u00e9lite y conectores premium discretos<\/li>\n<li>Configuraciones personalizadas disponibles para satisfacer requisitos espec\u00edficos<\/li>\n<\/ul>\n<h2 style=\"text-align: left; font-size: 18px;\"><strong>Aplicaciones de MPO a LC 8 Fibra OM3 50\/125 Breakout 40g 100g<\/strong><\/h2>\n<ul>\n<li>Conexiones intertrama de conmutaci\u00f3n \u00f3ptica<\/li>\n<li>Acceso al borde de la tarjeta de fibra de alta densidad<\/li>\n<li>Interconexi\u00f3n 40G y 100G<\/li>\n<li>Cableado de centros de datos<\/li>\n<\/ul>\n<h2 style=\"text-align: left; font-size: 18px;\"><strong>\u00bfBusca m\u00e1s opciones de cables MTP\/MPO?<\/strong><\/h2>\n<p>\u00bfQuiere m\u00e1s opciones de cables MTP\/MPO? Explore nuestra selecci\u00f3n de <span style=\"color: #0054a6;\"><strong><a style=\"color: #0054a6;\" href=\"https:\/\/www.bonelinks.com\/es\/8-fiber-mpo-cable\/\" target=\"_blank\" rel=\"noopener\">Cables MTP\/MPO de 8 fibras <\/a><\/strong><\/span>y <a title=\"Cables multiconector MPO\/MTP a LC\" href=\"https:\/\/www.bonelinks.com\/es\/mpo-breakout-cable\/\" target=\"_blank\" rel=\"noopener\"><strong><span style=\"color: #0054a6;\">Cables de conexi\u00f3n MPO\/MTP a LC<\/span><\/strong> <\/a>para una conexi\u00f3n en red perfecta.<\/p>\n<p>\u00bfBusca cables de conexi\u00f3n MPO personalizados y fabricados a medida? Explore nuestra secci\u00f3n dedicada a<a href=\"https:\/\/www.bonelinks.com\/es\/custom-fiber-optic-cables\/\" target=\"_blank\" rel=\"noopener\"><span style=\"color: #0054a6;\"><strong> Cables de fibra personalizados <\/strong><\/span><\/a>para soluciones de conectividad a medida.<\/p>\n<ul>\n<li>Venta al por menor o al por mayor: \u00a1nosotros le cubrimos!<\/li>\n<li>\u00bfNo sabe qu\u00e9 comprar? Ofrecemos orientaci\u00f3n experta.<\/li>\n<li>MOQ peque\u00f1o: No necesita comprar m\u00e1s de lo que desea.<\/li>\n<li>Precios competitivos: Obtenga siempre un gran valor.<\/li>\n<li>Entrega puntual: Su rapidez, nuestra prioridad.<\/li>\n<li>Centrados en el cliente: Adaptamos nuestros servicios a sus necesidades.<\/li>\n<\/ul>\n<p><strong>Con\u00e9ctese con nosotros<\/strong><br \/>\nSi tiene problemas para encontrar el <span style=\"color: #0054a6;\"><strong><a style=\"color: #0054a6;\" href=\"https:\/\/www.bonelinks.com\/es\/fiber-optic-patch-cord-supplier\/\" target=\"_blank\" rel=\"noopener\">cable de fibra <\/a><\/strong><\/span>para sus necesidades, o si necesita el asesoramiento de un experto, con un solo clic podr\u00e1<a href=\"https:\/\/www.bonelinks.com\/es\/contact-us\/\" target=\"_blank\" rel=\"noopener\"><strong><span style=\"color: #0054a6;\"> chatear con nosotros <\/span><\/strong><\/a>en segundos. Su satisfacci\u00f3n es nuestra prioridad. Estamos dispuestos a ayudarle en todo. <strong>No se preocupe, no es necesario pensar demasiado. Estamos aqu\u00ed, listos para ayudarle.<\/strong><\/p>\n","protected":false},"excerpt":{"rendered":"<p>MPO to LC 8 Fiber OM3 50\/125 Breakout Cable 40g 100g permite la conexi\u00f3n de un transceptor QSFP+ o QSFP28 a 4 puertos SFP+ o LC, ofreciendo una soluci\u00f3n flexible y que ahorra espacio para velocidades de datos de alta velocidad.<\/p>\n<ul>\n<li>Ideal para aplicaciones 40G SR4 o 100G SR4<\/li>\n<li>Rendimiento optimizado: disponible en conector MTP de \u00e9lite y conector premium discreto<\/li>\n<li>Configuraciones personalizadas disponibles<\/li>\n<\/ul>\n","protected":false},"featured_media":16598,"template":"","meta":{"site-sidebar-layout":"default","site-content-layout":"default","ast-site-content-layout":"default","site-content-style":"default","site-sidebar-style":"default","ast-global-header-display":"","ast-banner-title-visibility":"","ast-main-header-display":"","ast-hfb-above-header-display":"","ast-hfb-below-header-display":"","ast-hfb-mobile-header-display":"","site-post-title":"","ast-breadcrumbs-content":"","ast-featured-img":"","footer-sml-layout":"","ast-disable-related-posts":"","theme-transparent-header-meta":"default","adv-header-id-meta":"","stick-header-meta":"default","header-above-stick-meta":"","header-main-stick-meta":"","header-below-stick-meta":"","astra-migrate-meta-layouts":"set","ast-page-background-enabled":"default","ast-page-background-meta":{"desktop":{"background-color":"","background-image":"","background-repeat":"repeat","background-position":"center center","background-size":"auto","background-attachment":"scroll","background-type":"","background-media":"","overlay-type":"","overlay-color":"","overlay-opacity":"","overlay-gradient":""},"tablet":{"background-color":"","background-image":"","background-repeat":"repeat","background-position":"center center","background-size":"auto","background-attachment":"scroll","background-type":"","background-media":"","overlay-type":"","overlay-color":"","overlay-opacity":"","overlay-gradient":""},"mobile":{"background-color":"","background-image":"","background-repeat":"repeat","background-position":"center center","background-size":"auto","background-attachment":"scroll","background-type":"","background-media":"","overlay-type":"","overlay-color":"","overlay-opacity":"","overlay-gradient":""}},"ast-content-background-meta":{"desktop":{"background-color":"var(--ast-global-color-5)","background-image":"","background-repeat":"repeat","background-position":"center center","background-size":"auto","background-attachment":"scroll","background-type":"","background-media":"","overlay-type":"","overlay-color":"","overlay-opacity":"","overlay-gradient":""},"tablet":{"background-color":"var(--ast-global-color-5)","background-image":"","background-repeat":"repeat","background-position":"center center","background-size":"auto","background-attachment":"scroll","background-type":"","background-media":"","overlay-type":"","overlay-color":"","overlay-opacity":"","overlay-gradient":""},"mobile":{"background-color":"var(--ast-global-color-5)","background-image":"","background-repeat":"repeat","background-position":"center center","background-size":"auto","background-attachment":"scroll","background-type":"","background-media":"","overlay-type":"","overlay-color":"","overlay-opacity":"","overlay-gradient":""}}},"product_brand":[],"product_cat":[245,244,255,251],"product_tag":[],"class_list":{"0":"post-21285","1":"product","2":"type-product","3":"status-publish","4":"has-post-thumbnail","6":"product_cat-multimode-fiber-patch-cord-es","7":"product_cat-fiber-patch-cord-es","8":"product_cat-mpo-patch-cord-es","9":"product_cat-lc-fiber-patch-cord-es","10":"pa_connector-type-mpo-lc-es","11":"pa_fiber-type-50-125-om3-es","12":"desktop-align-left","13":"tablet-align-left","14":"mobile-align-left","15":"ast-product-gallery-layout-vertical","16":"ast-product-gallery-with-no-image","17":"ast-product-tabs-layout-vertical","18":"ast-qv-on-image","20":"first","21":"instock","22":"shipping-taxable","23":"product-type-simple"},"_links":{"self":[{"href":"https:\/\/www.bonelinks.com\/es\/wp-json\/wp\/v2\/product\/21285","targetHints":{"allow":["GET"]}}],"collection":[{"href":"https:\/\/www.bonelinks.com\/es\/wp-json\/wp\/v2\/product"}],"about":[{"href":"https:\/\/www.bonelinks.com\/es\/wp-json\/wp\/v2\/types\/product"}],"version-history":[{"count":3,"href":"https:\/\/www.bonelinks.com\/es\/wp-json\/wp\/v2\/product\/21285\/revisions"}],"predecessor-version":[{"id":26660,"href":"https:\/\/www.bonelinks.com\/es\/wp-json\/wp\/v2\/product\/21285\/revisions\/26660"}],"wp:featuredmedia":[{"embeddable":true,"href":"https:\/\/www.bonelinks.com\/es\/wp-json\/wp\/v2\/media\/16598"}],"wp:attachment":[{"href":"https:\/\/www.bonelinks.com\/es\/wp-json\/wp\/v2\/media?parent=21285"}],"wp:term":[{"taxonomy":"product_brand","embeddable":true,"href":"https:\/\/www.bonelinks.com\/es\/wp-json\/wp\/v2\/product_brand?post=21285"},{"taxonomy":"product_cat","embeddable":true,"href":"https:\/\/www.bonelinks.com\/es\/wp-json\/wp\/v2\/product_cat?post=21285"},{"taxonomy":"product_tag","embeddable":true,"href":"https:\/\/www.bonelinks.com\/es\/wp-json\/wp\/v2\/product_tag?post=21285"}],"curies":[{"name":"wp","href":"https:\/\/api.w.org\/{rel}","templated":true}]}}