{"id":21245,"date":"2023-07-08T05:45:54","date_gmt":"2023-07-08T13:45:54","guid":{"rendered":"https:\/\/www.bonelinks.com\/product\/mpo-12-cable-de-conexion-50-125-om4-multimodo\/"},"modified":"2024-02-20T04:10:20","modified_gmt":"2024-02-20T12:10:20","slug":"mpo-to-lc-12-fiber-50-125-multimode-om4-breakout-cable","status":"publish","type":"product","link":"https:\/\/www.bonelinks.com\/es\/product\/mpo-to-lc-12-fiber-50-125-multimode-om4-breakout-cable\/","title":{"rendered":"MPO-12 Cable de conexi\u00f3n 50\/125 OM4 multimodo"},"content":{"rendered":"<h1 style=\"text-align: left; font-size: 18px;\"><strong>Cable multiconector MPO-12 50\/125 multimodo OM4: Mayor rendimiento y flexibilidad<\/strong><\/h1>\n<p>Este cable multiconector MPO-12 es ideal cuando el espacio es limitado y se requiere la conversi\u00f3n de una red de fibra est\u00e1ndar en una red MTP\/MPO de alta densidad, manteniendo al mismo tiempo excelentes conexiones de fibra. Consta de un conector hembra MPO y 6 conectores de fibra d\u00faplex LC UPC, que utilizan el pulido UPC para un mejor acabado superficial y una menor reflexi\u00f3n trasera.<\/p>\n<p>El objetivo principal del cable multiconector MPO-12 es racionalizar la organizaci\u00f3n de los cables LC d\u00faplex, lo que se traduce en un ahorro de costes y una configuraci\u00f3n m\u00e1s limpia. Por ejemplo, en lugar de instalar seis cables LC d\u00faplex, un administrador de red puede optar por un \u00fanico conjunto troncal MPO, que enlaza varios transceptores SFP+ sin p\u00e9rdidas de inserci\u00f3n significativas causadas por una docena de conectores. Estos cables multiconector MPO tambi\u00e9n se utilizan para facilitar la transici\u00f3n de velocidades de transmisi\u00f3n de 10G a 40G, como se observa en escenarios como la soluci\u00f3n QSFP+ a 4x SFP+.<\/p>\n<p>Los cables multiconector OM4 MPO a LC ofrecen un ancho de banda extremadamente alto, superando a otros modos con 4700MHz*km. Admiten distancias de hasta 550 metros para 10 GB y 125 metros para 100 GB, lo que permite utilizar longitudes mayores en comparaci\u00f3n con los cables OM3, manteniendo un excelente rendimiento de conexi\u00f3n.<\/p>\n<p>El conector MTP\u00ae est\u00e1 disponible bajo pedido. Cada cable multiconector MPO-12 a LC puede personalizarse con conectores con patillas (macho) o sin patillas (hembra) en cualquier combinaci\u00f3n para garantizar la compatibilidad de red. Longitudes de cable disponibles bajo pedido. Todos los cables multiconector MPO 12 se someten a pruebas exhaustivas y est\u00e1n fabricados con componentes resistentes para garantizar su fiabilidad y durabilidad en distintos entornos.<\/p>\n<h2 style=\"text-align: left; font-size: 18px;\"><strong>Caracter\u00edsticas del cable multiconector MPO-12 50\/125 multimodo OM4<\/strong><\/h2>\n<ul>\n<li style=\"list-style-type: none;\">\n<ul>\n<li>Fibra multimodo 50\/125 OM4 optimizada para l\u00e1ser<\/li>\n<li>Cable de arn\u00e9s MPO 12 a LC<\/li>\n<li>Conexi\u00f3n directa entre transceptores y troncales MPO (MTP)<\/li>\n<li>Ideal para aplicaciones de alta densidad<\/li>\n<li>Los terminales de f\u00e1brica proporcionan una calidad uniforme, un alto rendimiento y reducen el tiempo de instalaci\u00f3n<\/li>\n<li>100% comprobado para un rendimiento de baja p\u00e9rdida de inserci\u00f3n y alta p\u00e9rdida de retorno<\/li>\n<li>Rendimiento optimizado: disponible en conector MTP de \u00e9lite y conector premium discreto<\/li>\n<li>Configuraciones personalizadas disponibles<\/li>\n<\/ul>\n<\/li>\n<\/ul>\n<h2 style=\"text-align: left; font-size: 18px;\"><strong>Aplicaciones del cable multiconector MPO-12 50\/125 multimodo OM4<\/strong><\/h2>\n<ul>\n<li>Conexiones intertrama de conmutaci\u00f3n \u00f3ptica<\/li>\n<li>Acceso al borde de la tarjeta de fibra de alta densidad<\/li>\n<li>Interconexi\u00f3n 40G y 10G<\/li>\n<li>Cableado de centros de datos<\/li>\n<\/ul>\n<h2 style=\"text-align: left; font-size: 18px;\"><strong>\u00bfBusca m\u00e1s opciones de cables MTP\/MPO?<\/strong><\/h2>\n<p>\u00bfQuiere m\u00e1s opciones de cables MTP\/MPO? Explore nuestra selecci\u00f3n de <span style=\"color: #0054a6;\"><strong><a style=\"color: #0054a6;\" href=\"https:\/\/www.bonelinks.com\/es\/mpo-12-fiber-cable\/\" target=\"_blank\" rel=\"noopener\">Cables MTP\/MPO de 12 fibras <\/a><\/strong><\/span>y <a title=\"Cables multiconector MPO\/MTP a LC\" href=\"https:\/\/www.bonelinks.com\/es\/mpo-breakout-cable\/\" target=\"_blank\" rel=\"noopener\"><strong><span style=\"color: #0054a6;\">Cables de conexi\u00f3n MPO\/MTP a LC<\/span><\/strong> <\/a>para una conexi\u00f3n en red perfecta.<\/p>\n<p>\u00bfBusca cables de conexi\u00f3n MPO personalizados y fabricados a medida? Explore nuestra secci\u00f3n dedicada a<a href=\"https:\/\/www.bonelinks.com\/es\/custom-fiber-optic-cables\/\" target=\"_blank\" rel=\"noopener\"><span style=\"color: #0054a6;\"><strong> Cables de fibra personalizados <\/strong><\/span><\/a>para soluciones de conectividad a medida.<\/p>\n<ul>\n<li>Venta al por menor o al por mayor: \u00a1nosotros le cubrimos!<\/li>\n<li>\u00bfNo sabe qu\u00e9 comprar? Ofrecemos orientaci\u00f3n experta.<\/li>\n<li>MOQ peque\u00f1o: No necesita comprar m\u00e1s de lo que desea.<\/li>\n<li>Precios competitivos: Obtenga siempre un gran valor.<\/li>\n<li>Entrega puntual: Su rapidez, nuestra prioridad.<\/li>\n<li>Centrados en el cliente: Adaptamos nuestros servicios a sus necesidades.<\/li>\n<\/ul>\n<p><strong>Con\u00e9ctese con nosotros<\/strong><br \/>\nSi tiene problemas para encontrar el <span style=\"color: #0054a6;\"><strong><a style=\"color: #0054a6;\" href=\"https:\/\/www.bonelinks.com\/es\/fiber-optic-patch-cord-supplier\/\" target=\"_blank\" rel=\"noopener\">cable de fibra <\/a><\/strong><\/span>para sus necesidades, o si necesita el asesoramiento de un experto, con un solo clic podr\u00e1<a href=\"https:\/\/www.bonelinks.com\/es\/contact-us\/\" target=\"_blank\" rel=\"noopener\"><strong><span style=\"color: #0054a6;\"> chatear con nosotros <\/span><\/strong><\/a>en segundos. Su satisfacci\u00f3n es nuestra prioridad. Estamos dispuestos a ayudarle en todo. <strong>No se preocupe, no es necesario pensar demasiado. Estamos aqu\u00ed, listos para ayudarle.<\/strong><\/p>\n","protected":false},"excerpt":{"rendered":"<p>El cable de conexi\u00f3n MPO-12 preterminado 50\/125 multimodo OM4 ofrece una calidad uniforme, una instalaci\u00f3n r\u00e1pida y una gesti\u00f3n simplificada del cableado, convirtiendo las redes de fibra est\u00e1ndar en conexiones MTP\/MPO de alta densidad.<\/p>\n<ul>\n<li>Fibra OM4 multimodo optimizada para l\u00e1ser<\/li>\n<li>Cable de arn\u00e9s MPO hembra a 6 x LC d\u00faplex<\/li>\n<li>Conexi\u00f3n directa entre transceptores y troncales MPO (MTP)<\/li>\n<li>Disponible en conector MTP de \u00e9lite y conector premium discreto<\/li>\n<\/ul>\n","protected":false},"featured_media":18093,"template":"","meta":{"site-sidebar-layout":"default","site-content-layout":"default","ast-site-content-layout":"default","site-content-style":"default","site-sidebar-style":"default","ast-global-header-display":"","ast-banner-title-visibility":"","ast-main-header-display":"","ast-hfb-above-header-display":"","ast-hfb-below-header-display":"","ast-hfb-mobile-header-display":"","site-post-title":"","ast-breadcrumbs-content":"","ast-featured-img":"","footer-sml-layout":"","ast-disable-related-posts":"","theme-transparent-header-meta":"default","adv-header-id-meta":"","stick-header-meta":"default","header-above-stick-meta":"","header-main-stick-meta":"","header-below-stick-meta":"","astra-migrate-meta-layouts":"set","ast-page-background-enabled":"default","ast-page-background-meta":{"desktop":{"background-color":"","background-image":"","background-repeat":"repeat","background-position":"center center","background-size":"auto","background-attachment":"scroll","background-type":"","background-media":"","overlay-type":"","overlay-color":"","overlay-opacity":"","overlay-gradient":""},"tablet":{"background-color":"","background-image":"","background-repeat":"repeat","background-position":"center center","background-size":"auto","background-attachment":"scroll","background-type":"","background-media":"","overlay-type":"","overlay-color":"","overlay-opacity":"","overlay-gradient":""},"mobile":{"background-color":"","background-image":"","background-repeat":"repeat","background-position":"center center","background-size":"auto","background-attachment":"scroll","background-type":"","background-media":"","overlay-type":"","overlay-color":"","overlay-opacity":"","overlay-gradient":""}},"ast-content-background-meta":{"desktop":{"background-color":"var(--ast-global-color-5)","background-image":"","background-repeat":"repeat","background-position":"center center","background-size":"auto","background-attachment":"scroll","background-type":"","background-media":"","overlay-type":"","overlay-color":"","overlay-opacity":"","overlay-gradient":""},"tablet":{"background-color":"var(--ast-global-color-5)","background-image":"","background-repeat":"repeat","background-position":"center center","background-size":"auto","background-attachment":"scroll","background-type":"","background-media":"","overlay-type":"","overlay-color":"","overlay-opacity":"","overlay-gradient":""},"mobile":{"background-color":"var(--ast-global-color-5)","background-image":"","background-repeat":"repeat","background-position":"center center","background-size":"auto","background-attachment":"scroll","background-type":"","background-media":"","overlay-type":"","overlay-color":"","overlay-opacity":"","overlay-gradient":""}}},"product_brand":[],"product_cat":[245,244,255,251],"product_tag":[],"class_list":{"0":"post-21245","1":"product","2":"type-product","3":"status-publish","4":"has-post-thumbnail","6":"product_cat-multimode-fiber-patch-cord-es","7":"product_cat-fiber-patch-cord-es","8":"product_cat-mpo-patch-cord-es","9":"product_cat-lc-fiber-patch-cord-es","10":"pa_connector-type-mpo-lc-es","11":"pa_fiber-type-50-125-om4-es","12":"desktop-align-left","13":"tablet-align-left","14":"mobile-align-left","15":"ast-product-gallery-layout-vertical","16":"ast-product-gallery-with-no-image","17":"ast-product-tabs-layout-vertical","18":"ast-qv-on-image","20":"first","21":"instock","22":"shipping-taxable","23":"product-type-simple"},"_links":{"self":[{"href":"https:\/\/www.bonelinks.com\/es\/wp-json\/wp\/v2\/product\/21245","targetHints":{"allow":["GET"]}}],"collection":[{"href":"https:\/\/www.bonelinks.com\/es\/wp-json\/wp\/v2\/product"}],"about":[{"href":"https:\/\/www.bonelinks.com\/es\/wp-json\/wp\/v2\/types\/product"}],"version-history":[{"count":3,"href":"https:\/\/www.bonelinks.com\/es\/wp-json\/wp\/v2\/product\/21245\/revisions"}],"predecessor-version":[{"id":26702,"href":"https:\/\/www.bonelinks.com\/es\/wp-json\/wp\/v2\/product\/21245\/revisions\/26702"}],"wp:featuredmedia":[{"embeddable":true,"href":"https:\/\/www.bonelinks.com\/es\/wp-json\/wp\/v2\/media\/18093"}],"wp:attachment":[{"href":"https:\/\/www.bonelinks.com\/es\/wp-json\/wp\/v2\/media?parent=21245"}],"wp:term":[{"taxonomy":"product_brand","embeddable":true,"href":"https:\/\/www.bonelinks.com\/es\/wp-json\/wp\/v2\/product_brand?post=21245"},{"taxonomy":"product_cat","embeddable":true,"href":"https:\/\/www.bonelinks.com\/es\/wp-json\/wp\/v2\/product_cat?post=21245"},{"taxonomy":"product_tag","embeddable":true,"href":"https:\/\/www.bonelinks.com\/es\/wp-json\/wp\/v2\/product_tag?post=21245"}],"curies":[{"name":"wp","href":"https:\/\/api.w.org\/{rel}","templated":true}]}}