{"id":21231,"date":"2023-07-10T04:04:47","date_gmt":"2023-07-10T12:04:47","guid":{"rendered":"https:\/\/www.bonelinks.com\/product\/cable-troncal-os2-mpo-de-12-fibras\/"},"modified":"2024-02-20T04:18:04","modified_gmt":"2024-02-20T12:18:04","slug":"12-fiber-os2-mpo-trunk-cable","status":"publish","type":"product","link":"https:\/\/www.bonelinks.com\/es\/product\/12-fiber-os2-mpo-trunk-cable\/","title":{"rendered":"Cable troncal OS2 MPO de 12 fibras"},"content":{"rendered":"<h1 style=\"text-align: left; font-size: 18px;\"><strong>Cable troncal OS2 MPO de 12 fibras de alta densidad: Conectividad eficiente<\/strong><\/h1>\n<p>El cable troncal MPO OS2 de 12 fibras es un cable de conexi\u00f3n MPO monomodo de 12 fibras preterminado de f\u00e1brica dise\u00f1ado para requisitos de cableado en espacios limitados. Incorpora conectores hembra MPO-12 de alto rendimiento y un cable \u00f3ptico que garantiza una funcionalidad y fiabilidad \u00f3ptimas. El conector MPO-12, aunque de tama\u00f1o similar a un conector SC, ofrece hasta 12 veces m\u00e1s densidad, lo que se traduce en un importante ahorro de espacio y costes.<\/p>\n<p>La configuraci\u00f3n MPO-12 tambi\u00e9n admite sistemas de fibra MPO-8, lo que hace que este cable troncal MPO de 12 fibras sea adecuado para aplicaciones de transceptores \u00f3pticos monomodo paralelos de 8 fibras, incluidos enlaces 40G QSFP+ PLR4, 100G QSFP28 PSM4, 400G OSFP DR4\/XDR4 y 400G QSFP-DD DR4\/XDR4.<\/p>\n<p>Al utilizar fibra \u00f3ptica monomodo OS2, este cable permite una transmisi\u00f3n de datos eficaz. En un enlace de 1 Gbps, puede transmitir datos hasta una distancia de 10.000 metros a una longitud de onda de 1310 nm utilizando una fibra de vidrio de 9\/125 micras. Para un enlace de 10 Gbps, los datos pueden transferirse hasta 5.000 metros a 1310 nm o hasta 30.000 metros a 1550 nm.<\/p>\n<p>El cable troncal OS2 MPO de 12 fibras se suministra con cubierta LSZH, OFNR u OFNP, lo que ofrece opciones que se adaptan a sus requisitos espec\u00edficos. Tambi\u00e9n hay disponibles conectores MTP\u00ae opcionales, longitudes personalizadas y configuraciones de polaridad, lo que garantiza flexibilidad y compatibilidad para sus necesidades de red.<\/p>\n<h2 style=\"text-align: left; font-size: 18px;\"><strong>Caracter\u00edsticas del cable troncal OS2 MPO de 12 fibras <\/strong><\/h2>\n<ul>\n<li>Conectores MPO(hembra)-MPO(hembra)<\/li>\n<li>F\u00e1cil montaje y desmontaje con cierre push-pull<\/li>\n<li>Baja p\u00e9rdida de 0,7 dB est\u00e1ndar y 0,35 dB \u00e9lite a elecci\u00f3n del cliente<\/li>\n<li>Baja IL y transmisi\u00f3n de se\u00f1al estable que garantizan la seguridad de su red<\/li>\n<li>Conectores MPO OS2 de alta calidad garantizados por el interfer\u00f3metro 3D<\/li>\n<li>Dise\u00f1ado para \u00f3pticas 40G QSFP+ PLR4, 100G QSFP28 PSM4, 400G OSFP DR4\/XDR4 y 400G QSFP-DD DR4\/XDR4<\/li>\n<\/ul>\n<h2 style=\"text-align: left; font-size: 18px;\"><strong>Aplicaciones del cable troncal OS2 MPO de 12 fibras <\/strong><\/h2>\n<ul>\n<li>Conexiones intertrama de conmutaci\u00f3n \u00f3ptica<\/li>\n<li>Acceso al borde de la tarjeta de fibra de alta densidad<\/li>\n<li>Interconexi\u00f3n 10G\/40G\/100G<\/li>\n<li>Cableado de centros de datos<\/li>\n<\/ul>\n<h2 style=\"text-align: left; font-size: 18px;\"><strong>\u00bfBusca m\u00e1s opciones de cables MTP\/MPO?<\/strong><\/h2>\n<p>\u00bfQuiere m\u00e1s opciones de cables MTP\/MPO? Explore nuestra selecci\u00f3n de <span style=\"color: #0054a6;\"><strong><a style=\"color: #0054a6;\" href=\"https:\/\/www.bonelinks.com\/es\/mpo-12-fiber-cable\/\" target=\"_blank\" rel=\"noopener\">Cables MTP\/MPO de 12 fibras <\/a><\/strong><\/span>y <a href=\"https:\/\/www.bonelinks.com\/es\/mpo-trunk-cable\/\" target=\"_blank\" rel=\"noopener\"><strong><span style=\"color: #0054a6;\">Cables de fibra MPO a MPO\/MTP a MTP<\/span><\/strong> <\/a>para una conexi\u00f3n en red perfecta.<\/p>\n<p>\u00bfBusca cables de conexi\u00f3n MPO personalizados y fabricados a medida? Explore nuestra secci\u00f3n dedicada a<a href=\"https:\/\/www.bonelinks.com\/es\/custom-fiber-optic-cables\/\" target=\"_blank\" rel=\"noopener\"><span style=\"color: #0054a6;\"><strong> Cables de fibra personalizados <\/strong><\/span><\/a>para soluciones de conectividad a medida.<\/p>\n<ul>\n<li>Venta al por menor o al por mayor: \u00a1nosotros le cubrimos!<\/li>\n<li>\u00bfNo sabe qu\u00e9 comprar? Ofrecemos orientaci\u00f3n experta.<\/li>\n<li>MOQ peque\u00f1o: No necesita comprar m\u00e1s de lo que desea.<\/li>\n<li>Precios competitivos: Obtenga siempre un gran valor.<\/li>\n<li>Entrega puntual: Su rapidez, nuestra prioridad.<\/li>\n<li>Centrados en el cliente: Adaptamos nuestros servicios a sus necesidades.<\/li>\n<\/ul>\n<p><strong>Con\u00e9ctese con nosotros<\/strong><br \/>\nSi tiene problemas para encontrar el <span style=\"color: #0054a6;\"><strong><a style=\"color: #0054a6;\" href=\"https:\/\/www.bonelinks.com\/es\/fiber-optic-patch-cord-supplier\/\" target=\"_blank\" rel=\"noopener\">cable de fibra <\/a><\/strong><\/span>para sus necesidades, o si necesita el asesoramiento de un experto, con un solo clic podr\u00e1<a href=\"https:\/\/www.bonelinks.com\/es\/contact-us\/\" target=\"_blank\" rel=\"noopener\"><strong><span style=\"color: #0054a6;\"> chatear con nosotros <\/span><\/strong><\/a>en segundos. Su satisfacci\u00f3n es nuestra prioridad. Estamos dispuestos a ayudarle en todo. <strong>No se preocupe, no es necesario pensar demasiado. Estamos aqu\u00ed, listos para ayudarle.<\/strong><\/p>\n","protected":false},"excerpt":{"rendered":"<p>El cable troncal OS2 MPO de 12 fibras ofrece conectividad monomodo de alta densidad con calidad uniforme, instalaci\u00f3n r\u00e1pida y gesti\u00f3n simplificada del cableado, ideal para cableado en espacios limitados.<\/p>\n<ul>\n<li>Conectores MPO(hembra)-MPO(hembra)<\/li>\n<li>Fibra monomodo OS2 9\/125 de gran durabilidad<\/li>\n<li>12 fibras para aplicaciones troncales y de red troncal de alta densidad, creando enlaces de 40 G y m\u00e1s (o utilice 8 de los filamentos para transceptores QSFP+)<\/li>\n<li>Polaridad tipo B para conexi\u00f3n QSFP+, PSM4, 400G DR4<\/li>\n<\/ul>\n","protected":false},"featured_media":17908,"template":"","meta":{"site-sidebar-layout":"default","site-content-layout":"default","ast-site-content-layout":"default","site-content-style":"default","site-sidebar-style":"default","ast-global-header-display":"","ast-banner-title-visibility":"","ast-main-header-display":"","ast-hfb-above-header-display":"","ast-hfb-below-header-display":"","ast-hfb-mobile-header-display":"","site-post-title":"","ast-breadcrumbs-content":"","ast-featured-img":"","footer-sml-layout":"","ast-disable-related-posts":"","theme-transparent-header-meta":"default","adv-header-id-meta":"","stick-header-meta":"default","header-above-stick-meta":"","header-main-stick-meta":"","header-below-stick-meta":"","astra-migrate-meta-layouts":"set","ast-page-background-enabled":"default","ast-page-background-meta":{"desktop":{"background-color":"","background-image":"","background-repeat":"repeat","background-position":"center center","background-size":"auto","background-attachment":"scroll","background-type":"","background-media":"","overlay-type":"","overlay-color":"","overlay-opacity":"","overlay-gradient":""},"tablet":{"background-color":"","background-image":"","background-repeat":"repeat","background-position":"center center","background-size":"auto","background-attachment":"scroll","background-type":"","background-media":"","overlay-type":"","overlay-color":"","overlay-opacity":"","overlay-gradient":""},"mobile":{"background-color":"","background-image":"","background-repeat":"repeat","background-position":"center center","background-size":"auto","background-attachment":"scroll","background-type":"","background-media":"","overlay-type":"","overlay-color":"","overlay-opacity":"","overlay-gradient":""}},"ast-content-background-meta":{"desktop":{"background-color":"var(--ast-global-color-5)","background-image":"","background-repeat":"repeat","background-position":"center center","background-size":"auto","background-attachment":"scroll","background-type":"","background-media":"","overlay-type":"","overlay-color":"","overlay-opacity":"","overlay-gradient":""},"tablet":{"background-color":"var(--ast-global-color-5)","background-image":"","background-repeat":"repeat","background-position":"center center","background-size":"auto","background-attachment":"scroll","background-type":"","background-media":"","overlay-type":"","overlay-color":"","overlay-opacity":"","overlay-gradient":""},"mobile":{"background-color":"var(--ast-global-color-5)","background-image":"","background-repeat":"repeat","background-position":"center center","background-size":"auto","background-attachment":"scroll","background-type":"","background-media":"","overlay-type":"","overlay-color":"","overlay-opacity":"","overlay-gradient":""}}},"product_brand":[],"product_cat":[244,255,252],"product_tag":[],"class_list":{"0":"post-21231","1":"product","2":"type-product","3":"status-publish","4":"has-post-thumbnail","6":"product_cat-fiber-patch-cord-es","7":"product_cat-mpo-patch-cord-es","8":"product_cat-single-mode-fiber-patch-cord-es","9":"pa_connector-type-mpo-mpo-es","10":"pa_fiber-type-9-125-os2-es","11":"desktop-align-left","12":"tablet-align-left","13":"mobile-align-left","14":"ast-product-gallery-layout-vertical","15":"ast-product-gallery-with-no-image","16":"ast-product-tabs-layout-vertical","17":"ast-qv-on-image","19":"first","20":"instock","21":"shipping-taxable","22":"product-type-simple"},"_links":{"self":[{"href":"https:\/\/www.bonelinks.com\/es\/wp-json\/wp\/v2\/product\/21231","targetHints":{"allow":["GET"]}}],"collection":[{"href":"https:\/\/www.bonelinks.com\/es\/wp-json\/wp\/v2\/product"}],"about":[{"href":"https:\/\/www.bonelinks.com\/es\/wp-json\/wp\/v2\/types\/product"}],"version-history":[{"count":3,"href":"https:\/\/www.bonelinks.com\/es\/wp-json\/wp\/v2\/product\/21231\/revisions"}],"predecessor-version":[{"id":26065,"href":"https:\/\/www.bonelinks.com\/es\/wp-json\/wp\/v2\/product\/21231\/revisions\/26065"}],"wp:featuredmedia":[{"embeddable":true,"href":"https:\/\/www.bonelinks.com\/es\/wp-json\/wp\/v2\/media\/17908"}],"wp:attachment":[{"href":"https:\/\/www.bonelinks.com\/es\/wp-json\/wp\/v2\/media?parent=21231"}],"wp:term":[{"taxonomy":"product_brand","embeddable":true,"href":"https:\/\/www.bonelinks.com\/es\/wp-json\/wp\/v2\/product_brand?post=21231"},{"taxonomy":"product_cat","embeddable":true,"href":"https:\/\/www.bonelinks.com\/es\/wp-json\/wp\/v2\/product_cat?post=21231"},{"taxonomy":"product_tag","embeddable":true,"href":"https:\/\/www.bonelinks.com\/es\/wp-json\/wp\/v2\/product_tag?post=21231"}],"curies":[{"name":"wp","href":"https:\/\/api.w.org\/{rel}","templated":true}]}}