{"id":21146,"date":"2023-07-16T19:02:17","date_gmt":"2023-07-17T03:02:17","guid":{"rendered":"https:\/\/www.bonelinks.com\/product\/1x4-mini-acero-ftth-fibra-plc-divisor-monomodo-sc-apc-conector\/"},"modified":"2024-02-20T05:44:43","modified_gmt":"2024-02-20T13:44:43","slug":"1x4-mini-steel-ftth-fiber-plc-splitter-singlemode-sc-apc-connector","status":"publish","type":"product","link":"https:\/\/www.bonelinks.com\/es\/product\/1x4-mini-steel-ftth-fiber-plc-splitter-singlemode-sc-apc-connector\/","title":{"rendered":"1&#215;4 Mini Acero FTTH Fibra PLC Divisor Monomodo SC\/APC Conector"},"content":{"rendered":"<h1 style=\"text-align: left; font-size: 18px;\"><span style=\"color: #000000;\"><strong> FTTH 1&#215;4 Divisor de fibra PLC sin bloque, minim\u00f3dulo, SC\/APC<\/strong><\/span><\/h1>\n<ul>\n<li><strong>Distribuci\u00f3n eficaz de la se\u00f1al con divisores \u00f3pticos PLC 1&#215;4<\/strong><br \/>\nEl divisor \u00f3ptico PLC 1&#215;4 es un componente crucial en los sistemas de gesti\u00f3n de potencia \u00f3ptica. Con una entrada y cuatro salidas, garantiza una distribuci\u00f3n uniforme de la se\u00f1al, asignando el 25% de la se\u00f1al \u00f3ptica a cada salida. Esta configuraci\u00f3n facilita una distribuci\u00f3n eficaz y equilibrada de la se\u00f1al a trav\u00e9s de varias conexiones.<\/li>\n<li><strong>Divisores<\/strong>de circuito planar de onda ligera (PLC) <strong>para una gesti\u00f3n \u00f3ptima de la se\u00f1al<br \/>\n<\/strong>Los divisores de circuito planar de onda ligera (PLC) son dispositivos avanzados de gesti\u00f3n de potencia \u00f3ptica fabricados con tecnolog\u00eda de gu\u00eda de ondas \u00f3ptica de s\u00edlice. Destacan en la distribuci\u00f3n de se\u00f1ales \u00f3pticas desde la oficina central (OC) a m\u00faltiples ubicaciones, garantizando una transmisi\u00f3n de se\u00f1ales eficiente y fiable en una amplia gama de aplicaciones.<\/li>\n<li><strong>Protecci\u00f3n mejorada<\/strong>de la fibra <strong>con divisores PLC sin bloque<br \/>\n<\/strong>Los divisores PLC sin bloque proporcionan una protecci\u00f3n superior de la fibra en comparaci\u00f3n con los divisores de fibra desnuda. Como resultado de la miniaturizaci\u00f3n de los divisores de casete, los divisores PLC sin bloque ofrecen una mayor protecci\u00f3n de la fibra. Se utilizan ampliamente en diversas cajas de conexi\u00f3n y distribuci\u00f3n, as\u00ed como en armarios de red, garantizando una transmisi\u00f3n de se\u00f1ales segura y fiable.<\/li>\n<li><strong>Soluciones vers\u00e1tiles con<\/strong>los divisores de fibra \u00f3ptica de <strong>Bonelinks<br \/>\n<\/strong>Los divisores de fibra \u00f3ptica de Bonelinks ofrecen una amplia gama de estilos y tama\u00f1os para adaptarse a las diferentes necesidades de gesti\u00f3n de se\u00f1ales. Estos divisores son excelentes para dividir o combinar la luz con p\u00e9rdidas m\u00ednimas, lo que garantiza una distribuci\u00f3n eficaz de la se\u00f1al \u00f3ptica. Fabricados mediante un proceso sencillo y fiable, los Bonelinks ofrecen divisores de fibra \u00f3ptica fiables y rentables. Adem\u00e1s, los divisores pueden personalizarse para satisfacer requisitos espec\u00edficos, como diferentes longitudes de fibra y conectores para una integraci\u00f3n perfecta en diversas configuraciones de red.<\/li>\n<\/ul>\n<h2 style=\"text-align: left; font-size: 18px;\"><strong>Caracter\u00edsticas<\/strong><\/h2>\n<ul>\n<li>Dise\u00f1o compacto<\/li>\n<li>Adopta acero inoxidable de alta resistencia, supera la prueba de niebla salina<\/li>\n<li>100% 3D probado por Daisi y Sumix<\/li>\n<li>Prueba de ciclos de alta y baja temperatura<\/li>\n<li>100% de prueba antes de la entrega<\/li>\n<li>Baja p\u00e9rdida de inserci\u00f3n y baja PDL<\/li>\n<\/ul>\n<h2 style=\"text-align: left; font-size: 18px;\"><strong>Aplicaciones<\/strong><\/h2>\n<ul>\n<li>FTTx<\/li>\n<li>Televisi\u00f3n por cable (CATV)<\/li>\n<li>Redes de \u00e1rea local (LAN)<\/li>\n<li>Equipos de prueba<\/li>\n<li>Redes \u00f3pticas pasivas (PON)<\/li>\n<\/ul>\n<h2 style=\"text-align: left; font-size: 18px;\"><strong>\u00bfBusca M\u00e1s divisores PLC?<\/strong><\/h2>\n<p>\u00bfDesea m\u00e1s opciones de Divisores de fibra? Explore nuestra selecci\u00f3n de<a title=\"Mini Splitter PLC de acero\" href=\"https:\/\/www.bonelinks.com\/es\/mini-plc-splitter\/\" target=\"_blank\" rel=\"noopener\"><strong><span style=\"color: #0054a6;\"> Mini Divisor PLC de acero, <\/span><\/strong><\/a><a href=\"https:\/\/www.bonelinks.com\/es\/fiber-optic-splitter-1x4\/\" target=\"_blank\" rel=\"noopener\"><strong><span style=\"color: #0054a6;\">Divisor de fibra 1&#215;4 <\/span><\/strong><\/a>para redes.<\/p>\n<p><strong>Con\u00e9ctese con nosotros<\/strong><br \/>\nSi tiene problemas para encontrar el <span style=\"color: #0054a6;\"><strong><a style=\"color: #0054a6;\" href=\"https:\/\/www.bonelinks.com\/es\/china-ftth-plc-splitter-supplier\/\" target=\"_blank\" rel=\"noopener\">Divisor de fibra <\/a><\/strong><\/span>para sus necesidades, o si necesita el asesoramiento de un experto, con un solo clic podr\u00e1<a href=\"https:\/\/www.bonelinks.com\/es\/contact-us\/\" target=\"_blank\" rel=\"noopener\"><strong><span style=\"color: #0054a6;\"> chatear con nosotros <\/span><\/strong><\/a>en segundos. Su satisfacci\u00f3n es nuestra prioridad. Estamos dispuestos a ayudarle en todo. <strong>No se preocupe, no es necesario pensar demasiado. Estamos aqu\u00ed, listos para ayudarle.<\/strong><\/p>\n<ul>\n<li>Venta al por menor o al por mayor: \u00a1nosotros le cubrimos!<\/li>\n<li>\u00bfNo sabe qu\u00e9 comprar? Ofrecemos orientaci\u00f3n experta.<\/li>\n<li>MOQ peque\u00f1o: No necesita comprar m\u00e1s de lo que desea.<\/li>\n<li>Precios competitivos: Obtenga siempre un gran valor.<\/li>\n<li>Entrega puntual: Su rapidez, nuestra prioridad.<\/li>\n<li>Centrados en el cliente: Adaptamos nuestros servicios a sus necesidades.<\/li>\n<\/ul>\n","protected":false},"excerpt":{"rendered":"<p>El minidivisor de fibra PLC, con una configuraci\u00f3n de 1 x 4, est\u00e1 encapsulado en una caja de acero resistente. Emplea fibra monomodo G.657A1 con un di\u00e1metro exterior de cable de 0,9 mm. El producto est\u00e1 equipado con conectores SC\/APC. Ofrece puertos 1&#215;4, con un ratio de divisi\u00f3n del 25% asignado a cada puerto.<\/p>\n<ul>\n<li>Divisores \u00f3pticos PLC 1&#215;4<\/li>\n<li>Distribuci\u00f3n uniforme de la se\u00f1al \u00f3ptica<\/li>\n<li>Carcasa compacta para bastidores, cajas murales, cajas de distribuci\u00f3n \u00f3ptica, etc.<\/li>\n<\/ul>\n","protected":false},"featured_media":15113,"template":"","meta":{"site-sidebar-layout":"default","site-content-layout":"default","ast-site-content-layout":"default","site-content-style":"default","site-sidebar-style":"default","ast-global-header-display":"","ast-banner-title-visibility":"","ast-main-header-display":"","ast-hfb-above-header-display":"","ast-hfb-below-header-display":"","ast-hfb-mobile-header-display":"","site-post-title":"","ast-breadcrumbs-content":"","ast-featured-img":"","footer-sml-layout":"","ast-disable-related-posts":"","theme-transparent-header-meta":"default","adv-header-id-meta":"","stick-header-meta":"default","header-above-stick-meta":"","header-main-stick-meta":"","header-below-stick-meta":"","astra-migrate-meta-layouts":"set","ast-page-background-enabled":"default","ast-page-background-meta":{"desktop":{"background-color":"","background-image":"","background-repeat":"repeat","background-position":"center center","background-size":"auto","background-attachment":"scroll","background-type":"","background-media":"","overlay-type":"","overlay-color":"","overlay-opacity":"","overlay-gradient":""},"tablet":{"background-color":"","background-image":"","background-repeat":"repeat","background-position":"center center","background-size":"auto","background-attachment":"scroll","background-type":"","background-media":"","overlay-type":"","overlay-color":"","overlay-opacity":"","overlay-gradient":""},"mobile":{"background-color":"","background-image":"","background-repeat":"repeat","background-position":"center center","background-size":"auto","background-attachment":"scroll","background-type":"","background-media":"","overlay-type":"","overlay-color":"","overlay-opacity":"","overlay-gradient":""}},"ast-content-background-meta":{"desktop":{"background-color":"var(--ast-global-color-5)","background-image":"","background-repeat":"repeat","background-position":"center center","background-size":"auto","background-attachment":"scroll","background-type":"","background-media":"","overlay-type":"","overlay-color":"","overlay-opacity":"","overlay-gradient":""},"tablet":{"background-color":"var(--ast-global-color-5)","background-image":"","background-repeat":"repeat","background-position":"center center","background-size":"auto","background-attachment":"scroll","background-type":"","background-media":"","overlay-type":"","overlay-color":"","overlay-opacity":"","overlay-gradient":""},"mobile":{"background-color":"var(--ast-global-color-5)","background-image":"","background-repeat":"repeat","background-position":"center center","background-size":"auto","background-attachment":"scroll","background-type":"","background-media":"","overlay-type":"","overlay-color":"","overlay-opacity":"","overlay-gradient":""}}},"product_brand":[],"product_cat":[290],"product_tag":[],"class_list":{"0":"post-21146","1":"product","2":"type-product","3":"status-publish","4":"has-post-thumbnail","6":"product_cat-plc-splitter-es","7":"pa_configuration-1x4-es","8":"pa_splitter-type-modulo-mini","9":"desktop-align-left","10":"tablet-align-left","11":"mobile-align-left","12":"ast-product-gallery-layout-vertical","13":"ast-product-gallery-with-no-image","14":"ast-product-tabs-layout-vertical","15":"ast-qv-on-image","17":"first","18":"instock","19":"shipping-taxable","20":"product-type-simple"},"_links":{"self":[{"href":"https:\/\/www.bonelinks.com\/es\/wp-json\/wp\/v2\/product\/21146","targetHints":{"allow":["GET"]}}],"collection":[{"href":"https:\/\/www.bonelinks.com\/es\/wp-json\/wp\/v2\/product"}],"about":[{"href":"https:\/\/www.bonelinks.com\/es\/wp-json\/wp\/v2\/types\/product"}],"version-history":[{"count":3,"href":"https:\/\/www.bonelinks.com\/es\/wp-json\/wp\/v2\/product\/21146\/revisions"}],"predecessor-version":[{"id":26509,"href":"https:\/\/www.bonelinks.com\/es\/wp-json\/wp\/v2\/product\/21146\/revisions\/26509"}],"wp:featuredmedia":[{"embeddable":true,"href":"https:\/\/www.bonelinks.com\/es\/wp-json\/wp\/v2\/media\/15113"}],"wp:attachment":[{"href":"https:\/\/www.bonelinks.com\/es\/wp-json\/wp\/v2\/media?parent=21146"}],"wp:term":[{"taxonomy":"product_brand","embeddable":true,"href":"https:\/\/www.bonelinks.com\/es\/wp-json\/wp\/v2\/product_brand?post=21146"},{"taxonomy":"product_cat","embeddable":true,"href":"https:\/\/www.bonelinks.com\/es\/wp-json\/wp\/v2\/product_cat?post=21146"},{"taxonomy":"product_tag","embeddable":true,"href":"https:\/\/www.bonelinks.com\/es\/wp-json\/wp\/v2\/product_tag?post=21146"}],"curies":[{"name":"wp","href":"https:\/\/api.w.org\/{rel}","templated":true}]}}