{"id":21097,"date":"2023-07-17T05:32:00","date_gmt":"2023-07-17T13:32:00","guid":{"rendered":"https:\/\/www.bonelinks.com\/product\/divisor-de-fibra-plc-1x4-casete-lgx-estandar-sc-apc-monomodo\/"},"modified":"2024-02-19T02:52:51","modified_gmt":"2024-02-19T10:52:51","slug":"1x4-plc-fiber-splitter-lgx-cassette-sc-apc","status":"publish","type":"product","link":"https:\/\/www.bonelinks.com\/es\/product\/1x4-plc-fiber-splitter-lgx-cassette-sc-apc\/","title":{"rendered":"Divisor de fibra PLC 1&#215;4, casete LGX est\u00e1ndar, SC\/APC, monomodo"},"content":{"rendered":"<h1 style=\"text-align: left; font-size: 18px;\"><span style=\"color: #000000;\"><strong> Divisor PLC de fibra 1&#215;4 con caja met\u00e1lica LGX est\u00e1ndar, SC\/APC <\/strong><\/span><\/h1>\n<ul>\n<li><strong>Distribuci\u00f3n de se\u00f1al equilibrada con divisores \u00f3pticos PLC 1&#215;4<\/strong><br \/>\nEl divisor \u00f3ptico PLC 1&#215;4 es un componente crucial en los sistemas de gesti\u00f3n de potencia \u00f3ptica, con una entrada y cuatro salidas. Garantiza una distribuci\u00f3n uniforme de la se\u00f1al, con cada salida recibiendo el 25% de la se\u00f1al \u00f3ptica. Esta configuraci\u00f3n permite una distribuci\u00f3n eficaz y equilibrada de la se\u00f1al a trav\u00e9s de cuatro conexiones.<\/li>\n<li><strong>Divisores de circuitos planares de ondas ligeras (PLC) para una gesti\u00f3n \u00f3ptima de la se\u00f1al<\/strong><br \/>\nLos divisores de circuito planar de onda ligera (PLC) utilizan tecnolog\u00eda de gu\u00eda de ondas \u00f3pticas de s\u00edlice para distribuir eficazmente se\u00f1ales \u00f3pticas desde la oficina central (CO) a varias ubicaciones. Estos dispositivos avanzados de gesti\u00f3n de potencia \u00f3ptica se utilizan habitualmente en aplicaciones PON, Datacom, LAN, CATV, LCP, FTTx y otras. Son adecuados para diversos entornos con requisitos de red de alta calidad, como comunicaciones, instalaciones m\u00e9dicas, bancos, edificios y grandes edificios de oficinas.<\/li>\n<li><strong>Divisores de casete LGX para una protecci\u00f3n total y una distribuci\u00f3n rentable<\/strong><br \/>\nLos divisores de cassette LGX se utilizan ampliamente en redes PON para proporcionar una protecci\u00f3n completa a la \u00f3ptica y los cables internos. Estos divisores ofrecen un tama\u00f1o compacto, alta fiabilidad y una amplia gama de longitudes de onda operativas. Constituyen una soluci\u00f3n rentable para la distribuci\u00f3n de potencia de se\u00f1ales \u00f3pticas, al tiempo que garantizan un rendimiento y una integridad de la se\u00f1al \u00f3ptimos.<\/li>\n<li><strong>Soluciones vers\u00e1tiles con los divisores de fibra \u00f3ptica Bonelinks<\/strong><br \/>\nNuestros divisores de fibra \u00f3ptica ofrecen una amplia gama de estilos y tama\u00f1os para adaptarse a las distintas necesidades de gesti\u00f3n de se\u00f1ales. Estos divisores son excelentes para dividir o combinar la luz con p\u00e9rdidas m\u00ednimas, lo que garantiza una distribuci\u00f3n eficaz de la se\u00f1al \u00f3ptica. Fabricados mediante un proceso sencillo y fiable, los Bonelinks ofrecen divisores de fibra \u00f3ptica fiables y rentables. Adem\u00e1s, los divisores pueden personalizarse con diferentes longitudes de fibra y conectores, lo que permite una integraci\u00f3n perfecta en diversas configuraciones de red.<\/li>\n<\/ul>\n<h2 style=\"text-align: left; font-size: 18px;\"><strong>Caracter\u00edsticas<\/strong><\/h2>\n<ul>\n<li>Baja p\u00e9rdida de inserci\u00f3n<\/li>\n<li>Baja p\u00e9rdida dependiente de la polarizaci\u00f3n<\/li>\n<li>Buena uniformidad entre canales<\/li>\n<li>Excelente estabilidad medioambiental<\/li>\n<li>Excelente estabilidad mec\u00e1nica<\/li>\n<\/ul>\n<h2 style=\"text-align: left; font-size: 18px;\"><strong>Aplicaciones<\/strong><\/h2>\n<ul>\n<li>Fibra hasta el punto (FTTX)<\/li>\n<li>Fibra hasta el hogar (FTTH)<\/li>\n<li>Redes \u00f3pticas pasivas (PON)<\/li>\n<li>Redes \u00f3pticas pasivas Gigabit (GPON)<\/li>\n<li>Redes de \u00e1rea local (LAN)<\/li>\n<li>Televisi\u00f3n por cable (CATV)<\/li>\n<li>Equipos de prueba<\/li>\n<\/ul>\n<h2 style=\"text-align: left; font-size: 18px;\"><strong>\u00bfBusca M\u00e1s divisores PLC?<\/strong><\/h2>\n<p>\u00bfDesea m\u00e1s opciones de Divisores de fibra? Explore nuestra selecci\u00f3n de<a title=\"LGX Cassette PLC Divisor\" href=\"https:\/\/www.bonelinks.com\/es\/lgx-plc-splitter\/\" target=\"_blank\" rel=\"noopener\"><strong><span style=\"color: #0054a6;\"> Divisor PLC de casete LGX, <\/span><\/strong><\/a><a href=\"https:\/\/www.bonelinks.com\/es\/fiber-optic-splitter-1x4\/\" target=\"_blank\" rel=\"noopener\"><strong><span style=\"color: #0054a6;\">Divisor de fibra 1&#215;4 <\/span><\/strong><\/a>para una conexi\u00f3n en red perfecta.<\/p>\n<p><strong>Con\u00e9ctese con nosotros<\/strong><br \/>\nSi tiene problemas para encontrar el <span style=\"color: #0054a6;\"><strong><a style=\"color: #0054a6;\" href=\"https:\/\/www.bonelinks.com\/es\/china-ftth-plc-splitter-supplier\/\" target=\"_blank\" rel=\"noopener\">Divisor de fibra <\/a><\/strong><\/span>para sus necesidades, o si necesita el asesoramiento de un experto, con un solo clic podr\u00e1<a href=\"https:\/\/www.bonelinks.com\/es\/contact-us\/\" target=\"_blank\" rel=\"noopener\"><strong><span style=\"color: #0054a6;\"> chatear con nosotros <\/span><\/strong><\/a>en segundos. Su satisfacci\u00f3n es nuestra prioridad. Estamos dispuestos a ayudarle en todo. <strong>No se preocupe, no es necesario pensar demasiado. Estamos aqu\u00ed, listos para ayudarle.<\/strong><\/p>\n<ul>\n<li>Venta al por menor o al por mayor: \u00a1nosotros le cubrimos!<\/li>\n<li>\u00bfNo sabe qu\u00e9 comprar? Ofrecemos orientaci\u00f3n experta.<\/li>\n<li>MOQ peque\u00f1o: No necesita comprar m\u00e1s de lo que desea.<\/li>\n<li>Precios competitivos: Obtenga siempre un gran valor.<\/li>\n<li>Entrega puntual: Su rapidez, nuestra prioridad.<\/li>\n<li>Centrados en el cliente: Adaptamos nuestros servicios a sus necesidades.<\/li>\n<\/ul>\n","protected":false},"excerpt":{"rendered":"<p>El divisor de fibra PLC, con una configuraci\u00f3n de 1&#215;4, est\u00e1 encerrado en una carcasa de casete LGX. Las entradas y salidas est\u00e1n preconectadas con adaptadores, lo que simplifica el proceso de instalaci\u00f3n. Es compatible con la fibra monomodo G.657A1 y dispone de conectores SC\/APC. El producto ofrece puertos 1&#215;4, con una proporci\u00f3n de divisi\u00f3n del 25% asignada a cada puerto.<\/p>\n<ul>\n<li>Divisores \u00f3pticos PLC 1&#215;4<\/li>\n<li>Distribuci\u00f3n uniforme de la se\u00f1al \u00f3ptica<\/li>\n<li>Integrado en plataforma 1U para gesti\u00f3n de fibra<\/li>\n<li>Ampliamente utilizado en proyectos FTTX y centros de comunicaci\u00f3n de datos<\/li>\n<\/ul>\n","protected":false},"featured_media":15078,"template":"","meta":{"site-sidebar-layout":"default","site-content-layout":"default","ast-site-content-layout":"default","site-content-style":"default","site-sidebar-style":"default","ast-global-header-display":"","ast-banner-title-visibility":"","ast-main-header-display":"","ast-hfb-above-header-display":"","ast-hfb-below-header-display":"","ast-hfb-mobile-header-display":"","site-post-title":"","ast-breadcrumbs-content":"","ast-featured-img":"","footer-sml-layout":"","ast-disable-related-posts":"","theme-transparent-header-meta":"default","adv-header-id-meta":"","stick-header-meta":"default","header-above-stick-meta":"","header-main-stick-meta":"","header-below-stick-meta":"","astra-migrate-meta-layouts":"set","ast-page-background-enabled":"default","ast-page-background-meta":{"desktop":{"background-color":"","background-image":"","background-repeat":"repeat","background-position":"center center","background-size":"auto","background-attachment":"scroll","background-type":"","background-media":"","overlay-type":"","overlay-color":"","overlay-opacity":"","overlay-gradient":""},"tablet":{"background-color":"","background-image":"","background-repeat":"repeat","background-position":"center center","background-size":"auto","background-attachment":"scroll","background-type":"","background-media":"","overlay-type":"","overlay-color":"","overlay-opacity":"","overlay-gradient":""},"mobile":{"background-color":"","background-image":"","background-repeat":"repeat","background-position":"center center","background-size":"auto","background-attachment":"scroll","background-type":"","background-media":"","overlay-type":"","overlay-color":"","overlay-opacity":"","overlay-gradient":""}},"ast-content-background-meta":{"desktop":{"background-color":"var(--ast-global-color-5)","background-image":"","background-repeat":"repeat","background-position":"center center","background-size":"auto","background-attachment":"scroll","background-type":"","background-media":"","overlay-type":"","overlay-color":"","overlay-opacity":"","overlay-gradient":""},"tablet":{"background-color":"var(--ast-global-color-5)","background-image":"","background-repeat":"repeat","background-position":"center center","background-size":"auto","background-attachment":"scroll","background-type":"","background-media":"","overlay-type":"","overlay-color":"","overlay-opacity":"","overlay-gradient":""},"mobile":{"background-color":"var(--ast-global-color-5)","background-image":"","background-repeat":"repeat","background-position":"center center","background-size":"auto","background-attachment":"scroll","background-type":"","background-media":"","overlay-type":"","overlay-color":"","overlay-opacity":"","overlay-gradient":""}}},"product_brand":[],"product_cat":[290],"product_tag":[],"class_list":{"0":"post-21097","1":"product","2":"type-product","3":"status-publish","4":"has-post-thumbnail","6":"product_cat-plc-splitter-es","7":"pa_configuration-1x4-es","8":"pa_splitter-type-casete-lgx","9":"desktop-align-left","10":"tablet-align-left","11":"mobile-align-left","12":"ast-product-gallery-layout-vertical","13":"ast-product-gallery-with-no-image","14":"ast-product-tabs-layout-vertical","15":"ast-qv-on-image","17":"first","18":"instock","19":"shipping-taxable","20":"product-type-simple"},"_links":{"self":[{"href":"https:\/\/www.bonelinks.com\/es\/wp-json\/wp\/v2\/product\/21097","targetHints":{"allow":["GET"]}}],"collection":[{"href":"https:\/\/www.bonelinks.com\/es\/wp-json\/wp\/v2\/product"}],"about":[{"href":"https:\/\/www.bonelinks.com\/es\/wp-json\/wp\/v2\/types\/product"}],"version-history":[{"count":3,"href":"https:\/\/www.bonelinks.com\/es\/wp-json\/wp\/v2\/product\/21097\/revisions"}],"predecessor-version":[{"id":26480,"href":"https:\/\/www.bonelinks.com\/es\/wp-json\/wp\/v2\/product\/21097\/revisions\/26480"}],"wp:featuredmedia":[{"embeddable":true,"href":"https:\/\/www.bonelinks.com\/es\/wp-json\/wp\/v2\/media\/15078"}],"wp:attachment":[{"href":"https:\/\/www.bonelinks.com\/es\/wp-json\/wp\/v2\/media?parent=21097"}],"wp:term":[{"taxonomy":"product_brand","embeddable":true,"href":"https:\/\/www.bonelinks.com\/es\/wp-json\/wp\/v2\/product_brand?post=21097"},{"taxonomy":"product_cat","embeddable":true,"href":"https:\/\/www.bonelinks.com\/es\/wp-json\/wp\/v2\/product_cat?post=21097"},{"taxonomy":"product_tag","embeddable":true,"href":"https:\/\/www.bonelinks.com\/es\/wp-json\/wp\/v2\/product_tag?post=21097"}],"curies":[{"name":"wp","href":"https:\/\/api.w.org\/{rel}","templated":true}]}}