{"id":21011,"date":"2023-07-17T21:30:12","date_gmt":"2023-07-18T05:30:12","guid":{"rendered":"https:\/\/www.bonelinks.com\/product\/divisor-de-fibra-plc-2x16-montaje-en-bastidor-1u-19-sc-apc-monomodo\/"},"modified":"2024-02-19T01:37:49","modified_gmt":"2024-02-19T09:37:49","slug":"2x16-plc-fiber-splitter-19-rack-mount-sc-apc","status":"publish","type":"product","link":"https:\/\/www.bonelinks.com\/es\/product\/2x16-plc-fiber-splitter-19-rack-mount-sc-apc\/","title":{"rendered":"Divisor de fibra PLC 2&#215;16, montaje en bastidor 1U 19&#8243;, SC\/APC, monomodo"},"content":{"rendered":"<h1 style=\"text-align: left; font-size: 18px;\"><span style=\"color: #000000;\"><strong> Divisor PLC de fibra 2\u00d716, tipo montaje en bastidor 1U, monomodo<\/strong><\/span><\/h1>\n<ul>\n<li>Divisor PLC pasivo de montaje en bastidor <strong>2&#215;16 para una distribuci\u00f3n bidireccional eficiente de la se\u00f1al<br \/>\n<\/strong>El producto ofrecido es un divisor PLC pasivo 2&#215;16 dise\u00f1ado como filtro de montaje en bastidor 1RU 19&#8243;. Este divisor divide eficazmente dos se\u00f1ales de entrada en diecis\u00e9is de salida y viceversa, lo que permite la transmisi\u00f3n bidireccional de se\u00f1ales compuestas. Proporciona una soluci\u00f3n fiable para distribuir potencia \u00f3ptica en configuraciones de red.<\/li>\n<li><strong>Divisores PLC de fibra \u00f3ptica para redes FTTH \u00f3ptimas<br \/>\n<\/strong>El divisor PLC de fibra \u00f3ptica es un componente pasivo esencial en las redes de fibra hasta el hogar (FTTH). Adopta la tecnolog\u00eda de gu\u00eda de ondas \u00f3ptica de s\u00edlice y se utiliza para la asignaci\u00f3n de potencia \u00f3ptica desde la oficina central hasta las instalaciones del cliente en redes FTTx y FTTH. Los divisores PLC (Circuito Planar de Onda Ligera) son divisores monomodo que dividen uniformemente la se\u00f1al \u00f3ptica de una fibra de entrada a varias fibras de salida. Basados en la tecnolog\u00eda de circuitos planares de onda luminosa, los divisores PLC proporcionan una soluci\u00f3n de distribuci\u00f3n de luz de bajo coste con un factor de forma peque\u00f1o y una alta fiabilidad. Desempe\u00f1an un papel crucial en los sistemas de transmisi\u00f3n \u00f3ptica, ofreciendo una soluci\u00f3n de red rentable y que ahorra espacio.<\/li>\n<li>Splitters de PLC en <strong>rack para instalaciones c\u00f3modas y vers\u00e1tiles<br \/>\n<\/strong>Los splitters de PLC en rack consisten en splitters de PLC integrados en cuerpos de armario, con un tama\u00f1o est\u00e1ndar para facilitar la instalaci\u00f3n. Estos divisores admiten varias interfaces de adaptador, como SC o FC, lo que los hace adecuados para aplicaciones de interior o exterior en proyectos FTTx, CATV y centros de comunicaci\u00f3n de datos. Los divisores PLC de montaje en bastidor est\u00e1n empaquetados en un panel de montaje en bastidor de 19 pulgadas, lo que proporciona una soluci\u00f3n compacta y organizada. Se utilizan habitualmente como divisores \u00f3pticos pasivos en despliegues de redes \u00f3pticas pasivas FTTH, incluidas EPON (red \u00f3ptica pasiva Ethernet) y GPON (red \u00f3ptica pasiva Gigabit). Adem\u00e1s, las cajas de distribuci\u00f3n de fibra \u00f3ptica de tipo deslizante para montaje en bastidor ofrecen una funcionalidad completa, incluidos el empalme, la distribuci\u00f3n, la terminaci\u00f3n, la conexi\u00f3n, el almacenamiento y la gesti\u00f3n de la fibra en una sola unidad. Estas cajas admiten arquitecturas tanto de conexi\u00f3n cruzada como de interconexi\u00f3n, facilitando la conexi\u00f3n entre los cables de la planta exterior y los equipos de transmisi\u00f3n.<\/li>\n<li><strong>Opciones vers\u00e1tiles para que los divisores de PLC en bastidor satisfagan necesidades diversas<\/strong><br \/>\nLos divisores PLC para rack se presentan en distintos tipos, como 1&#215;4, 1&#215;8, 1&#215;16, 1&#215;32 y 1&#215;64, as\u00ed como 2&#215;4, 2&#215;8, 2&#215;16 y 2&#215;32, todos ellos en cajas de montaje en rack 1U de 19&#8243;. Hay disponibles varias opciones de adaptadores, como LC, SC, FC o ST, con conectores APC o UPC seg\u00fan las necesidades del cliente. Estos divisores ofrecen un rendimiento \u00f3ptico superior, gran estabilidad y fiabilidad, y satisfacen una amplia gama de requisitos de aplicaci\u00f3n. Tanto si se trata de una configuraci\u00f3n 1xN como 2xN, los divisores PLC de montaje en bastidor proporcionan soluciones eficaces de distribuci\u00f3n de se\u00f1ales \u00f3pticas para diferentes configuraciones de red.<\/li>\n<\/ul>\n<h2 style=\"text-align: left; font-size: 18px;\"><strong>Caracter\u00edsticas<\/strong><\/h2>\n<ul>\n<li>Divisi\u00f3n uniforme de la potencia<\/li>\n<li>Baja p\u00e9rdida de inserci\u00f3n y alta p\u00e9rdida de retorno<\/li>\n<li>Baja p\u00e9rdida en funci\u00f3n de la polarizaci\u00f3n<\/li>\n<li>Transmisi\u00f3n \u00f3ptica altamente estable y fiable<\/li>\n<li>Se adapta a un armario de distribuci\u00f3n integrado est\u00e1ndar de 19\u2033 o a un armario de red<\/li>\n<li>Dise\u00f1ado para entornos de cableado de alta densidad<\/li>\n<li>N\u00famero de puerto serigrafiado para facilitar la identificaci\u00f3n<\/li>\n<\/ul>\n<h2 style=\"text-align: left; font-size: 18px;\"><strong>Aplicaciones<\/strong><\/h2>\n<ul>\n<li>LAN y WAN \u00f3pticas y CATV<\/li>\n<li>Proyecto FTTH e implantaciones FTTX<\/li>\n<li>Redes de comunicaci\u00f3n de fibra \u00f3ptica<\/li>\n<li>Redes PON<\/li>\n<li>Funcionamiento de la planta interior (ISP)<\/li>\n<\/ul>\n<h2 style=\"text-align: left; font-size: 18px;\"><strong>\u00bfBusca M\u00e1s divisores PLC?<\/strong><\/h2>\n<p>\u00bfDesea m\u00e1s opciones de Divisores de fibra? Explore nuestra selecci\u00f3n de<a title=\"Divisor PLC de montaje en bastidor\" href=\"https:\/\/www.bonelinks.com\/es\/rack-mount-plc-splitter\/\" target=\"_blank\" rel=\"noopener\"><strong><span style=\"color: #0054a6;\"> Divisor PLC de montaje en bastidor <\/span><\/strong><\/a>para una conexi\u00f3n en red sin fisuras.<\/p>\n<p><strong>Con\u00e9ctese con nosotros<\/strong><br \/>\nSi tiene problemas para encontrar el <span style=\"color: #0054a6;\"><strong><a style=\"color: #0054a6;\" href=\"https:\/\/www.bonelinks.com\/es\/china-ftth-plc-splitter-supplier\/\" target=\"_blank\" rel=\"noopener\">Divisor de fibra <\/a><\/strong><\/span>para sus necesidades, o si necesita el asesoramiento de un experto, con un solo clic podr\u00e1<a href=\"https:\/\/www.bonelinks.com\/es\/contact-us\/\" target=\"_blank\" rel=\"noopener\"><strong><span style=\"color: #0054a6;\"> chatear con nosotros <\/span><\/strong><\/a>en segundos. Su satisfacci\u00f3n es nuestra prioridad. Estamos dispuestos a ayudarle en todo. <strong>No se preocupe, no es necesario pensar demasiado. Estamos aqu\u00ed, listos para ayudarle.<\/strong><\/p>\n<ul>\n<li>Venta al por menor o al por mayor: \u00a1nosotros le cubrimos!<\/li>\n<li>\u00bfNo sabe qu\u00e9 comprar? Ofrecemos orientaci\u00f3n experta.<\/li>\n<li>MOQ peque\u00f1o: No necesita comprar m\u00e1s de lo que desea.<\/li>\n<li>Precios competitivos: Obtenga siempre un gran valor.<\/li>\n<li>Entrega puntual: Su rapidez, nuestra prioridad.<\/li>\n<li>Centrados en el cliente: Adaptamos nuestros servicios a sus necesidades.<\/li>\n<\/ul>\n","protected":false},"excerpt":{"rendered":"<p>Nuestro divisor de fibra PLC 2&#215;16 est\u00e1 dise\u00f1ado para un c\u00f3modo funcionamiento in situ. Contiene divisores PLC 2&#215;16 SC\/APC encerrados en paneles de conexi\u00f3n de fibra de montaje en bastidor 1RU, con todos los adaptadores SC cargados en la parte frontal para facilitar el acceso. Los divisores y adaptadores de fibra \u00f3ptica premontados garantizan un rendimiento estable. Este panel de conexi\u00f3n divisor PLC de montaje en bastidor est\u00e1 dise\u00f1ado para montarse en bastidores o armarios est\u00e1ndar de 19 pulgadas, lo que ahorra un valioso tiempo de instalaci\u00f3n. Es una soluci\u00f3n de filtro de fibra \u00fanica ideal para aplicaciones FTTx y PON.<\/p>\n<ul>\n<li>Divisores \u00f3pticos PLC 2&#215;16<\/li>\n<li>Distribuci\u00f3n uniforme de la se\u00f1al \u00f3ptica<\/li>\n<li>Dise\u00f1ado para bastidor o armario de red de 19&#8243;, Plug and Play<\/li>\n<li>Ampliamente utilizado en proyectos FTTX y centros de comunicaci\u00f3n de datos<\/li>\n<\/ul>\n","protected":false},"featured_media":15063,"template":"","meta":{"site-sidebar-layout":"default","site-content-layout":"default","ast-site-content-layout":"default","site-content-style":"default","site-sidebar-style":"default","ast-global-header-display":"","ast-banner-title-visibility":"","ast-main-header-display":"","ast-hfb-above-header-display":"","ast-hfb-below-header-display":"","ast-hfb-mobile-header-display":"","site-post-title":"","ast-breadcrumbs-content":"","ast-featured-img":"","footer-sml-layout":"","ast-disable-related-posts":"","theme-transparent-header-meta":"default","adv-header-id-meta":"","stick-header-meta":"default","header-above-stick-meta":"","header-main-stick-meta":"","header-below-stick-meta":"","astra-migrate-meta-layouts":"set","ast-page-background-enabled":"default","ast-page-background-meta":{"desktop":{"background-color":"","background-image":"","background-repeat":"repeat","background-position":"center center","background-size":"auto","background-attachment":"scroll","background-type":"","background-media":"","overlay-type":"","overlay-color":"","overlay-opacity":"","overlay-gradient":""},"tablet":{"background-color":"","background-image":"","background-repeat":"repeat","background-position":"center center","background-size":"auto","background-attachment":"scroll","background-type":"","background-media":"","overlay-type":"","overlay-color":"","overlay-opacity":"","overlay-gradient":""},"mobile":{"background-color":"","background-image":"","background-repeat":"repeat","background-position":"center center","background-size":"auto","background-attachment":"scroll","background-type":"","background-media":"","overlay-type":"","overlay-color":"","overlay-opacity":"","overlay-gradient":""}},"ast-content-background-meta":{"desktop":{"background-color":"var(--ast-global-color-5)","background-image":"","background-repeat":"repeat","background-position":"center center","background-size":"auto","background-attachment":"scroll","background-type":"","background-media":"","overlay-type":"","overlay-color":"","overlay-opacity":"","overlay-gradient":""},"tablet":{"background-color":"var(--ast-global-color-5)","background-image":"","background-repeat":"repeat","background-position":"center center","background-size":"auto","background-attachment":"scroll","background-type":"","background-media":"","overlay-type":"","overlay-color":"","overlay-opacity":"","overlay-gradient":""},"mobile":{"background-color":"var(--ast-global-color-5)","background-image":"","background-repeat":"repeat","background-position":"center center","background-size":"auto","background-attachment":"scroll","background-type":"","background-media":"","overlay-type":"","overlay-color":"","overlay-opacity":"","overlay-gradient":""}}},"product_brand":[],"product_cat":[290],"product_tag":[],"class_list":{"0":"post-21011","1":"product","2":"type-product","3":"status-publish","4":"has-post-thumbnail","6":"product_cat-plc-splitter-es","7":"pa_configuration-2x16-es","8":"pa_splitter-type-montaje-en-bastidor","9":"desktop-align-left","10":"tablet-align-left","11":"mobile-align-left","12":"ast-product-gallery-layout-vertical","13":"ast-product-gallery-with-no-image","14":"ast-product-tabs-layout-vertical","15":"ast-qv-on-image","17":"first","18":"instock","19":"shipping-taxable","20":"product-type-simple"},"_links":{"self":[{"href":"https:\/\/www.bonelinks.com\/es\/wp-json\/wp\/v2\/product\/21011","targetHints":{"allow":["GET"]}}],"collection":[{"href":"https:\/\/www.bonelinks.com\/es\/wp-json\/wp\/v2\/product"}],"about":[{"href":"https:\/\/www.bonelinks.com\/es\/wp-json\/wp\/v2\/types\/product"}],"version-history":[{"count":2,"href":"https:\/\/www.bonelinks.com\/es\/wp-json\/wp\/v2\/product\/21011\/revisions"}],"predecessor-version":[{"id":26469,"href":"https:\/\/www.bonelinks.com\/es\/wp-json\/wp\/v2\/product\/21011\/revisions\/26469"}],"wp:featuredmedia":[{"embeddable":true,"href":"https:\/\/www.bonelinks.com\/es\/wp-json\/wp\/v2\/media\/15063"}],"wp:attachment":[{"href":"https:\/\/www.bonelinks.com\/es\/wp-json\/wp\/v2\/media?parent=21011"}],"wp:term":[{"taxonomy":"product_brand","embeddable":true,"href":"https:\/\/www.bonelinks.com\/es\/wp-json\/wp\/v2\/product_brand?post=21011"},{"taxonomy":"product_cat","embeddable":true,"href":"https:\/\/www.bonelinks.com\/es\/wp-json\/wp\/v2\/product_cat?post=21011"},{"taxonomy":"product_tag","embeddable":true,"href":"https:\/\/www.bonelinks.com\/es\/wp-json\/wp\/v2\/product_tag?post=21011"}],"curies":[{"name":"wp","href":"https:\/\/api.w.org\/{rel}","templated":true}]}}