{"id":21010,"date":"2023-07-17T23:45:43","date_gmt":"2023-07-18T07:45:43","guid":{"rendered":"https:\/\/www.bonelinks.com\/product\/divisor-de-fibra-plc-1x4-tipo-enchufable\/"},"modified":"2024-02-19T01:35:00","modified_gmt":"2024-02-19T09:35:00","slug":"1x4-plc-fiber-splitter-plug-in-type","status":"publish","type":"product","link":"https:\/\/www.bonelinks.com\/es\/product\/1x4-plc-fiber-splitter-plug-in-type\/","title":{"rendered":"Divisor de fibra PLC 1&#215;4, tipo enchufable"},"content":{"rendered":"<h1 style=\"text-align: left; font-size: 18px;\"><span style=\"color: #000000;\"><strong> Divisor PLC de fibra enchufable de casete 1X4 <\/strong><\/span><\/h1>\n<ul>\n<li>Divisor \u00f3ptico de <strong>casete 1&#215;4 con distribuci\u00f3n uniforme<\/strong>de la se\u00f1al <strong><br \/>\nEl producto ofrecido es un divisor \u00f3ptico 1&#215;4, con una entrada y cuatro salidas con una distribuci\u00f3n uniforme de la se\u00f1al del 25% de potencia en cada salida.<\/strong> Est\u00e1 encerrado en una carcasa de casete, y las entradas y salidas est\u00e1n preconectadas a los adaptadores. El producto ofrece opciones de adaptador de entrada y salida SC o LC en Bonelinks.<\/li>\n<li><strong>Divisor<\/strong>de circuito planar de onda luminosa (PLC) <strong>para una gesti\u00f3n eficaz de la potencia \u00f3ptica<br \/>\n<\/strong>Un divisor de circuito planar de onda luminosa (PLC) es un dispositivo de gesti\u00f3n de la potencia \u00f3ptica que utiliza tecnolog\u00eda de gu\u00eda de ondas \u00f3pticas de s\u00edlice. Se caracteriza por su peque\u00f1o tama\u00f1o, alta fiabilidad y amplio rango de longitudes de onda de funcionamiento. El divisor PLC permite dividir o combinar eficazmente se\u00f1ales \u00f3pticas con p\u00e9rdidas m\u00ednimas, por lo que resulta adecuado para diversas aplicaciones.<\/li>\n<li>Divisor PLC de cassette enchufable de fibra \u00f3ptica <strong>para una f\u00e1cil integraci\u00f3n en la red<br \/>\n<\/strong>El divisor PLC de cassette enchufable de fibra \u00f3ptica proporciona un c\u00f3modo m\u00e9todo plug-and-play para integrarse en la red, eliminando la necesidad de un extenso trabajo de campo y reduciendo el requisito de empalmes de fusi\u00f3n de fibra altamente cualificados. Este tipo de divisor se utiliza principalmente en los puntos de acceso de usuario en sistemas FTTX y se puede instalar f\u00e1cilmente en una caja de distribuci\u00f3n de fibra equipada con una placa enchufable.<\/li>\n<li><strong>Divisores de fibra \u00f3ptica vers\u00e1tiles con un rendimiento<\/strong>superior <strong><br \/>\nNuestros divisores de fibra \u00f3ptica est\u00e1n disponibles en una amplia gama de estilos y tama\u00f1os, lo que permite dividir o combinar eficazmente las se\u00f1ales de luz con p\u00e9rdidas m\u00ednimas.<\/strong> Ofrecemos opciones de personalizaci\u00f3n para longitudes de fibra y tipos de conector, lo que garantiza la compatibilidad con distintas configuraciones de red. Todos nuestros divisores est\u00e1n dise\u00f1ados para ofrecer un rendimiento \u00f3ptico superior, alta estabilidad y fiabilidad, cumpliendo los requisitos de diversas aplicaciones.<\/li>\n<\/ul>\n<h2 style=\"text-align: left; font-size: 18px;\"><strong>Caracter\u00edsticas<\/strong><\/h2>\n<ul>\n<li>Dise\u00f1o compacto, f\u00e1cil de instalar<\/li>\n<li>Rendimiento \u00f3ptico superior, amplia gama de longitudes de onda operativas<\/li>\n<li>Buena uniformidad y baja p\u00e9rdida de inserci\u00f3n<\/li>\n<li>Baja p\u00e9rdida en funci\u00f3n de la polarizaci\u00f3n<\/li>\n<li>Excelente uniformidad de canal<\/li>\n<li>Excelente estabilidad medioambiental<\/li>\n<\/ul>\n<h2 style=\"text-align: left; font-size: 18px;\"><strong>Aplicaciones<\/strong><\/h2>\n<ul>\n<li>Sistemas FTTX<\/li>\n<li>Redes PON<\/li>\n<li>Enlaces CATV<\/li>\n<li>Distribuci\u00f3n de se\u00f1ales \u00f3pticas<\/li>\n<\/ul>\n<h2 style=\"text-align: left; font-size: 18px;\"><strong>\u00bfBusca M\u00e1s divisores PLC?<\/strong><\/h2>\n<p>\u00bfDesea m\u00e1s opciones de Divisores de fibra? Explore nuestra selecci\u00f3n de<a title=\"Divisor PLC enchufable\" href=\"https:\/\/www.bonelinks.com\/es\/plug-in-plc-splitter\/\" target=\"_blank\" rel=\"noopener\"><strong><span style=\"color: #0054a6;\"> Divisor PLC enchufable, <\/span><\/strong><\/a><a href=\"https:\/\/www.bonelinks.com\/es\/fiber-optic-splitter-1x4\/\" target=\"_blank\" rel=\"noopener\"><strong><span style=\"color: #0054a6;\">Divisor de fibra 1&#215;4 <\/span><\/strong><\/a>para una conexi\u00f3n en red perfecta.<\/p>\n<p><strong>Con\u00e9ctese con nosotros<\/strong><br \/>\nSi tiene problemas para encontrar el <span style=\"color: #0054a6;\"><strong><a style=\"color: #0054a6;\" href=\"https:\/\/www.bonelinks.com\/es\/china-ftth-plc-splitter-supplier\/\" target=\"_blank\" rel=\"noopener\">Divisor de fibra <\/a><\/strong><\/span>para sus necesidades, o si necesita el asesoramiento de un experto, con un solo clic podr\u00e1<a href=\"https:\/\/www.bonelinks.com\/es\/contact-us\/\" target=\"_blank\" rel=\"noopener\"><strong><span style=\"color: #0054a6;\"> chatear con nosotros <\/span><\/strong><\/a>en segundos. Su satisfacci\u00f3n es nuestra prioridad. Estamos dispuestos a ayudarle en todo. <strong>No se preocupe, no es necesario pensar demasiado. Estamos aqu\u00ed, listos para ayudarle.<\/strong><\/p>\n<ul>\n<li>Venta al por menor o al por mayor: \u00a1nosotros le cubrimos!<\/li>\n<li>\u00bfNo sabe qu\u00e9 comprar? Ofrecemos orientaci\u00f3n experta.<\/li>\n<li>MOQ peque\u00f1o: No necesita comprar m\u00e1s de lo que desea.<\/li>\n<li>Precios competitivos: Obtenga siempre un gran valor.<\/li>\n<li>Entrega puntual: Su rapidez, nuestra prioridad.<\/li>\n<li>Centrados en el cliente: Adaptamos nuestros servicios a sus necesidades.<\/li>\n<\/ul>\n","protected":false},"excerpt":{"rendered":"<p>El divisor de fibra PLC de tipo casete 1\u00d74 presenta un dise\u00f1o plug-and-play que permite un r\u00e1pido despliegue de la fibra sin necesidad de una m\u00e1quina de empalme. Este divisor de tipo enchufable ahorra tiempo y espacio a la vez que proporciona una protecci\u00f3n fiable para el cable de fibra \u00f3ptica. Suele instalarse en cajas FTTH murales para facilitar la distribuci\u00f3n de la se\u00f1al de fibra \u00f3ptica.<\/p>\n<ul>\n<li>Divisores \u00f3pticos PLC 1&#215;4<\/li>\n<li>Distribuci\u00f3n uniforme de la se\u00f1al \u00f3ptica<\/li>\n<li>Carcasa compacta para bastidores, cajas murales, cajas de distribuci\u00f3n \u00f3ptica, etc.<\/li>\n<li>Ampliamente utilizado en proyectos FTTX y centros de comunicaci\u00f3n de datos<\/li>\n<\/ul>\n","protected":false},"featured_media":15138,"template":"","meta":{"site-sidebar-layout":"default","site-content-layout":"default","ast-site-content-layout":"default","site-content-style":"default","site-sidebar-style":"default","ast-global-header-display":"","ast-banner-title-visibility":"","ast-main-header-display":"","ast-hfb-above-header-display":"","ast-hfb-below-header-display":"","ast-hfb-mobile-header-display":"","site-post-title":"","ast-breadcrumbs-content":"","ast-featured-img":"","footer-sml-layout":"","ast-disable-related-posts":"","theme-transparent-header-meta":"default","adv-header-id-meta":"","stick-header-meta":"default","header-above-stick-meta":"","header-main-stick-meta":"","header-below-stick-meta":"","astra-migrate-meta-layouts":"set","ast-page-background-enabled":"default","ast-page-background-meta":{"desktop":{"background-color":"","background-image":"","background-repeat":"repeat","background-position":"center center","background-size":"auto","background-attachment":"scroll","background-type":"","background-media":"","overlay-type":"","overlay-color":"","overlay-opacity":"","overlay-gradient":""},"tablet":{"background-color":"","background-image":"","background-repeat":"repeat","background-position":"center center","background-size":"auto","background-attachment":"scroll","background-type":"","background-media":"","overlay-type":"","overlay-color":"","overlay-opacity":"","overlay-gradient":""},"mobile":{"background-color":"","background-image":"","background-repeat":"repeat","background-position":"center center","background-size":"auto","background-attachment":"scroll","background-type":"","background-media":"","overlay-type":"","overlay-color":"","overlay-opacity":"","overlay-gradient":""}},"ast-content-background-meta":{"desktop":{"background-color":"var(--ast-global-color-5)","background-image":"","background-repeat":"repeat","background-position":"center center","background-size":"auto","background-attachment":"scroll","background-type":"","background-media":"","overlay-type":"","overlay-color":"","overlay-opacity":"","overlay-gradient":""},"tablet":{"background-color":"var(--ast-global-color-5)","background-image":"","background-repeat":"repeat","background-position":"center center","background-size":"auto","background-attachment":"scroll","background-type":"","background-media":"","overlay-type":"","overlay-color":"","overlay-opacity":"","overlay-gradient":""},"mobile":{"background-color":"var(--ast-global-color-5)","background-image":"","background-repeat":"repeat","background-position":"center center","background-size":"auto","background-attachment":"scroll","background-type":"","background-media":"","overlay-type":"","overlay-color":"","overlay-opacity":"","overlay-gradient":""}}},"product_brand":[],"product_cat":[290],"product_tag":[],"class_list":{"0":"post-21010","1":"product","2":"type-product","3":"status-publish","4":"has-post-thumbnail","6":"product_cat-plc-splitter-es","7":"pa_configuration-1x4-es","8":"pa_splitter-type-enchufe","9":"desktop-align-left","10":"tablet-align-left","11":"mobile-align-left","12":"ast-product-gallery-layout-vertical","13":"ast-product-gallery-with-no-image","14":"ast-product-tabs-layout-vertical","15":"ast-qv-on-image","17":"first","18":"instock","19":"shipping-taxable","20":"product-type-simple"},"_links":{"self":[{"href":"https:\/\/www.bonelinks.com\/es\/wp-json\/wp\/v2\/product\/21010","targetHints":{"allow":["GET"]}}],"collection":[{"href":"https:\/\/www.bonelinks.com\/es\/wp-json\/wp\/v2\/product"}],"about":[{"href":"https:\/\/www.bonelinks.com\/es\/wp-json\/wp\/v2\/types\/product"}],"version-history":[{"count":3,"href":"https:\/\/www.bonelinks.com\/es\/wp-json\/wp\/v2\/product\/21010\/revisions"}],"predecessor-version":[{"id":26466,"href":"https:\/\/www.bonelinks.com\/es\/wp-json\/wp\/v2\/product\/21010\/revisions\/26466"}],"wp:featuredmedia":[{"embeddable":true,"href":"https:\/\/www.bonelinks.com\/es\/wp-json\/wp\/v2\/media\/15138"}],"wp:attachment":[{"href":"https:\/\/www.bonelinks.com\/es\/wp-json\/wp\/v2\/media?parent=21010"}],"wp:term":[{"taxonomy":"product_brand","embeddable":true,"href":"https:\/\/www.bonelinks.com\/es\/wp-json\/wp\/v2\/product_brand?post=21010"},{"taxonomy":"product_cat","embeddable":true,"href":"https:\/\/www.bonelinks.com\/es\/wp-json\/wp\/v2\/product_cat?post=21010"},{"taxonomy":"product_tag","embeddable":true,"href":"https:\/\/www.bonelinks.com\/es\/wp-json\/wp\/v2\/product_tag?post=21010"}],"curies":[{"name":"wp","href":"https:\/\/api.w.org\/{rel}","templated":true}]}}