{"id":20954,"date":"2023-09-27T17:52:50","date_gmt":"2023-09-28T01:52:50","guid":{"rendered":"https:\/\/www.bonelinks.com\/product\/militar-tactico-de-fibra-optica-patch-cable\/"},"modified":"2024-02-19T01:25:51","modified_gmt":"2024-02-19T09:25:51","slug":"military-tactical-fiber-optic-patch-cable","status":"publish","type":"product","link":"https:\/\/www.bonelinks.com\/es\/product\/military-tactical-fiber-optic-patch-cable\/","title":{"rendered":"Militar t\u00e1ctico de fibra \u00f3ptica Patch Cable"},"content":{"rendered":"<h2 style=\"text-align: left; font-size: 18px;\"><strong>Impermeable IP65 LC\/UPC 2 n\u00facleos de fibra \u00f3ptica t\u00e1ctica Patch Cable<\/strong><\/h2>\n<p>Las estaciones base de comunicaciones exteriores instaladas en zonas h\u00famedas o lluviosas durante todo el a\u00f1o tienen una gran demanda de cables de puente impermeables con un alto \u00edndice de impermeabilidad y excelentes propiedades mec\u00e1nicas que puedan estar a la altura de los principales fabricantes de equipos de comunicaciones como Nokia, Ericsson, Cisco y Huawei, entre otros, en el entorno exterior, proporcionando conexiones de transmisi\u00f3n de se\u00f1al estables y fiables desde los m\u00f3dulos de comunicaci\u00f3n de la estaci\u00f3n base del segmento BBU\/DU a RRU\/AAU. Por lo tanto, el cable de fibra \u00f3ptica de campo no blindado con retardante de llama y buenas propiedades mec\u00e1nicas son pre-terminados IP65 conectores de fibra \u00f3ptica a prueba de agua est\u00e1n dise\u00f1ados y producidos para la conexi\u00f3n de m\u00f3dulos \u00f3pticos u otros puertos de equipos en diferentes modos de BBU \/ DU.<\/p>\n<p>Cable de conexi\u00f3n de fibra \u00f3ptica de campo a prueba de agua se compone principalmente de conectores de fibra \u00f3ptica LC de grado a prueba de agua ip65 y cable de fibra \u00f3ptica de campo no blindado, que est\u00e1 hecho de cable de conexi\u00f3n principio es pre-terminar los dos extremos de una secci\u00f3n de cable de fibra \u00f3ptica con conectores de fibra \u00f3ptica a prueba de agua. A diferencia de los conectores de fibra \u00f3ptica de los cables de conexi\u00f3n ordinarios, el conector preterminado del cable de campo utiliza un manguito de cola en espiral con una carcasa de pl\u00e1stico con anillo de sellado impermeable. Cuando el conector LC o SC est\u00e1 preterminado dentro del conector estanco, se puede utilizar todo el cable de conexi\u00f3n estanco cuando se empareja con el equipo de la estaci\u00f3n base de comunicaciones, basta con abrir la cubierta del conector estanco, insertar el conector en el orificio correspondiente del equipo y, a continuaci\u00f3n, apretar la cubierta del conector estanco con roscas internas para fijar el extremo del equipo.<\/p>\n<p>El proceso de producci\u00f3n de cable de conexi\u00f3n ip65 impermeable, en primer lugar, cortar la longitud correspondiente de cable de fibra \u00f3ptica de campo, y extraer la unidad de sub-cable de la misma, a continuaci\u00f3n, pelar su piel exterior y la capa de revestimiento, a continuaci\u00f3n, insertar la fibra desnuda en el conector de fibra LC o SC lleno de pegamento fijo, a trav\u00e9s de curado, prensado, molienda para completar la terminaci\u00f3n del cable de fibra \u00f3ptica y el conector. Sin embargo, cuando todo el cable de conexi\u00f3n de fibra \u00f3ptica de campo est\u00e1 pre-terminado y producido, es necesario seguir probando la cara final del conector estar\u00e1 sucio, si el cable de fibra \u00f3ptica puede transmitir se\u00f1ales a trav\u00e9s de la luz, si el valor de p\u00e9rdida de todo el cable de conexi\u00f3n cumple con la norma requerida, y si el valor de prueba 3D cumple con la norma. Si alguno de los datos de las pruebas es an\u00f3malo, hay que rehacer todo el cord\u00f3n de parcheo acabado o incluso volver a producirlo. Despu\u00e9s de todos los par\u00e1metros de prueba cumplen con los est\u00e1ndares requeridos, el producto ser\u00e1 dispuesto para ser empaquetado y acompa\u00f1ado de un informe de prueba a cada uno para la instalaci\u00f3n y el uso de cable de fibra \u00f3ptica puede entender el rendimiento del producto terminado, y puede probar la tasa de transmisi\u00f3n de toda la red de enlace.<\/p>\n<h2 style=\"text-align: left; font-size: 18px;\"><strong>Caracter\u00edstica de impermeable IP65 LC\/UPC 2 n\u00facleos de fibra \u00f3ptica t\u00e1ctica Patch Cable<\/strong><\/h2>\n<ul>\n<li>Resistente al agua con un grado de protecci\u00f3n IP65.<\/li>\n<li>Fabricadas con fibra \u00f3ptica resistente y de tamp\u00f3n estrecho para ofrecer la m\u00e1xima durabilidad, incluso en condiciones adversas como aplastamiento, impacto y atropello de veh\u00edculos.<\/li>\n<li>Cumple las rigurosas normas militares de calificaci\u00f3n de cables t\u00e1cticos.<\/li>\n<li>Ofrece una alta capacidad de carga de tracci\u00f3n para terminaciones resistentes con conectores t\u00e1cticos militares.<\/li>\n<\/ul>\n<h2 style=\"text-align: left; font-size: 18px;\"><strong>\u00bfBusca m\u00e1s opciones de cables de conexi\u00f3n de fibra?<\/strong><\/h2>\n<p>\u00bfBusca m\u00e1s opciones en cables de conexi\u00f3n de fibra? Consulte nuestros <span style=\"color: #0054a6;\"><strong><a style=\"color: #0054a6;\" href=\"https:\/\/www.bonelinks.com\/es\/lc-fibre-patch-leads\/\" target=\"_blank\" rel=\"noopener\">Cables de conexi\u00f3n de fibra LC, <\/a><a style=\"color: #0054a6;\" href=\"https:\/\/www.bonelinks.com\/es\/lc-to-lc-fiber-patch-cable\/\" target=\"_blank\" rel=\"noopener\">LC LC Cables de conexi\u00f3n de fibra <\/a><\/strong><\/span>y <strong><span style=\"color: #0054a6;\"><a style=\"color: #0054a6;\" href=\"https:\/\/www.bonelinks.com\/es\/ruggedised-fibre-patch-leads\/\" target=\"_blank\" rel=\"noopener\">Ruggedised cables de conexi\u00f3n de fibra <\/a><\/span><\/strong>para una conexi\u00f3n en red sin problemas.<\/p>\n<p>Si no encuentra el cable exacto que busca, puede crear f\u00e1cilmente sus <strong><a href=\"https:\/\/www.bonelinks.com\/es\/custom-fiber-optic-cables\/\" target=\"_blank\" rel=\"noopener\">cables de fibra \u00f3ptica a medida<\/a>. <\/strong>Tiene flexibilidad para seleccionar el tipo de cable, la longitud, los conectores, la modalidad, el n\u00famero de filamentos y el tipo de cubierta, y nosotros lo fabricaremos seg\u00fan sus especificaciones.<\/p>\n<p>Puede estar seguro de que nuestros precios son competitivos y de que disponemos de cantidades m\u00ednimas de pedido (MOQ) adaptables.<\/p>\n<p>Si necesita m\u00e1s ayuda, no dude en ponerse en contacto con nosotros y nuestro equipo de asistencia le ayudar\u00e1 a encontrar la soluci\u00f3n de cable de fibra perfecta para sus necesidades.<\/p>\n","protected":false},"excerpt":{"rendered":"<p>Nuestros cables de fibra \u00f3ptica MIL-TAC Military Tactical est\u00e1n dise\u00f1ados para un uso duro en exteriores, ofreciendo una resistencia, ligereza y durabilidad excepcionales. Sirven tanto para necesidades militares como comerciales, han sido sometidos a rigurosas pruebas y se utilizan en todo el mundo en la comunicaci\u00f3n militar de datos. Pueden personalizarse para satisfacer las necesidades espec\u00edficas de su aplicaci\u00f3n con conectores preterminados en bobinas desplegables.<\/p>\n","protected":false},"featured_media":19403,"template":"","meta":{"site-sidebar-layout":"default","site-content-layout":"default","ast-site-content-layout":"default","site-content-style":"default","site-sidebar-style":"default","ast-global-header-display":"","ast-banner-title-visibility":"","ast-main-header-display":"","ast-hfb-above-header-display":"","ast-hfb-below-header-display":"","ast-hfb-mobile-header-display":"","site-post-title":"","ast-breadcrumbs-content":"","ast-featured-img":"","footer-sml-layout":"","ast-disable-related-posts":"","theme-transparent-header-meta":"default","adv-header-id-meta":"","stick-header-meta":"default","header-above-stick-meta":"","header-main-stick-meta":"","header-below-stick-meta":"","astra-migrate-meta-layouts":"set","ast-page-background-enabled":"default","ast-page-background-meta":{"desktop":{"background-color":"","background-image":"","background-repeat":"repeat","background-position":"center center","background-size":"auto","background-attachment":"scroll","background-type":"","background-media":"","overlay-type":"","overlay-color":"","overlay-opacity":"","overlay-gradient":""},"tablet":{"background-color":"","background-image":"","background-repeat":"repeat","background-position":"center center","background-size":"auto","background-attachment":"scroll","background-type":"","background-media":"","overlay-type":"","overlay-color":"","overlay-opacity":"","overlay-gradient":""},"mobile":{"background-color":"","background-image":"","background-repeat":"repeat","background-position":"center center","background-size":"auto","background-attachment":"scroll","background-type":"","background-media":"","overlay-type":"","overlay-color":"","overlay-opacity":"","overlay-gradient":""}},"ast-content-background-meta":{"desktop":{"background-color":"var(--ast-global-color-5)","background-image":"","background-repeat":"repeat","background-position":"center center","background-size":"auto","background-attachment":"scroll","background-type":"","background-media":"","overlay-type":"","overlay-color":"","overlay-opacity":"","overlay-gradient":""},"tablet":{"background-color":"var(--ast-global-color-5)","background-image":"","background-repeat":"repeat","background-position":"center center","background-size":"auto","background-attachment":"scroll","background-type":"","background-media":"","overlay-type":"","overlay-color":"","overlay-opacity":"","overlay-gradient":""},"mobile":{"background-color":"var(--ast-global-color-5)","background-image":"","background-repeat":"repeat","background-position":"center center","background-size":"auto","background-attachment":"scroll","background-type":"","background-media":"","overlay-type":"","overlay-color":"","overlay-opacity":"","overlay-gradient":""}}},"product_brand":[],"product_cat":[244,251,252],"product_tag":[],"class_list":{"0":"post-20954","1":"product","2":"type-product","3":"status-publish","4":"has-post-thumbnail","6":"product_cat-fiber-patch-cord-es","7":"product_cat-lc-fiber-patch-cord-es","8":"product_cat-single-mode-fiber-patch-cord-es","9":"desktop-align-left","10":"tablet-align-left","11":"mobile-align-left","12":"ast-product-gallery-layout-vertical","13":"ast-product-gallery-with-no-image","14":"ast-product-tabs-layout-vertical","15":"ast-qv-on-image","17":"first","18":"instock","19":"shipping-taxable","20":"product-type-simple"},"_links":{"self":[{"href":"https:\/\/www.bonelinks.com\/es\/wp-json\/wp\/v2\/product\/20954","targetHints":{"allow":["GET"]}}],"collection":[{"href":"https:\/\/www.bonelinks.com\/es\/wp-json\/wp\/v2\/product"}],"about":[{"href":"https:\/\/www.bonelinks.com\/es\/wp-json\/wp\/v2\/types\/product"}],"version-history":[{"count":3,"href":"https:\/\/www.bonelinks.com\/es\/wp-json\/wp\/v2\/product\/20954\/revisions"}],"predecessor-version":[{"id":26454,"href":"https:\/\/www.bonelinks.com\/es\/wp-json\/wp\/v2\/product\/20954\/revisions\/26454"}],"wp:featuredmedia":[{"embeddable":true,"href":"https:\/\/www.bonelinks.com\/es\/wp-json\/wp\/v2\/media\/19403"}],"wp:attachment":[{"href":"https:\/\/www.bonelinks.com\/es\/wp-json\/wp\/v2\/media?parent=20954"}],"wp:term":[{"taxonomy":"product_brand","embeddable":true,"href":"https:\/\/www.bonelinks.com\/es\/wp-json\/wp\/v2\/product_brand?post=20954"},{"taxonomy":"product_cat","embeddable":true,"href":"https:\/\/www.bonelinks.com\/es\/wp-json\/wp\/v2\/product_cat?post=20954"},{"taxonomy":"product_tag","embeddable":true,"href":"https:\/\/www.bonelinks.com\/es\/wp-json\/wp\/v2\/product_tag?post=20954"}],"curies":[{"name":"wp","href":"https:\/\/api.w.org\/{rel}","templated":true}]}}