{"id":20923,"date":"2023-10-27T19:48:42","date_gmt":"2023-10-28T03:48:42","guid":{"rendered":"https:\/\/www.bonelinks.com\/product\/mtp-mpo-lc-breakout-cable-8-fibra-om3-10g-multi-fiber-fanout\/"},"modified":"2024-02-18T02:55:55","modified_gmt":"2024-02-18T10:55:55","slug":"mtp-mpo-lc-breakout-cable-8-fiber-om3-10g-multi-fiber-fanout","status":"publish","type":"product","link":"https:\/\/www.bonelinks.com\/es\/product\/mtp-mpo-lc-breakout-cable-8-fiber-om3-10g-multi-fiber-fanout\/","title":{"rendered":"MTP\/MPO LC Breakout Cable 8 Fibra OM3 10G Multi-Fiber Fanout"},"content":{"rendered":"<h1 style=\"text-align: left; font-size: 18px;\"><strong>OM3 MTP\/MPO LC 8 Fiber Breakout Cable 10G Multi-Fiber Fanout<\/strong><\/h1>\n<p>Presentamos el OM3 MPO\/MTP\u00ae to LC 8 Multi-fiber Distribution Breakout Assembly, con una clasificaci\u00f3n OFNP Plenum y 10Gb Multimode 50\/125 Corning optical fiber cores\/cladding. El conector 1 est\u00e1 terminado de forma experta con una conexi\u00f3n de contacto estilo push-on multifibra MPO compatible con MTP\u00ae, mientras que el conector 2 est\u00e1 terminado con 8 conectores de cable de fibra \u00f3ptica LC con virola cer\u00e1mica. Estos conectores LC Simplex est\u00e1n equipados con casquillos cer\u00e1micos de 1,25 mm, lo que garantiza una alineaci\u00f3n precisa del n\u00facleo de la fibra y una conectividad fiable en un factor de forma compacto dise\u00f1ado para una gesti\u00f3n eficaz en entornos de cableado de alta densidad.<\/p>\n<p>Con 8 conectores individuales LC Simplex, este conjunto proporciona la funcionalidad equivalente a 4 conectores de fibra Duplex. El conector multifibra MPO\/MTP, con 8 n\u00facleos de fibra 50\/125, se divide en 8 latiguillos de fibra simplex individuales en el extremo opuesto del conjunto de distribuci\u00f3n de 8 fibras. Cada uno de nuestros cables de conexi\u00f3n Simplex de color Aqua est\u00e1 equipado con una cubierta de 2,0 mm de di\u00e1metro exterior para proporcionar una protecci\u00f3n fiable contra las interferencias electromagn\u00e9ticas.<\/p>\n<p>En Bonelinks nos tomamos muy en serio la calidad. Cada conjunto de cable de fibra \u00f3ptica que se nos encarga se somete a pruebas individuales, y estaremos encantados de proporcionarle los resultados de las pruebas si nos los solicita. Para mayor seguridad, todos nuestros productos cuentan con una completa garant\u00eda de por vida.<\/p>\n<h2 style=\"text-align: left; font-size: 18px;\"><strong>\u00bfBusca m\u00e1s opciones de cables MTP\/MPO?<\/strong><\/h2>\n<p>\u00bfQuiere m\u00e1s opciones de cables MTP\/MPO? Explore nuestra selecci\u00f3n de <span style=\"color: #0054a6;\"><strong><a style=\"color: #0054a6;\" href=\"https:\/\/www.bonelinks.com\/es\/8-fiber-mpo-cable\/\" target=\"_blank\" rel=\"noopener\">cables MTP\/MPO de 8 fibras <\/a><\/strong><\/span>y <a href=\"https:\/\/www.bonelinks.com\/es\/mpo-breakout-cable\/\" target=\"_blank\" rel=\"noopener\"><strong><span style=\"color: #0054a6;\">cables de conexi\u00f3n MPO\/MTP a LC<\/span><\/strong> <\/a>para una conexi\u00f3n en red perfecta.<\/p>\n<p>\u00bfBusca cables de conexi\u00f3n MPO personalizados y fabricados a medida? Explore nuestra secci\u00f3n dedicada a<a href=\"https:\/\/www.bonelinks.com\/es\/custom-fiber-optic-cables\/\" target=\"_blank\" rel=\"noopener\"><span style=\"color: #0054a6;\"><strong> Cables de fibra personalizados <\/strong><\/span><\/a>para soluciones de conectividad a medida.<\/p>\n<ul>\n<li>Venta al por menor o al por mayor: \u00a1nosotros le cubrimos!<\/li>\n<li>\u00bfNo sabe qu\u00e9 comprar? Ofrecemos orientaci\u00f3n experta.<\/li>\n<li>MOQ peque\u00f1o: No necesita comprar m\u00e1s de lo que desea.<\/li>\n<li>Precios competitivos: Obtenga siempre un gran valor.<\/li>\n<li>Entrega puntual: Su rapidez, nuestra prioridad.<\/li>\n<li>Centrados en el cliente: Adaptamos nuestros servicios a sus necesidades.<\/li>\n<\/ul>\n<p><strong>Con\u00e9ctese con nosotros<\/strong><br \/>\nUn clic y podr\u00e1<a href=\"https:\/\/www.bonelinks.com\/es\/contact-us\/\" target=\"_blank\" rel=\"noopener\"><strong><span style=\"color: #0054a6;\"> chatear con nosotros <\/span><\/strong><\/a>en segundos. Su satisfacci\u00f3n es nuestra prioridad. Estamos dispuestos a ayudarle en todo. <strong>No se preocupe, no es necesario pensar demasiado. Estamos aqu\u00ed, listos para ayudarle.<\/strong><\/p>\n","protected":false},"excerpt":{"rendered":"<p>Tipo de cable: Breakout MTP\u00ae\/MPO de 8 fibras<br \/>\nEnsamblaje Breakout: OM3 MPO a fibra 8xLC Simplex<br \/>\nClasificado: OFNP Plenum Rated<br \/>\nTipo de fibra: Multifibra MPO\/MTP, alta densidad<br \/>\nConexi\u00f3n: Distribuye a 8 conectores de fibra LC Simplex, cada uno con una cubierta de color aqua de 2,0 mm.<br \/>\nTipo de conector: Conectores de fibra \u00f3ptica LC con casquillo cer\u00e1mico<br \/>\nTipo de fibra: Corning OM3 50\/125, fibra multimodo optimizada para l\u00e1ser (LOMMF)<br \/>\nClasificaci\u00f3n de n\u00facleos: N\u00facleos de fibra de 10 Gb<\/p>\n","protected":false},"featured_media":16598,"template":"","meta":{"site-sidebar-layout":"default","site-content-layout":"default","ast-site-content-layout":"default","site-content-style":"default","site-sidebar-style":"default","ast-global-header-display":"","ast-banner-title-visibility":"","ast-main-header-display":"","ast-hfb-above-header-display":"","ast-hfb-below-header-display":"","ast-hfb-mobile-header-display":"","site-post-title":"","ast-breadcrumbs-content":"","ast-featured-img":"","footer-sml-layout":"","ast-disable-related-posts":"","theme-transparent-header-meta":"default","adv-header-id-meta":"","stick-header-meta":"default","header-above-stick-meta":"","header-main-stick-meta":"","header-below-stick-meta":"","astra-migrate-meta-layouts":"set","ast-page-background-enabled":"default","ast-page-background-meta":{"desktop":{"background-color":"","background-image":"","background-repeat":"repeat","background-position":"center center","background-size":"auto","background-attachment":"scroll","background-type":"","background-media":"","overlay-type":"","overlay-color":"","overlay-opacity":"","overlay-gradient":""},"tablet":{"background-color":"","background-image":"","background-repeat":"repeat","background-position":"center center","background-size":"auto","background-attachment":"scroll","background-type":"","background-media":"","overlay-type":"","overlay-color":"","overlay-opacity":"","overlay-gradient":""},"mobile":{"background-color":"","background-image":"","background-repeat":"repeat","background-position":"center center","background-size":"auto","background-attachment":"scroll","background-type":"","background-media":"","overlay-type":"","overlay-color":"","overlay-opacity":"","overlay-gradient":""}},"ast-content-background-meta":{"desktop":{"background-color":"var(--ast-global-color-5)","background-image":"","background-repeat":"repeat","background-position":"center center","background-size":"auto","background-attachment":"scroll","background-type":"","background-media":"","overlay-type":"","overlay-color":"","overlay-opacity":"","overlay-gradient":""},"tablet":{"background-color":"var(--ast-global-color-5)","background-image":"","background-repeat":"repeat","background-position":"center center","background-size":"auto","background-attachment":"scroll","background-type":"","background-media":"","overlay-type":"","overlay-color":"","overlay-opacity":"","overlay-gradient":""},"mobile":{"background-color":"var(--ast-global-color-5)","background-image":"","background-repeat":"repeat","background-position":"center center","background-size":"auto","background-attachment":"scroll","background-type":"","background-media":"","overlay-type":"","overlay-color":"","overlay-opacity":"","overlay-gradient":""}}},"product_brand":[],"product_cat":[245,244,255,251],"product_tag":[],"class_list":{"0":"post-20923","1":"product","2":"type-product","3":"status-publish","4":"has-post-thumbnail","6":"product_cat-multimode-fiber-patch-cord-es","7":"product_cat-fiber-patch-cord-es","8":"product_cat-mpo-patch-cord-es","9":"product_cat-lc-fiber-patch-cord-es","10":"desktop-align-left","11":"tablet-align-left","12":"mobile-align-left","13":"ast-product-gallery-layout-vertical","14":"ast-product-gallery-with-no-image","15":"ast-product-tabs-layout-vertical","16":"ast-qv-on-image","18":"first","19":"instock","20":"shipping-taxable","21":"product-type-simple"},"_links":{"self":[{"href":"https:\/\/www.bonelinks.com\/es\/wp-json\/wp\/v2\/product\/20923","targetHints":{"allow":["GET"]}}],"collection":[{"href":"https:\/\/www.bonelinks.com\/es\/wp-json\/wp\/v2\/product"}],"about":[{"href":"https:\/\/www.bonelinks.com\/es\/wp-json\/wp\/v2\/types\/product"}],"version-history":[{"count":3,"href":"https:\/\/www.bonelinks.com\/es\/wp-json\/wp\/v2\/product\/20923\/revisions"}],"predecessor-version":[{"id":26257,"href":"https:\/\/www.bonelinks.com\/es\/wp-json\/wp\/v2\/product\/20923\/revisions\/26257"}],"wp:featuredmedia":[{"embeddable":true,"href":"https:\/\/www.bonelinks.com\/es\/wp-json\/wp\/v2\/media\/16598"}],"wp:attachment":[{"href":"https:\/\/www.bonelinks.com\/es\/wp-json\/wp\/v2\/media?parent=20923"}],"wp:term":[{"taxonomy":"product_brand","embeddable":true,"href":"https:\/\/www.bonelinks.com\/es\/wp-json\/wp\/v2\/product_brand?post=20923"},{"taxonomy":"product_cat","embeddable":true,"href":"https:\/\/www.bonelinks.com\/es\/wp-json\/wp\/v2\/product_cat?post=20923"},{"taxonomy":"product_tag","embeddable":true,"href":"https:\/\/www.bonelinks.com\/es\/wp-json\/wp\/v2\/product_tag?post=20923"}],"curies":[{"name":"wp","href":"https:\/\/api.w.org\/{rel}","templated":true}]}}