{"id":20901,"date":"2023-10-29T18:26:13","date_gmt":"2023-10-30T02:26:13","guid":{"rendered":"https:\/\/www.bonelinks.com\/product\/cable-de-conexion-multifibra-om4-mtp-mpo-a-mtp-mpo-12-hilos-hembra-100g\/"},"modified":"2024-02-18T02:55:03","modified_gmt":"2024-02-18T10:55:03","slug":"om4-mtp-mpo-to-mtp-mpo-12-strand-female-multi-fiber-patch-cable-100g","status":"publish","type":"product","link":"https:\/\/www.bonelinks.com\/es\/product\/om4-mtp-mpo-to-mtp-mpo-12-strand-female-multi-fiber-patch-cable-100g\/","title":{"rendered":"Cable de conexi\u00f3n multifibra OM4 MTP\/MPO a MTP\/MPO 12 hilos hembra 100G"},"content":{"rendered":"<h1 style=\"text-align: left; font-size: 18px;\"><strong>Cable de conexi\u00f3n multifibra OM4 MPO\/MTP a MTP\/MPO de 12 hilos<\/strong><\/h1>\n<p>Este conjunto de cables de conexi\u00f3n multifibra est\u00e1 dise\u00f1ado para la transmisi\u00f3n de datos de alto rendimiento. Cuenta con 12 filamentos de fibra multimodo OM4 con capacidad para 100 Gb y n\u00facleos y revestimiento de fibra \u00f3ptica Corning de 50\/125 micras. El primer conector est\u00e1 terminado con un contacto MTP hembra (sin patillas) de estilo push-on multifibra para una conexi\u00f3n sin fisuras. Del mismo modo, el segundo conector est\u00e1 equipado con un contacto MTP hembra (sin clavijas) de estilo \u00abpush-on\u00bb multifibra, que garantiza una conectividad fiable en entornos de cables de fibra compactos y de alta densidad.<\/p>\n<p>Ambos conectores multifibra MPO\/MTP alojan 12 hilos de fibra \u00f3ptica con una configuraci\u00f3n 50\/125. El cable est\u00e1 envuelto en una cubierta plenum (OFNP Plenum) que le confiere resistencia al fuego, al agua y a las interferencias electromagn\u00e9ticas. Este robusto dise\u00f1o garantiza conexiones \u00f3pticas fiables y seguras para sus necesidades de comunicaci\u00f3n.<\/p>\n<h2 style=\"text-align: left; font-size: 18px;\"><strong>M\u00e9todo B Polaridad para cable de conexi\u00f3n multifibra OM4 MPO\/MTP a MTP\/MPO de 12 hilos<\/strong><\/h2>\n<p>Este cable de interconexi\u00f3n MTP\/MPO cumple el ampliamente adoptado m\u00e9todo de polaridad de fibra tipo B. En este m\u00e9todo, ambos conectores tienen las teclas hacia arriba. Esta disposici\u00f3n garantiza que la Posici\u00f3n 1 (Tx) de la fibra en un extremo se alinee con la Posici\u00f3n 12 (Rx) en el otro extremo, la Posici\u00f3n 2 (Rx) en un extremo se corresponda con la Posici\u00f3n 11 (Tx) en el extremo opuesto, y as\u00ed sucesivamente. Este m\u00e9todo proporciona una conectividad eficaz y coherente para su red de fibra \u00f3ptica.<\/p>\n<h2 style=\"text-align: left; font-size: 18px;\"><strong>Dise\u00f1ado para una conectividad fiable y de alta velocidad en redes de fibra \u00f3ptica<\/strong><\/h2>\n<p>Este cable Ethernet sobre fibra multimodo OM4 est\u00e1 dise\u00f1ado para proporcionar conexiones r\u00e1pidas y fiables entre diversos componentes de red, como conmutadores, transceptores, convertidores de medios, paneles de conexi\u00f3n y otros equipos de fibra \u00f3ptica 1\/10\/40\/100g. Ofrece compatibilidad completa con una amplia gama de aplicaciones, como Fast Ethernet, 100 Gigabit Ethernet, SFP+, QSFP+, Fiber Channel, OIF, ATM, VCSEL y aplicaciones de proveedor de servicios.<\/p>\n<p>Ethernet sobre fibra multimodo OM4 Detalles:<\/p>\n<ul>\n<li>Ancho de banda modal: 3500\/4700MHz-km a 850nm\/1300nm<\/li>\n<li>Fast Ethernet: 100Base-FX hasta 2000 m<\/li>\n<li>1Gb (1000Mb) Ethernet: 1000Base-SX hasta 550 m (requiere un cable de conexi\u00f3n de acondicionamiento de modo)<\/li>\n<li>Ethernet de 10 Gb: 10GBase-SR hasta 400 m<\/li>\n<li>Ethernet de 40 Gb: 40GBase-SR4 hasta 150 m (o 550 m con QSFP+ eSR4)<\/li>\n<li>Ethernet de 100 Gb: 100GBase-SR10 hasta 150 m<\/li>\n<\/ul>\n<p>La fibra multimodo OM4 de este cable y sus impresionantes especificaciones lo convierten en una opci\u00f3n fiable para la transmisi\u00f3n de datos a alta velocidad en diversos entornos de red.<\/p>\n<p>Cada conjunto de cable de fibra \u00f3ptica Bonelinks se prueba individualmente y los resultados de las pruebas se pueden suministrar previa solicitud. Ofrecemos una garant\u00eda de por vida en todos nuestros productos.<\/p>\n<h2 style=\"text-align: left; font-size: 18px;\"><strong>\u00bfBusca m\u00e1s opciones de cables MTP\/MPO?<\/strong><\/h2>\n<p>\u00bfQuiere m\u00e1s opciones de cables MTP\/MPO? Explore nuestra selecci\u00f3n de <span style=\"color: #0054a6;\"><strong><a style=\"color: #0054a6;\" href=\"https:\/\/www.bonelinks.com\/es\/mpo-12-fiber-cable\/\" target=\"_blank\" rel=\"noopener\">cables MTP\/MPO de 12 fibras <\/a><\/strong><\/span>y <a href=\"https:\/\/www.bonelinks.com\/es\/mpo-trunk-cable\/\" target=\"_blank\" rel=\"noopener\"><strong><span style=\"color: #0054a6;\">cables de fibra MPO a MPO\/MTP a MTP<\/span><\/strong> <\/a>para una conexi\u00f3n en red perfecta.<\/p>\n<p>\u00bfBusca cables de conexi\u00f3n MPO personalizados y fabricados a medida? Explore nuestra secci\u00f3n dedicada a<a href=\"https:\/\/www.bonelinks.com\/es\/custom-fiber-optic-cables\/\" target=\"_blank\" rel=\"noopener\"><span style=\"color: #0054a6;\"><strong> Cables de fibra personalizados <\/strong><\/span><\/a>para soluciones de conectividad a medida.<\/p>\n<ul>\n<li>Venta al por menor o al por mayor: \u00a1nosotros le cubrimos!<\/li>\n<li>\u00bfNo sabe qu\u00e9 comprar? Ofrecemos orientaci\u00f3n experta.<\/li>\n<li>MOQ peque\u00f1o: No necesita comprar m\u00e1s de lo que desea.<\/li>\n<li>Precios competitivos: Obtenga siempre un gran valor.<\/li>\n<li>Entrega puntual: Su rapidez, nuestra prioridad.<\/li>\n<li>Centrados en el cliente: Adaptamos nuestros servicios a sus necesidades.<\/li>\n<\/ul>\n<p><strong>Con\u00e9ctese con nosotros<\/strong><br \/>\nUn clic y podr\u00e1<a href=\"https:\/\/www.bonelinks.com\/es\/contact-us\/\" target=\"_blank\" rel=\"noopener\"><strong><span style=\"color: #0054a6;\"> chatear con nosotros <\/span><\/strong><\/a>en segundos. Su satisfacci\u00f3n es nuestra prioridad. Estamos dispuestos a ayudarle en todo. <strong>No se preocupe, no es necesario pensar demasiado. Estamos aqu\u00ed, listos para ayudarle.<\/strong><\/p>\n","protected":false},"excerpt":{"rendered":"<p>El cable de conexi\u00f3n multifibra OM4 MTP\/MPO a MTP\/MPO de 12 hebras cuenta con 12 hebras de fibra multimodo OM4, dise\u00f1adas espec\u00edficamente para aplicaciones de 100 Gb. El cable de conexi\u00f3n \u00f3ptica de alta densidad utiliza conectores MTP a MTP hembra sin patillas y est\u00e1 fabricado con fibra Corning multimodo 50\/125 OFNP, cada una con un revestimiento de 125 micras. Los conectores del cable son MTP\/MPO hembra y ofrece un total de 12 n\u00facleos de fibra multimodo optimizados por l\u00e1ser (LOMMF), todos ellos aptos para conectividad de 100 Gb. Este cable de conexi\u00f3n multifibra es una opci\u00f3n excelente para una transmisi\u00f3n \u00f3ptica de datos fiable y eficaz.<\/p>\n","protected":false},"featured_media":16608,"template":"","meta":{"site-sidebar-layout":"default","site-content-layout":"default","ast-site-content-layout":"default","site-content-style":"default","site-sidebar-style":"default","ast-global-header-display":"","ast-banner-title-visibility":"","ast-main-header-display":"","ast-hfb-above-header-display":"","ast-hfb-below-header-display":"","ast-hfb-mobile-header-display":"","site-post-title":"","ast-breadcrumbs-content":"","ast-featured-img":"","footer-sml-layout":"","ast-disable-related-posts":"","theme-transparent-header-meta":"default","adv-header-id-meta":"","stick-header-meta":"default","header-above-stick-meta":"","header-main-stick-meta":"","header-below-stick-meta":"","astra-migrate-meta-layouts":"set","ast-page-background-enabled":"default","ast-page-background-meta":{"desktop":{"background-color":"","background-image":"","background-repeat":"repeat","background-position":"center center","background-size":"auto","background-attachment":"scroll","background-type":"","background-media":"","overlay-type":"","overlay-color":"","overlay-opacity":"","overlay-gradient":""},"tablet":{"background-color":"","background-image":"","background-repeat":"repeat","background-position":"center center","background-size":"auto","background-attachment":"scroll","background-type":"","background-media":"","overlay-type":"","overlay-color":"","overlay-opacity":"","overlay-gradient":""},"mobile":{"background-color":"","background-image":"","background-repeat":"repeat","background-position":"center center","background-size":"auto","background-attachment":"scroll","background-type":"","background-media":"","overlay-type":"","overlay-color":"","overlay-opacity":"","overlay-gradient":""}},"ast-content-background-meta":{"desktop":{"background-color":"var(--ast-global-color-5)","background-image":"","background-repeat":"repeat","background-position":"center center","background-size":"auto","background-attachment":"scroll","background-type":"","background-media":"","overlay-type":"","overlay-color":"","overlay-opacity":"","overlay-gradient":""},"tablet":{"background-color":"var(--ast-global-color-5)","background-image":"","background-repeat":"repeat","background-position":"center center","background-size":"auto","background-attachment":"scroll","background-type":"","background-media":"","overlay-type":"","overlay-color":"","overlay-opacity":"","overlay-gradient":""},"mobile":{"background-color":"var(--ast-global-color-5)","background-image":"","background-repeat":"repeat","background-position":"center center","background-size":"auto","background-attachment":"scroll","background-type":"","background-media":"","overlay-type":"","overlay-color":"","overlay-opacity":"","overlay-gradient":""}}},"product_brand":[],"product_cat":[245,244,255],"product_tag":[],"class_list":{"0":"post-20901","1":"product","2":"type-product","3":"status-publish","4":"has-post-thumbnail","6":"product_cat-multimode-fiber-patch-cord-es","7":"product_cat-fiber-patch-cord-es","8":"product_cat-mpo-patch-cord-es","9":"desktop-align-left","10":"tablet-align-left","11":"mobile-align-left","12":"ast-product-gallery-layout-vertical","13":"ast-product-gallery-with-no-image","14":"ast-product-tabs-layout-vertical","15":"ast-qv-on-image","17":"first","18":"instock","19":"shipping-taxable","20":"product-type-simple"},"_links":{"self":[{"href":"https:\/\/www.bonelinks.com\/es\/wp-json\/wp\/v2\/product\/20901","targetHints":{"allow":["GET"]}}],"collection":[{"href":"https:\/\/www.bonelinks.com\/es\/wp-json\/wp\/v2\/product"}],"about":[{"href":"https:\/\/www.bonelinks.com\/es\/wp-json\/wp\/v2\/types\/product"}],"version-history":[{"count":3,"href":"https:\/\/www.bonelinks.com\/es\/wp-json\/wp\/v2\/product\/20901\/revisions"}],"predecessor-version":[{"id":26255,"href":"https:\/\/www.bonelinks.com\/es\/wp-json\/wp\/v2\/product\/20901\/revisions\/26255"}],"wp:featuredmedia":[{"embeddable":true,"href":"https:\/\/www.bonelinks.com\/es\/wp-json\/wp\/v2\/media\/16608"}],"wp:attachment":[{"href":"https:\/\/www.bonelinks.com\/es\/wp-json\/wp\/v2\/media?parent=20901"}],"wp:term":[{"taxonomy":"product_brand","embeddable":true,"href":"https:\/\/www.bonelinks.com\/es\/wp-json\/wp\/v2\/product_brand?post=20901"},{"taxonomy":"product_cat","embeddable":true,"href":"https:\/\/www.bonelinks.com\/es\/wp-json\/wp\/v2\/product_cat?post=20901"},{"taxonomy":"product_tag","embeddable":true,"href":"https:\/\/www.bonelinks.com\/es\/wp-json\/wp\/v2\/product_tag?post=20901"}],"curies":[{"name":"wp","href":"https:\/\/api.w.org\/{rel}","templated":true}]}}