{"id":20895,"date":"2024-01-17T18:07:31","date_gmt":"2024-01-18T02:07:31","guid":{"rendered":"https:\/\/www.bonelinks.com\/product\/mdu-drop-cable-de-fibra-optica\/"},"modified":"2024-02-18T02:36:53","modified_gmt":"2024-02-18T10:36:53","slug":"mdu-drop-fiber-optic-cable","status":"publish","type":"product","link":"https:\/\/www.bonelinks.com\/es\/product\/mdu-drop-fiber-optic-cable\/","title":{"rendered":"MDU Drop Cable de fibra \u00f3ptica"},"content":{"rendered":"<h2 style=\"text-align: left; font-size: 18px;\"><strong>Caracter\u00edsticas de los cables de fibra \u00f3ptica MDU Drop<\/strong><\/h2>\n<ul>\n<li>Dise\u00f1o ligero y robusto: Dise\u00f1ados para entornos FTTx, estos cables son ligeros y robustos, lo que garantiza un rendimiento \u00f3ptimo.<\/li>\n<li>Variedad de colores de cubierta exterior: Disponible tanto en blanco como en negro, lo que ofrece flexibilidad para adaptarse a distintas est\u00e9ticas de instalaci\u00f3n.<\/li>\n<li>Cubierta exterior resistente a los rayos UV y antif\u00fangica: La funda exterior es resistente a los rayos UV y est\u00e1 dotada de propiedades antif\u00fangicas, lo que mejora su durabilidad y longevidad en diversas condiciones ambientales.<\/li>\n<li>Hilos de aramida impermeables: El n\u00facleo est\u00e1 reforzado con hilos de aramida que bloquean el agua, lo que a\u00f1ade una capa adicional de protecci\u00f3n de la red contra la humedad y los elementos externos.<\/li>\n<\/ul>\n<h2 style=\"text-align: left; font-size: 18px;\"><strong>Aplicaci\u00f3n<\/strong><\/h2>\n<p>Perfecto para espacios residenciales y comerciales. Aumente la conectividad en las MDU con la excelencia de la fibra hasta el hogar (FTTH).<\/p>\n<h2 style=\"text-align: left; font-size: 18px;\"><strong>\u00bfBusca m\u00e1s opciones de cables de bajada de fibra?<\/strong><\/h2>\n<p>\u00bfBusca m\u00e1s opciones en cables de bajada de fibra \u00f3ptica? Consulte nuestros<a href=\"https:\/\/www.bonelinks.com\/es\/ftth-drop-cable\/\" target=\"_blank\" rel=\"noopener\"><strong><span style=\"color: #0054a6;\"> Cables de bajada de fibra <\/span><\/strong><\/a>para una conexi\u00f3n en red perfecta. Si necesita cables de fibra hechos a medida para sus necesidades espec\u00edficas, eche un vistazo a nuestros<a href=\"https:\/\/www.bonelinks.com\/es\/custom-fiber-optic-cables\/\" target=\"_blank\" rel=\"noopener\"><strong><span style=\"color: #0054a6;\"> Cables de fibra personalizados <\/span><\/strong><\/a>para soluciones de conectividad personalizadas.<\/p>\n","protected":false},"excerpt":{"rendered":"<p>Presentamos el cable de fibra \u00f3ptica MDU Drop: la soluci\u00f3n definitiva para unidades de viviendas m\u00faltiples (MDU). Nuestros cables codificados por colores para interior-exterior est\u00e1n hechos a medida para una instalaci\u00f3n de fibra sin fisuras. Gracias a los conjuntos de cables especializados y a la clasificaci\u00f3n de los elevadores, garantizamos una gesti\u00f3n eficaz de los cables y una conectividad de primera categor\u00eda. Eleve sus proyectos MDU con la excelencia de Fibra hasta el Hogar &#8211; Cables de acometida MDU, conectando sus unidades con precisi\u00f3n y fiabilidad.<\/p>\n","protected":false},"featured_media":15523,"template":"","meta":{"site-sidebar-layout":"default","site-content-layout":"","ast-site-content-layout":"default","site-content-style":"default","site-sidebar-style":"default","ast-global-header-display":"","ast-banner-title-visibility":"","ast-main-header-display":"","ast-hfb-above-header-display":"","ast-hfb-below-header-display":"","ast-hfb-mobile-header-display":"","site-post-title":"","ast-breadcrumbs-content":"","ast-featured-img":"","footer-sml-layout":"","ast-disable-related-posts":"","theme-transparent-header-meta":"default","adv-header-id-meta":"","stick-header-meta":"default","header-above-stick-meta":"","header-main-stick-meta":"","header-below-stick-meta":"","astra-migrate-meta-layouts":"set","ast-page-background-enabled":"default","ast-page-background-meta":{"desktop":{"background-color":"","background-image":"","background-repeat":"repeat","background-position":"center center","background-size":"auto","background-attachment":"scroll","background-type":"","background-media":"","overlay-type":"","overlay-color":"","overlay-opacity":"","overlay-gradient":""},"tablet":{"background-color":"","background-image":"","background-repeat":"repeat","background-position":"center center","background-size":"auto","background-attachment":"scroll","background-type":"","background-media":"","overlay-type":"","overlay-color":"","overlay-opacity":"","overlay-gradient":""},"mobile":{"background-color":"","background-image":"","background-repeat":"repeat","background-position":"center center","background-size":"auto","background-attachment":"scroll","background-type":"","background-media":"","overlay-type":"","overlay-color":"","overlay-opacity":"","overlay-gradient":""}},"ast-content-background-meta":{"desktop":{"background-color":"var(--ast-global-color-5)","background-image":"","background-repeat":"repeat","background-position":"center center","background-size":"auto","background-attachment":"scroll","background-type":"","background-media":"","overlay-type":"","overlay-color":"","overlay-opacity":"","overlay-gradient":""},"tablet":{"background-color":"var(--ast-global-color-5)","background-image":"","background-repeat":"repeat","background-position":"center center","background-size":"auto","background-attachment":"scroll","background-type":"","background-media":"","overlay-type":"","overlay-color":"","overlay-opacity":"","overlay-gradient":""},"mobile":{"background-color":"var(--ast-global-color-5)","background-image":"","background-repeat":"repeat","background-position":"center center","background-size":"auto","background-attachment":"scroll","background-type":"","background-media":"","overlay-type":"","overlay-color":"","overlay-opacity":"","overlay-gradient":""}}},"product_brand":[],"product_cat":[250,249],"product_tag":[],"class_list":{"0":"post-20895","1":"product","2":"type-product","3":"status-publish","4":"has-post-thumbnail","6":"product_cat-indoor-fiber-optic-cable-es","7":"product_cat-ftth-cable-es","8":"desktop-align-left","9":"tablet-align-left","10":"mobile-align-left","11":"ast-product-gallery-layout-vertical","12":"ast-product-gallery-with-no-image","13":"ast-product-tabs-layout-vertical","14":"ast-qv-on-image","16":"first","17":"instock","18":"shipping-taxable","19":"product-type-simple"},"_links":{"self":[{"href":"https:\/\/www.bonelinks.com\/es\/wp-json\/wp\/v2\/product\/20895","targetHints":{"allow":["GET"]}}],"collection":[{"href":"https:\/\/www.bonelinks.com\/es\/wp-json\/wp\/v2\/product"}],"about":[{"href":"https:\/\/www.bonelinks.com\/es\/wp-json\/wp\/v2\/types\/product"}],"version-history":[{"count":3,"href":"https:\/\/www.bonelinks.com\/es\/wp-json\/wp\/v2\/product\/20895\/revisions"}],"predecessor-version":[{"id":26240,"href":"https:\/\/www.bonelinks.com\/es\/wp-json\/wp\/v2\/product\/20895\/revisions\/26240"}],"wp:featuredmedia":[{"embeddable":true,"href":"https:\/\/www.bonelinks.com\/es\/wp-json\/wp\/v2\/media\/15523"}],"wp:attachment":[{"href":"https:\/\/www.bonelinks.com\/es\/wp-json\/wp\/v2\/media?parent=20895"}],"wp:term":[{"taxonomy":"product_brand","embeddable":true,"href":"https:\/\/www.bonelinks.com\/es\/wp-json\/wp\/v2\/product_brand?post=20895"},{"taxonomy":"product_cat","embeddable":true,"href":"https:\/\/www.bonelinks.com\/es\/wp-json\/wp\/v2\/product_cat?post=20895"},{"taxonomy":"product_tag","embeddable":true,"href":"https:\/\/www.bonelinks.com\/es\/wp-json\/wp\/v2\/product_tag?post=20895"}],"curies":[{"name":"wp","href":"https:\/\/api.w.org\/{rel}","templated":true}]}}