{"id":20892,"date":"2024-01-17T23:50:01","date_gmt":"2024-01-18T07:50:01","guid":{"rendered":"https:\/\/www.bonelinks.com\/product\/conector-de-fibra-optica-lc-sm-simplex-para-cable-de-16-mm\/"},"modified":"2024-02-18T02:33:07","modified_gmt":"2024-02-18T10:33:07","slug":"lc-sm-simplex-fiber-connector","status":"publish","type":"product","link":"https:\/\/www.bonelinks.com\/es\/product\/lc-sm-simplex-fiber-connector\/","title":{"rendered":"Conector de fibra \u00f3ptica LC SM Simplex para cable de 1,6 mm"},"content":{"rendered":"<h2 style=\"text-align: left; font-size: 18px;\"><strong>Caracter\u00edstica<\/strong><\/h2>\n<ul>\n<li>Conector LC<\/li>\n<li>Fibra monomodo<\/li>\n<li>Uso con fibra de 1,6 mm de di\u00e1metro<\/li>\n<li>IL: \u22640,3dB RL: \u226555dB<\/li>\n<\/ul>\n<h2 style=\"text-align: left; font-size: 18px;\"><strong>Aplicaci\u00f3n<\/strong><\/h2>\n<ul>\n<li>Terminaci\u00f3n de fibra<\/li>\n<li>Cables de conexi\u00f3n monomodo<\/li>\n<li>Redes de \u00e1rea local<\/li>\n<li>FTTx<\/li>\n<\/ul>\n<h2 style=\"text-align: left; font-size: 18px;\"><strong>\u00bfBusca m\u00e1s conectores de fibra \u00f3ptica?<\/strong><\/h2>\n<p>\u00bfBusca m\u00e1s opciones? Descubra nuestra amplia selecci\u00f3n de <strong><a href=\"https:\/\/www.bonelinks.com\/es\/china-fiber-optic-connector-supplier\/\" target=\"_blank\" rel=\"noopener\">conectores de fibra \u00f3ptica <\/a><\/strong>para una conexi\u00f3n en red perfecta.<\/p>\n","protected":false},"excerpt":{"rendered":"<p>El conector LC SM est\u00e1 dise\u00f1ado para su uso con fibra simplex con cubierta de 1,6 mm. Este conector LC monomodo viene con un cuerpo azul est\u00e1ndar y una funda blanca de alivio de tensi\u00f3n.<\/p>\n","protected":false},"featured_media":16793,"template":"","meta":{"site-sidebar-layout":"default","site-content-layout":"","ast-site-content-layout":"default","site-content-style":"default","site-sidebar-style":"default","ast-global-header-display":"","ast-banner-title-visibility":"","ast-main-header-display":"","ast-hfb-above-header-display":"","ast-hfb-below-header-display":"","ast-hfb-mobile-header-display":"","site-post-title":"","ast-breadcrumbs-content":"","ast-featured-img":"","footer-sml-layout":"","ast-disable-related-posts":"","theme-transparent-header-meta":"default","adv-header-id-meta":"","stick-header-meta":"default","header-above-stick-meta":"","header-main-stick-meta":"","header-below-stick-meta":"","astra-migrate-meta-layouts":"set","ast-page-background-enabled":"default","ast-page-background-meta":{"desktop":{"background-color":"","background-image":"","background-repeat":"repeat","background-position":"center center","background-size":"auto","background-attachment":"scroll","background-type":"","background-media":"","overlay-type":"","overlay-color":"","overlay-opacity":"","overlay-gradient":""},"tablet":{"background-color":"","background-image":"","background-repeat":"repeat","background-position":"center center","background-size":"auto","background-attachment":"scroll","background-type":"","background-media":"","overlay-type":"","overlay-color":"","overlay-opacity":"","overlay-gradient":""},"mobile":{"background-color":"","background-image":"","background-repeat":"repeat","background-position":"center center","background-size":"auto","background-attachment":"scroll","background-type":"","background-media":"","overlay-type":"","overlay-color":"","overlay-opacity":"","overlay-gradient":""}},"ast-content-background-meta":{"desktop":{"background-color":"var(--ast-global-color-5)","background-image":"","background-repeat":"repeat","background-position":"center center","background-size":"auto","background-attachment":"scroll","background-type":"","background-media":"","overlay-type":"","overlay-color":"","overlay-opacity":"","overlay-gradient":""},"tablet":{"background-color":"var(--ast-global-color-5)","background-image":"","background-repeat":"repeat","background-position":"center center","background-size":"auto","background-attachment":"scroll","background-type":"","background-media":"","overlay-type":"","overlay-color":"","overlay-opacity":"","overlay-gradient":""},"mobile":{"background-color":"var(--ast-global-color-5)","background-image":"","background-repeat":"repeat","background-position":"center center","background-size":"auto","background-attachment":"scroll","background-type":"","background-media":"","overlay-type":"","overlay-color":"","overlay-opacity":"","overlay-gradient":""}}},"product_brand":[],"product_cat":[247],"product_tag":[],"class_list":{"0":"post-20892","1":"product","2":"type-product","3":"status-publish","4":"has-post-thumbnail","6":"product_cat-fiber-optic-connectors-es","7":"desktop-align-left","8":"tablet-align-left","9":"mobile-align-left","10":"ast-product-gallery-layout-vertical","11":"ast-product-gallery-with-no-image","12":"ast-product-tabs-layout-vertical","13":"ast-qv-on-image","15":"first","16":"instock","17":"shipping-taxable","18":"product-type-simple"},"_links":{"self":[{"href":"https:\/\/www.bonelinks.com\/es\/wp-json\/wp\/v2\/product\/20892","targetHints":{"allow":["GET"]}}],"collection":[{"href":"https:\/\/www.bonelinks.com\/es\/wp-json\/wp\/v2\/product"}],"about":[{"href":"https:\/\/www.bonelinks.com\/es\/wp-json\/wp\/v2\/types\/product"}],"version-history":[{"count":2,"href":"https:\/\/www.bonelinks.com\/es\/wp-json\/wp\/v2\/product\/20892\/revisions"}],"predecessor-version":[{"id":26235,"href":"https:\/\/www.bonelinks.com\/es\/wp-json\/wp\/v2\/product\/20892\/revisions\/26235"}],"wp:featuredmedia":[{"embeddable":true,"href":"https:\/\/www.bonelinks.com\/es\/wp-json\/wp\/v2\/media\/16793"}],"wp:attachment":[{"href":"https:\/\/www.bonelinks.com\/es\/wp-json\/wp\/v2\/media?parent=20892"}],"wp:term":[{"taxonomy":"product_brand","embeddable":true,"href":"https:\/\/www.bonelinks.com\/es\/wp-json\/wp\/v2\/product_brand?post=20892"},{"taxonomy":"product_cat","embeddable":true,"href":"https:\/\/www.bonelinks.com\/es\/wp-json\/wp\/v2\/product_cat?post=20892"},{"taxonomy":"product_tag","embeddable":true,"href":"https:\/\/www.bonelinks.com\/es\/wp-json\/wp\/v2\/product_tag?post=20892"}],"curies":[{"name":"wp","href":"https:\/\/api.w.org\/{rel}","templated":true}]}}