{"id":21802,"date":"2022-11-15T22:38:41","date_gmt":"2022-11-16T06:38:41","guid":{"rendered":"https:\/\/www.bonelinks.com\/product\/abs-plc-verteiler\/"},"modified":"2024-02-04T21:11:10","modified_gmt":"2024-02-05T05:11:10","slug":"abs-plc-splitter","status":"publish","type":"product","link":"https:\/\/www.bonelinks.com\/de\/product\/abs-plc-splitter\/","title":{"rendered":"ABS PLC-Verteiler"},"content":{"rendered":"<h1 style=\"text-align: left; font-size: 18px;\"><strong>ABS PLC-Splitter: Schutz und Vielseitigkeit f\u00fcr Ihr Glasfasernetz<\/strong><\/h1>\n<p>Der ABS PLC Splitter von Bonelinks ist so konzipiert, dass er Schutz f\u00fcr den Lichtwellenleiterchip und die Faserarray-Platte bietet. Er ist aus haltbarem ABS-Kunststoff gefertigt und eignet sich gut f\u00fcr den Einsatz unter anspruchsvollen Baubedingungen. Es kann problemlos in verschiedene Schr\u00e4nke und Geh\u00e4use eingebaut werden, einschlie\u00dflich <a href=\"https:\/\/www.bonelinks.com\/de\/product\/server-room-data-center-rack-mount-fiber-optic-patch-panel\/\" target=\"_blank\" rel=\"noopener\">Standard 19-Zoll-Rack-Einheiten<\/a><\/p>\n<p><img fetchpriority=\"high\" decoding=\"async\" class=\"alignleft wp-image-6455 size-full\" src=\"https:\/\/www.bonelinks.com\/wp-content\/uploads\/2022\/11\/abs-plc-splitter.jpg\" alt=\"absc-verteiler\" width=\"1024\" height=\"467\" srcset=\"https:\/\/www.bonelinks.com\/wp-content\/uploads\/2022\/11\/abs-plc-splitter.jpg 1024w, https:\/\/www.bonelinks.com\/wp-content\/uploads\/2022\/11\/abs-plc-splitter-300x137.jpg 300w, https:\/\/www.bonelinks.com\/wp-content\/uploads\/2022\/11\/abs-plc-splitter-768x350.jpg 768w, https:\/\/www.bonelinks.com\/wp-content\/uploads\/2022\/11\/abs-plc-splitter-650x296.jpg 650w\" sizes=\"(max-width: 1024px) 100vw, 1024px\" \/><\/p>\n<h2 style=\"text-align: left; font-size: 18px;\"><strong><span style=\"color: #000000;\"><br \/>\nMerkmale: Warum ABS PLC Splitter w\u00e4hlen?<\/span><\/strong><\/h2>\n<ul>\n<li>ABS-Kunststoff-Box: Das ABS-Material zeichnet sich durch seine Widerstandsf\u00e4higkeit gegen\u00fcber Druck, Schlag, Hitze und niedrigen Temperaturen aus.<\/li>\n<li>Kompakte Gr\u00f6\u00dfe: Das Ger\u00e4t ist klein und kompakt, so dass es leicht zu installieren und zu handhaben ist.<\/li>\n<li>Hohe Stabilit\u00e4t: ABS PLC Splitter haben eine hohe Stabilit\u00e4t, die sicherstellt, dass die Ausgangsleistung auch \u00fcber einen langen Zeitraum konstant bleibt.<\/li>\n<li>Geringe Einf\u00fcgungsd\u00e4mpfung: PLC-Splitter haben eine geringe Einf\u00fcgungsd\u00e4mpfung, d. h. sie beeintr\u00e4chtigen die Signalst\u00e4rke nicht wesentlich, wenn das Licht durch sie hindurchgeht.<\/li>\n<li>Geringer polarisationsabh\u00e4ngiger Verlust (PDL): Die Splitter haben eine niedrige PDL, was bedeutet, dass sie nicht von der Ausrichtung des polarisierten Lichts beeinflusst werden.<\/li>\n<li>Wellenl\u00e4ngenunabh\u00e4ngigkeit: ABS PLC-Splitter sind wellenl\u00e4ngenunabh\u00e4ngig, d. h. sie arbeiten mit einem breiten Spektrum an Wellenl\u00e4ngen und k\u00f6nnen in verschiedenen Kommunikationssystemen eingesetzt werden.<\/li>\n<li>Hohe Zuverl\u00e4ssigkeit: Es ist sehr zuverl\u00e4ssig, d. h. es kann rauen Umgebungsbedingungen standhalten und ist weniger anf\u00e4llig f\u00fcr Ausf\u00e4lle.<\/li>\n<\/ul>\n<h2 style=\"text-align: left; font-size: 18px;\"><strong>Anwendung: Wo wird ABS PLC Splitter verwendet? <\/strong><\/h2>\n<ul>\n<li>Fiber to the Home (FTTH) Netzwerke: ABS PLC Splitter werden verwendet, um optische Signale von einem zentralen Punkt an mehrere Teilnehmer in FTTH-Netzen zu verteilen.<\/li>\n<li>Optische LANs (Local Area Networks): Es wird verwendet, um Signale von optischen Fasern an verschiedene Endger\u00e4te in optischen LANs zu verteilen.<\/li>\n<li>Datenzentren: ABS PLC Splitter werden verwendet, um optische Signale zwischen verschiedenen Komponenten von Rechenzentren, wie Servern, Switches und Speicherger\u00e4ten, zu leiten.<\/li>\n<li>CATV-Netze: Es wird verwendet, um optische Signale von einer Kopfstelle an mehrere Teilnehmer in Kabelfernsehnetzen zu verteilen.<\/li>\n<li>Metro- und Zugangsnetze: ABS PLC Splitter werden in Metro- und Zugangsnetzen eingesetzt, um optische Signale zwischen verschiedenen Netzelementen zu leiten.<\/li>\n<li>Test- und Messger\u00e4te: Es wird in Pr\u00fcf- und Messger\u00e4ten wie optischen Leistungsmessern und optischen Spektrumanalysatoren verwendet.<\/li>\n<\/ul>\n<h2 style=\"text-align: left; font-size: 18px;\"><strong><span style=\"color: #000000;\">Warum unser ABS PLC Splitter?<\/span><\/strong><\/h2>\n<ul>\n<li>Eine Vielzahl von Aufteilungsverh\u00e4ltnissen und Faseranschl\u00fcssen: W\u00e4hlen Sie aus einer Reihe von Optionen wie 1:4, 1:8, 1:16, 1:32 und anderen das f\u00fcr Ihre Bed\u00fcrfnisse geeignete Aufteilungsverh\u00e4ltnis. Wir wissen, dass die Anforderungen an die Konnektivit\u00e4t variieren k\u00f6nnen. Deshalb bieten wir verschiedene Eingangs- und Ausgangs-Glasfaseranschl\u00fcsse wie FC, SC, LC und ST. Passen Sie Ihren ABS PLC Splitter an die Anforderungen Ihres Netzwerks an.<\/li>\n<li>Anpassung an spezifische Anwendungen: Wir kennen die besonderen Anforderungen der verschiedenen Anwendungen. Deshalb kann unser ABS PLC Splitter mit kurzen Eingangs- und Ausgangsl\u00e4ngen von nur 0,5 Metern kundenspezifisch angepasst werden, was ihn zu einer hervorragenden Wahl f\u00fcr CATV oder aktive optische Kommunikationsger\u00e4te macht. Ob f\u00fcr Rechenzentren, Serverzentren, FTTH-Kabinen oder Bodenverteilerboxen, unser ABS PLC Splitter bietet die Flexibilit\u00e4t, die Sie brauchen.<\/li>\n<li>Spezifische Anwendungen und strenge Tests: In PON-Netzen dient der 1&#215;8-Splitter als prim\u00e4rer oder sekund\u00e4rer Anschlussknoten in bestimmten OLT-Ger\u00e4ten. F\u00fcr Daten- und Serverzentren ist der 1&#215;32 Tap die erste Wahl und kann bequem in 1U- oder 2U-Racks installiert werden. Bonelinks bietet auch einen umfassenden Service f\u00fcr die Installation von Regalarmaturen an, um Ihnen die Arbeit zu erleichtern. Der 1&#215;64-Abzweig eignet sich hervorragend f\u00fcr die Verteilung von Signaldaten und die Konnektivit\u00e4t in FTTH-Kabinen und Etagenverteilerk\u00e4sten. Seien Sie versichert, dass alle unsere Armaturen vor dem Versand strengen Tests unterzogen werden, um eine erstklassige Leistung zu gew\u00e4hrleisten. Jeder ABS PLC Splitter wird im Werk gr\u00fcndlich getestet, um h\u00f6chste Qualit\u00e4t und Leistung zu gew\u00e4hrleisten. Alle Ger\u00e4te werden mit einem Pr\u00fcfbericht und einer Garantie geliefert, so dass Sie auf die Zuverl\u00e4ssigkeit und Stabilit\u00e4t Ihres optischen Netzwerks vertrauen k\u00f6nnen.<\/li>\n<\/ul>\n<p>Entdecken Sie unsere hochwertigen optischen Splitter f\u00fcr zuverl\u00e4ssige Leistung. F\u00fcr eine breite Palette von Konnektivit\u00e4tsl\u00f6sungen sollten Sie eine Partnerschaft mit einem <a href=\"https:\/\/www.bonelinks.com\/de\/china-ftth-plc-splitter-supplier\/\" target=\"_blank\" rel=\"noopener\">zuverl\u00e4ssigen Anbieter von optischen Splittern wie Bonelinks<\/a> in Betracht ziehen.<\/p>\n","protected":false},"excerpt":{"rendered":"<p>Der PLC-Splitter von ABS ist ein Hochleistungsger\u00e4t, das f\u00fcr den Einsatz in passiven optischen Netzwerken (PONs) entwickelt wurde. Dieser Verteiler ist mit einem ABS-Geh\u00e4use (Acrylnitril-Butadien-Styrol) ausgestattet, das ihn robust und widerstandsf\u00e4hig gegen raue Umgebungsbedingungen macht und eine lange Nutzungsdauer gew\u00e4hrleistet.<\/p>\n<p>Der ABS PLC Splitter ist eine ideale L\u00f6sung f\u00fcr FTTH (Fiber to the Home), FTTB (Fiber to the Building) und FTTC (Fiber to the Curb) Anwendungen. Dank seiner kompakten Bauweise kann dieser Splitter leicht in verschiedene Arten von optischen Schr\u00e4nken und Verteilerk\u00e4sten eingebaut werden. Mit dem Splitter kann ein optisches Signal auf mehrere Ausg\u00e4nge aufgeteilt werden, so dass mehrere Teilnehmer von einem optischen Leitungsendger\u00e4t (OLT) bedient werden k\u00f6nnen.<\/p>\n<p>Der ABS PLC-Splitter ist einfach zu bedienen und zu warten und damit eine gute Wahl f\u00fcr Netzbetreiber, die eine zuverl\u00e4ssige und kosteng\u00fcnstige L\u00f6sung suchen. Der Spalter ist wartungsarm, so dass er viele Jahre lang reibungslos funktionieren wird. Es zeichnet sich au\u00dferdem durch ein einfaches und intuitives Design aus, das die Installation und Wartung erleichtert.<\/p>\n","protected":false},"featured_media":15161,"template":"","meta":{"site-sidebar-layout":"default","site-content-layout":"default","ast-site-content-layout":"default","site-content-style":"default","site-sidebar-style":"default","ast-global-header-display":"","ast-banner-title-visibility":"","ast-main-header-display":"","ast-hfb-above-header-display":"","ast-hfb-below-header-display":"","ast-hfb-mobile-header-display":"","site-post-title":"","ast-breadcrumbs-content":"","ast-featured-img":"","footer-sml-layout":"","ast-disable-related-posts":"","theme-transparent-header-meta":"default","adv-header-id-meta":"","stick-header-meta":"default","header-above-stick-meta":"","header-main-stick-meta":"","header-below-stick-meta":"","astra-migrate-meta-layouts":"set","ast-page-background-enabled":"default","ast-page-background-meta":{"desktop":{"background-color":"","background-image":"","background-repeat":"repeat","background-position":"center center","background-size":"auto","background-attachment":"scroll","background-type":"","background-media":"","overlay-type":"","overlay-color":"","overlay-opacity":"","overlay-gradient":""},"tablet":{"background-color":"","background-image":"","background-repeat":"repeat","background-position":"center center","background-size":"auto","background-attachment":"scroll","background-type":"","background-media":"","overlay-type":"","overlay-color":"","overlay-opacity":"","overlay-gradient":""},"mobile":{"background-color":"","background-image":"","background-repeat":"repeat","background-position":"center center","background-size":"auto","background-attachment":"scroll","background-type":"","background-media":"","overlay-type":"","overlay-color":"","overlay-opacity":"","overlay-gradient":""}},"ast-content-background-meta":{"desktop":{"background-color":"var(--ast-global-color-5)","background-image":"","background-repeat":"repeat","background-position":"center center","background-size":"auto","background-attachment":"scroll","background-type":"","background-media":"","overlay-type":"","overlay-color":"","overlay-opacity":"","overlay-gradient":""},"tablet":{"background-color":"var(--ast-global-color-5)","background-image":"","background-repeat":"repeat","background-position":"center center","background-size":"auto","background-attachment":"scroll","background-type":"","background-media":"","overlay-type":"","overlay-color":"","overlay-opacity":"","overlay-gradient":""},"mobile":{"background-color":"var(--ast-global-color-5)","background-image":"","background-repeat":"repeat","background-position":"center center","background-size":"auto","background-attachment":"scroll","background-type":"","background-media":"","overlay-type":"","overlay-color":"","overlay-opacity":"","overlay-gradient":""}}},"product_brand":[],"product_cat":[305],"product_tag":[],"class_list":{"0":"post-21802","1":"product","2":"type-product","3":"status-publish","4":"has-post-thumbnail","6":"product_cat-plc-splitter-de-2","7":"desktop-align-left","8":"tablet-align-left","9":"mobile-align-left","10":"ast-product-gallery-layout-vertical","11":"ast-product-gallery-with-no-image","12":"ast-product-tabs-layout-vertical","13":"ast-qv-on-image","15":"first","16":"instock","17":"shipping-taxable","18":"product-type-simple"},"_links":{"self":[{"href":"https:\/\/www.bonelinks.com\/de\/wp-json\/wp\/v2\/product\/21802","targetHints":{"allow":["GET"]}}],"collection":[{"href":"https:\/\/www.bonelinks.com\/de\/wp-json\/wp\/v2\/product"}],"about":[{"href":"https:\/\/www.bonelinks.com\/de\/wp-json\/wp\/v2\/types\/product"}],"version-history":[{"count":2,"href":"https:\/\/www.bonelinks.com\/de\/wp-json\/wp\/v2\/product\/21802\/revisions"}],"predecessor-version":[{"id":25020,"href":"https:\/\/www.bonelinks.com\/de\/wp-json\/wp\/v2\/product\/21802\/revisions\/25020"}],"wp:featuredmedia":[{"embeddable":true,"href":"https:\/\/www.bonelinks.com\/de\/wp-json\/wp\/v2\/media\/15161"}],"wp:attachment":[{"href":"https:\/\/www.bonelinks.com\/de\/wp-json\/wp\/v2\/media?parent=21802"}],"wp:term":[{"taxonomy":"product_brand","embeddable":true,"href":"https:\/\/www.bonelinks.com\/de\/wp-json\/wp\/v2\/product_brand?post=21802"},{"taxonomy":"product_cat","embeddable":true,"href":"https:\/\/www.bonelinks.com\/de\/wp-json\/wp\/v2\/product_cat?post=21802"},{"taxonomy":"product_tag","embeddable":true,"href":"https:\/\/www.bonelinks.com\/de\/wp-json\/wp\/v2\/product_tag?post=21802"}],"curies":[{"name":"wp","href":"https:\/\/api.w.org\/{rel}","templated":true}]}}