{"id":21794,"date":"2022-11-14T17:25:17","date_gmt":"2022-11-15T01:25:17","guid":{"rendered":"https:\/\/www.bonelinks.com\/product\/24-adriges-adss-lichtwellenleiterkabel\/"},"modified":"2024-02-04T21:13:29","modified_gmt":"2024-02-05T05:13:29","slug":"adss-optical-fiber-cable-24-core","status":"publish","type":"product","link":"https:\/\/www.bonelinks.com\/de\/product\/adss-optical-fiber-cable-24-core\/","title":{"rendered":"24-adriges ADSS-Lichtwellenleiterkabel"},"content":{"rendered":"<h1 style=\"text-align: left; font-size: 18px;\"><strong>Maximierung der Konnektivit\u00e4t mit 24-adrigem ADSS-Glasfaserkabel<\/strong><\/h1>\n<p>Das 24-adrige ADSS-Glasfaserkabel ist eine L\u00f6sung mit hoher Kapazit\u00e4t f\u00fcr Telekommunikationsnetze. Mit seinen 24 Glasfaserkernen bietet er eine \u00fcberragende Bandbreite und ist damit ideal f\u00fcr Anwendungen, die eine zuverl\u00e4ssige und effiziente Daten\u00fcbertragung \u00fcber gro\u00dfe Entfernungen erfordern. Die selbsttragende Konstruktion vereinfacht die Installation an Freileitungsmasten, w\u00e4hrend die Langlebigkeit eine langfristige Leistung in verschiedenen Umgebungen gew\u00e4hrleistet.<\/p>\n<h2 style=\"text-align: left; font-size: 18px;\"><strong>Eigenschaften<\/strong><\/h2>\n<ul>\n<li>H\u00f6here Faseranzahl: Es kann 24 einzelne Glasfasern in einer einzigen Kabelstruktur unterbringen und bietet so eine h\u00f6here Kapazit\u00e4t f\u00fcr Daten\u00fcbertragung und Konnektivit\u00e4t.<\/li>\n<li>Erh\u00f6hte Bandbreite: Die h\u00f6here Anzahl an Fasern erm\u00f6glicht eine verbesserte Bandbreite und eignet sich damit f\u00fcr Anwendungen mit hohem Datenbedarf.<\/li>\n<li>Selbsttragende Konstruktion: Die ADSS-Konstruktion macht zus\u00e4tzliche St\u00fctzvorrichtungen \u00fcberfl\u00fcssig und vereinfacht die Installation an Freileitungsmasten.<\/li>\n<li>\u00dcbertragung \u00fcber gro\u00dfe Entfernungen: Das Kabel ist f\u00fcr eine effiziente Daten\u00fcbertragung \u00fcber gro\u00dfe Entfernungen ausgelegt und unterst\u00fctzt die Konnektivit\u00e4t in gro\u00dfen Netzwerken.<\/li>\n<li>Langlebigkeit: Die Materialien und das Design des Kabels sind resistent gegen Umwelteinfl\u00fcsse wie UV-Strahlung und raue Witterungsbedingungen und gew\u00e4hrleisten eine langfristige Zuverl\u00e4ssigkeit.<\/li>\n<\/ul>\n<h2 style=\"text-align: left; font-size: 18px;\"><strong>Schutz<\/strong><\/h2>\n<p>UV-Best\u00e4ndigkeit; Best\u00e4ndigkeit gegen hohe und niedrige Temperaturen; Best\u00e4ndigkeit gegen Vereisung<\/p>\n<h2 style=\"text-align: left; font-size: 18px;\"><strong>Anmeldung<\/strong><\/h2>\n<ul>\n<li>Kommunikation \u00fcber gro\u00dfe Entfernungen: Das Kabel ist f\u00fcr Langstreckenkommunikationsnetze geeignet und erm\u00f6glicht eine Hochgeschwindigkeitsdaten\u00fcbertragung \u00fcber gro\u00dfe Entfernungen.<\/li>\n<li>Backbone-Netze: Es dient als Backbone-Infrastruktur in Telekommunikationsnetzen, verbindet mehrere Standorte und erleichtert die Daten\u00fcbertragung zwischen ihnen.<\/li>\n<li>St\u00e4dtische Gebiete mit hoher Bev\u00f6lkerungsdichte: In dicht besiedelten Gebieten erf\u00fcllt das Kabel die Nachfrage nach erh\u00f6hter Bandbreite und Konnektivit\u00e4t in Anwendungen wie Fiber-to-the-Home (FTTH) oder Fiber-to-the-Building (FTTB).<\/li>\n<li>Campus-Netzwerke: Sie werden in Bildungseinrichtungen, auf Firmengel\u00e4nden oder in Regierungseinrichtungen eingesetzt, um Netzinfrastrukturen mit hoher Kapazit\u00e4t zu schaffen, die verschiedene Geb\u00e4ude und Standorte miteinander verbinden.<\/li>\n<li>Gro\u00dfstadtnetze: Das Kabel wird in Ballungsr\u00e4umen verlegt, um zuverl\u00e4ssige und schnelle Verbindungen f\u00fcr Unternehmen, Wohngebiete und \u00f6ffentliche Einrichtungen zu erm\u00f6glichen.<\/li>\n<\/ul>\n<h2 style=\"text-align: left; font-size: 18px;\"><strong>Suchen Sie nach weiteren ADSS-Faserkabeln zur Auswahl?<\/strong><\/h2>\n<p>Suchen Sie nach einer gr\u00f6\u00dferen Auswahl an ADSS-Lichtwellenleitern? Sehen Sie sich unser<a href=\"https:\/\/www.bonelinks.com\/de\/adss-fiber-optic-cable\/\" target=\"_blank\" rel=\"noopener\"><strong><span style=\"color: #0054a6;\"> ADSS-Glasfaserkabel <\/span><\/strong><\/a>f\u00fcr nahtlose Vernetzung. Wenn Sie Glasfaserkabel ben\u00f6tigen, die f\u00fcr Ihre speziellen Anforderungen ma\u00dfgeschneidert sind, werfen Sie einen Blick auf unsere<a href=\"https:\/\/www.bonelinks.com\/de\/custom-fiber-optic-cables\/\" target=\"_blank\" rel=\"noopener\"><strong><span style=\"color: #0054a6;\"> Kundenspezifische Glasfaserkabel <\/span><\/strong><\/a>f\u00fcr individuelle Konnektivit\u00e4tsl\u00f6sungen.<\/p>\n","protected":false},"excerpt":{"rendered":"<p>Das 24-adrige ADSS-Lichtwellenleiterkabel ist eine selbsttragende L\u00f6sung f\u00fcr Telekommunikationsnetze. Mit seiner F\u00e4higkeit, 24 einzelne optische Fasern in einer einzigen Struktur unterzubringen, bietet es eine hohe Anschlusskapazit\u00e4t f\u00fcr anspruchsvolle Anwendungen. Dieses Kabel ist ideal f\u00fcr hohe Bandbreitenanforderungen und bietet eine zuverl\u00e4ssige und effiziente Daten\u00fcbertragung \u00fcber gro\u00dfe Entfernungen. Die selbsttragende Konstruktion macht zus\u00e4tzliche Beschl\u00e4ge \u00fcberfl\u00fcssig und vereinfacht so die Installation an vorhandenen Freileitungsmasten. Das 24-adrige ADSS-Glasfaserkabel gew\u00e4hrleistet eine robuste und skalierbare Konnektivit\u00e4t f\u00fcr Telekommunikationsinfrastrukturen.<\/p>\n","protected":false},"featured_media":15531,"template":"","meta":{"site-sidebar-layout":"default","site-content-layout":"default","ast-site-content-layout":"default","site-content-style":"default","site-sidebar-style":"default","ast-global-header-display":"","ast-banner-title-visibility":"","ast-main-header-display":"","ast-hfb-above-header-display":"","ast-hfb-below-header-display":"","ast-hfb-mobile-header-display":"","site-post-title":"","ast-breadcrumbs-content":"","ast-featured-img":"","footer-sml-layout":"","ast-disable-related-posts":"","theme-transparent-header-meta":"default","adv-header-id-meta":"","stick-header-meta":"default","header-above-stick-meta":"","header-main-stick-meta":"","header-below-stick-meta":"","astra-migrate-meta-layouts":"set","ast-page-background-enabled":"default","ast-page-background-meta":{"desktop":{"background-color":"","background-image":"","background-repeat":"repeat","background-position":"center center","background-size":"auto","background-attachment":"scroll","background-type":"","background-media":"","overlay-type":"","overlay-color":"","overlay-opacity":"","overlay-gradient":""},"tablet":{"background-color":"","background-image":"","background-repeat":"repeat","background-position":"center center","background-size":"auto","background-attachment":"scroll","background-type":"","background-media":"","overlay-type":"","overlay-color":"","overlay-opacity":"","overlay-gradient":""},"mobile":{"background-color":"","background-image":"","background-repeat":"repeat","background-position":"center center","background-size":"auto","background-attachment":"scroll","background-type":"","background-media":"","overlay-type":"","overlay-color":"","overlay-opacity":"","overlay-gradient":""}},"ast-content-background-meta":{"desktop":{"background-color":"var(--ast-global-color-5)","background-image":"","background-repeat":"repeat","background-position":"center center","background-size":"auto","background-attachment":"scroll","background-type":"","background-media":"","overlay-type":"","overlay-color":"","overlay-opacity":"","overlay-gradient":""},"tablet":{"background-color":"var(--ast-global-color-5)","background-image":"","background-repeat":"repeat","background-position":"center center","background-size":"auto","background-attachment":"scroll","background-type":"","background-media":"","overlay-type":"","overlay-color":"","overlay-opacity":"","overlay-gradient":""},"mobile":{"background-color":"var(--ast-global-color-5)","background-image":"","background-repeat":"repeat","background-position":"center center","background-size":"auto","background-attachment":"scroll","background-type":"","background-media":"","overlay-type":"","overlay-color":"","overlay-opacity":"","overlay-gradient":""}}},"product_brand":[],"product_cat":[548,516,212],"product_tag":[],"class_list":{"0":"post-21794","1":"product","2":"type-product","3":"status-publish","4":"has-post-thumbnail","6":"product_cat-adss-fiber-optic-cable-de","7":"product_cat-aerial-fiber-optic-cable-de","8":"product_cat-outdoor-fiber-optic-cable-de","9":"desktop-align-left","10":"tablet-align-left","11":"mobile-align-left","12":"ast-product-gallery-layout-vertical","13":"ast-product-gallery-with-no-image","14":"ast-product-tabs-layout-vertical","15":"ast-qv-on-image","17":"first","18":"instock","19":"shipping-taxable","20":"product-type-simple"},"_links":{"self":[{"href":"https:\/\/www.bonelinks.com\/de\/wp-json\/wp\/v2\/product\/21794","targetHints":{"allow":["GET"]}}],"collection":[{"href":"https:\/\/www.bonelinks.com\/de\/wp-json\/wp\/v2\/product"}],"about":[{"href":"https:\/\/www.bonelinks.com\/de\/wp-json\/wp\/v2\/types\/product"}],"version-history":[{"count":2,"href":"https:\/\/www.bonelinks.com\/de\/wp-json\/wp\/v2\/product\/21794\/revisions"}],"predecessor-version":[{"id":25023,"href":"https:\/\/www.bonelinks.com\/de\/wp-json\/wp\/v2\/product\/21794\/revisions\/25023"}],"wp:featuredmedia":[{"embeddable":true,"href":"https:\/\/www.bonelinks.com\/de\/wp-json\/wp\/v2\/media\/15531"}],"wp:attachment":[{"href":"https:\/\/www.bonelinks.com\/de\/wp-json\/wp\/v2\/media?parent=21794"}],"wp:term":[{"taxonomy":"product_brand","embeddable":true,"href":"https:\/\/www.bonelinks.com\/de\/wp-json\/wp\/v2\/product_brand?post=21794"},{"taxonomy":"product_cat","embeddable":true,"href":"https:\/\/www.bonelinks.com\/de\/wp-json\/wp\/v2\/product_cat?post=21794"},{"taxonomy":"product_tag","embeddable":true,"href":"https:\/\/www.bonelinks.com\/de\/wp-json\/wp\/v2\/product_tag?post=21794"}],"curies":[{"name":"wp","href":"https:\/\/api.w.org\/{rel}","templated":true}]}}