{"id":21774,"date":"2022-11-16T00:08:55","date_gmt":"2022-11-16T08:08:55","guid":{"rendered":"https:\/\/www.bonelinks.com\/product\/blockloser-plc-splitter\/"},"modified":"2024-02-04T21:09:53","modified_gmt":"2024-02-05T05:09:53","slug":"blockless-plc-splitter","status":"publish","type":"product","link":"https:\/\/www.bonelinks.com\/de\/product\/blockless-plc-splitter\/","title":{"rendered":"Blockloser PLC-Splitter"},"content":{"rendered":"<h1 style=\"text-align: left; font-size: 18px;\"><span style=\"color: #000000;\"><strong>Blockloser PLC-Faserverteiler <\/strong><\/span><\/h1>\n<p>Der blocklose PLC-Splitter ist auf maximale Haltbarkeit ausgelegt, wobei der Kernchip in einem robusten Edelstahlgeh\u00e4use untergebracht ist. Durch seine kompakte Gr\u00f6\u00dfe und sein robustes Design eignet er sich ideal f\u00fcr Installationen im Innen- und Au\u00dfenbereich, selbst bei engen Platzverh\u00e4ltnissen wie optischen Splei\u00dfboxen und Verteilerschr\u00e4nken. Der blocklose PLC-Splitter sieht zwar \u00e4hnlich aus wie ein <a href=\"https:\/\/www.bonelinks.com\/de\/product\/bare-fiber-plc-splitter\/\" target=\"_blank\" rel=\"noopener\">reiner Fasersplitter<\/a>, bietet aber aufgrund seines kompakten Edelstahlrohrgeh\u00e4uses einen besseren Schutz der Fasern. Dieses Design sorgt f\u00fcr zus\u00e4tzliche Haltbarkeit und sch\u00fctzt die Glasfaserverbindungen im Splitter, was eine zuverl\u00e4ssige Leistung und Langlebigkeit gew\u00e4hrleistet.<\/p>\n<p><img fetchpriority=\"high\" decoding=\"async\" class=\"alignleft wp-image-6395\" src=\"https:\/\/www.bonelinks.com\/wp-content\/uploads\/2022\/11\/blockless-spilitter-vs-bare-spitter.jpg\" alt=\"blockloser Spitter vs. blanker Spitter\" width=\"600\" height=\"250\" srcset=\"https:\/\/www.bonelinks.com\/wp-content\/uploads\/2022\/11\/blockless-spilitter-vs-bare-spitter.jpg 960w, https:\/\/www.bonelinks.com\/wp-content\/uploads\/2022\/11\/blockless-spilitter-vs-bare-spitter-300x125.jpg 300w, https:\/\/www.bonelinks.com\/wp-content\/uploads\/2022\/11\/blockless-spilitter-vs-bare-spitter-768x320.jpg 768w, https:\/\/www.bonelinks.com\/wp-content\/uploads\/2022\/11\/blockless-spilitter-vs-bare-spitter-650x271.jpg 650w\" sizes=\"(max-width: 600px) 100vw, 600px\" \/><\/p>\n<p>&nbsp;<\/p>\n<p>&nbsp;<\/p>\n<p>&nbsp;<\/p>\n<p>&nbsp;<\/p>\n<p>&nbsp;<\/p>\n<p>&nbsp;<\/p>\n<p>Dieser Mini-SPS-Splitter ist \u00e4u\u00dferst vielseitig und kann am Ein- und Ausgang mit einer Vielzahl von Glasfasersteckern, einschlie\u00dflich FC, SC, LC und ST, abgeschlossen werden. Bonelinks bietet Eingangs- und Ausgangsstecker mit einer L\u00e4nge von bis zu 5 Metern an und kann auch kundenspezifische Kabell\u00e4ngen liefern, um Ihren spezifischen Installationsabstand zu ber\u00fccksichtigen. Wir bieten verschiedene 1xN- und 2xN-SPS-Splitter ohne Block an, darunter 1&#215;2, 1&#215;4, 1&#215;8, 1&#215;16, 1&#215;32, 1&#215;64 PLC-Splitter ohne Block und 2&#215;2, 2&#215;4, 2&#215;8, 2&#215;16, 2&#215;32, 2&#215;64 PLC-Splitter ohne Block.<\/p>\n<p>R\u00fcsten Sie Ihr Netzwerk noch heute mit dem blocklosen PLC-Splitter auf und profitieren Sie von schnelleren, einfacheren und zuverl\u00e4ssigeren optischen Implementierungen.<\/p>\n<h2 style=\"text-align: left; font-size: 18px;\"><strong>Merkmale: Warum sollten Sie sich f\u00fcr blocklose PLC-Splitter entscheiden? <\/strong><\/h2>\n<ul>\n<li>Geringe Gr\u00f6\u00dfe: Die kompakte Bauweise von blocklosen SPS-Verteilern erm\u00f6glicht es, dass sie im Vergleich zu herk\u00f6mmlichen blockbasierten Verteilern viel kleiner sind, was sie ideal f\u00fcr Anwendungen macht, bei denen der Platz begrenzt ist.<\/li>\n<li>Einfach zu installieren: Aufgrund ihrer kompakten Gr\u00f6\u00dfe und ihres einfachen Designs sind blocklose PLC-Splitter leicht zu installieren und erfordern keine speziellen Werkzeuge oder Ger\u00e4te.<\/li>\n<li>Geringe Einf\u00fcgungsd\u00e4mpfung: Die PLC-Splitter haben eine niedrige Einf\u00fcgungsd\u00e4mpfung, was bedeutet, dass sie das optische Signal, das durch sie hindurchgeht, nicht wesentlich beeintr\u00e4chtigen.<\/li>\n<li>Hohe Zuverl\u00e4ssigkeit: Es wird aus hochwertigen Glasfasern hergestellt, die sehr zuverl\u00e4ssig und langlebig sind.<\/li>\n<li>Hohe Gleichm\u00e4\u00dfigkeit: Es hat eine hohe Gleichm\u00e4\u00dfigkeit der optischen Leistungsverteilung, was bedeutet, dass sie das optische Signal gleichm\u00e4\u00dfig an jeden Ausgangsanschluss verteilen.<\/li>\n<li>Kosteng\u00fcnstig: Im Vergleich zu anderen Arten von optischen Splittern sind blocklose PLC-Splitter kosteng\u00fcnstiger, was sie zu einer beliebten Wahl f\u00fcr viele Anwendungen macht.<\/li>\n<\/ul>\n<h2 style=\"text-align: left; font-size: 18px;\"><strong>Anwendung: Wann sollte man blocklose PLC-Splitter w\u00e4hlen? <\/strong><\/h2>\n<ul>\n<li>Fiber to the Home (FTTH)-Netze: Blocklose PLC-Splitter mit kompakten Edelstahlgeh\u00e4usen sind wichtige Produkte, die in FTTx-Projekten eingesetzt werden. Es kann leicht in Glasfaser-Splei\u00dfmuffen installiert werden, um FTTH-Signale zu verteilen.<\/li>\n<li>Datenzentren: Es kann in Datenzentren verwendet werden, um optische Signale an mehrere Server, Switches und Speicherger\u00e4te zu verteilen.<\/li>\n<li>Kabelfernsehnetze: Blocklose PLC-Splitter k\u00f6nnen in Kabelfernsehnetzen eingesetzt werden, um das optische Signal von der Kopfstelle in mehrere Fasern zur Verteilung an die einzelnen Haushalte aufzuteilen.<\/li>\n<li>Mobile Backhaul-Netze: Blocklose PLC-Splitter k\u00f6nnen in mobilen Backhaul-Netzen eingesetzt werden, um optische Signale von der Basisstation an mehrere entfernte Funkk\u00f6pfe zu verteilen.<\/li>\n<li>Industrielle Netzwerke: Blocklose PLC-Splitter k\u00f6nnen in industriellen Netzwerken eingesetzt werden, um optische Signale an mehrere Ger\u00e4te in einer Fabrik oder einem industriellen Umfeld zu verteilen.<\/li>\n<\/ul>\n<h2 style=\"text-align: left; font-size: 18px;\"><strong><img decoding=\"async\" class=\"alignleft wp-image-6392\" src=\"https:\/\/www.bonelinks.com\/wp-content\/uploads\/2022\/11\/blockless-plc-spitter.jpg\" alt=\"Blockloser PLC-Splitter\" width=\"600\" height=\"306\" srcset=\"https:\/\/www.bonelinks.com\/wp-content\/uploads\/2022\/11\/blockless-plc-spitter.jpg 557w, https:\/\/www.bonelinks.com\/wp-content\/uploads\/2022\/11\/blockless-plc-spitter-300x153.jpg 300w\" sizes=\"(max-width: 600px) 100vw, 600px\" \/><\/strong><\/h2>\n<h2 style=\"text-align: left; font-size: 18px;\"><strong><br \/>\nWarum unsere blocklosen PLC-Splitter? <\/strong><\/h2>\n<p>Normen: Telcordia GR-1209 und GR-1221<\/p>\n<p>Jeder blocklose PLC-Splitter wird im Werk gr\u00fcndlich getestet, um h\u00f6chste Qualit\u00e4t und Leistung zu gew\u00e4hrleisten. Alle Ger\u00e4te werden mit einem Pr\u00fcfbericht und einer Garantie geliefert, so dass Sie auf die Zuverl\u00e4ssigkeit und Stabilit\u00e4t Ihres optischen Netzwerks vertrauen k\u00f6nnen.<\/p>\n<p>Wenn es um zuverl\u00e4ssige Glasfasersplitter f\u00fcr nahtlose Glasfaserverbindungen geht, vertrauen Sie auf die Expertise von Bonelinks. Als ein <strong><a href=\"https:\/\/www.bonelinks.com\/de\/china-ftth-plc-splitter-supplier\/\" target=\"_blank\" rel=\"noopener\">f\u00fchrender Anbieter von PLC-Glasfasersplittern <\/a><\/strong>bieten wir eine breite Palette an hochwertigen Verbindungsl\u00f6sungen, die auf Ihre Bed\u00fcrfnisse zugeschnitten sind. Entdecken Sie unsere Auswahl an Glasfaser-Splittern, die f\u00fcr hervorragende Leistung entwickelt wurden, und finden Sie die perfekte L\u00f6sung f\u00fcr Ihr Netzwerk.<\/p>\n<p><img decoding=\"async\" class=\"alignleft wp-image-6336\" src=\"https:\/\/www.bonelinks.com\/wp-content\/uploads\/2023\/05\/ILRL-test.jpg\" alt=\"\" width=\"600\" height=\"450\" srcset=\"https:\/\/www.bonelinks.com\/wp-content\/uploads\/2023\/05\/ILRL-test.jpg 1210w, https:\/\/www.bonelinks.com\/wp-content\/uploads\/2023\/05\/ILRL-test-300x225.jpg 300w, https:\/\/www.bonelinks.com\/wp-content\/uploads\/2023\/05\/ILRL-test-1030x772.jpg 1030w, https:\/\/www.bonelinks.com\/wp-content\/uploads\/2023\/05\/ILRL-test-768x576.jpg 768w, https:\/\/www.bonelinks.com\/wp-content\/uploads\/2023\/05\/ILRL-test-650x487.jpg 650w\" sizes=\"(max-width: 600px) 100vw, 600px\" \/><\/p>\n<p>&nbsp;<\/p>\n<p>&nbsp;<\/p>\n<p>&nbsp;<\/p>\n<p>&nbsp;<\/p>\n<p>&nbsp;<\/p>\n<p>&nbsp;<\/p>\n<p>&nbsp;<\/p>\n<p>&nbsp;<\/p>\n<p>&nbsp;<\/p>\n<p>&nbsp;<\/p>\n<p>&nbsp;<\/p>\n","protected":false},"excerpt":{"rendered":"<p>Der blocklose PLC-Splitter ist eine hochmoderne L\u00f6sung f\u00fcr optische Netzwerkinstallationen. Dank seines einzigartigen Designs sind keine separaten optischen Bl\u00f6cke mehr erforderlich, was die Bereitstellung schneller, einfacher und zuverl\u00e4ssiger macht. Dieses kompakte Ger\u00e4t nutzt die PLC-Technologie (Planar Lightwave Circuit) und kann optische Signale an mehrere Ger\u00e4te, wie ONTs oder ONUs, verteilen. Verpackt in einem Edelstahlmodul mit standardm\u00e4\u00dfigem 900um-B\u00fcndeladerkabel finden die blocklosen PLC-Splitter breite Anwendung in passiven optischen FTTH-Netzen und dienen als passive optische Splitter f\u00fcr EPON- (EPON-Splitter) und GPON-Netze (GPON-Splitter).<\/p>\n","protected":false},"featured_media":15126,"template":"","meta":{"site-sidebar-layout":"default","site-content-layout":"default","ast-site-content-layout":"default","site-content-style":"default","site-sidebar-style":"default","ast-global-header-display":"","ast-banner-title-visibility":"","ast-main-header-display":"","ast-hfb-above-header-display":"","ast-hfb-below-header-display":"","ast-hfb-mobile-header-display":"","site-post-title":"","ast-breadcrumbs-content":"","ast-featured-img":"","footer-sml-layout":"","ast-disable-related-posts":"","theme-transparent-header-meta":"default","adv-header-id-meta":"","stick-header-meta":"default","header-above-stick-meta":"","header-main-stick-meta":"","header-below-stick-meta":"","astra-migrate-meta-layouts":"set","ast-page-background-enabled":"default","ast-page-background-meta":{"desktop":{"background-color":"","background-image":"","background-repeat":"repeat","background-position":"center center","background-size":"auto","background-attachment":"scroll","background-type":"","background-media":"","overlay-type":"","overlay-color":"","overlay-opacity":"","overlay-gradient":""},"tablet":{"background-color":"","background-image":"","background-repeat":"repeat","background-position":"center center","background-size":"auto","background-attachment":"scroll","background-type":"","background-media":"","overlay-type":"","overlay-color":"","overlay-opacity":"","overlay-gradient":""},"mobile":{"background-color":"","background-image":"","background-repeat":"repeat","background-position":"center center","background-size":"auto","background-attachment":"scroll","background-type":"","background-media":"","overlay-type":"","overlay-color":"","overlay-opacity":"","overlay-gradient":""}},"ast-content-background-meta":{"desktop":{"background-color":"var(--ast-global-color-5)","background-image":"","background-repeat":"repeat","background-position":"center center","background-size":"auto","background-attachment":"scroll","background-type":"","background-media":"","overlay-type":"","overlay-color":"","overlay-opacity":"","overlay-gradient":""},"tablet":{"background-color":"var(--ast-global-color-5)","background-image":"","background-repeat":"repeat","background-position":"center center","background-size":"auto","background-attachment":"scroll","background-type":"","background-media":"","overlay-type":"","overlay-color":"","overlay-opacity":"","overlay-gradient":""},"mobile":{"background-color":"var(--ast-global-color-5)","background-image":"","background-repeat":"repeat","background-position":"center center","background-size":"auto","background-attachment":"scroll","background-type":"","background-media":"","overlay-type":"","overlay-color":"","overlay-opacity":"","overlay-gradient":""}}},"product_brand":[],"product_cat":[305],"product_tag":[],"class_list":{"0":"post-21774","1":"product","2":"type-product","3":"status-publish","4":"has-post-thumbnail","6":"product_cat-plc-splitter-de-2","7":"desktop-align-left","8":"tablet-align-left","9":"mobile-align-left","10":"ast-product-gallery-layout-vertical","11":"ast-product-gallery-with-no-image","12":"ast-product-tabs-layout-vertical","13":"ast-qv-on-image","15":"first","16":"instock","17":"shipping-taxable","18":"product-type-simple"},"_links":{"self":[{"href":"https:\/\/www.bonelinks.com\/de\/wp-json\/wp\/v2\/product\/21774","targetHints":{"allow":["GET"]}}],"collection":[{"href":"https:\/\/www.bonelinks.com\/de\/wp-json\/wp\/v2\/product"}],"about":[{"href":"https:\/\/www.bonelinks.com\/de\/wp-json\/wp\/v2\/types\/product"}],"version-history":[{"count":3,"href":"https:\/\/www.bonelinks.com\/de\/wp-json\/wp\/v2\/product\/21774\/revisions"}],"predecessor-version":[{"id":25019,"href":"https:\/\/www.bonelinks.com\/de\/wp-json\/wp\/v2\/product\/21774\/revisions\/25019"}],"wp:featuredmedia":[{"embeddable":true,"href":"https:\/\/www.bonelinks.com\/de\/wp-json\/wp\/v2\/media\/15126"}],"wp:attachment":[{"href":"https:\/\/www.bonelinks.com\/de\/wp-json\/wp\/v2\/media?parent=21774"}],"wp:term":[{"taxonomy":"product_brand","embeddable":true,"href":"https:\/\/www.bonelinks.com\/de\/wp-json\/wp\/v2\/product_brand?post=21774"},{"taxonomy":"product_cat","embeddable":true,"href":"https:\/\/www.bonelinks.com\/de\/wp-json\/wp\/v2\/product_cat?post=21774"},{"taxonomy":"product_tag","embeddable":true,"href":"https:\/\/www.bonelinks.com\/de\/wp-json\/wp\/v2\/product_tag?post=21774"}],"curies":[{"name":"wp","href":"https:\/\/api.w.org\/{rel}","templated":true}]}}