{"id":21772,"date":"2022-11-16T21:27:44","date_gmt":"2022-11-17T05:27:44","guid":{"rendered":"https:\/\/www.bonelinks.com\/product\/fiber-drop-cable-selbsttragendes-optisches-kabel\/"},"modified":"2024-02-04T21:08:27","modified_gmt":"2024-02-05T05:08:27","slug":"fiber-drop-cable-self-supporting-optical-cable","status":"publish","type":"product","link":"https:\/\/www.bonelinks.com\/de\/product\/fiber-drop-cable-self-supporting-optical-cable\/","title":{"rendered":"Fiber Drop Cable Selbsttragendes optisches Kabel"},"content":{"rendered":"<h2 style=\"text-align: left; font-size: 18px;\"><strong>Eigenschaften<\/strong><\/h2>\n<ul>\n<li>Zwei parallele FRP-Festigkeitselemente sorgen f\u00fcr eine gute Druckfestigkeit zum Schutz der Fasern<\/li>\n<li>Spezielle Faser mit geringer Biegeempfindlichkeit bietet eine hohe Bandbreite und hervorragende Kommunikations\u00fcbertragungseigenschaften<\/li>\n<li>Einzelner Stahldraht als zus\u00e4tzliches Festigkeitselement gew\u00e4hrleistet eine gute Zugfestigkeit<\/li>\n<li>Einfacher Aufbau, geringes Gewicht und hohe Praxistauglichkeit<\/li>\n<li>Neuartiges Rillendesign, einfaches Abisolieren und Splei\u00dfen, vereinfacht die Installation und Wartung<\/li>\n<li>Raucharme, halogenfreie und flammhemmende Ummantelung.<\/li>\n<\/ul>\n<h2 style=\"text-align: left; font-size: 18px;\"><strong>Anmeldung<\/strong><\/h2>\n<p>FTTH; FTTR; FTTB<\/p>\n<h2 style=\"text-align: left; font-size: 18px;\"><strong>Schutz<\/strong><\/h2>\n<p>UV-Best\u00e4ndigkeit; Anti-Biegefestigkeit<\/p>\n<h2 style=\"text-align: left; font-size: 18px;\"><strong>Suchen Sie nach weiteren Optionen f\u00fcr Glasfaserkabel?<\/strong><\/h2>\n<p>Sind Sie auf der Suche nach einer gr\u00f6\u00dferen Auswahl an Glasfaserkabeln? Sehen Sie sich unser<a href=\"https:\/\/www.bonelinks.com\/de\/ftth-drop-cable\/\" target=\"_blank\" rel=\"noopener\"><strong><span style=\"color: #0054a6;\"> Glasfaser-Drop-Kabel <\/span><\/strong><\/a>f\u00fcr eine nahtlose Vernetzung. Wenn Sie Glasfaserkabel ben\u00f6tigen, die f\u00fcr Ihre speziellen Anforderungen ma\u00dfgeschneidert sind, werfen Sie einen Blick auf unsere<a href=\"https:\/\/www.bonelinks.com\/de\/custom-fiber-optic-cables\/\" target=\"_blank\" rel=\"noopener\"><strong><span style=\"color: #0054a6;\"> Kundenspezifische Glasfaserkabel <\/span><\/strong><\/a>f\u00fcr individuelle Konnektivit\u00e4tsl\u00f6sungen.<\/p>\n","protected":false},"excerpt":{"rendered":"<p>Das selbsttragende Glasfaserkabel GJYXFCH verf\u00fcgt \u00fcber 2 parallele FRP-Festigkeitstr\u00e4ger. Im Vergleich zu herk\u00f6mmlichen selbsttragenden optischen Kabeln ist das FRP- oder Stahldraht-Festigkeitselement st\u00e4rker. In der Regel werden Singlemode-Glasfasern vom Typ G652D, G657 oder sogar G655E verwendet, um die Bandbreite zu erh\u00f6hen und die \u00dcbertragungsleistung des Netzwerks zu verbessern. Das selbsttragende Fallkabel hat ein einzigartiges Rillendesign f\u00fcr einfaches Abisolieren und Installieren sowie schnelles Schmelzsplei\u00dfen.<\/p>\n","protected":false},"featured_media":13626,"template":"","meta":{"site-sidebar-layout":"default","site-content-layout":"default","ast-site-content-layout":"default","site-content-style":"default","site-sidebar-style":"default","ast-global-header-display":"","ast-banner-title-visibility":"","ast-main-header-display":"","ast-hfb-above-header-display":"","ast-hfb-below-header-display":"","ast-hfb-mobile-header-display":"","site-post-title":"","ast-breadcrumbs-content":"","ast-featured-img":"","footer-sml-layout":"","ast-disable-related-posts":"","theme-transparent-header-meta":"default","adv-header-id-meta":"","stick-header-meta":"default","header-above-stick-meta":"","header-main-stick-meta":"","header-below-stick-meta":"","astra-migrate-meta-layouts":"set","ast-page-background-enabled":"default","ast-page-background-meta":{"desktop":{"background-color":"","background-image":"","background-repeat":"repeat","background-position":"center center","background-size":"auto","background-attachment":"scroll","background-type":"","background-media":"","overlay-type":"","overlay-color":"","overlay-opacity":"","overlay-gradient":""},"tablet":{"background-color":"","background-image":"","background-repeat":"repeat","background-position":"center center","background-size":"auto","background-attachment":"scroll","background-type":"","background-media":"","overlay-type":"","overlay-color":"","overlay-opacity":"","overlay-gradient":""},"mobile":{"background-color":"","background-image":"","background-repeat":"repeat","background-position":"center center","background-size":"auto","background-attachment":"scroll","background-type":"","background-media":"","overlay-type":"","overlay-color":"","overlay-opacity":"","overlay-gradient":""}},"ast-content-background-meta":{"desktop":{"background-color":"var(--ast-global-color-5)","background-image":"","background-repeat":"repeat","background-position":"center center","background-size":"auto","background-attachment":"scroll","background-type":"","background-media":"","overlay-type":"","overlay-color":"","overlay-opacity":"","overlay-gradient":""},"tablet":{"background-color":"var(--ast-global-color-5)","background-image":"","background-repeat":"repeat","background-position":"center center","background-size":"auto","background-attachment":"scroll","background-type":"","background-media":"","overlay-type":"","overlay-color":"","overlay-opacity":"","overlay-gradient":""},"mobile":{"background-color":"var(--ast-global-color-5)","background-image":"","background-repeat":"repeat","background-position":"center center","background-size":"auto","background-attachment":"scroll","background-type":"","background-media":"","overlay-type":"","overlay-color":"","overlay-opacity":"","overlay-gradient":""}}},"product_brand":[],"product_cat":[516,234,212,577],"product_tag":[],"class_list":{"0":"post-21772","1":"product","2":"type-product","3":"status-publish","4":"has-post-thumbnail","6":"product_cat-aerial-fiber-optic-cable-de","7":"product_cat-ftth-cable-de","8":"product_cat-outdoor-fiber-optic-cable-de","9":"product_cat-lszh-fiber-cable-de","10":"desktop-align-left","11":"tablet-align-left","12":"mobile-align-left","13":"ast-product-gallery-layout-vertical","14":"ast-product-gallery-with-no-image","15":"ast-product-tabs-layout-vertical","16":"ast-qv-on-image","18":"first","19":"instock","20":"shipping-taxable","21":"product-type-simple"},"_links":{"self":[{"href":"https:\/\/www.bonelinks.com\/de\/wp-json\/wp\/v2\/product\/21772","targetHints":{"allow":["GET"]}}],"collection":[{"href":"https:\/\/www.bonelinks.com\/de\/wp-json\/wp\/v2\/product"}],"about":[{"href":"https:\/\/www.bonelinks.com\/de\/wp-json\/wp\/v2\/types\/product"}],"version-history":[{"count":2,"href":"https:\/\/www.bonelinks.com\/de\/wp-json\/wp\/v2\/product\/21772\/revisions"}],"predecessor-version":[{"id":25016,"href":"https:\/\/www.bonelinks.com\/de\/wp-json\/wp\/v2\/product\/21772\/revisions\/25016"}],"wp:featuredmedia":[{"embeddable":true,"href":"https:\/\/www.bonelinks.com\/de\/wp-json\/wp\/v2\/media\/13626"}],"wp:attachment":[{"href":"https:\/\/www.bonelinks.com\/de\/wp-json\/wp\/v2\/media?parent=21772"}],"wp:term":[{"taxonomy":"product_brand","embeddable":true,"href":"https:\/\/www.bonelinks.com\/de\/wp-json\/wp\/v2\/product_brand?post=21772"},{"taxonomy":"product_cat","embeddable":true,"href":"https:\/\/www.bonelinks.com\/de\/wp-json\/wp\/v2\/product_cat?post=21772"},{"taxonomy":"product_tag","embeddable":true,"href":"https:\/\/www.bonelinks.com\/de\/wp-json\/wp\/v2\/product_tag?post=21772"}],"curies":[{"name":"wp","href":"https:\/\/api.w.org\/{rel}","templated":true}]}}