{"id":21771,"date":"2022-11-16T23:21:41","date_gmt":"2022-11-17T07:21:41","guid":{"rendered":"https:\/\/www.bonelinks.com\/product\/direkt-erdverlegte-gepanzerte-optische-unterseekabel\/"},"modified":"2024-02-04T21:07:20","modified_gmt":"2024-02-05T05:07:20","slug":"submarine-direct-buried-armoured-optical-fiber-cable","status":"publish","type":"product","link":"https:\/\/www.bonelinks.com\/de\/product\/submarine-direct-buried-armoured-optical-fiber-cable\/","title":{"rendered":"Direkt erdverlegte gepanzerte optische Unterseekabel"},"content":{"rendered":"<h2 style=\"text-align: left; font-size: 18px;\"><strong>Eigenschaften<\/strong><\/h2>\n<ul>\n<li data-spm-anchor-id=\"a2700.details.0.i18.149537415Q2t4S\">Gute mechanische Eigenschaften und Temperaturbest\u00e4ndigkeit<\/li>\n<li data-spm-anchor-id=\"a2700.details.0.i18.149537415Q2t4S\">Hochfeste, hydrolysebest\u00e4ndige B\u00fcndelader<\/li>\n<li data-spm-anchor-id=\"a2700.details.0.i18.149537415Q2t4S\">Spezielle Rohrf\u00fcllmassen gew\u00e4hrleisten den kritischen Schutz der Faser<\/li>\n<li data-spm-anchor-id=\"a2700.details.0.i18.149537415Q2t4S\">Quetschfestigkeit und Flexibilit\u00e4t<\/li>\n<li data-spm-anchor-id=\"a2700.details.0.i18.149537415Q2t4S\">Ausgezeichnete Wasserdichtigkeit: Stahldraht als zentrales Festigkeitselement; F\u00fcllmasse f\u00fcr lose Rohre; 100%ige F\u00fcllung der Kabelseele; APL-Feuchtigkeitssperre; PSP zur Verbesserung der Feuchtigkeitsbest\u00e4ndigkeit; wasserblockierendes Material<\/li>\n<\/ul>\n<div class=\"elementor-element elementor-element-5ac69eed elementor-widget elementor-widget-text-editor\" data-id=\"5ac69eed\" data-element_type=\"widget\" data-widget_type=\"text-editor.default\">\n<div class=\"elementor-widget-container\">\n<h2 style=\"text-align: left; font-size: 18px;\"><strong>Anmeldung<\/strong><\/h2>\n<p>Fluss; flache Gew\u00e4sser; direkt begraben<\/p>\n<\/div>\n<\/div>\n<div class=\"elementor-element elementor-element-419c9bb9 elementor-widget elementor-widget-text-editor\" data-id=\"419c9bb9\" data-element_type=\"widget\" data-widget_type=\"text-editor.default\">\n<div class=\"elementor-widget-container\">\n<h2 style=\"text-align: left; font-size: 18px;\"><strong>Suchen Sie nach weiteren Glasfaserkabeln zur Auswahl?<\/strong><\/h2>\n<p>Sind Sie auf der Suche nach einer gr\u00f6\u00dferen Auswahl an Glasfaserkabeln? Sehen Sie sich unser<a href=\"https:\/\/www.bonelinks.com\/de\/submarine-fiber-optic-cable\/\" target=\"_blank\" rel=\"noopener\"><strong><span style=\"color: #0054a6;\"> U-Boot-Glasfaserkabel, <\/span><\/strong><\/a><a href=\"https:\/\/www.bonelinks.com\/de\/direct-buried-fiber-optic-cable\/\" target=\"_blank\" rel=\"noopener\"><strong><span style=\"color: #0054a6;\">Direkt vergrabene Glasfaserkabel, <\/span><\/strong><\/a><a href=\"https:\/\/www.bonelinks.com\/de\/armored-optical-fiber-cable\/\" target=\"_blank\" rel=\"noopener\"><strong><span style=\"color: #0054a6;\">Gepanzerte Glasfaserkabel <\/span><\/strong><\/a>f\u00fcr eine nahtlose Vernetzung. Wenn Sie Glasfaserkabel ben\u00f6tigen, die f\u00fcr Ihre speziellen Anforderungen ma\u00dfgeschneidert sind, werfen Sie einen Blick auf unsere<a href=\"https:\/\/www.bonelinks.com\/de\/custom-fiber-optic-cables\/\" target=\"_blank\" rel=\"noopener\"><strong><span style=\"color: #0054a6;\"> Kundenspezifische Glasfaserkabel <\/span><\/strong><\/a>f\u00fcr individuelle Konnektivit\u00e4tsl\u00f6sungen.<\/p>\n<\/div>\n<\/div>\n","protected":false},"excerpt":{"rendered":"<p>Das gepanzerte Glasfaserkabel GYTA53 ist ein Au\u00dfenkabel mit doppeltem PE-Mantel und verst\u00e4rktem Panzerschutz. Es eignet sich f\u00fcr die Installation in rauen Umgebungen, in denen mit mechanischen Einwirkungen auf das Kabel zu rechnen ist. z.B. in der direkt vergrabenen Anwendung. Durch die B\u00fcndeladerverseilung haben die Fasern eine gute sekund\u00e4re \u00dcberl\u00e4nge und k\u00f6nnen sich im Rohr frei bewegen, wodurch die Faser spannungsfrei bleibt, w\u00e4hrend das Kabel in L\u00e4ngsrichtung beansprucht wird. Die Panzerung aus gewelltem Stahlband und die doppelte PE-Ummantelung bieten eine hervorragende Druckfestigkeit und Nagetierresistenz. Metallische Festigkeitstr\u00e4ger bieten ein ausgezeichnetes Dehnungsverhalten. Der Kabelkern ist mit einem wasserabweisenden F\u00fcllstoff gef\u00fcllt, so dass es auch f\u00fcr Unterwasseranwendungen geeignet ist.<\/p>\n","protected":false},"featured_media":13601,"template":"","meta":{"site-sidebar-layout":"default","site-content-layout":"default","ast-site-content-layout":"default","site-content-style":"default","site-sidebar-style":"default","ast-global-header-display":"","ast-banner-title-visibility":"","ast-main-header-display":"","ast-hfb-above-header-display":"","ast-hfb-below-header-display":"","ast-hfb-mobile-header-display":"","site-post-title":"","ast-breadcrumbs-content":"","ast-featured-img":"","footer-sml-layout":"","ast-disable-related-posts":"","theme-transparent-header-meta":"default","adv-header-id-meta":"","stick-header-meta":"default","header-above-stick-meta":"","header-main-stick-meta":"","header-below-stick-meta":"","astra-migrate-meta-layouts":"set","ast-page-background-enabled":"default","ast-page-background-meta":{"desktop":{"background-color":"","background-image":"","background-repeat":"repeat","background-position":"center center","background-size":"auto","background-attachment":"scroll","background-type":"","background-media":"","overlay-type":"","overlay-color":"","overlay-opacity":"","overlay-gradient":""},"tablet":{"background-color":"","background-image":"","background-repeat":"repeat","background-position":"center center","background-size":"auto","background-attachment":"scroll","background-type":"","background-media":"","overlay-type":"","overlay-color":"","overlay-opacity":"","overlay-gradient":""},"mobile":{"background-color":"","background-image":"","background-repeat":"repeat","background-position":"center center","background-size":"auto","background-attachment":"scroll","background-type":"","background-media":"","overlay-type":"","overlay-color":"","overlay-opacity":"","overlay-gradient":""}},"ast-content-background-meta":{"desktop":{"background-color":"var(--ast-global-color-5)","background-image":"","background-repeat":"repeat","background-position":"center center","background-size":"auto","background-attachment":"scroll","background-type":"","background-media":"","overlay-type":"","overlay-color":"","overlay-opacity":"","overlay-gradient":""},"tablet":{"background-color":"var(--ast-global-color-5)","background-image":"","background-repeat":"repeat","background-position":"center center","background-size":"auto","background-attachment":"scroll","background-type":"","background-media":"","overlay-type":"","overlay-color":"","overlay-opacity":"","overlay-gradient":""},"mobile":{"background-color":"var(--ast-global-color-5)","background-image":"","background-repeat":"repeat","background-position":"center center","background-size":"auto","background-attachment":"scroll","background-type":"","background-media":"","overlay-type":"","overlay-color":"","overlay-opacity":"","overlay-gradient":""}}},"product_brand":[],"product_cat":[551,515,212,580],"product_tag":[],"class_list":{"0":"post-21771","1":"product","2":"type-product","3":"status-publish","4":"has-post-thumbnail","6":"product_cat-direct-buried-fiber-optic-cable-de","7":"product_cat-armored-optical-fiber-cable-de","8":"product_cat-outdoor-fiber-optic-cable-de","9":"product_cat-submarine-fiber-optic-cable-de","10":"desktop-align-left","11":"tablet-align-left","12":"mobile-align-left","13":"ast-product-gallery-layout-vertical","14":"ast-product-gallery-with-no-image","15":"ast-product-tabs-layout-vertical","16":"ast-qv-on-image","18":"first","19":"instock","20":"shipping-taxable","21":"product-type-simple"},"_links":{"self":[{"href":"https:\/\/www.bonelinks.com\/de\/wp-json\/wp\/v2\/product\/21771","targetHints":{"allow":["GET"]}}],"collection":[{"href":"https:\/\/www.bonelinks.com\/de\/wp-json\/wp\/v2\/product"}],"about":[{"href":"https:\/\/www.bonelinks.com\/de\/wp-json\/wp\/v2\/types\/product"}],"version-history":[{"count":3,"href":"https:\/\/www.bonelinks.com\/de\/wp-json\/wp\/v2\/product\/21771\/revisions"}],"predecessor-version":[{"id":25015,"href":"https:\/\/www.bonelinks.com\/de\/wp-json\/wp\/v2\/product\/21771\/revisions\/25015"}],"wp:featuredmedia":[{"embeddable":true,"href":"https:\/\/www.bonelinks.com\/de\/wp-json\/wp\/v2\/media\/13601"}],"wp:attachment":[{"href":"https:\/\/www.bonelinks.com\/de\/wp-json\/wp\/v2\/media?parent=21771"}],"wp:term":[{"taxonomy":"product_brand","embeddable":true,"href":"https:\/\/www.bonelinks.com\/de\/wp-json\/wp\/v2\/product_brand?post=21771"},{"taxonomy":"product_cat","embeddable":true,"href":"https:\/\/www.bonelinks.com\/de\/wp-json\/wp\/v2\/product_cat?post=21771"},{"taxonomy":"product_tag","embeddable":true,"href":"https:\/\/www.bonelinks.com\/de\/wp-json\/wp\/v2\/product_tag?post=21771"}],"curies":[{"name":"wp","href":"https:\/\/api.w.org\/{rel}","templated":true}]}}