{"id":21770,"date":"2022-11-17T16:52:13","date_gmt":"2022-11-18T00:52:13","guid":{"rendered":"https:\/\/www.bonelinks.com\/product\/abbildung-8-lichtwellenleiterkabel-multi-tube-light-armored-self-support-cable\/"},"modified":"2024-02-04T21:05:38","modified_gmt":"2024-02-05T05:05:38","slug":"figure-8-fiber-optic-cable-multi-tube-light-armored-self-support-cable","status":"publish","type":"product","link":"https:\/\/www.bonelinks.com\/de\/product\/figure-8-fiber-optic-cable-multi-tube-light-armored-self-support-cable\/","title":{"rendered":"Abbildung 8 Lichtwellenleiterkabel Multi Tube Light Armored Self Support Cable"},"content":{"rendered":"<h2 style=\"text-align: left; font-size: 18px;\"><strong>Eigenschaften<\/strong><\/h2>\n<ul>\n<li>Gute mechanische Eigenschaften und Temperaturbest\u00e4ndigkeit.<\/li>\n<li>Hochfeste B\u00fcndelader, die hydrolysebest\u00e4ndig ist.<\/li>\n<li>Eine spezielle Schlauchf\u00fcllmasse sorgt f\u00fcr den entscheidenden Schutz des Gummis.<\/li>\n<li>Quetschfestigkeit und Elastizit\u00e4t.<\/li>\n<li>PSP verbessert den Feuchtigkeitsschutz.<\/li>\n<li>Zwei parallele Stahldr\u00e4hte sorgen f\u00fcr Zugfestigkeit<\/li>\n<li>Kleiner Durchmesser, geringes Gewicht und einfache Installation<\/li>\n<li>Lange Lieferfristen<\/li>\n<\/ul>\n<h2 style=\"text-align: left; font-size: 18px;\"><strong>Anmeldung<\/strong><\/h2>\n<p>Backbone-Netz, Metronetz, FTTx<\/p>\n<h2 style=\"text-align: left; font-size: 18px;\"><strong>Schutz<\/strong><\/h2>\n<p>UV-Best\u00e4ndigkeit; Wasserdicht; K\u00e4ltebest\u00e4ndigkeit<\/p>\n<h2 style=\"text-align: left; font-size: 18px;\"><strong>Suchen Sie nach weiteren Figure 8 Glasfaserkabeln zur Auswahl?<\/strong><\/h2>\n<p>Suchen Sie nach einer gr\u00f6\u00dferen Auswahl an Figure 8 Glasfaserkabeln? Sehen Sie sich unser<a href=\"https:\/\/www.bonelinks.com\/de\/figure-8-fiber-optic-cable\/\" target=\"_blank\" rel=\"noopener\"><strong><span style=\"color: #0054a6;\"> Abbildung 8 Glasfaserkabel <\/span><\/strong><\/a>f\u00fcr eine nahtlose Vernetzung. Wenn Sie Glasfaserkabel ben\u00f6tigen, die f\u00fcr Ihre speziellen Anforderungen ma\u00dfgeschneidert sind, werfen Sie einen Blick auf unsere<a href=\"https:\/\/www.bonelinks.com\/de\/custom-fiber-optic-cables\/\" target=\"_blank\" rel=\"noopener\"><strong><span style=\"color: #0054a6;\"> Kundenspezifische Glasfaserkabel <\/span><\/strong><\/a>f\u00fcr individuelle Konnektivit\u00e4tsl\u00f6sungen.<\/p>\n","protected":false},"excerpt":{"rendered":"<p>GYTC8A Figur 8 Glasfaserkabel ist eine spezielle Struktur, die f\u00fcr mittlere und lange Strecken \u00dcberkopfverlegung Outdoor-Glasfaserkabel, das Licht gepanzert selbsttragende Glasfaserkabel hat eine spezielle Phosphat-Draht-Litze, um die Aufh\u00e4ngung Spannung zu unterst\u00fctzen, kunststoffbeschichtetes Aluminiumband Umh\u00fcllung, um Wasserdampf zu blockieren und verbessern ihre eigene H\u00e4rte. Ganz gleich, ob es sich um eine sekund\u00e4re Backbone-Leitung oder den Aufbau eines Gro\u00dfstadtnetzes handelt, die GYTC8A-Oberleitungsstrecke bietet eine hervorragende Leistung. Die minimale Anzahl von Adern des von Bonelinks entwickelten und hergestellten Figur 8 Glasfaserkabels ist 2, und die maximale Anzahl von Adern ist 60, und das Kabel kann in verschiedenen L\u00e4ngen entsprechend den Konstruktionsanforderungen vorkonfektioniert werden.<\/p>\n","protected":false},"featured_media":13396,"template":"","meta":{"site-sidebar-layout":"default","site-content-layout":"default","ast-site-content-layout":"default","site-content-style":"default","site-sidebar-style":"default","ast-global-header-display":"","ast-banner-title-visibility":"","ast-main-header-display":"","ast-hfb-above-header-display":"","ast-hfb-below-header-display":"","ast-hfb-mobile-header-display":"","site-post-title":"","ast-breadcrumbs-content":"","ast-featured-img":"","footer-sml-layout":"","ast-disable-related-posts":"","theme-transparent-header-meta":"default","adv-header-id-meta":"","stick-header-meta":"default","header-above-stick-meta":"","header-main-stick-meta":"","header-below-stick-meta":"","astra-migrate-meta-layouts":"set","ast-page-background-enabled":"default","ast-page-background-meta":{"desktop":{"background-color":"","background-image":"","background-repeat":"repeat","background-position":"center center","background-size":"auto","background-attachment":"scroll","background-type":"","background-media":"","overlay-type":"","overlay-color":"","overlay-opacity":"","overlay-gradient":""},"tablet":{"background-color":"","background-image":"","background-repeat":"repeat","background-position":"center center","background-size":"auto","background-attachment":"scroll","background-type":"","background-media":"","overlay-type":"","overlay-color":"","overlay-opacity":"","overlay-gradient":""},"mobile":{"background-color":"","background-image":"","background-repeat":"repeat","background-position":"center center","background-size":"auto","background-attachment":"scroll","background-type":"","background-media":"","overlay-type":"","overlay-color":"","overlay-opacity":"","overlay-gradient":""}},"ast-content-background-meta":{"desktop":{"background-color":"var(--ast-global-color-5)","background-image":"","background-repeat":"repeat","background-position":"center center","background-size":"auto","background-attachment":"scroll","background-type":"","background-media":"","overlay-type":"","overlay-color":"","overlay-opacity":"","overlay-gradient":""},"tablet":{"background-color":"var(--ast-global-color-5)","background-image":"","background-repeat":"repeat","background-position":"center center","background-size":"auto","background-attachment":"scroll","background-type":"","background-media":"","overlay-type":"","overlay-color":"","overlay-opacity":"","overlay-gradient":""},"mobile":{"background-color":"var(--ast-global-color-5)","background-image":"","background-repeat":"repeat","background-position":"center center","background-size":"auto","background-attachment":"scroll","background-type":"","background-media":"","overlay-type":"","overlay-color":"","overlay-opacity":"","overlay-gradient":""}}},"product_brand":[],"product_cat":[593,516,515,212],"product_tag":[],"class_list":{"0":"post-21770","1":"product","2":"type-product","3":"status-publish","4":"has-post-thumbnail","6":"product_cat-figure-8-fiber-optic-cable-de","7":"product_cat-aerial-fiber-optic-cable-de","8":"product_cat-armored-optical-fiber-cable-de","9":"product_cat-outdoor-fiber-optic-cable-de","10":"desktop-align-left","11":"tablet-align-left","12":"mobile-align-left","13":"ast-product-gallery-layout-vertical","14":"ast-product-gallery-with-no-image","15":"ast-product-tabs-layout-vertical","16":"ast-qv-on-image","18":"first","19":"instock","20":"shipping-taxable","21":"product-type-simple"},"_links":{"self":[{"href":"https:\/\/www.bonelinks.com\/de\/wp-json\/wp\/v2\/product\/21770","targetHints":{"allow":["GET"]}}],"collection":[{"href":"https:\/\/www.bonelinks.com\/de\/wp-json\/wp\/v2\/product"}],"about":[{"href":"https:\/\/www.bonelinks.com\/de\/wp-json\/wp\/v2\/types\/product"}],"version-history":[{"count":2,"href":"https:\/\/www.bonelinks.com\/de\/wp-json\/wp\/v2\/product\/21770\/revisions"}],"predecessor-version":[{"id":25011,"href":"https:\/\/www.bonelinks.com\/de\/wp-json\/wp\/v2\/product\/21770\/revisions\/25011"}],"wp:featuredmedia":[{"embeddable":true,"href":"https:\/\/www.bonelinks.com\/de\/wp-json\/wp\/v2\/media\/13396"}],"wp:attachment":[{"href":"https:\/\/www.bonelinks.com\/de\/wp-json\/wp\/v2\/media?parent=21770"}],"wp:term":[{"taxonomy":"product_brand","embeddable":true,"href":"https:\/\/www.bonelinks.com\/de\/wp-json\/wp\/v2\/product_brand?post=21770"},{"taxonomy":"product_cat","embeddable":true,"href":"https:\/\/www.bonelinks.com\/de\/wp-json\/wp\/v2\/product_cat?post=21770"},{"taxonomy":"product_tag","embeddable":true,"href":"https:\/\/www.bonelinks.com\/de\/wp-json\/wp\/v2\/product_tag?post=21770"}],"curies":[{"name":"wp","href":"https:\/\/api.w.org\/{rel}","templated":true}]}}