{"id":21748,"date":"2022-11-17T18:14:20","date_gmt":"2022-11-18T02:14:20","guid":{"rendered":"https:\/\/www.bonelinks.com\/product\/antennen-glasfaserkabel-verseiltes-nichtmetallisches-doppelmantelkabel\/"},"modified":"2024-02-04T21:03:30","modified_gmt":"2024-02-05T05:03:30","slug":"aerial-fiber-optic-cable-stranded-non-metallic-double-sheath-cable","status":"publish","type":"product","link":"https:\/\/www.bonelinks.com\/de\/product\/aerial-fiber-optic-cable-stranded-non-metallic-double-sheath-cable\/","title":{"rendered":"Antennen-Glasfaserkabel verseiltes nichtmetallisches Doppelmantelkabel"},"content":{"rendered":"<h2 style=\"text-align: left; font-size: 18px;\"><strong>Eigenschaften<\/strong><\/h2>\n<ul>\n<li>Nicht-metallische Struktur f\u00fcr Antennenanlagen<\/li>\n<li>Spezielle Rohrf\u00fcllmassen gew\u00e4hrleisten den kritischen Schutz der Faser<\/li>\n<li><span class=\"g-b3pt2span2\">Der Festigkeitstr\u00e4ger aus Aramidgarn gew\u00e4hrleistet eine gute Zugfestigkeit<\/span><\/li>\n<li><span class=\"g-b3pt2span2\">Hochfeste, hydrolysebest\u00e4ndige B\u00fcndelader<\/span><\/li>\n<li><span class=\"g-b3pt2span2\">Lose Tubenf\u00fcllmasse<\/span><\/li>\n<li><span style=\"font-size: 16px;\">Quetschfestigkeit und Flexibilit\u00e4t<\/span><\/li>\n<li>Gute mechanische Eigenschaften und Temperaturbest\u00e4ndigkeit<\/li>\n<\/ul>\n<h2 style=\"text-align: left; font-size: 18px;\"><strong>Anmeldung<\/strong><\/h2>\n<p>Direkte Vergrabung in nasser Umgebung; Aufh\u00e4ngung in der Luft<\/p>\n<h2 style=\"text-align: left; font-size: 18px;\"><strong>Schutz<\/strong><\/h2>\n<p>UV-Best\u00e4ndigkeit, wasserdicht; hochtemperaturbest\u00e4ndig<\/p>\n<h2 style=\"text-align: left; font-size: 18px;\"><strong>Suchen Sie nach mehr Auswahl an Antennenfaserkabeln?<\/strong><\/h2>\n<p>Suchen Sie nach weiteren M\u00f6glichkeiten f\u00fcr Glasfaser-Luftkabel? Sehen Sie sich unser<a href=\"https:\/\/www.bonelinks.com\/de\/aerial-fiber-optic-cable\/\" target=\"_blank\" rel=\"noopener\"><strong><span style=\"color: #0054a6;\"> Antennen-Glasfaserkabel <\/span><\/strong><\/a>f\u00fcr nahtlose Vernetzung. Wenn Sie Glasfaserkabel ben\u00f6tigen, die f\u00fcr Ihre speziellen Anforderungen ma\u00dfgeschneidert sind, werfen Sie einen Blick auf unsere<a href=\"https:\/\/www.bonelinks.com\/de\/custom-fiber-optic-cables\/\" target=\"_blank\" rel=\"noopener\"><strong><span style=\"color: #0054a6;\"> Kundenspezifische Glasfaserkabel <\/span><\/strong><\/a>f\u00fcr individuelle Konnektivit\u00e4tsl\u00f6sungen.<\/p>\n","protected":false},"excerpt":{"rendered":"<p>Das GYHTY Glasfaser-Luftkabel ist ein doppeltes PE-ummanteltes Au\u00dfenkabel mit nicht-metallischem verst\u00e4rktem Kern. Dank der Doppelmantelkonstruktion eignet sich das GYHTY-Litzenseil f\u00fcr Freileitungs- und Erdverlegungsanwendungen in Kurzstreckenabschnitten von Backbone-Leitungen. Durch die kompakte Laminatstruktur kann das Kabel jedoch nur 6 lose Muffen aufnehmen, wobei jede lose Muffe 6 Fasern beherbergt, so dass die Mindestanzahl der Adern des GYHTY-Lichtwellenleiterkabels 4 und die maximale Anzahl der Adern 36 betr\u00e4gt.<\/p>\n","protected":false},"featured_media":13321,"template":"","meta":{"site-sidebar-layout":"default","site-content-layout":"default","ast-site-content-layout":"default","site-content-style":"default","site-sidebar-style":"default","ast-global-header-display":"","ast-banner-title-visibility":"","ast-main-header-display":"","ast-hfb-above-header-display":"","ast-hfb-below-header-display":"","ast-hfb-mobile-header-display":"","site-post-title":"","ast-breadcrumbs-content":"","ast-featured-img":"","footer-sml-layout":"","ast-disable-related-posts":"","theme-transparent-header-meta":"default","adv-header-id-meta":"","stick-header-meta":"default","header-above-stick-meta":"","header-main-stick-meta":"","header-below-stick-meta":"","astra-migrate-meta-layouts":"set","ast-page-background-enabled":"default","ast-page-background-meta":{"desktop":{"background-color":"","background-image":"","background-repeat":"repeat","background-position":"center center","background-size":"auto","background-attachment":"scroll","background-type":"","background-media":"","overlay-type":"","overlay-color":"","overlay-opacity":"","overlay-gradient":""},"tablet":{"background-color":"","background-image":"","background-repeat":"repeat","background-position":"center center","background-size":"auto","background-attachment":"scroll","background-type":"","background-media":"","overlay-type":"","overlay-color":"","overlay-opacity":"","overlay-gradient":""},"mobile":{"background-color":"","background-image":"","background-repeat":"repeat","background-position":"center center","background-size":"auto","background-attachment":"scroll","background-type":"","background-media":"","overlay-type":"","overlay-color":"","overlay-opacity":"","overlay-gradient":""}},"ast-content-background-meta":{"desktop":{"background-color":"var(--ast-global-color-5)","background-image":"","background-repeat":"repeat","background-position":"center center","background-size":"auto","background-attachment":"scroll","background-type":"","background-media":"","overlay-type":"","overlay-color":"","overlay-opacity":"","overlay-gradient":""},"tablet":{"background-color":"var(--ast-global-color-5)","background-image":"","background-repeat":"repeat","background-position":"center center","background-size":"auto","background-attachment":"scroll","background-type":"","background-media":"","overlay-type":"","overlay-color":"","overlay-opacity":"","overlay-gradient":""},"mobile":{"background-color":"var(--ast-global-color-5)","background-image":"","background-repeat":"repeat","background-position":"center center","background-size":"auto","background-attachment":"scroll","background-type":"","background-media":"","overlay-type":"","overlay-color":"","overlay-opacity":"","overlay-gradient":""}}},"product_brand":[],"product_cat":[516,212],"product_tag":[],"class_list":{"0":"post-21748","1":"product","2":"type-product","3":"status-publish","4":"has-post-thumbnail","6":"product_cat-aerial-fiber-optic-cable-de","7":"product_cat-outdoor-fiber-optic-cable-de","8":"desktop-align-left","9":"tablet-align-left","10":"mobile-align-left","11":"ast-product-gallery-layout-vertical","12":"ast-product-gallery-with-no-image","13":"ast-product-tabs-layout-vertical","14":"ast-qv-on-image","16":"first","17":"instock","18":"shipping-taxable","19":"product-type-simple"},"_links":{"self":[{"href":"https:\/\/www.bonelinks.com\/de\/wp-json\/wp\/v2\/product\/21748","targetHints":{"allow":["GET"]}}],"collection":[{"href":"https:\/\/www.bonelinks.com\/de\/wp-json\/wp\/v2\/product"}],"about":[{"href":"https:\/\/www.bonelinks.com\/de\/wp-json\/wp\/v2\/types\/product"}],"version-history":[{"count":2,"href":"https:\/\/www.bonelinks.com\/de\/wp-json\/wp\/v2\/product\/21748\/revisions"}],"predecessor-version":[{"id":25008,"href":"https:\/\/www.bonelinks.com\/de\/wp-json\/wp\/v2\/product\/21748\/revisions\/25008"}],"wp:featuredmedia":[{"embeddable":true,"href":"https:\/\/www.bonelinks.com\/de\/wp-json\/wp\/v2\/media\/13321"}],"wp:attachment":[{"href":"https:\/\/www.bonelinks.com\/de\/wp-json\/wp\/v2\/media?parent=21748"}],"wp:term":[{"taxonomy":"product_brand","embeddable":true,"href":"https:\/\/www.bonelinks.com\/de\/wp-json\/wp\/v2\/product_brand?post=21748"},{"taxonomy":"product_cat","embeddable":true,"href":"https:\/\/www.bonelinks.com\/de\/wp-json\/wp\/v2\/product_cat?post=21748"},{"taxonomy":"product_tag","embeddable":true,"href":"https:\/\/www.bonelinks.com\/de\/wp-json\/wp\/v2\/product_tag?post=21748"}],"curies":[{"name":"wp","href":"https:\/\/api.w.org\/{rel}","templated":true}]}}