{"id":21745,"date":"2022-11-17T19:02:16","date_gmt":"2022-11-18T03:02:16","guid":{"rendered":"https:\/\/www.bonelinks.com\/product\/lichtwellenleiterkabel-verseiltes-nichtmetallisches-kabel\/"},"modified":"2024-02-04T21:02:01","modified_gmt":"2024-02-05T05:02:01","slug":"fiber-optic-duct-cable-stranded-non-metallic-strength-member-cable","status":"publish","type":"product","link":"https:\/\/www.bonelinks.com\/de\/product\/fiber-optic-duct-cable-stranded-non-metallic-strength-member-cable\/","title":{"rendered":"Lichtwellenleiterkabel verseiltes nichtmetallisches Kabel"},"content":{"rendered":"<h2 style=\"text-align: left; font-size: 18px;\"><strong>Eigenschaften<\/strong><\/h2>\n<ul>\n<li>Spezielle F\u00fcllmasse f\u00fcr perfekten Schutz der optischen Faser<\/li>\n<li>Nichtmetallische zentrale St\u00e4rke hat eine ausgezeichnete antielektromagnetische F\u00e4higkeit<\/li>\n<li>Wasserblockiersysteme bieten eine zuverl\u00e4ssige Leistung von Feuchtigkeitsschutz und Wasserblockierung<\/li>\n<li>Die faserverst\u00e4rkte Kunststoff- und B\u00fcndeladerf\u00fcllmasse kann sicherstellen, dass das Kabel wasserdicht ist.<\/li>\n<li>Geringes Gewicht, kleiner Durchmesser, leicht zu verlegen<\/li>\n<li>Hervorragende mechanische Eigenschaften und Temperaturbest\u00e4ndigkeit<\/li>\n<\/ul>\n<h2 style=\"text-align: left; font-size: 18px;\"><strong>Anmeldung<\/strong><\/h2>\n<p>Strom\u00fcbertragungssysteme; starke Minenfelder; Gebiete mit hohen EMF<\/p>\n<h2 style=\"text-align: left; font-size: 18px;\"><strong>Schutz<\/strong><\/h2>\n<p>UV-Best\u00e4ndigkeit; Wasserdicht; Minenschutz<\/p>\n<h2 style=\"text-align: left; font-size: 18px;\"><strong>Suchen Sie nach mehr Auswahl an Duct Fiber Kabeln?<\/strong><\/h2>\n<p>Suchen Sie nach einer gr\u00f6\u00dferen Auswahl an Glasfaserkan\u00e4len? Sehen Sie sich unser<a href=\"https:\/\/www.bonelinks.com\/de\/duct-fiber-optic-cable\/\" target=\"_blank\" rel=\"noopener\"><strong><span style=\"color: #0054a6;\"> Duct-Glasfaserkabel <\/span><\/strong><\/a>f\u00fcr eine nahtlose Vernetzung. Wenn Sie Glasfaserkabel ben\u00f6tigen, die f\u00fcr Ihre speziellen Anforderungen ma\u00dfgeschneidert sind, werfen Sie einen Blick auf unsere<a href=\"https:\/\/www.bonelinks.com\/de\/custom-fiber-optic-cables\/\" target=\"_blank\" rel=\"noopener\"><strong><span style=\"color: #0054a6;\"> Kundenspezifische Glasfaserkabel <\/span><\/strong><\/a>f\u00fcr individuelle Konnektivit\u00e4tsl\u00f6sungen.<\/p>\n","protected":false},"excerpt":{"rendered":"<p>Das GYFTY-Kanalkabel ist ein selbsttragendes Glasfaserkabel ohne Bewehrung und Metallverst\u00e4rkungselement. Die kompakte Bauweise und die Unterst\u00fctzung durch die zentrale nichtmetallische Bewehrung erm\u00f6glichen es, dieses Litzenseil \u00fcber weite Strecken ohne zus\u00e4tzliche Unterst\u00fctzung und ohne Beeintr\u00e4chtigung durch Blitzfelder \u00fcber Kopf zu verlegen. Daher wird es h\u00e4ufig in Strom\u00fcbertragungssystemen, starken Minenfeldern und Gebieten mit hohen elektromagnetischen Feldern eingesetzt.<\/p>\n","protected":false},"featured_media":13256,"template":"","meta":{"site-sidebar-layout":"default","site-content-layout":"default","ast-site-content-layout":"default","site-content-style":"default","site-sidebar-style":"default","ast-global-header-display":"","ast-banner-title-visibility":"","ast-main-header-display":"","ast-hfb-above-header-display":"","ast-hfb-below-header-display":"","ast-hfb-mobile-header-display":"","site-post-title":"","ast-breadcrumbs-content":"","ast-featured-img":"","footer-sml-layout":"","ast-disable-related-posts":"","theme-transparent-header-meta":"default","adv-header-id-meta":"","stick-header-meta":"default","header-above-stick-meta":"","header-main-stick-meta":"","header-below-stick-meta":"","astra-migrate-meta-layouts":"set","ast-page-background-enabled":"default","ast-page-background-meta":{"desktop":{"background-color":"","background-image":"","background-repeat":"repeat","background-position":"center center","background-size":"auto","background-attachment":"scroll","background-type":"","background-media":"","overlay-type":"","overlay-color":"","overlay-opacity":"","overlay-gradient":""},"tablet":{"background-color":"","background-image":"","background-repeat":"repeat","background-position":"center center","background-size":"auto","background-attachment":"scroll","background-type":"","background-media":"","overlay-type":"","overlay-color":"","overlay-opacity":"","overlay-gradient":""},"mobile":{"background-color":"","background-image":"","background-repeat":"repeat","background-position":"center center","background-size":"auto","background-attachment":"scroll","background-type":"","background-media":"","overlay-type":"","overlay-color":"","overlay-opacity":"","overlay-gradient":""}},"ast-content-background-meta":{"desktop":{"background-color":"var(--ast-global-color-5)","background-image":"","background-repeat":"repeat","background-position":"center center","background-size":"auto","background-attachment":"scroll","background-type":"","background-media":"","overlay-type":"","overlay-color":"","overlay-opacity":"","overlay-gradient":""},"tablet":{"background-color":"var(--ast-global-color-5)","background-image":"","background-repeat":"repeat","background-position":"center center","background-size":"auto","background-attachment":"scroll","background-type":"","background-media":"","overlay-type":"","overlay-color":"","overlay-opacity":"","overlay-gradient":""},"mobile":{"background-color":"var(--ast-global-color-5)","background-image":"","background-repeat":"repeat","background-position":"center center","background-size":"auto","background-attachment":"scroll","background-type":"","background-media":"","overlay-type":"","overlay-color":"","overlay-opacity":"","overlay-gradient":""}}},"product_brand":[],"product_cat":[551,517,516,212],"product_tag":[],"class_list":{"0":"post-21745","1":"product","2":"type-product","3":"status-publish","4":"has-post-thumbnail","6":"product_cat-direct-buried-fiber-optic-cable-de","7":"product_cat-duct-fiber-optic-cable-de","8":"product_cat-aerial-fiber-optic-cable-de","9":"product_cat-outdoor-fiber-optic-cable-de","10":"desktop-align-left","11":"tablet-align-left","12":"mobile-align-left","13":"ast-product-gallery-layout-vertical","14":"ast-product-gallery-with-no-image","15":"ast-product-tabs-layout-vertical","16":"ast-qv-on-image","18":"first","19":"instock","20":"shipping-taxable","21":"product-type-simple"},"_links":{"self":[{"href":"https:\/\/www.bonelinks.com\/de\/wp-json\/wp\/v2\/product\/21745","targetHints":{"allow":["GET"]}}],"collection":[{"href":"https:\/\/www.bonelinks.com\/de\/wp-json\/wp\/v2\/product"}],"about":[{"href":"https:\/\/www.bonelinks.com\/de\/wp-json\/wp\/v2\/types\/product"}],"version-history":[{"count":3,"href":"https:\/\/www.bonelinks.com\/de\/wp-json\/wp\/v2\/product\/21745\/revisions"}],"predecessor-version":[{"id":25005,"href":"https:\/\/www.bonelinks.com\/de\/wp-json\/wp\/v2\/product\/21745\/revisions\/25005"}],"wp:featuredmedia":[{"embeddable":true,"href":"https:\/\/www.bonelinks.com\/de\/wp-json\/wp\/v2\/media\/13256"}],"wp:attachment":[{"href":"https:\/\/www.bonelinks.com\/de\/wp-json\/wp\/v2\/media?parent=21745"}],"wp:term":[{"taxonomy":"product_brand","embeddable":true,"href":"https:\/\/www.bonelinks.com\/de\/wp-json\/wp\/v2\/product_brand?post=21745"},{"taxonomy":"product_cat","embeddable":true,"href":"https:\/\/www.bonelinks.com\/de\/wp-json\/wp\/v2\/product_cat?post=21745"},{"taxonomy":"product_tag","embeddable":true,"href":"https:\/\/www.bonelinks.com\/de\/wp-json\/wp\/v2\/product_tag?post=21745"}],"curies":[{"name":"wp","href":"https:\/\/api.w.org\/{rel}","templated":true}]}}