{"id":21706,"date":"2022-11-19T19:40:28","date_gmt":"2022-11-20T03:40:28","guid":{"rendered":"https:\/\/www.bonelinks.com\/product\/ftth-glasfaserkabel-typ-bow-mit-stahldrahtverteiler-drop-cable\/"},"modified":"2024-02-04T20:57:39","modified_gmt":"2024-02-05T04:57:39","slug":"ftth-fiber-cable-bow-type-with-steel-wire-distribution-drop-cable","status":"publish","type":"product","link":"https:\/\/www.bonelinks.com\/de\/product\/ftth-fiber-cable-bow-type-with-steel-wire-distribution-drop-cable\/","title":{"rendered":"FTTH-Glasfaserkabel Typ Bow mit Stahldrahtverteiler Drop Cable"},"content":{"rendered":"<h2 style=\"text-align: left; font-size: 18px;\"><strong>Eigenschaften<\/strong><\/h2>\n<ul>\n<li>Zwei parallele Festigkeitstr\u00e4ger\/Stahldraht sorgen f\u00fcr eine gute Druckfestigkeit zum Schutz der Faser<\/li>\n<li>Flammhemmende LSZH-Jacke f\u00fcr den Innenbereich<\/li>\n<li>Geringe Gr\u00f6\u00dfe, geringes Gewicht, kompakte Bauweise, einfaches Abisolieren ohne Werkzeug aufgrund des speziellen Rillendesigns, einfach zu installieren<\/li>\n<li>Besonders flexibles Design, geeignet f\u00fcr Innen- und Terminalinstallationen, bei denen das Kabel wiederholt gebogen werden kann<\/li>\n<li>Hervorragende Biegesteifigkeit bei Verwendung von biegeunempfindlichen G.657-Fasern, die keinen Einfluss auf den \u00dcbertragungsverlust haben, wenn das Kabel in Innenr\u00e4umen oder auf engem Raum an Abzweigungen verlegt wird.<\/li>\n<\/ul>\n<h2 style=\"text-align: left; font-size: 18px;\"><strong>Anmeldung<\/strong><\/h2>\n<p><span style=\"font-size: 16px;\">FTTH, Indoor-Zugangsnetz<\/span><\/p>\n<h2 style=\"text-align: left; font-size: 18px;\"><strong>Suchen Sie nach weiteren FTTH Drop Cables zur Auswahl?<\/strong><\/h2>\n<p>Sind Sie auf der Suche nach einer gr\u00f6\u00dferen Auswahl an FTTH-Drop-Kabeln? Sehen Sie sich unser<a href=\"https:\/\/www.bonelinks.com\/de\/ftth-drop-cable\/\" target=\"_blank\" rel=\"noopener\"><strong><span style=\"color: #0054a6;\"> FTTH Drop-Glasfaserkabel <\/span><\/strong><\/a>f\u00fcr nahtlose Vernetzung. Wenn Sie Glasfaserkabel ben\u00f6tigen, die f\u00fcr Ihre speziellen Anforderungen ma\u00dfgeschneidert sind, werfen Sie einen Blick auf unsere<a href=\"https:\/\/www.bonelinks.com\/de\/custom-fiber-optic-cables\/\" target=\"_blank\" rel=\"noopener\"><strong><span style=\"color: #0054a6;\"> Kundenspezifische Glasfaserkabel <\/span><\/strong><\/a>f\u00fcr individuelle Konnektivit\u00e4tsl\u00f6sungen.<\/p>\n","protected":false},"excerpt":{"rendered":"<p>Das GJXH-Verteilerkabel hat ein geringes Gewicht und eine geringe Gr\u00f6\u00dfe und eignet sich f\u00fcr den Empfang von Endger\u00e4ten aus dem FTTH-Netz. Die Lichtwellenleiter-Inneneinheit befindet sich in der Mitte. Zwei parallele Festigkeitstr\u00e4ger sind an den beiden Seiten angebracht, dann wird das Kabel mit einem schwarzen LSZH-Mantel abgeschlossen. Mit dem Bogen und dem flachen Design ist die Struktur des Fallkabels einfach und leicht. Ein spezieller, biegeunempfindlicher Stecker sorgt f\u00fcr eine hohe Bandbreite und hervorragende Kommunikations\u00fcbertragungseigenschaften.<\/p>\n","protected":false},"featured_media":13641,"template":"","meta":{"site-sidebar-layout":"default","site-content-layout":"default","ast-site-content-layout":"default","site-content-style":"default","site-sidebar-style":"default","ast-global-header-display":"","ast-banner-title-visibility":"","ast-main-header-display":"","ast-hfb-above-header-display":"","ast-hfb-below-header-display":"","ast-hfb-mobile-header-display":"","site-post-title":"","ast-breadcrumbs-content":"","ast-featured-img":"","footer-sml-layout":"","ast-disable-related-posts":"","theme-transparent-header-meta":"default","adv-header-id-meta":"","stick-header-meta":"default","header-above-stick-meta":"","header-main-stick-meta":"","header-below-stick-meta":"","astra-migrate-meta-layouts":"set","ast-page-background-enabled":"default","ast-page-background-meta":{"desktop":{"background-color":"","background-image":"","background-repeat":"repeat","background-position":"center center","background-size":"auto","background-attachment":"scroll","background-type":"","background-media":"","overlay-type":"","overlay-color":"","overlay-opacity":"","overlay-gradient":""},"tablet":{"background-color":"","background-image":"","background-repeat":"repeat","background-position":"center center","background-size":"auto","background-attachment":"scroll","background-type":"","background-media":"","overlay-type":"","overlay-color":"","overlay-opacity":"","overlay-gradient":""},"mobile":{"background-color":"","background-image":"","background-repeat":"repeat","background-position":"center center","background-size":"auto","background-attachment":"scroll","background-type":"","background-media":"","overlay-type":"","overlay-color":"","overlay-opacity":"","overlay-gradient":""}},"ast-content-background-meta":{"desktop":{"background-color":"var(--ast-global-color-5)","background-image":"","background-repeat":"repeat","background-position":"center center","background-size":"auto","background-attachment":"scroll","background-type":"","background-media":"","overlay-type":"","overlay-color":"","overlay-opacity":"","overlay-gradient":""},"tablet":{"background-color":"var(--ast-global-color-5)","background-image":"","background-repeat":"repeat","background-position":"center center","background-size":"auto","background-attachment":"scroll","background-type":"","background-media":"","overlay-type":"","overlay-color":"","overlay-opacity":"","overlay-gradient":""},"mobile":{"background-color":"var(--ast-global-color-5)","background-image":"","background-repeat":"repeat","background-position":"center center","background-size":"auto","background-attachment":"scroll","background-type":"","background-media":"","overlay-type":"","overlay-color":"","overlay-opacity":"","overlay-gradient":""}}},"product_brand":[],"product_cat":[234,235,577],"product_tag":[],"class_list":{"0":"post-21706","1":"product","2":"type-product","3":"status-publish","4":"has-post-thumbnail","6":"product_cat-ftth-cable-de","7":"product_cat-indoor-fiber-optic-cable-de","8":"product_cat-lszh-fiber-cable-de","9":"desktop-align-left","10":"tablet-align-left","11":"mobile-align-left","12":"ast-product-gallery-layout-vertical","13":"ast-product-gallery-with-no-image","14":"ast-product-tabs-layout-vertical","15":"ast-qv-on-image","17":"first","18":"instock","19":"shipping-taxable","20":"product-type-simple"},"_links":{"self":[{"href":"https:\/\/www.bonelinks.com\/de\/wp-json\/wp\/v2\/product\/21706","targetHints":{"allow":["GET"]}}],"collection":[{"href":"https:\/\/www.bonelinks.com\/de\/wp-json\/wp\/v2\/product"}],"about":[{"href":"https:\/\/www.bonelinks.com\/de\/wp-json\/wp\/v2\/types\/product"}],"version-history":[{"count":3,"href":"https:\/\/www.bonelinks.com\/de\/wp-json\/wp\/v2\/product\/21706\/revisions"}],"predecessor-version":[{"id":24997,"href":"https:\/\/www.bonelinks.com\/de\/wp-json\/wp\/v2\/product\/21706\/revisions\/24997"}],"wp:featuredmedia":[{"embeddable":true,"href":"https:\/\/www.bonelinks.com\/de\/wp-json\/wp\/v2\/media\/13641"}],"wp:attachment":[{"href":"https:\/\/www.bonelinks.com\/de\/wp-json\/wp\/v2\/media?parent=21706"}],"wp:term":[{"taxonomy":"product_brand","embeddable":true,"href":"https:\/\/www.bonelinks.com\/de\/wp-json\/wp\/v2\/product_brand?post=21706"},{"taxonomy":"product_cat","embeddable":true,"href":"https:\/\/www.bonelinks.com\/de\/wp-json\/wp\/v2\/product_cat?post=21706"},{"taxonomy":"product_tag","embeddable":true,"href":"https:\/\/www.bonelinks.com\/de\/wp-json\/wp\/v2\/product_tag?post=21706"}],"curies":[{"name":"wp","href":"https:\/\/api.w.org\/{rel}","templated":true}]}}