{"id":21676,"date":"2022-11-19T22:09:01","date_gmt":"2022-11-20T06:09:01","guid":{"rendered":"https:\/\/www.bonelinks.com\/product\/glasfaserbuendelkabel-indoor-breakout-pigtail\/"},"modified":"2024-02-04T20:55:03","modified_gmt":"2024-02-05T04:55:03","slug":"fiber-optic-bundle-cable-indoor-breakout-pigtail","status":"publish","type":"product","link":"https:\/\/www.bonelinks.com\/de\/product\/fiber-optic-bundle-cable-indoor-breakout-pigtail\/","title":{"rendered":"Glasfaserb\u00fcndelkabel Indoor Breakout Pigtail"},"content":{"rendered":"<h2 style=\"text-align: left; font-size: 18px;\"><strong>Eigenschaften<\/strong><\/h2>\n<ul>\n<li>Ausgezeichnete flammhemmende Eigenschaften<\/li>\n<li>Aramidgarn als Festigkeitstr\u00e4ger verleiht dem Kabel eine ausgezeichnete Zugfestigkeit<\/li>\n<li>Weich, flexibel und leicht zu verarbeiten beim Abisolieren, Splei\u00dfen und Verkabeln<\/li>\n<li>Gute mechanische und umwelttechnische Eigenschaften<\/li>\n<li>Ausgezeichnete Temperaturleistung<\/li>\n<li>Kleiner Biegeradius<\/li>\n<\/ul>\n<h2 style=\"text-align: left; font-size: 18px;\"><strong>Anmeldung<\/strong><\/h2>\n<p>Geb\u00e4udezugangskabel; Innenraumverkabelung; Patchkabel und Pigtails; Verteilersystemkabel<\/p>\n<h2 style=\"text-align: left; font-size: 18px;\"><strong>Suchen Sie nach mehr Auswahl an dichten Pufferfaserkabeln?<\/strong><\/h2>\n<p>Suchen Sie nach einer gr\u00f6\u00dferen Auswahl an engmaschigen Glasfaserkabeln? Sehen Sie sich unser<a href=\"https:\/\/www.bonelinks.com\/de\/products\/tight-buffer-fiber-optic-cable-de\/\" target=\"_blank\" rel=\"noopener\"><strong><span style=\"color: #0054a6;\"> Tight Buffer Glasfaserkabel <\/span><\/strong><\/a>f\u00fcr nahtlose Vernetzung. Wenn Sie Glasfaserkabel ben\u00f6tigen, die f\u00fcr Ihre speziellen Anforderungen ma\u00dfgeschneidert sind, werfen Sie einen Blick auf unsere<a href=\"https:\/\/www.bonelinks.com\/de\/custom-fiber-optic-cables\/\" target=\"_blank\" rel=\"noopener\"><strong><span style=\"color: #0054a6;\"> Kundenspezifische Glasfaserkabel <\/span><\/strong><\/a>f\u00fcr individuelle Konnektivit\u00e4tsl\u00f6sungen.<\/p>\n","protected":false},"excerpt":{"rendered":"<p>Das GJFJV-Innenb\u00fcndel-Glasfaserkabel ist mit einem PVC-Au\u00dfenmantel mit bestimmten flammhemmenden Eigenschaften ummantelt, so dass es in Steigleitungen, LSZH oder Plenum-Umgebungen eingesetzt werden kann. Die dichte Pufferfaser wird durch Kevlargewebe verformt, wodurch eine gute Zugfestigkeit gew\u00e4hrleistet wird.<\/p>\n","protected":false},"featured_media":13671,"template":"","meta":{"site-sidebar-layout":"default","site-content-layout":"default","ast-site-content-layout":"default","site-content-style":"default","site-sidebar-style":"default","ast-global-header-display":"","ast-banner-title-visibility":"","ast-main-header-display":"","ast-hfb-above-header-display":"","ast-hfb-below-header-display":"","ast-hfb-mobile-header-display":"","site-post-title":"","ast-breadcrumbs-content":"","ast-featured-img":"","footer-sml-layout":"","ast-disable-related-posts":"","theme-transparent-header-meta":"default","adv-header-id-meta":"","stick-header-meta":"default","header-above-stick-meta":"","header-main-stick-meta":"","header-below-stick-meta":"","astra-migrate-meta-layouts":"set","ast-page-background-enabled":"default","ast-page-background-meta":{"desktop":{"background-color":"","background-image":"","background-repeat":"repeat","background-position":"center center","background-size":"auto","background-attachment":"scroll","background-type":"","background-media":"","overlay-type":"","overlay-color":"","overlay-opacity":"","overlay-gradient":""},"tablet":{"background-color":"","background-image":"","background-repeat":"repeat","background-position":"center center","background-size":"auto","background-attachment":"scroll","background-type":"","background-media":"","overlay-type":"","overlay-color":"","overlay-opacity":"","overlay-gradient":""},"mobile":{"background-color":"","background-image":"","background-repeat":"repeat","background-position":"center center","background-size":"auto","background-attachment":"scroll","background-type":"","background-media":"","overlay-type":"","overlay-color":"","overlay-opacity":"","overlay-gradient":""}},"ast-content-background-meta":{"desktop":{"background-color":"var(--ast-global-color-5)","background-image":"","background-repeat":"repeat","background-position":"center center","background-size":"auto","background-attachment":"scroll","background-type":"","background-media":"","overlay-type":"","overlay-color":"","overlay-opacity":"","overlay-gradient":""},"tablet":{"background-color":"var(--ast-global-color-5)","background-image":"","background-repeat":"repeat","background-position":"center center","background-size":"auto","background-attachment":"scroll","background-type":"","background-media":"","overlay-type":"","overlay-color":"","overlay-opacity":"","overlay-gradient":""},"mobile":{"background-color":"var(--ast-global-color-5)","background-image":"","background-repeat":"repeat","background-position":"center center","background-size":"auto","background-attachment":"scroll","background-type":"","background-media":"","overlay-type":"","overlay-color":"","overlay-opacity":"","overlay-gradient":""}}},"product_brand":[],"product_cat":[539,540,560,235],"product_tag":[],"class_list":{"0":"post-21676","1":"product","2":"type-product","3":"status-publish","4":"has-post-thumbnail","6":"product_cat-tight-buffer-fiber-optic-cable-de","7":"product_cat-breakout-fiber-cable-de","8":"product_cat-indoor-armored-fiber-cable-de","9":"product_cat-indoor-fiber-optic-cable-de","10":"desktop-align-left","11":"tablet-align-left","12":"mobile-align-left","13":"ast-product-gallery-layout-vertical","14":"ast-product-gallery-with-no-image","15":"ast-product-tabs-layout-vertical","16":"ast-qv-on-image","18":"first","19":"instock","20":"shipping-taxable","21":"product-type-simple"},"_links":{"self":[{"href":"https:\/\/www.bonelinks.com\/de\/wp-json\/wp\/v2\/product\/21676","targetHints":{"allow":["GET"]}}],"collection":[{"href":"https:\/\/www.bonelinks.com\/de\/wp-json\/wp\/v2\/product"}],"about":[{"href":"https:\/\/www.bonelinks.com\/de\/wp-json\/wp\/v2\/types\/product"}],"version-history":[{"count":3,"href":"https:\/\/www.bonelinks.com\/de\/wp-json\/wp\/v2\/product\/21676\/revisions"}],"predecessor-version":[{"id":24992,"href":"https:\/\/www.bonelinks.com\/de\/wp-json\/wp\/v2\/product\/21676\/revisions\/24992"}],"wp:featuredmedia":[{"embeddable":true,"href":"https:\/\/www.bonelinks.com\/de\/wp-json\/wp\/v2\/media\/13671"}],"wp:attachment":[{"href":"https:\/\/www.bonelinks.com\/de\/wp-json\/wp\/v2\/media?parent=21676"}],"wp:term":[{"taxonomy":"product_brand","embeddable":true,"href":"https:\/\/www.bonelinks.com\/de\/wp-json\/wp\/v2\/product_brand?post=21676"},{"taxonomy":"product_cat","embeddable":true,"href":"https:\/\/www.bonelinks.com\/de\/wp-json\/wp\/v2\/product_cat?post=21676"},{"taxonomy":"product_tag","embeddable":true,"href":"https:\/\/www.bonelinks.com\/de\/wp-json\/wp\/v2\/product_tag?post=21676"}],"curies":[{"name":"wp","href":"https:\/\/api.w.org\/{rel}","templated":true}]}}