{"id":21674,"date":"2022-11-19T22:40:31","date_gmt":"2022-11-20T06:40:31","guid":{"rendered":"https:\/\/www.bonelinks.com\/product\/antennenabwurfkabel-unitube-flache-form-selbsttragendes-glasfaserkabel\/"},"modified":"2024-02-04T20:54:14","modified_gmt":"2024-02-05T04:54:14","slug":"aerial-drop-cable-unitube-flat-shape-self-supporting-fiber-optic-cable","status":"publish","type":"product","link":"https:\/\/www.bonelinks.com\/de\/product\/aerial-drop-cable-unitube-flat-shape-self-supporting-fiber-optic-cable\/","title":{"rendered":"Antennenabwurfkabel Unitube Flache Form Selbsttragendes Glasfaserkabel"},"content":{"rendered":"<h2 style=\"text-align: left; font-size: 18px;\"><strong>Eigenschaften<\/strong><\/h2>\n<ul>\n<li>2 parallele FRP-Festigkeitstr\u00e4ger in der N\u00e4he des Blockrohrs, die selbsttragend und sch\u00fctzend sind<\/li>\n<li>Einzigartige flache Form mit hervorragender Druckfestigkeit, geeignet f\u00fcr spezielle Keilklemmen zur Montage<\/li>\n<li>Vollst\u00e4ndig dielektrische Konstruktion, geeignet f\u00fcr blitzgef\u00e4hrdete Gebiete<\/li>\n<li>Einrohrig, klein und leicht, einfach zu installieren<\/li>\n<\/ul>\n<h2 style=\"text-align: left; font-size: 18px;\"><strong>Anmeldung<\/strong><\/h2>\n<p>Verteilerdrosselkabel, Antennenanschlusskabel<\/p>\n<h2 style=\"text-align: left; font-size: 18px;\"><strong>Suchen Sie nach mehr Auswahl an Antennenfaserkabeln?<\/strong><\/h2>\n<p>Suchen Sie nach weiteren M\u00f6glichkeiten f\u00fcr Glasfaser-Luftkabel? Sehen Sie sich unser<a href=\"https:\/\/www.bonelinks.com\/de\/aerial-fiber-optic-cable\/\" target=\"_blank\" rel=\"noopener\"><strong><span style=\"color: #0054a6;\"> Antennen-Glasfaserkabel <\/span><\/strong><\/a>f\u00fcr nahtlose Vernetzung. Wenn Sie Glasfaserkabel ben\u00f6tigen, die f\u00fcr Ihre speziellen Anforderungen ma\u00dfgeschneidert sind, werfen Sie einen Blick auf unsere<a href=\"https:\/\/www.bonelinks.com\/de\/custom-fiber-optic-cables\/\" target=\"_blank\" rel=\"noopener\"><strong><span style=\"color: #0054a6;\"> Kundenspezifische Glasfaserkabel <\/span><\/strong><\/a>f\u00fcr individuelle Konnektivit\u00e4tsl\u00f6sungen.<\/p>\n","protected":false},"excerpt":{"rendered":"<p>Das flache GYFXBY-Antennen-Glasfaserkabel wurde f\u00fcr eine schnelle Installation und einfache Handhabung entwickelt und dient als letzte Verbindung f\u00fcr FTTx-Netzwerke. Sie besteht aus einem 2-24-Faser-Einheitsrohr, 2 parallelen FRP-Festigkeitstr\u00e4gern, wasserabweisendem Garn und einem flachen PE-Au\u00dfenmantel. Mit ihrer kompakten Gr\u00f6\u00dfe, dem kleinen Durchmesser und den einfach abzustreifenden Eigenschaften kann die GYFXBY als selbsttragende Antennenl\u00f6sung f\u00fcr die letzte Meile zum Haus oder B\u00fcro dienen.<\/p>\n","protected":false},"featured_media":15566,"template":"","meta":{"site-sidebar-layout":"default","site-content-layout":"default","ast-site-content-layout":"default","site-content-style":"default","site-sidebar-style":"default","ast-global-header-display":"","ast-banner-title-visibility":"","ast-main-header-display":"","ast-hfb-above-header-display":"","ast-hfb-below-header-display":"","ast-hfb-mobile-header-display":"","site-post-title":"","ast-breadcrumbs-content":"","ast-featured-img":"","footer-sml-layout":"","ast-disable-related-posts":"","theme-transparent-header-meta":"default","adv-header-id-meta":"","stick-header-meta":"default","header-above-stick-meta":"","header-main-stick-meta":"","header-below-stick-meta":"","astra-migrate-meta-layouts":"set","ast-page-background-enabled":"default","ast-page-background-meta":{"desktop":{"background-color":"","background-image":"","background-repeat":"repeat","background-position":"center center","background-size":"auto","background-attachment":"scroll","background-type":"","background-media":"","overlay-type":"","overlay-color":"","overlay-opacity":"","overlay-gradient":""},"tablet":{"background-color":"","background-image":"","background-repeat":"repeat","background-position":"center center","background-size":"auto","background-attachment":"scroll","background-type":"","background-media":"","overlay-type":"","overlay-color":"","overlay-opacity":"","overlay-gradient":""},"mobile":{"background-color":"","background-image":"","background-repeat":"repeat","background-position":"center center","background-size":"auto","background-attachment":"scroll","background-type":"","background-media":"","overlay-type":"","overlay-color":"","overlay-opacity":"","overlay-gradient":""}},"ast-content-background-meta":{"desktop":{"background-color":"var(--ast-global-color-5)","background-image":"","background-repeat":"repeat","background-position":"center center","background-size":"auto","background-attachment":"scroll","background-type":"","background-media":"","overlay-type":"","overlay-color":"","overlay-opacity":"","overlay-gradient":""},"tablet":{"background-color":"var(--ast-global-color-5)","background-image":"","background-repeat":"repeat","background-position":"center center","background-size":"auto","background-attachment":"scroll","background-type":"","background-media":"","overlay-type":"","overlay-color":"","overlay-opacity":"","overlay-gradient":""},"mobile":{"background-color":"var(--ast-global-color-5)","background-image":"","background-repeat":"repeat","background-position":"center center","background-size":"auto","background-attachment":"scroll","background-type":"","background-media":"","overlay-type":"","overlay-color":"","overlay-opacity":"","overlay-gradient":""}}},"product_brand":[],"product_cat":[516,234,212],"product_tag":[],"class_list":{"0":"post-21674","1":"product","2":"type-product","3":"status-publish","4":"has-post-thumbnail","6":"product_cat-aerial-fiber-optic-cable-de","7":"product_cat-ftth-cable-de","8":"product_cat-outdoor-fiber-optic-cable-de","9":"desktop-align-left","10":"tablet-align-left","11":"mobile-align-left","12":"ast-product-gallery-layout-vertical","13":"ast-product-gallery-with-no-image","14":"ast-product-tabs-layout-vertical","15":"ast-qv-on-image","17":"first","18":"instock","19":"shipping-taxable","20":"product-type-simple"},"_links":{"self":[{"href":"https:\/\/www.bonelinks.com\/de\/wp-json\/wp\/v2\/product\/21674","targetHints":{"allow":["GET"]}}],"collection":[{"href":"https:\/\/www.bonelinks.com\/de\/wp-json\/wp\/v2\/product"}],"about":[{"href":"https:\/\/www.bonelinks.com\/de\/wp-json\/wp\/v2\/types\/product"}],"version-history":[{"count":2,"href":"https:\/\/www.bonelinks.com\/de\/wp-json\/wp\/v2\/product\/21674\/revisions"}],"predecessor-version":[{"id":24990,"href":"https:\/\/www.bonelinks.com\/de\/wp-json\/wp\/v2\/product\/21674\/revisions\/24990"}],"wp:featuredmedia":[{"embeddable":true,"href":"https:\/\/www.bonelinks.com\/de\/wp-json\/wp\/v2\/media\/15566"}],"wp:attachment":[{"href":"https:\/\/www.bonelinks.com\/de\/wp-json\/wp\/v2\/media?parent=21674"}],"wp:term":[{"taxonomy":"product_brand","embeddable":true,"href":"https:\/\/www.bonelinks.com\/de\/wp-json\/wp\/v2\/product_brand?post=21674"},{"taxonomy":"product_cat","embeddable":true,"href":"https:\/\/www.bonelinks.com\/de\/wp-json\/wp\/v2\/product_cat?post=21674"},{"taxonomy":"product_tag","embeddable":true,"href":"https:\/\/www.bonelinks.com\/de\/wp-json\/wp\/v2\/product_tag?post=21674"}],"curies":[{"name":"wp","href":"https:\/\/api.w.org\/{rel}","templated":true}]}}